{"id":10851,"date":"2025-08-07T09:11:26","date_gmt":"2025-08-07T09:11:26","guid":{"rendered":"https:\/\/bercomex.com\/?page_id=10851"},"modified":"2026-03-19T09:50:16","modified_gmt":"2026-03-19T09:50:16","slug":"furora-nova","status":"publish","type":"page","link":"https:\/\/bercomex.com\/es\/soluciones\/seleccion-automatica-y-agrupamiento\/furora-nova\/","title":{"rendered":"Furora Nova"},"content":{"rendered":"<h4>Uniformidad<\/h4>\n<p>Cada pinza transporta una flor verticalmente desde el singularizador hasta la estaci\u00f3n de racimos. Esto permite que la flor en el m\u00f3dulo de visi\u00f3n mida cada tallo con gran precisi\u00f3n en cuanto a longitud y calidad mediante tecnolog\u00eda de c\u00e1mara avanzada. La Furora Nova almacena el valor escaneado, deshoja, corta la flor al tama\u00f1o deseado y la transporta a la estaci\u00f3n de racimos correspondiente. Posteriormente, los racimos se pueden atar seg\u00fan las necesidades con nuestra encuadernadora CRM.<\/p>\n<h4>Simplicidad<\/h4>\n<p>La Furora Nova garantiza un proceso optimizado. Sus empleados solo tienen que colocar las flores sin clasificar en la cinta transportadora de entrada. La m\u00e1quina se encarga del resto. El escaneo por flor garantiza una calidad constante. Esto significa que ya no depende de la vista de sus empleados. Esto le permite trabajar con mayor rapidez, precisi\u00f3n y, por lo tanto, eficiencia.<\/p>\n","protected":false},"excerpt":{"rendered":"<p>Uniformidad Cada pinza transporta una flor verticalmente desde el singularizador hasta la estaci\u00f3n de racimos. Esto permite que la flor en el m\u00f3dulo de visi\u00f3n mida cada tallo con gran precisi\u00f3n en cuanto a longitud y calidad mediante tecnolog\u00eda de&#8230;<\/p>\n","protected":false},"author":8,"featured_media":3064,"parent":2048,"menu_order":0,"comment_status":"closed","ping_status":"closed","template":"","meta":{"_acf_changed":false,"footnotes":""},"class_list":["post-10851","page","type-page","status-publish","has-post-thumbnail","hentry"],"acf":[],"yoast_head":"<!-- This site is optimized with the Yoast SEO plugin v27.3 - https:\/\/yoast.com\/product\/yoast-seo-wordpress\/ -->\n<title>Furora Nova l\u00ednea completa de procesamiento de flores - Bercomex<\/title>\n<meta name=\"description\" content=\"Clasificaci\u00f3n, selecci\u00f3n, selecci\u00f3n y agrupamiento totalmente autom\u00e1ticos de varios tipos de flores cortadas en la l\u00ednea de procesamiento de flores Furora Nova.\" \/>\n<meta name=\"robots\" content=\"index, follow, max-snippet:-1, max-image-preview:large, max-video-preview:-1\" \/>\n<link rel=\"canonical\" href=\"https:\/\/bercomex.com\/es\/soluciones\/seleccion-automatica-y-agrupamiento\/furora-nova\/\" \/>\n<meta property=\"og:locale\" content=\"es_ES\" \/>\n<meta property=\"og:type\" content=\"article\" \/>\n<meta property=\"og:title\" content=\"Furora Nova l\u00ednea completa de procesamiento de flores - Bercomex\" \/>\n<meta property=\"og:description\" content=\"Clasificaci\u00f3n, selecci\u00f3n, selecci\u00f3n y agrupamiento totalmente autom\u00e1ticos de varios tipos de flores cortadas en la l\u00ednea de procesamiento de flores Furora Nova.\" \/>\n<meta property=\"og:url\" content=\"https:\/\/bercomex.com\/es\/soluciones\/seleccion-automatica-y-agrupamiento\/furora-nova\/\" \/>\n<meta property=\"og:site_name\" content=\"Bercomex\" \/>\n<meta property=\"article:modified_time\" content=\"2026-03-19T09:50:16+00:00\" \/>\n<meta property=\"og:image\" content=\"https:\/\/bercomex.com\/wp-content\/uploads\/sites\/3\/2020\/10\/Header-Bercomex-2200x1000-1-2.jpg\" \/>\n\t<meta property=\"og:image:width\" content=\"2200\" \/>\n\t<meta property=\"og:image:height\" content=\"1000\" \/>\n\t<meta property=\"og:image:type\" content=\"image\/jpeg\" \/>\n<meta name=\"twitter:card\" content=\"summary_large_image\" \/>\n<meta name=\"twitter:label1\" content=\"Tiempo de lectura\" \/>\n\t<meta name=\"twitter:data1\" content=\"1 minuto\" \/>\n<script type=\"application\/ld+json\" class=\"yoast-schema-graph\">{\"@context\":\"https:\\\/\\\/schema.org\",\"@graph\":[{\"@type\":\"WebPage\",\"@id\":\"https:\\\/\\\/bercomex.com\\\/es\\\/soluciones\\\/seleccion-automatica-y-agrupamiento\\\/furora-nova\\\/\",\"url\":\"https:\\\/\\\/bercomex.com\\\/es\\\/soluciones\\\/seleccion-automatica-y-agrupamiento\\\/furora-nova\\\/\",\"name\":\"Furora Nova l\u00ednea completa de procesamiento de flores - Bercomex\",\"isPartOf\":{\"@id\":\"https:\\\/\\\/bercomex.com\\\/es\\\/#website\"},\"primaryImageOfPage\":{\"@id\":\"https:\\\/\\\/bercomex.com\\\/es\\\/soluciones\\\/seleccion-automatica-y-agrupamiento\\\/furora-nova\\\/#primaryimage\"},\"image\":{\"@id\":\"https:\\\/\\\/bercomex.com\\\/es\\\/soluciones\\\/seleccion-automatica-y-agrupamiento\\\/furora-nova\\\/#primaryimage\"},\"thumbnailUrl\":\"https:\\\/\\\/bercomex.com\\\/wp-content\\\/uploads\\\/sites\\\/3\\\/2020\\\/10\\\/Header-Bercomex-2200x1000-1-2.jpg\",\"datePublished\":\"2025-08-07T09:11:26+00:00\",\"dateModified\":\"2026-03-19T09:50:16+00:00\",\"description\":\"Clasificaci\u00f3n, selecci\u00f3n, selecci\u00f3n y agrupamiento totalmente autom\u00e1ticos de varios tipos de flores cortadas en la l\u00ednea de procesamiento de flores Furora Nova.\",\"breadcrumb\":{\"@id\":\"https:\\\/\\\/bercomex.com\\\/es\\\/soluciones\\\/seleccion-automatica-y-agrupamiento\\\/furora-nova\\\/#breadcrumb\"},\"inLanguage\":\"es\",\"potentialAction\":[{\"@type\":\"ReadAction\",\"target\":[\"https:\\\/\\\/bercomex.com\\\/es\\\/soluciones\\\/seleccion-automatica-y-agrupamiento\\\/furora-nova\\\/\"]}]},{\"@type\":\"ImageObject\",\"inLanguage\":\"es\",\"@id\":\"https:\\\/\\\/bercomex.com\\\/es\\\/soluciones\\\/seleccion-automatica-y-agrupamiento\\\/furora-nova\\\/#primaryimage\",\"url\":\"https:\\\/\\\/bercomex.com\\\/wp-content\\\/uploads\\\/sites\\\/3\\\/2020\\\/10\\\/Header-Bercomex-2200x1000-1-2.jpg\",\"contentUrl\":\"https:\\\/\\\/bercomex.com\\\/wp-content\\\/uploads\\\/sites\\\/3\\\/2020\\\/10\\\/Header-Bercomex-2200x1000-1-2.jpg\",\"width\":2200,\"height\":1000},{\"@type\":\"BreadcrumbList\",\"@id\":\"https:\\\/\\\/bercomex.com\\\/es\\\/soluciones\\\/seleccion-automatica-y-agrupamiento\\\/furora-nova\\\/#breadcrumb\",\"itemListElement\":[{\"@type\":\"ListItem\",\"position\":1,\"name\":\"Home\",\"item\":\"https:\\\/\\\/bercomex.com\\\/es\\\/\"},{\"@type\":\"ListItem\",\"position\":2,\"name\":\"La innovaci\u00f3n como motor\",\"item\":\"https:\\\/\\\/bercomex.com\\\/es\\\/soluciones\\\/\"},{\"@type\":\"ListItem\",\"position\":3,\"name\":\"Selecci\u00f3n autom\u00e1tica y agrupamiento\",\"item\":\"https:\\\/\\\/bercomex.com\\\/es\\\/soluciones\\\/seleccion-automatica-y-agrupamiento\\\/\"},{\"@type\":\"ListItem\",\"position\":4,\"name\":\"Furora Nova\"}]},{\"@type\":\"WebSite\",\"@id\":\"https:\\\/\\\/bercomex.com\\\/es\\\/#website\",\"url\":\"https:\\\/\\\/bercomex.com\\\/es\\\/\",\"name\":\"Bercomex\",\"description\":\"Een Invaro\",\"potentialAction\":[{\"@type\":\"SearchAction\",\"target\":{\"@type\":\"EntryPoint\",\"urlTemplate\":\"https:\\\/\\\/bercomex.com\\\/es\\\/?s={search_term_string}\"},\"query-input\":{\"@type\":\"PropertyValueSpecification\",\"valueRequired\":true,\"valueName\":\"search_term_string\"}}],\"inLanguage\":\"es\"}]}<\/script>\n<!-- \/ Yoast SEO plugin. -->","yoast_head_json":{"title":"Furora Nova l\u00ednea completa de procesamiento de flores - Bercomex","description":"Clasificaci\u00f3n, selecci\u00f3n, selecci\u00f3n y agrupamiento totalmente autom\u00e1ticos de varios tipos de flores cortadas en la l\u00ednea de procesamiento de flores Furora Nova.","robots":{"index":"index","follow":"follow","max-snippet":"max-snippet:-1","max-image-preview":"max-image-preview:large","max-video-preview":"max-video-preview:-1"},"canonical":"https:\/\/bercomex.com\/es\/soluciones\/seleccion-automatica-y-agrupamiento\/furora-nova\/","og_locale":"es_ES","og_type":"article","og_title":"Furora Nova l\u00ednea completa de procesamiento de flores - Bercomex","og_description":"Clasificaci\u00f3n, selecci\u00f3n, selecci\u00f3n y agrupamiento totalmente autom\u00e1ticos de varios tipos de flores cortadas en la l\u00ednea de procesamiento de flores Furora Nova.","og_url":"https:\/\/bercomex.com\/es\/soluciones\/seleccion-automatica-y-agrupamiento\/furora-nova\/","og_site_name":"Bercomex","article_modified_time":"2026-03-19T09:50:16+00:00","og_image":[{"width":2200,"height":1000,"url":"https:\/\/bercomex.com\/wp-content\/uploads\/sites\/3\/2020\/10\/Header-Bercomex-2200x1000-1-2.jpg","type":"image\/jpeg"}],"twitter_card":"summary_large_image","twitter_misc":{"Tiempo de lectura":"1 minuto"},"schema":{"@context":"https:\/\/schema.org","@graph":[{"@type":"WebPage","@id":"https:\/\/bercomex.com\/es\/soluciones\/seleccion-automatica-y-agrupamiento\/furora-nova\/","url":"https:\/\/bercomex.com\/es\/soluciones\/seleccion-automatica-y-agrupamiento\/furora-nova\/","name":"Furora Nova l\u00ednea completa de procesamiento de flores - Bercomex","isPartOf":{"@id":"https:\/\/bercomex.com\/es\/#website"},"primaryImageOfPage":{"@id":"https:\/\/bercomex.com\/es\/soluciones\/seleccion-automatica-y-agrupamiento\/furora-nova\/#primaryimage"},"image":{"@id":"https:\/\/bercomex.com\/es\/soluciones\/seleccion-automatica-y-agrupamiento\/furora-nova\/#primaryimage"},"thumbnailUrl":"https:\/\/bercomex.com\/wp-content\/uploads\/sites\/3\/2020\/10\/Header-Bercomex-2200x1000-1-2.jpg","datePublished":"2025-08-07T09:11:26+00:00","dateModified":"2026-03-19T09:50:16+00:00","description":"Clasificaci\u00f3n, selecci\u00f3n, selecci\u00f3n y agrupamiento totalmente autom\u00e1ticos de varios tipos de flores cortadas en la l\u00ednea de procesamiento de flores Furora Nova.","breadcrumb":{"@id":"https:\/\/bercomex.com\/es\/soluciones\/seleccion-automatica-y-agrupamiento\/furora-nova\/#breadcrumb"},"inLanguage":"es","potentialAction":[{"@type":"ReadAction","target":["https:\/\/bercomex.com\/es\/soluciones\/seleccion-automatica-y-agrupamiento\/furora-nova\/"]}]},{"@type":"ImageObject","inLanguage":"es","@id":"https:\/\/bercomex.com\/es\/soluciones\/seleccion-automatica-y-agrupamiento\/furora-nova\/#primaryimage","url":"https:\/\/bercomex.com\/wp-content\/uploads\/sites\/3\/2020\/10\/Header-Bercomex-2200x1000-1-2.jpg","contentUrl":"https:\/\/bercomex.com\/wp-content\/uploads\/sites\/3\/2020\/10\/Header-Bercomex-2200x1000-1-2.jpg","width":2200,"height":1000},{"@type":"BreadcrumbList","@id":"https:\/\/bercomex.com\/es\/soluciones\/seleccion-automatica-y-agrupamiento\/furora-nova\/#breadcrumb","itemListElement":[{"@type":"ListItem","position":1,"name":"Home","item":"https:\/\/bercomex.com\/es\/"},{"@type":"ListItem","position":2,"name":"La innovaci\u00f3n como motor","item":"https:\/\/bercomex.com\/es\/soluciones\/"},{"@type":"ListItem","position":3,"name":"Selecci\u00f3n autom\u00e1tica y agrupamiento","item":"https:\/\/bercomex.com\/es\/soluciones\/seleccion-automatica-y-agrupamiento\/"},{"@type":"ListItem","position":4,"name":"Furora Nova"}]},{"@type":"WebSite","@id":"https:\/\/bercomex.com\/es\/#website","url":"https:\/\/bercomex.com\/es\/","name":"Bercomex","description":"Een Invaro","potentialAction":[{"@type":"SearchAction","target":{"@type":"EntryPoint","urlTemplate":"https:\/\/bercomex.com\/es\/?s={search_term_string}"},"query-input":{"@type":"PropertyValueSpecification","valueRequired":true,"valueName":"search_term_string"}}],"inLanguage":"es"}]}},"_links":{"self":[{"href":"https:\/\/bercomex.com\/es\/wp-json\/wp\/v2\/pages\/10851","targetHints":{"allow":["GET"]}}],"collection":[{"href":"https:\/\/bercomex.com\/es\/wp-json\/wp\/v2\/pages"}],"about":[{"href":"https:\/\/bercomex.com\/es\/wp-json\/wp\/v2\/types\/page"}],"author":[{"embeddable":true,"href":"https:\/\/bercomex.com\/es\/wp-json\/wp\/v2\/users\/8"}],"replies":[{"embeddable":true,"href":"https:\/\/bercomex.com\/es\/wp-json\/wp\/v2\/comments?post=10851"}],"version-history":[{"count":3,"href":"https:\/\/bercomex.com\/es\/wp-json\/wp\/v2\/pages\/10851\/revisions"}],"predecessor-version":[{"id":12036,"href":"https:\/\/bercomex.com\/es\/wp-json\/wp\/v2\/pages\/10851\/revisions\/12036"}],"up":[{"embeddable":true,"href":"https:\/\/bercomex.com\/es\/wp-json\/wp\/v2\/pages\/2048"}],"wp:featuredmedia":[{"embeddable":true,"href":"https:\/\/bercomex.com\/es\/wp-json\/wp\/v2\/media\/3064"}],"wp:attachment":[{"href":"https:\/\/bercomex.com\/es\/wp-json\/wp\/v2\/media?parent=10851"}],"curies":[{"name":"wp","href":"https:\/\/api.w.org\/{rel}","templated":true}]}}