{"id":1923,"date":"2018-08-28T13:41:07","date_gmt":"2018-08-28T13:41:07","guid":{"rendered":"https:\/\/bercomex.com\/oplossingen\/"},"modified":"2022-02-16T10:31:57","modified_gmt":"2022-02-16T10:31:57","slug":"soluciones","status":"publish","type":"page","link":"https:\/\/bercomex.com\/es\/soluciones\/","title":{"rendered":"La innovaci\u00f3n como motor"},"content":{"rendered":"<p>Tenemos nuestro propio departamento de Investigaci\u00f3n &amp; Desarrollo que es pionero en ideas creativas y avanzadas. A partir de ah\u00ed, desarrollamos soluciones para cada conexi\u00f3n con su proceso. Nuestros ingenieros tienen la tarea de hacer coincidir perfectamente estas conexiones entre s\u00ed y con su situaci\u00f3n.<\/p>\n<p>\u00bfD\u00f3nde se encuentra ahora? \u00bfY qu\u00e9 quiere lograr? Juntos analizaremos lo que necesita, trabajaremos en la innovaci\u00f3n y realizaremos soluciones hacia el futuro. Esto le ayudar\u00e1 a llegar m\u00e1s lejos.<\/p>\n","protected":false},"excerpt":{"rendered":"<p>Tenemos nuestro propio departamento de Investigaci\u00f3n &amp; Desarrollo que es pionero en ideas creativas y avanzadas. A partir de ah\u00ed, desarrollamos soluciones para cada conexi\u00f3n con su proceso. Nuestros ingenieros tienen la tarea de hacer coincidir perfectamente estas conexiones entre&#8230;<\/p>\n","protected":false},"author":7,"featured_media":1925,"parent":0,"menu_order":0,"comment_status":"closed","ping_status":"closed","template":"page-solutions.php","meta":{"_acf_changed":false,"footnotes":""},"class_list":["post-1923","page","type-page","status-publish","has-post-thumbnail","hentry"],"acf":[],"yoast_head":"<!-- This site is optimized with the Yoast SEO plugin v27.3 - https:\/\/yoast.com\/product\/yoast-seo-wordpress\/ -->\n<title>Soluciones de Bercomex Flower Processing Solutions<\/title>\n<meta name=\"description\" content=\"\u00bfEst\u00e1 buscando una m\u00e1quina para procesar sus flores? Vea nuestras soluciones Bercomex: \u2713 M\u00e1quinas de clasificaci\u00f3n \u2713 M\u00e1quinas atadoras \u2713 Bandas Cosechadoras\" \/>\n<meta name=\"robots\" content=\"index, follow, max-snippet:-1, max-image-preview:large, max-video-preview:-1\" \/>\n<link rel=\"canonical\" href=\"https:\/\/bercomex.com\/es\/soluciones\/\" \/>\n<meta property=\"og:locale\" content=\"es_ES\" \/>\n<meta property=\"og:type\" content=\"article\" \/>\n<meta property=\"og:title\" content=\"Soluciones de Bercomex Flower Processing Solutions\" \/>\n<meta property=\"og:description\" content=\"\u00bfEst\u00e1 buscando una m\u00e1quina para procesar sus flores? Vea nuestras soluciones Bercomex: \u2713 M\u00e1quinas de clasificaci\u00f3n \u2713 M\u00e1quinas atadoras \u2713 Bandas Cosechadoras\" \/>\n<meta property=\"og:url\" content=\"https:\/\/bercomex.com\/es\/soluciones\/\" \/>\n<meta property=\"og:site_name\" content=\"Bercomex\" \/>\n<meta property=\"article:modified_time\" content=\"2022-02-16T10:31:57+00:00\" \/>\n<meta property=\"og:image\" content=\"https:\/\/bercomex.com\/wp-content\/uploads\/sites\/3\/2018\/11\/headers-bercomex-oplossingen.jpg\" \/>\n\t<meta property=\"og:image:width\" content=\"2200\" \/>\n\t<meta property=\"og:image:height\" content=\"1000\" \/>\n\t<meta property=\"og:image:type\" content=\"image\/jpeg\" \/>\n<meta name=\"twitter:card\" content=\"summary_large_image\" \/>\n<script type=\"application\/ld+json\" class=\"yoast-schema-graph\">{\"@context\":\"https:\\\/\\\/schema.org\",\"@graph\":[{\"@type\":\"WebPage\",\"@id\":\"https:\\\/\\\/bercomex.com\\\/es\\\/soluciones\\\/\",\"url\":\"https:\\\/\\\/bercomex.com\\\/es\\\/soluciones\\\/\",\"name\":\"Soluciones de Bercomex Flower Processing Solutions\",\"isPartOf\":{\"@id\":\"https:\\\/\\\/bercomex.com\\\/es\\\/#website\"},\"primaryImageOfPage\":{\"@id\":\"https:\\\/\\\/bercomex.com\\\/es\\\/soluciones\\\/#primaryimage\"},\"image\":{\"@id\":\"https:\\\/\\\/bercomex.com\\\/es\\\/soluciones\\\/#primaryimage\"},\"thumbnailUrl\":\"https:\\\/\\\/bercomex.com\\\/wp-content\\\/uploads\\\/sites\\\/3\\\/2018\\\/11\\\/headers-bercomex-oplossingen.jpg\",\"datePublished\":\"2018-08-28T13:41:07+00:00\",\"dateModified\":\"2022-02-16T10:31:57+00:00\",\"description\":\"\u00bfEst\u00e1 buscando una m\u00e1quina para procesar sus flores? Vea nuestras soluciones Bercomex: \u2713 M\u00e1quinas de clasificaci\u00f3n \u2713 M\u00e1quinas atadoras \u2713 Bandas Cosechadoras\",\"breadcrumb\":{\"@id\":\"https:\\\/\\\/bercomex.com\\\/es\\\/soluciones\\\/#breadcrumb\"},\"inLanguage\":\"es\",\"potentialAction\":[{\"@type\":\"ReadAction\",\"target\":[\"https:\\\/\\\/bercomex.com\\\/es\\\/soluciones\\\/\"]}]},{\"@type\":\"ImageObject\",\"inLanguage\":\"es\",\"@id\":\"https:\\\/\\\/bercomex.com\\\/es\\\/soluciones\\\/#primaryimage\",\"url\":\"https:\\\/\\\/bercomex.com\\\/wp-content\\\/uploads\\\/sites\\\/3\\\/2018\\\/11\\\/headers-bercomex-oplossingen.jpg\",\"contentUrl\":\"https:\\\/\\\/bercomex.com\\\/wp-content\\\/uploads\\\/sites\\\/3\\\/2018\\\/11\\\/headers-bercomex-oplossingen.jpg\",\"width\":2200,\"height\":1000,\"caption\":\"Flora Optima - Bercomex Flower Processing Solutions\"},{\"@type\":\"BreadcrumbList\",\"@id\":\"https:\\\/\\\/bercomex.com\\\/es\\\/soluciones\\\/#breadcrumb\",\"itemListElement\":[{\"@type\":\"ListItem\",\"position\":1,\"name\":\"Home\",\"item\":\"https:\\\/\\\/bercomex.com\\\/es\\\/\"},{\"@type\":\"ListItem\",\"position\":2,\"name\":\"La innovaci\u00f3n como motor\"}]},{\"@type\":\"WebSite\",\"@id\":\"https:\\\/\\\/bercomex.com\\\/es\\\/#website\",\"url\":\"https:\\\/\\\/bercomex.com\\\/es\\\/\",\"name\":\"Bercomex\",\"description\":\"Een Invaro\",\"potentialAction\":[{\"@type\":\"SearchAction\",\"target\":{\"@type\":\"EntryPoint\",\"urlTemplate\":\"https:\\\/\\\/bercomex.com\\\/es\\\/?s={search_term_string}\"},\"query-input\":{\"@type\":\"PropertyValueSpecification\",\"valueRequired\":true,\"valueName\":\"search_term_string\"}}],\"inLanguage\":\"es\"}]}<\/script>\n<!-- \/ Yoast SEO plugin. -->","yoast_head_json":{"title":"Soluciones de Bercomex Flower Processing Solutions","description":"\u00bfEst\u00e1 buscando una m\u00e1quina para procesar sus flores? Vea nuestras soluciones Bercomex: \u2713 M\u00e1quinas de clasificaci\u00f3n \u2713 M\u00e1quinas atadoras \u2713 Bandas Cosechadoras","robots":{"index":"index","follow":"follow","max-snippet":"max-snippet:-1","max-image-preview":"max-image-preview:large","max-video-preview":"max-video-preview:-1"},"canonical":"https:\/\/bercomex.com\/es\/soluciones\/","og_locale":"es_ES","og_type":"article","og_title":"Soluciones de Bercomex Flower Processing Solutions","og_description":"\u00bfEst\u00e1 buscando una m\u00e1quina para procesar sus flores? Vea nuestras soluciones Bercomex: \u2713 M\u00e1quinas de clasificaci\u00f3n \u2713 M\u00e1quinas atadoras \u2713 Bandas Cosechadoras","og_url":"https:\/\/bercomex.com\/es\/soluciones\/","og_site_name":"Bercomex","article_modified_time":"2022-02-16T10:31:57+00:00","og_image":[{"width":2200,"height":1000,"url":"https:\/\/bercomex.com\/wp-content\/uploads\/sites\/3\/2018\/11\/headers-bercomex-oplossingen.jpg","type":"image\/jpeg"}],"twitter_card":"summary_large_image","schema":{"@context":"https:\/\/schema.org","@graph":[{"@type":"WebPage","@id":"https:\/\/bercomex.com\/es\/soluciones\/","url":"https:\/\/bercomex.com\/es\/soluciones\/","name":"Soluciones de Bercomex Flower Processing Solutions","isPartOf":{"@id":"https:\/\/bercomex.com\/es\/#website"},"primaryImageOfPage":{"@id":"https:\/\/bercomex.com\/es\/soluciones\/#primaryimage"},"image":{"@id":"https:\/\/bercomex.com\/es\/soluciones\/#primaryimage"},"thumbnailUrl":"https:\/\/bercomex.com\/wp-content\/uploads\/sites\/3\/2018\/11\/headers-bercomex-oplossingen.jpg","datePublished":"2018-08-28T13:41:07+00:00","dateModified":"2022-02-16T10:31:57+00:00","description":"\u00bfEst\u00e1 buscando una m\u00e1quina para procesar sus flores? Vea nuestras soluciones Bercomex: \u2713 M\u00e1quinas de clasificaci\u00f3n \u2713 M\u00e1quinas atadoras \u2713 Bandas Cosechadoras","breadcrumb":{"@id":"https:\/\/bercomex.com\/es\/soluciones\/#breadcrumb"},"inLanguage":"es","potentialAction":[{"@type":"ReadAction","target":["https:\/\/bercomex.com\/es\/soluciones\/"]}]},{"@type":"ImageObject","inLanguage":"es","@id":"https:\/\/bercomex.com\/es\/soluciones\/#primaryimage","url":"https:\/\/bercomex.com\/wp-content\/uploads\/sites\/3\/2018\/11\/headers-bercomex-oplossingen.jpg","contentUrl":"https:\/\/bercomex.com\/wp-content\/uploads\/sites\/3\/2018\/11\/headers-bercomex-oplossingen.jpg","width":2200,"height":1000,"caption":"Flora Optima - Bercomex Flower Processing Solutions"},{"@type":"BreadcrumbList","@id":"https:\/\/bercomex.com\/es\/soluciones\/#breadcrumb","itemListElement":[{"@type":"ListItem","position":1,"name":"Home","item":"https:\/\/bercomex.com\/es\/"},{"@type":"ListItem","position":2,"name":"La innovaci\u00f3n como motor"}]},{"@type":"WebSite","@id":"https:\/\/bercomex.com\/es\/#website","url":"https:\/\/bercomex.com\/es\/","name":"Bercomex","description":"Een Invaro","potentialAction":[{"@type":"SearchAction","target":{"@type":"EntryPoint","urlTemplate":"https:\/\/bercomex.com\/es\/?s={search_term_string}"},"query-input":{"@type":"PropertyValueSpecification","valueRequired":true,"valueName":"search_term_string"}}],"inLanguage":"es"}]}},"_links":{"self":[{"href":"https:\/\/bercomex.com\/es\/wp-json\/wp\/v2\/pages\/1923","targetHints":{"allow":["GET"]}}],"collection":[{"href":"https:\/\/bercomex.com\/es\/wp-json\/wp\/v2\/pages"}],"about":[{"href":"https:\/\/bercomex.com\/es\/wp-json\/wp\/v2\/types\/page"}],"author":[{"embeddable":true,"href":"https:\/\/bercomex.com\/es\/wp-json\/wp\/v2\/users\/7"}],"replies":[{"embeddable":true,"href":"https:\/\/bercomex.com\/es\/wp-json\/wp\/v2\/comments?post=1923"}],"version-history":[{"count":0,"href":"https:\/\/bercomex.com\/es\/wp-json\/wp\/v2\/pages\/1923\/revisions"}],"wp:featuredmedia":[{"embeddable":true,"href":"https:\/\/bercomex.com\/es\/wp-json\/wp\/v2\/media\/1925"}],"wp:attachment":[{"href":"https:\/\/bercomex.com\/es\/wp-json\/wp\/v2\/media?parent=1923"}],"curies":[{"name":"wp","href":"https:\/\/api.w.org\/{rel}","templated":true}]}}