{"id":1950,"date":"2018-09-03T12:38:47","date_gmt":"2018-09-03T12:38:47","guid":{"rendered":"https:\/\/bercomex.com\/met-aandacht-voor-kwaliteit\/"},"modified":"2026-01-09T13:36:30","modified_gmt":"2026-01-09T13:36:30","slug":"maxima-eficiencia","status":"publish","type":"page","link":"https:\/\/bercomex.com\/es\/maxima-eficiencia\/","title":{"rendered":"M\u00e1xima eficiencia"},"content":{"rendered":"<h3><strong>Bercomex busca la m\u00e1xima eficiencia.<\/strong><\/h3>\n<p>Vivimos en la era de la automatizaci\u00f3n. Obtener un mayor rendimiento con menos personas, eso es lo que todo productor o procesador necesita. Los ahorros en costos de producci\u00f3n marcan una gran diferencia en el resultado final.<\/p>\n<p>Bercomex busca la m\u00e1xima eficiencia. Somos una empresa familiar holandesa especializada en el procesamiento de flores cortadas. Desde hace 100 a\u00f1os dise\u00f1amos, desarrollamos y mantenemos m\u00e1quinas que marcan la diferencia. Al alinear las m\u00e1quinas perfectamente con su proceso, hacemos mejoras importantes en las \u00e1reas de productividad, calidad del producto y consistencia.<\/p>\n<p>La innovaci\u00f3n es nuestra fuerza impulsora. Mejoramos continuamente nuestras m\u00e1quinas y soluciones, para que pueda invertir en soluciones fiables, minimizar da\u00f1os y continuar satisfaciendo la demanda del mercado. Hoy, ma\u00f1ana y tambi\u00e9n en el futuro.<\/p>\n<p>&nbsp;<\/p>\n","protected":false},"excerpt":{"rendered":"<p>Bercomex busca la m\u00e1xima eficiencia. Vivimos en la era de la automatizaci\u00f3n. Obtener un mayor rendimiento con menos personas, eso es lo que todo productor o procesador necesita. Los ahorros en costos de producci\u00f3n marcan una gran diferencia en el&#8230;<\/p>\n","protected":false},"author":7,"featured_media":8488,"parent":0,"menu_order":0,"comment_status":"closed","ping_status":"closed","template":"page-about.php","meta":{"_acf_changed":false,"footnotes":""},"class_list":["post-1950","page","type-page","status-publish","has-post-thumbnail","hentry"],"acf":[],"yoast_head":"<!-- This site is optimized with the Yoast SEO plugin v27.3 - https:\/\/yoast.com\/product\/yoast-seo-wordpress\/ -->\n<title>M\u00e1xima eficiencia - Sombre Bercomex Flower Processing Solutions<\/title>\n<meta name=\"description\" content=\"Empezamos como una empresa familiar holandesa hace 100 a\u00f1os. Hoy, nuestras m\u00e1quinas de procesamiento de harina Bercomex operan en todo el mundo.\" \/>\n<meta name=\"robots\" content=\"index, follow, max-snippet:-1, max-image-preview:large, max-video-preview:-1\" \/>\n<link rel=\"canonical\" href=\"https:\/\/bercomex.com\/es\/maxima-eficiencia\/\" \/>\n<meta property=\"og:locale\" content=\"es_ES\" \/>\n<meta property=\"og:type\" content=\"article\" \/>\n<meta property=\"og:title\" content=\"M\u00e1xima eficiencia - Sombre Bercomex Flower Processing Solutions\" \/>\n<meta property=\"og:description\" content=\"Empezamos como una empresa familiar holandesa hace 100 a\u00f1os. Hoy, nuestras m\u00e1quinas de procesamiento de harina Bercomex operan en todo el mundo.\" \/>\n<meta property=\"og:url\" content=\"https:\/\/bercomex.com\/es\/maxima-eficiencia\/\" \/>\n<meta property=\"og:site_name\" content=\"Bercomex\" \/>\n<meta property=\"article:modified_time\" content=\"2026-01-09T13:36:30+00:00\" \/>\n<meta property=\"og:image\" content=\"https:\/\/bercomex.com\/wp-content\/uploads\/sites\/3\/2024\/06\/Beeld-pand-2200x1000-website-Bercomex-3.png\" \/>\n\t<meta property=\"og:image:width\" content=\"2200\" \/>\n\t<meta property=\"og:image:height\" content=\"1000\" \/>\n\t<meta property=\"og:image:type\" content=\"image\/png\" \/>\n<meta name=\"twitter:card\" content=\"summary_large_image\" \/>\n<meta name=\"twitter:label1\" content=\"Tiempo de lectura\" \/>\n\t<meta name=\"twitter:data1\" content=\"1 minuto\" \/>\n<script type=\"application\/ld+json\" class=\"yoast-schema-graph\">{\"@context\":\"https:\\\/\\\/schema.org\",\"@graph\":[{\"@type\":\"WebPage\",\"@id\":\"https:\\\/\\\/bercomex.com\\\/es\\\/maxima-eficiencia\\\/\",\"url\":\"https:\\\/\\\/bercomex.com\\\/es\\\/maxima-eficiencia\\\/\",\"name\":\"M\u00e1xima eficiencia - Sombre Bercomex Flower Processing Solutions\",\"isPartOf\":{\"@id\":\"https:\\\/\\\/bercomex.com\\\/es\\\/#website\"},\"primaryImageOfPage\":{\"@id\":\"https:\\\/\\\/bercomex.com\\\/es\\\/maxima-eficiencia\\\/#primaryimage\"},\"image\":{\"@id\":\"https:\\\/\\\/bercomex.com\\\/es\\\/maxima-eficiencia\\\/#primaryimage\"},\"thumbnailUrl\":\"https:\\\/\\\/bercomex.com\\\/wp-content\\\/uploads\\\/sites\\\/3\\\/2024\\\/06\\\/Beeld-pand-2200x1000-website-Bercomex-3.png\",\"datePublished\":\"2018-09-03T12:38:47+00:00\",\"dateModified\":\"2026-01-09T13:36:30+00:00\",\"description\":\"Empezamos como una empresa familiar holandesa hace 100 a\u00f1os. Hoy, nuestras m\u00e1quinas de procesamiento de harina Bercomex operan en todo el mundo.\",\"breadcrumb\":{\"@id\":\"https:\\\/\\\/bercomex.com\\\/es\\\/maxima-eficiencia\\\/#breadcrumb\"},\"inLanguage\":\"es\",\"potentialAction\":[{\"@type\":\"ReadAction\",\"target\":[\"https:\\\/\\\/bercomex.com\\\/es\\\/maxima-eficiencia\\\/\"]}]},{\"@type\":\"ImageObject\",\"inLanguage\":\"es\",\"@id\":\"https:\\\/\\\/bercomex.com\\\/es\\\/maxima-eficiencia\\\/#primaryimage\",\"url\":\"https:\\\/\\\/bercomex.com\\\/wp-content\\\/uploads\\\/sites\\\/3\\\/2024\\\/06\\\/Beeld-pand-2200x1000-website-Bercomex-3.png\",\"contentUrl\":\"https:\\\/\\\/bercomex.com\\\/wp-content\\\/uploads\\\/sites\\\/3\\\/2024\\\/06\\\/Beeld-pand-2200x1000-website-Bercomex-3.png\",\"width\":2200,\"height\":1000,\"caption\":\"Bercomex foto pand\"},{\"@type\":\"BreadcrumbList\",\"@id\":\"https:\\\/\\\/bercomex.com\\\/es\\\/maxima-eficiencia\\\/#breadcrumb\",\"itemListElement\":[{\"@type\":\"ListItem\",\"position\":1,\"name\":\"Home\",\"item\":\"https:\\\/\\\/bercomex.com\\\/es\\\/\"},{\"@type\":\"ListItem\",\"position\":2,\"name\":\"M\u00e1xima eficiencia\"}]},{\"@type\":\"WebSite\",\"@id\":\"https:\\\/\\\/bercomex.com\\\/es\\\/#website\",\"url\":\"https:\\\/\\\/bercomex.com\\\/es\\\/\",\"name\":\"Bercomex\",\"description\":\"Een Invaro\",\"potentialAction\":[{\"@type\":\"SearchAction\",\"target\":{\"@type\":\"EntryPoint\",\"urlTemplate\":\"https:\\\/\\\/bercomex.com\\\/es\\\/?s={search_term_string}\"},\"query-input\":{\"@type\":\"PropertyValueSpecification\",\"valueRequired\":true,\"valueName\":\"search_term_string\"}}],\"inLanguage\":\"es\"}]}<\/script>\n<!-- \/ Yoast SEO plugin. -->","yoast_head_json":{"title":"M\u00e1xima eficiencia - Sombre Bercomex Flower Processing Solutions","description":"Empezamos como una empresa familiar holandesa hace 100 a\u00f1os. Hoy, nuestras m\u00e1quinas de procesamiento de harina Bercomex operan en todo el mundo.","robots":{"index":"index","follow":"follow","max-snippet":"max-snippet:-1","max-image-preview":"max-image-preview:large","max-video-preview":"max-video-preview:-1"},"canonical":"https:\/\/bercomex.com\/es\/maxima-eficiencia\/","og_locale":"es_ES","og_type":"article","og_title":"M\u00e1xima eficiencia - Sombre Bercomex Flower Processing Solutions","og_description":"Empezamos como una empresa familiar holandesa hace 100 a\u00f1os. Hoy, nuestras m\u00e1quinas de procesamiento de harina Bercomex operan en todo el mundo.","og_url":"https:\/\/bercomex.com\/es\/maxima-eficiencia\/","og_site_name":"Bercomex","article_modified_time":"2026-01-09T13:36:30+00:00","og_image":[{"width":2200,"height":1000,"url":"https:\/\/bercomex.com\/wp-content\/uploads\/sites\/3\/2024\/06\/Beeld-pand-2200x1000-website-Bercomex-3.png","type":"image\/png"}],"twitter_card":"summary_large_image","twitter_misc":{"Tiempo de lectura":"1 minuto"},"schema":{"@context":"https:\/\/schema.org","@graph":[{"@type":"WebPage","@id":"https:\/\/bercomex.com\/es\/maxima-eficiencia\/","url":"https:\/\/bercomex.com\/es\/maxima-eficiencia\/","name":"M\u00e1xima eficiencia - Sombre Bercomex Flower Processing Solutions","isPartOf":{"@id":"https:\/\/bercomex.com\/es\/#website"},"primaryImageOfPage":{"@id":"https:\/\/bercomex.com\/es\/maxima-eficiencia\/#primaryimage"},"image":{"@id":"https:\/\/bercomex.com\/es\/maxima-eficiencia\/#primaryimage"},"thumbnailUrl":"https:\/\/bercomex.com\/wp-content\/uploads\/sites\/3\/2024\/06\/Beeld-pand-2200x1000-website-Bercomex-3.png","datePublished":"2018-09-03T12:38:47+00:00","dateModified":"2026-01-09T13:36:30+00:00","description":"Empezamos como una empresa familiar holandesa hace 100 a\u00f1os. Hoy, nuestras m\u00e1quinas de procesamiento de harina Bercomex operan en todo el mundo.","breadcrumb":{"@id":"https:\/\/bercomex.com\/es\/maxima-eficiencia\/#breadcrumb"},"inLanguage":"es","potentialAction":[{"@type":"ReadAction","target":["https:\/\/bercomex.com\/es\/maxima-eficiencia\/"]}]},{"@type":"ImageObject","inLanguage":"es","@id":"https:\/\/bercomex.com\/es\/maxima-eficiencia\/#primaryimage","url":"https:\/\/bercomex.com\/wp-content\/uploads\/sites\/3\/2024\/06\/Beeld-pand-2200x1000-website-Bercomex-3.png","contentUrl":"https:\/\/bercomex.com\/wp-content\/uploads\/sites\/3\/2024\/06\/Beeld-pand-2200x1000-website-Bercomex-3.png","width":2200,"height":1000,"caption":"Bercomex foto pand"},{"@type":"BreadcrumbList","@id":"https:\/\/bercomex.com\/es\/maxima-eficiencia\/#breadcrumb","itemListElement":[{"@type":"ListItem","position":1,"name":"Home","item":"https:\/\/bercomex.com\/es\/"},{"@type":"ListItem","position":2,"name":"M\u00e1xima eficiencia"}]},{"@type":"WebSite","@id":"https:\/\/bercomex.com\/es\/#website","url":"https:\/\/bercomex.com\/es\/","name":"Bercomex","description":"Een Invaro","potentialAction":[{"@type":"SearchAction","target":{"@type":"EntryPoint","urlTemplate":"https:\/\/bercomex.com\/es\/?s={search_term_string}"},"query-input":{"@type":"PropertyValueSpecification","valueRequired":true,"valueName":"search_term_string"}}],"inLanguage":"es"}]}},"_links":{"self":[{"href":"https:\/\/bercomex.com\/es\/wp-json\/wp\/v2\/pages\/1950","targetHints":{"allow":["GET"]}}],"collection":[{"href":"https:\/\/bercomex.com\/es\/wp-json\/wp\/v2\/pages"}],"about":[{"href":"https:\/\/bercomex.com\/es\/wp-json\/wp\/v2\/types\/page"}],"author":[{"embeddable":true,"href":"https:\/\/bercomex.com\/es\/wp-json\/wp\/v2\/users\/7"}],"replies":[{"embeddable":true,"href":"https:\/\/bercomex.com\/es\/wp-json\/wp\/v2\/comments?post=1950"}],"version-history":[{"count":10,"href":"https:\/\/bercomex.com\/es\/wp-json\/wp\/v2\/pages\/1950\/revisions"}],"predecessor-version":[{"id":11788,"href":"https:\/\/bercomex.com\/es\/wp-json\/wp\/v2\/pages\/1950\/revisions\/11788"}],"wp:featuredmedia":[{"embeddable":true,"href":"https:\/\/bercomex.com\/es\/wp-json\/wp\/v2\/media\/8488"}],"wp:attachment":[{"href":"https:\/\/bercomex.com\/es\/wp-json\/wp\/v2\/media?parent=1950"}],"curies":[{"name":"wp","href":"https:\/\/api.w.org\/{rel}","templated":true}]}}