{"id":1974,"date":"2018-11-22T09:54:18","date_gmt":"2018-11-22T09:54:18","guid":{"rendered":"https:\/\/bercomex.com\/support\/"},"modified":"2026-04-02T07:12:24","modified_gmt":"2026-04-02T07:12:24","slug":"servicio","status":"publish","type":"page","link":"https:\/\/bercomex.com\/es\/servicio\/","title":{"rendered":"Servicio"},"content":{"rendered":"<p>Decenas de empleados, cientos de flores, miles de d\u00f3lares. El procesamiento de flores cortadas tiene que ver con la mano de obra eficiente y la productividad de su m\u00e1quina. Para obtener resultados positivos en sus ganancias, es esencial que la l\u00ednea funcione de manera \u00f3ptima. Por eso ofrecemos apoyo diario.<\/p>\n<h3>M\u00e1s fuertes juntos<\/h3>\n<p>Nuestra prioridad es que permanezca en el negocio, trabaje eficientemente y entregue un producto de buena calidad. Estaremos encantados de ayudarle en todo lo que necesite. \u00bfNecesita un t\u00e9cnico de servicio con urgencia? Llame al <a href=\"tel:+31229502150\">+31 (0)229 502 150<\/a>.<\/p>\n<h3>Horario de apertura<\/h3>\n<p><strong>Lunes a viernes<\/strong>: 7:00 \u2013 19:00<br \/>\n<strong>S\u00e1bado<\/strong>: 7:30 \u2013 12:30<br \/>\n<strong>Domingo<\/strong>: 7:30 \u2013 12:30<br \/>\n(Cerrado los domingos de las semanas 21 a 48)<\/p>\n<h4>Horario de apertura modificado<\/h4>\n<p><strong>Nota<\/strong>: Permanecemos cerrados los d\u00edas que se indican a continuaci\u00f3n (festivos neerlandeses). Sin embargo, el servicio de asistencia en carretera est\u00e1 disponible esos d\u00edas de <span style=\"text-decoration: underline;\">7:30 a 12:30<\/span>.<\/p>\n<ul>\n<li>6 de abril de 2026 &#8211; Lunes de Pascua<\/li>\n<li>27 de abril de 2026 &#8211; D\u00eda del Rey<\/li>\n<li>14 de mayo de 2026 &#8211; D\u00eda de la Ascensi\u00f3n<\/li>\n<li>15 de mayo de 2026 &#8211; D\u00eda despu\u00e9s de la Ascensi\u00f3n<\/li>\n<li>25 de mayo de 2026 &#8211; Lunes de Pentecost\u00e9s<\/li>\n<\/ul>\n","protected":false},"excerpt":{"rendered":"<p>Decenas de empleados, cientos de flores, miles de d\u00f3lares. El procesamiento de flores cortadas tiene que ver con la mano de obra eficiente y la productividad de su m\u00e1quina. Para obtener resultados positivos en sus ganancias, es esencial que la&#8230;<\/p>\n","protected":false},"author":2,"featured_media":3705,"parent":0,"menu_order":0,"comment_status":"closed","ping_status":"closed","template":"page-about.php","meta":{"_acf_changed":false,"footnotes":""},"class_list":["post-1974","page","type-page","status-publish","has-post-thumbnail","hentry"],"acf":[],"yoast_head":"<!-- This site is optimized with the Yoast SEO plugin v27.3 - https:\/\/yoast.com\/product\/yoast-seo-wordpress\/ -->\n<title>Servicio - Bercomex Flower Processing Solutions<\/title>\n<meta name=\"description\" content=\"\u00bfTiene alguna pregunta o necesita asesoramiento sobre nuestras soluciones? Llame o env\u00ede un correo electr\u00f3nico a nuestros especialistas.\" \/>\n<meta name=\"robots\" content=\"index, follow, max-snippet:-1, max-image-preview:large, max-video-preview:-1\" \/>\n<link rel=\"canonical\" href=\"https:\/\/bercomex.com\/es\/servicio\/\" \/>\n<meta property=\"og:locale\" content=\"es_ES\" \/>\n<meta property=\"og:type\" content=\"article\" \/>\n<meta property=\"og:title\" content=\"Servicio - Bercomex Flower Processing Solutions\" \/>\n<meta property=\"og:description\" content=\"\u00bfTiene alguna pregunta o necesita asesoramiento sobre nuestras soluciones? Llame o env\u00ede un correo electr\u00f3nico a nuestros especialistas.\" \/>\n<meta property=\"og:url\" content=\"https:\/\/bercomex.com\/es\/servicio\/\" \/>\n<meta property=\"og:site_name\" content=\"Bercomex\" \/>\n<meta property=\"article:modified_time\" content=\"2026-04-02T07:12:24+00:00\" \/>\n<meta property=\"og:image\" content=\"https:\/\/bercomex.com\/wp-content\/uploads\/sites\/3\/2022\/01\/Header-Bercomex-service-2200x1000-1-1.jpg\" \/>\n\t<meta property=\"og:image:width\" content=\"2200\" \/>\n\t<meta property=\"og:image:height\" content=\"1000\" \/>\n\t<meta property=\"og:image:type\" content=\"image\/jpeg\" \/>\n<meta name=\"twitter:card\" content=\"summary_large_image\" \/>\n<meta name=\"twitter:label1\" content=\"Tiempo de lectura\" \/>\n\t<meta name=\"twitter:data1\" content=\"2 minutos\" \/>\n<script type=\"application\/ld+json\" class=\"yoast-schema-graph\">{\"@context\":\"https:\\\/\\\/schema.org\",\"@graph\":[{\"@type\":\"WebPage\",\"@id\":\"https:\\\/\\\/bercomex.com\\\/es\\\/servicio\\\/\",\"url\":\"https:\\\/\\\/bercomex.com\\\/es\\\/servicio\\\/\",\"name\":\"Servicio - Bercomex Flower Processing Solutions\",\"isPartOf\":{\"@id\":\"https:\\\/\\\/bercomex.com\\\/es\\\/#website\"},\"primaryImageOfPage\":{\"@id\":\"https:\\\/\\\/bercomex.com\\\/es\\\/servicio\\\/#primaryimage\"},\"image\":{\"@id\":\"https:\\\/\\\/bercomex.com\\\/es\\\/servicio\\\/#primaryimage\"},\"thumbnailUrl\":\"https:\\\/\\\/bercomex.com\\\/wp-content\\\/uploads\\\/sites\\\/3\\\/2022\\\/01\\\/Header-Bercomex-service-2200x1000-1-1.jpg\",\"datePublished\":\"2018-11-22T09:54:18+00:00\",\"dateModified\":\"2026-04-02T07:12:24+00:00\",\"description\":\"\u00bfTiene alguna pregunta o necesita asesoramiento sobre nuestras soluciones? Llame o env\u00ede un correo electr\u00f3nico a nuestros especialistas.\",\"breadcrumb\":{\"@id\":\"https:\\\/\\\/bercomex.com\\\/es\\\/servicio\\\/#breadcrumb\"},\"inLanguage\":\"es\",\"potentialAction\":[{\"@type\":\"ReadAction\",\"target\":[\"https:\\\/\\\/bercomex.com\\\/es\\\/servicio\\\/\"]}]},{\"@type\":\"ImageObject\",\"inLanguage\":\"es\",\"@id\":\"https:\\\/\\\/bercomex.com\\\/es\\\/servicio\\\/#primaryimage\",\"url\":\"https:\\\/\\\/bercomex.com\\\/wp-content\\\/uploads\\\/sites\\\/3\\\/2022\\\/01\\\/Header-Bercomex-service-2200x1000-1-1.jpg\",\"contentUrl\":\"https:\\\/\\\/bercomex.com\\\/wp-content\\\/uploads\\\/sites\\\/3\\\/2022\\\/01\\\/Header-Bercomex-service-2200x1000-1-1.jpg\",\"width\":2200,\"height\":1000,\"caption\":\"Bercomex service software header\"},{\"@type\":\"BreadcrumbList\",\"@id\":\"https:\\\/\\\/bercomex.com\\\/es\\\/servicio\\\/#breadcrumb\",\"itemListElement\":[{\"@type\":\"ListItem\",\"position\":1,\"name\":\"Home\",\"item\":\"https:\\\/\\\/bercomex.com\\\/es\\\/\"},{\"@type\":\"ListItem\",\"position\":2,\"name\":\"Servicio\"}]},{\"@type\":\"WebSite\",\"@id\":\"https:\\\/\\\/bercomex.com\\\/es\\\/#website\",\"url\":\"https:\\\/\\\/bercomex.com\\\/es\\\/\",\"name\":\"Bercomex\",\"description\":\"Een Invaro\",\"potentialAction\":[{\"@type\":\"SearchAction\",\"target\":{\"@type\":\"EntryPoint\",\"urlTemplate\":\"https:\\\/\\\/bercomex.com\\\/es\\\/?s={search_term_string}\"},\"query-input\":{\"@type\":\"PropertyValueSpecification\",\"valueRequired\":true,\"valueName\":\"search_term_string\"}}],\"inLanguage\":\"es\"}]}<\/script>\n<!-- \/ Yoast SEO plugin. -->","yoast_head_json":{"title":"Servicio - Bercomex Flower Processing Solutions","description":"\u00bfTiene alguna pregunta o necesita asesoramiento sobre nuestras soluciones? Llame o env\u00ede un correo electr\u00f3nico a nuestros especialistas.","robots":{"index":"index","follow":"follow","max-snippet":"max-snippet:-1","max-image-preview":"max-image-preview:large","max-video-preview":"max-video-preview:-1"},"canonical":"https:\/\/bercomex.com\/es\/servicio\/","og_locale":"es_ES","og_type":"article","og_title":"Servicio - Bercomex Flower Processing Solutions","og_description":"\u00bfTiene alguna pregunta o necesita asesoramiento sobre nuestras soluciones? Llame o env\u00ede un correo electr\u00f3nico a nuestros especialistas.","og_url":"https:\/\/bercomex.com\/es\/servicio\/","og_site_name":"Bercomex","article_modified_time":"2026-04-02T07:12:24+00:00","og_image":[{"width":2200,"height":1000,"url":"https:\/\/bercomex.com\/wp-content\/uploads\/sites\/3\/2022\/01\/Header-Bercomex-service-2200x1000-1-1.jpg","type":"image\/jpeg"}],"twitter_card":"summary_large_image","twitter_misc":{"Tiempo de lectura":"2 minutos"},"schema":{"@context":"https:\/\/schema.org","@graph":[{"@type":"WebPage","@id":"https:\/\/bercomex.com\/es\/servicio\/","url":"https:\/\/bercomex.com\/es\/servicio\/","name":"Servicio - Bercomex Flower Processing Solutions","isPartOf":{"@id":"https:\/\/bercomex.com\/es\/#website"},"primaryImageOfPage":{"@id":"https:\/\/bercomex.com\/es\/servicio\/#primaryimage"},"image":{"@id":"https:\/\/bercomex.com\/es\/servicio\/#primaryimage"},"thumbnailUrl":"https:\/\/bercomex.com\/wp-content\/uploads\/sites\/3\/2022\/01\/Header-Bercomex-service-2200x1000-1-1.jpg","datePublished":"2018-11-22T09:54:18+00:00","dateModified":"2026-04-02T07:12:24+00:00","description":"\u00bfTiene alguna pregunta o necesita asesoramiento sobre nuestras soluciones? Llame o env\u00ede un correo electr\u00f3nico a nuestros especialistas.","breadcrumb":{"@id":"https:\/\/bercomex.com\/es\/servicio\/#breadcrumb"},"inLanguage":"es","potentialAction":[{"@type":"ReadAction","target":["https:\/\/bercomex.com\/es\/servicio\/"]}]},{"@type":"ImageObject","inLanguage":"es","@id":"https:\/\/bercomex.com\/es\/servicio\/#primaryimage","url":"https:\/\/bercomex.com\/wp-content\/uploads\/sites\/3\/2022\/01\/Header-Bercomex-service-2200x1000-1-1.jpg","contentUrl":"https:\/\/bercomex.com\/wp-content\/uploads\/sites\/3\/2022\/01\/Header-Bercomex-service-2200x1000-1-1.jpg","width":2200,"height":1000,"caption":"Bercomex service software header"},{"@type":"BreadcrumbList","@id":"https:\/\/bercomex.com\/es\/servicio\/#breadcrumb","itemListElement":[{"@type":"ListItem","position":1,"name":"Home","item":"https:\/\/bercomex.com\/es\/"},{"@type":"ListItem","position":2,"name":"Servicio"}]},{"@type":"WebSite","@id":"https:\/\/bercomex.com\/es\/#website","url":"https:\/\/bercomex.com\/es\/","name":"Bercomex","description":"Een Invaro","potentialAction":[{"@type":"SearchAction","target":{"@type":"EntryPoint","urlTemplate":"https:\/\/bercomex.com\/es\/?s={search_term_string}"},"query-input":{"@type":"PropertyValueSpecification","valueRequired":true,"valueName":"search_term_string"}}],"inLanguage":"es"}]}},"_links":{"self":[{"href":"https:\/\/bercomex.com\/es\/wp-json\/wp\/v2\/pages\/1974","targetHints":{"allow":["GET"]}}],"collection":[{"href":"https:\/\/bercomex.com\/es\/wp-json\/wp\/v2\/pages"}],"about":[{"href":"https:\/\/bercomex.com\/es\/wp-json\/wp\/v2\/types\/page"}],"author":[{"embeddable":true,"href":"https:\/\/bercomex.com\/es\/wp-json\/wp\/v2\/users\/2"}],"replies":[{"embeddable":true,"href":"https:\/\/bercomex.com\/es\/wp-json\/wp\/v2\/comments?post=1974"}],"version-history":[{"count":8,"href":"https:\/\/bercomex.com\/es\/wp-json\/wp\/v2\/pages\/1974\/revisions"}],"predecessor-version":[{"id":12239,"href":"https:\/\/bercomex.com\/es\/wp-json\/wp\/v2\/pages\/1974\/revisions\/12239"}],"wp:featuredmedia":[{"embeddable":true,"href":"https:\/\/bercomex.com\/es\/wp-json\/wp\/v2\/media\/3705"}],"wp:attachment":[{"href":"https:\/\/bercomex.com\/es\/wp-json\/wp\/v2\/media?parent=1974"}],"curies":[{"name":"wp","href":"https:\/\/api.w.org\/{rel}","templated":true}]}}