{"id":2029,"date":"2018-11-16T13:21:45","date_gmt":"2018-11-16T13:21:45","guid":{"rendered":"https:\/\/bercomex.com\/soluciones\/bloemenlijnen\/"},"modified":"2025-08-11T13:30:22","modified_gmt":"2025-08-11T13:30:22","slug":"linea-de-produccion-completa","status":"publish","type":"page","link":"https:\/\/bercomex.com\/es\/soluciones\/linea-de-produccion-completa\/","title":{"rendered":"L\u00ednea de producci\u00f3n completa"},"content":{"rendered":"<h2>L\u00edneas completas de flores para un procesamiento eficiente de la cosecha al cubo<\/h2>\n<p>Las l\u00edneas de procesamiento de flores de Bercomex est\u00e1n dise\u00f1adas para manejar flores desde la cosecha hasta el cubo de forma r\u00e1pida, cuidadosa y con calidad constante. Cada l\u00ednea est\u00e1 compuesta por m\u00f3dulos perfectamente adaptados a su producto y m\u00e9todo de trabajo.<\/p>\n<p>Analizamos sus procesos y escuchamos sus necesidades para desarrollar una soluci\u00f3n autom\u00e1tica de procesamiento de flores que aumente la productividad y mantenga la calidad. La eficiencia, la fiabilidad y el cuidado son la base de cada dise\u00f1o.<\/p>\n<p>Con servicio remoto, mantenimiento preventivo y asistencia en todo el mundo, garantizamos una l\u00ednea de procesamiento segura y lista para responder incluso en grandes vol\u00famenes.<\/p>\n","protected":false},"excerpt":{"rendered":"<p>L\u00edneas completas de flores para un procesamiento eficiente de la cosecha al cubo Las l\u00edneas de procesamiento de flores de Bercomex est\u00e1n dise\u00f1adas para manejar flores desde la cosecha hasta el cubo de forma r\u00e1pida, cuidadosa y con calidad constante&#8230;.<\/p>\n","protected":false},"author":2,"featured_media":3331,"parent":1923,"menu_order":1,"comment_status":"closed","ping_status":"closed","template":"page-catsolutions.php","meta":{"_acf_changed":false,"footnotes":""},"class_list":["post-2029","page","type-page","status-publish","has-post-thumbnail","hentry"],"acf":[],"yoast_head":"<!-- This site is optimized with the Yoast SEO plugin v27.3 - https:\/\/yoast.com\/product\/yoast-seo-wordpress\/ -->\n<title>L\u00edneas completas de flores para procesamiento autom\u00e1tico<\/title>\n<meta name=\"description\" content=\"De la cosecha al cubo: l\u00edneas completas de Bercomex para procesamiento autom\u00e1tico con alta velocidad, calidad constante y servicio mundial.\" \/>\n<meta name=\"robots\" content=\"index, follow, max-snippet:-1, max-image-preview:large, max-video-preview:-1\" \/>\n<link rel=\"canonical\" href=\"https:\/\/bercomex.com\/es\/soluciones\/linea-de-produccion-completa\/\" \/>\n<meta property=\"og:locale\" content=\"es_ES\" \/>\n<meta property=\"og:type\" content=\"article\" \/>\n<meta property=\"og:title\" content=\"L\u00edneas completas de flores para procesamiento autom\u00e1tico\" \/>\n<meta property=\"og:description\" content=\"De la cosecha al cubo: l\u00edneas completas de Bercomex para procesamiento autom\u00e1tico con alta velocidad, calidad constante y servicio mundial.\" \/>\n<meta property=\"og:url\" content=\"https:\/\/bercomex.com\/es\/soluciones\/linea-de-produccion-completa\/\" \/>\n<meta property=\"og:site_name\" content=\"Bercomex\" \/>\n<meta property=\"article:modified_time\" content=\"2025-08-11T13:30:22+00:00\" \/>\n<meta property=\"og:image\" content=\"https:\/\/bercomex.com\/wp-content\/uploads\/sites\/3\/2021\/02\/Header-Bercomex-2200x1000-3.jpg\" \/>\n\t<meta property=\"og:image:width\" content=\"2200\" \/>\n\t<meta property=\"og:image:height\" content=\"1000\" \/>\n\t<meta property=\"og:image:type\" content=\"image\/jpeg\" \/>\n<meta name=\"twitter:card\" content=\"summary_large_image\" \/>\n<meta name=\"twitter:label1\" content=\"Tiempo de lectura\" \/>\n\t<meta name=\"twitter:data1\" content=\"1 minuto\" \/>\n<script type=\"application\/ld+json\" class=\"yoast-schema-graph\">{\"@context\":\"https:\\\/\\\/schema.org\",\"@graph\":[{\"@type\":\"WebPage\",\"@id\":\"https:\\\/\\\/bercomex.com\\\/es\\\/soluciones\\\/linea-de-produccion-completa\\\/\",\"url\":\"https:\\\/\\\/bercomex.com\\\/es\\\/soluciones\\\/linea-de-produccion-completa\\\/\",\"name\":\"L\u00edneas completas de flores para procesamiento autom\u00e1tico\",\"isPartOf\":{\"@id\":\"https:\\\/\\\/bercomex.com\\\/es\\\/#website\"},\"primaryImageOfPage\":{\"@id\":\"https:\\\/\\\/bercomex.com\\\/es\\\/soluciones\\\/linea-de-produccion-completa\\\/#primaryimage\"},\"image\":{\"@id\":\"https:\\\/\\\/bercomex.com\\\/es\\\/soluciones\\\/linea-de-produccion-completa\\\/#primaryimage\"},\"thumbnailUrl\":\"https:\\\/\\\/bercomex.com\\\/wp-content\\\/uploads\\\/sites\\\/3\\\/2021\\\/02\\\/Header-Bercomex-2200x1000-3.jpg\",\"datePublished\":\"2018-11-16T13:21:45+00:00\",\"dateModified\":\"2025-08-11T13:30:22+00:00\",\"description\":\"De la cosecha al cubo: l\u00edneas completas de Bercomex para procesamiento autom\u00e1tico con alta velocidad, calidad constante y servicio mundial.\",\"breadcrumb\":{\"@id\":\"https:\\\/\\\/bercomex.com\\\/es\\\/soluciones\\\/linea-de-produccion-completa\\\/#breadcrumb\"},\"inLanguage\":\"es\",\"potentialAction\":[{\"@type\":\"ReadAction\",\"target\":[\"https:\\\/\\\/bercomex.com\\\/es\\\/soluciones\\\/linea-de-produccion-completa\\\/\"]}]},{\"@type\":\"ImageObject\",\"inLanguage\":\"es\",\"@id\":\"https:\\\/\\\/bercomex.com\\\/es\\\/soluciones\\\/linea-de-produccion-completa\\\/#primaryimage\",\"url\":\"https:\\\/\\\/bercomex.com\\\/wp-content\\\/uploads\\\/sites\\\/3\\\/2021\\\/02\\\/Header-Bercomex-2200x1000-3.jpg\",\"contentUrl\":\"https:\\\/\\\/bercomex.com\\\/wp-content\\\/uploads\\\/sites\\\/3\\\/2021\\\/02\\\/Header-Bercomex-2200x1000-3.jpg\",\"width\":2200,\"height\":1000},{\"@type\":\"BreadcrumbList\",\"@id\":\"https:\\\/\\\/bercomex.com\\\/es\\\/soluciones\\\/linea-de-produccion-completa\\\/#breadcrumb\",\"itemListElement\":[{\"@type\":\"ListItem\",\"position\":1,\"name\":\"Home\",\"item\":\"https:\\\/\\\/bercomex.com\\\/es\\\/\"},{\"@type\":\"ListItem\",\"position\":2,\"name\":\"La innovaci\u00f3n como motor\",\"item\":\"https:\\\/\\\/bercomex.com\\\/es\\\/soluciones\\\/\"},{\"@type\":\"ListItem\",\"position\":3,\"name\":\"L\u00ednea de producci\u00f3n completa\"}]},{\"@type\":\"WebSite\",\"@id\":\"https:\\\/\\\/bercomex.com\\\/es\\\/#website\",\"url\":\"https:\\\/\\\/bercomex.com\\\/es\\\/\",\"name\":\"Bercomex\",\"description\":\"Een Invaro\",\"potentialAction\":[{\"@type\":\"SearchAction\",\"target\":{\"@type\":\"EntryPoint\",\"urlTemplate\":\"https:\\\/\\\/bercomex.com\\\/es\\\/?s={search_term_string}\"},\"query-input\":{\"@type\":\"PropertyValueSpecification\",\"valueRequired\":true,\"valueName\":\"search_term_string\"}}],\"inLanguage\":\"es\"}]}<\/script>\n<!-- \/ Yoast SEO plugin. -->","yoast_head_json":{"title":"L\u00edneas completas de flores para procesamiento autom\u00e1tico","description":"De la cosecha al cubo: l\u00edneas completas de Bercomex para procesamiento autom\u00e1tico con alta velocidad, calidad constante y servicio mundial.","robots":{"index":"index","follow":"follow","max-snippet":"max-snippet:-1","max-image-preview":"max-image-preview:large","max-video-preview":"max-video-preview:-1"},"canonical":"https:\/\/bercomex.com\/es\/soluciones\/linea-de-produccion-completa\/","og_locale":"es_ES","og_type":"article","og_title":"L\u00edneas completas de flores para procesamiento autom\u00e1tico","og_description":"De la cosecha al cubo: l\u00edneas completas de Bercomex para procesamiento autom\u00e1tico con alta velocidad, calidad constante y servicio mundial.","og_url":"https:\/\/bercomex.com\/es\/soluciones\/linea-de-produccion-completa\/","og_site_name":"Bercomex","article_modified_time":"2025-08-11T13:30:22+00:00","og_image":[{"width":2200,"height":1000,"url":"https:\/\/bercomex.com\/wp-content\/uploads\/sites\/3\/2021\/02\/Header-Bercomex-2200x1000-3.jpg","type":"image\/jpeg"}],"twitter_card":"summary_large_image","twitter_misc":{"Tiempo de lectura":"1 minuto"},"schema":{"@context":"https:\/\/schema.org","@graph":[{"@type":"WebPage","@id":"https:\/\/bercomex.com\/es\/soluciones\/linea-de-produccion-completa\/","url":"https:\/\/bercomex.com\/es\/soluciones\/linea-de-produccion-completa\/","name":"L\u00edneas completas de flores para procesamiento autom\u00e1tico","isPartOf":{"@id":"https:\/\/bercomex.com\/es\/#website"},"primaryImageOfPage":{"@id":"https:\/\/bercomex.com\/es\/soluciones\/linea-de-produccion-completa\/#primaryimage"},"image":{"@id":"https:\/\/bercomex.com\/es\/soluciones\/linea-de-produccion-completa\/#primaryimage"},"thumbnailUrl":"https:\/\/bercomex.com\/wp-content\/uploads\/sites\/3\/2021\/02\/Header-Bercomex-2200x1000-3.jpg","datePublished":"2018-11-16T13:21:45+00:00","dateModified":"2025-08-11T13:30:22+00:00","description":"De la cosecha al cubo: l\u00edneas completas de Bercomex para procesamiento autom\u00e1tico con alta velocidad, calidad constante y servicio mundial.","breadcrumb":{"@id":"https:\/\/bercomex.com\/es\/soluciones\/linea-de-produccion-completa\/#breadcrumb"},"inLanguage":"es","potentialAction":[{"@type":"ReadAction","target":["https:\/\/bercomex.com\/es\/soluciones\/linea-de-produccion-completa\/"]}]},{"@type":"ImageObject","inLanguage":"es","@id":"https:\/\/bercomex.com\/es\/soluciones\/linea-de-produccion-completa\/#primaryimage","url":"https:\/\/bercomex.com\/wp-content\/uploads\/sites\/3\/2021\/02\/Header-Bercomex-2200x1000-3.jpg","contentUrl":"https:\/\/bercomex.com\/wp-content\/uploads\/sites\/3\/2021\/02\/Header-Bercomex-2200x1000-3.jpg","width":2200,"height":1000},{"@type":"BreadcrumbList","@id":"https:\/\/bercomex.com\/es\/soluciones\/linea-de-produccion-completa\/#breadcrumb","itemListElement":[{"@type":"ListItem","position":1,"name":"Home","item":"https:\/\/bercomex.com\/es\/"},{"@type":"ListItem","position":2,"name":"La innovaci\u00f3n como motor","item":"https:\/\/bercomex.com\/es\/soluciones\/"},{"@type":"ListItem","position":3,"name":"L\u00ednea de producci\u00f3n completa"}]},{"@type":"WebSite","@id":"https:\/\/bercomex.com\/es\/#website","url":"https:\/\/bercomex.com\/es\/","name":"Bercomex","description":"Een Invaro","potentialAction":[{"@type":"SearchAction","target":{"@type":"EntryPoint","urlTemplate":"https:\/\/bercomex.com\/es\/?s={search_term_string}"},"query-input":{"@type":"PropertyValueSpecification","valueRequired":true,"valueName":"search_term_string"}}],"inLanguage":"es"}]}},"_links":{"self":[{"href":"https:\/\/bercomex.com\/es\/wp-json\/wp\/v2\/pages\/2029","targetHints":{"allow":["GET"]}}],"collection":[{"href":"https:\/\/bercomex.com\/es\/wp-json\/wp\/v2\/pages"}],"about":[{"href":"https:\/\/bercomex.com\/es\/wp-json\/wp\/v2\/types\/page"}],"author":[{"embeddable":true,"href":"https:\/\/bercomex.com\/es\/wp-json\/wp\/v2\/users\/2"}],"replies":[{"embeddable":true,"href":"https:\/\/bercomex.com\/es\/wp-json\/wp\/v2\/comments?post=2029"}],"version-history":[{"count":3,"href":"https:\/\/bercomex.com\/es\/wp-json\/wp\/v2\/pages\/2029\/revisions"}],"predecessor-version":[{"id":10919,"href":"https:\/\/bercomex.com\/es\/wp-json\/wp\/v2\/pages\/2029\/revisions\/10919"}],"up":[{"embeddable":true,"href":"https:\/\/bercomex.com\/es\/wp-json\/wp\/v2\/pages\/1923"}],"wp:featuredmedia":[{"embeddable":true,"href":"https:\/\/bercomex.com\/es\/wp-json\/wp\/v2\/media\/3331"}],"wp:attachment":[{"href":"https:\/\/bercomex.com\/es\/wp-json\/wp\/v2\/media?parent=2029"}],"curies":[{"name":"wp","href":"https:\/\/api.w.org\/{rel}","templated":true}]}}