{"id":2035,"date":"2018-12-11T11:26:49","date_gmt":"2018-12-11T11:26:49","guid":{"rendered":"https:\/\/bercomex.com\/flora-bunchmaster\/"},"modified":"2026-03-19T08:50:31","modified_gmt":"2026-03-19T08:50:31","slug":"flora-bunchmaster","status":"publish","type":"page","link":"https:\/\/bercomex.com\/es\/soluciones\/seleccion-automatica-y-agrupamiento\/flora-bunchmaster\/","title":{"rendered":"Flora BunchMaster"},"content":{"rendered":"<h4>Constante y r\u00e1pido<\/h4>\n<p>Gracias a Flora Bunchmaster, ya no depender\u00e1 de sus colaboradores. Las flores son suministradas por una cinta transportadora. El m\u00f3dulo de corte corta las flores a la medida correcta y las transporta al m\u00f3dulo de agrupamiento. El m\u00f3dulo de agrupamiento cuenta las flores y siempre agrupa la cantidad correcta de flores. Despu\u00e9s las flores se atan por medio de nuestra m\u00e1quina de atado CRM.<\/p>\n<h4>Facilidad de uso<\/h4>\n<p>La simplicidad est\u00e1 presente en esta m\u00e1quina. Gracias a su dise\u00f1o compacto y modular, la m\u00e1quina se puede ubicar en un espacio reducido. La l\u00ednea l\u00e1ser en la cinta transportadora asegura que sus flores se puedan poner en la posici\u00f3n correcta, f\u00e1cilmente. Adem\u00e1s, la m\u00e1quina est\u00e1 equipada con el sistema de software Bercomex, que le brinda servicio a distancia.<\/p>\n","protected":false},"excerpt":{"rendered":"<p>Constante y r\u00e1pido Gracias a Flora Bunchmaster, ya no depender\u00e1 de sus colaboradores. Las flores son suministradas por una cinta transportadora. El m\u00f3dulo de corte corta las flores a la medida correcta y las transporta al m\u00f3dulo de agrupamiento. El&#8230;<\/p>\n","protected":false},"author":2,"featured_media":2037,"parent":2048,"menu_order":0,"comment_status":"closed","ping_status":"closed","template":"","meta":{"_acf_changed":false,"footnotes":""},"class_list":["post-2035","page","type-page","status-publish","has-post-thumbnail","hentry"],"acf":[],"yoast_head":"<!-- This site is optimized with the Yoast SEO plugin v27.3 - https:\/\/yoast.com\/product\/yoast-seo-wordpress\/ -->\n<title>M\u00e1quina de procesamiento de flores Flora BunchMaster - Bercomex<\/title>\n<meta name=\"description\" content=\"Producci\u00f3n de ramos consistentes, a alta velocidad. Flora BunchMaster es una m\u00e1quina para clasificaci\u00f3n semiautom\u00e1tica y procesa clavel y crisantemos.\" \/>\n<meta name=\"robots\" content=\"index, follow, max-snippet:-1, max-image-preview:large, max-video-preview:-1\" \/>\n<link rel=\"canonical\" href=\"https:\/\/bercomex.com\/es\/soluciones\/seleccion-automatica-y-agrupamiento\/flora-bunchmaster\/\" \/>\n<meta property=\"og:locale\" content=\"es_ES\" \/>\n<meta property=\"og:type\" content=\"article\" \/>\n<meta property=\"og:title\" content=\"M\u00e1quina de procesamiento de flores Flora BunchMaster - Bercomex\" \/>\n<meta property=\"og:description\" content=\"Producci\u00f3n de ramos consistentes, a alta velocidad. Flora BunchMaster es una m\u00e1quina para clasificaci\u00f3n semiautom\u00e1tica y procesa clavel y crisantemos.\" \/>\n<meta property=\"og:url\" content=\"https:\/\/bercomex.com\/es\/soluciones\/seleccion-automatica-y-agrupamiento\/flora-bunchmaster\/\" \/>\n<meta property=\"og:site_name\" content=\"Bercomex\" \/>\n<meta property=\"article:modified_time\" content=\"2026-03-19T08:50:31+00:00\" \/>\n<meta property=\"og:image\" content=\"https:\/\/bercomex.com\/wp-content\/uploads\/sites\/3\/2019\/01\/FBM3.jpg\" \/>\n\t<meta property=\"og:image:width\" content=\"1385\" \/>\n\t<meta property=\"og:image:height\" content=\"924\" \/>\n\t<meta property=\"og:image:type\" content=\"image\/jpeg\" \/>\n<meta name=\"twitter:card\" content=\"summary_large_image\" \/>\n<meta name=\"twitter:label1\" content=\"Tiempo de lectura\" \/>\n\t<meta name=\"twitter:data1\" content=\"1 minuto\" \/>\n<script type=\"application\/ld+json\" class=\"yoast-schema-graph\">{\"@context\":\"https:\\\/\\\/schema.org\",\"@graph\":[{\"@type\":\"WebPage\",\"@id\":\"https:\\\/\\\/bercomex.com\\\/es\\\/soluciones\\\/seleccion-automatica-y-agrupamiento\\\/flora-bunchmaster\\\/\",\"url\":\"https:\\\/\\\/bercomex.com\\\/es\\\/soluciones\\\/seleccion-automatica-y-agrupamiento\\\/flora-bunchmaster\\\/\",\"name\":\"M\u00e1quina de procesamiento de flores Flora BunchMaster - Bercomex\",\"isPartOf\":{\"@id\":\"https:\\\/\\\/bercomex.com\\\/es\\\/#website\"},\"primaryImageOfPage\":{\"@id\":\"https:\\\/\\\/bercomex.com\\\/es\\\/soluciones\\\/seleccion-automatica-y-agrupamiento\\\/flora-bunchmaster\\\/#primaryimage\"},\"image\":{\"@id\":\"https:\\\/\\\/bercomex.com\\\/es\\\/soluciones\\\/seleccion-automatica-y-agrupamiento\\\/flora-bunchmaster\\\/#primaryimage\"},\"thumbnailUrl\":\"https:\\\/\\\/bercomex.com\\\/wp-content\\\/uploads\\\/sites\\\/3\\\/2019\\\/01\\\/FBM3.jpg\",\"datePublished\":\"2018-12-11T11:26:49+00:00\",\"dateModified\":\"2026-03-19T08:50:31+00:00\",\"description\":\"Producci\u00f3n de ramos consistentes, a alta velocidad. Flora BunchMaster es una m\u00e1quina para clasificaci\u00f3n semiautom\u00e1tica y procesa clavel y crisantemos.\",\"breadcrumb\":{\"@id\":\"https:\\\/\\\/bercomex.com\\\/es\\\/soluciones\\\/seleccion-automatica-y-agrupamiento\\\/flora-bunchmaster\\\/#breadcrumb\"},\"inLanguage\":\"es\",\"potentialAction\":[{\"@type\":\"ReadAction\",\"target\":[\"https:\\\/\\\/bercomex.com\\\/es\\\/soluciones\\\/seleccion-automatica-y-agrupamiento\\\/flora-bunchmaster\\\/\"]}]},{\"@type\":\"ImageObject\",\"inLanguage\":\"es\",\"@id\":\"https:\\\/\\\/bercomex.com\\\/es\\\/soluciones\\\/seleccion-automatica-y-agrupamiento\\\/flora-bunchmaster\\\/#primaryimage\",\"url\":\"https:\\\/\\\/bercomex.com\\\/wp-content\\\/uploads\\\/sites\\\/3\\\/2019\\\/01\\\/FBM3.jpg\",\"contentUrl\":\"https:\\\/\\\/bercomex.com\\\/wp-content\\\/uploads\\\/sites\\\/3\\\/2019\\\/01\\\/FBM3.jpg\",\"width\":1385,\"height\":924,\"caption\":\"Bindstation Flora Bunchmaster\"},{\"@type\":\"BreadcrumbList\",\"@id\":\"https:\\\/\\\/bercomex.com\\\/es\\\/soluciones\\\/seleccion-automatica-y-agrupamiento\\\/flora-bunchmaster\\\/#breadcrumb\",\"itemListElement\":[{\"@type\":\"ListItem\",\"position\":1,\"name\":\"Home\",\"item\":\"https:\\\/\\\/bercomex.com\\\/es\\\/\"},{\"@type\":\"ListItem\",\"position\":2,\"name\":\"La innovaci\u00f3n como motor\",\"item\":\"https:\\\/\\\/bercomex.com\\\/es\\\/soluciones\\\/\"},{\"@type\":\"ListItem\",\"position\":3,\"name\":\"Selecci\u00f3n autom\u00e1tica y agrupamiento\",\"item\":\"https:\\\/\\\/bercomex.com\\\/es\\\/soluciones\\\/seleccion-automatica-y-agrupamiento\\\/\"},{\"@type\":\"ListItem\",\"position\":4,\"name\":\"Flora BunchMaster\"}]},{\"@type\":\"WebSite\",\"@id\":\"https:\\\/\\\/bercomex.com\\\/es\\\/#website\",\"url\":\"https:\\\/\\\/bercomex.com\\\/es\\\/\",\"name\":\"Bercomex\",\"description\":\"Een Invaro\",\"potentialAction\":[{\"@type\":\"SearchAction\",\"target\":{\"@type\":\"EntryPoint\",\"urlTemplate\":\"https:\\\/\\\/bercomex.com\\\/es\\\/?s={search_term_string}\"},\"query-input\":{\"@type\":\"PropertyValueSpecification\",\"valueRequired\":true,\"valueName\":\"search_term_string\"}}],\"inLanguage\":\"es\"}]}<\/script>\n<!-- \/ Yoast SEO plugin. -->","yoast_head_json":{"title":"M\u00e1quina de procesamiento de flores Flora BunchMaster - Bercomex","description":"Producci\u00f3n de ramos consistentes, a alta velocidad. Flora BunchMaster es una m\u00e1quina para clasificaci\u00f3n semiautom\u00e1tica y procesa clavel y crisantemos.","robots":{"index":"index","follow":"follow","max-snippet":"max-snippet:-1","max-image-preview":"max-image-preview:large","max-video-preview":"max-video-preview:-1"},"canonical":"https:\/\/bercomex.com\/es\/soluciones\/seleccion-automatica-y-agrupamiento\/flora-bunchmaster\/","og_locale":"es_ES","og_type":"article","og_title":"M\u00e1quina de procesamiento de flores Flora BunchMaster - Bercomex","og_description":"Producci\u00f3n de ramos consistentes, a alta velocidad. Flora BunchMaster es una m\u00e1quina para clasificaci\u00f3n semiautom\u00e1tica y procesa clavel y crisantemos.","og_url":"https:\/\/bercomex.com\/es\/soluciones\/seleccion-automatica-y-agrupamiento\/flora-bunchmaster\/","og_site_name":"Bercomex","article_modified_time":"2026-03-19T08:50:31+00:00","og_image":[{"width":1385,"height":924,"url":"https:\/\/bercomex.com\/wp-content\/uploads\/sites\/3\/2019\/01\/FBM3.jpg","type":"image\/jpeg"}],"twitter_card":"summary_large_image","twitter_misc":{"Tiempo de lectura":"1 minuto"},"schema":{"@context":"https:\/\/schema.org","@graph":[{"@type":"WebPage","@id":"https:\/\/bercomex.com\/es\/soluciones\/seleccion-automatica-y-agrupamiento\/flora-bunchmaster\/","url":"https:\/\/bercomex.com\/es\/soluciones\/seleccion-automatica-y-agrupamiento\/flora-bunchmaster\/","name":"M\u00e1quina de procesamiento de flores Flora BunchMaster - Bercomex","isPartOf":{"@id":"https:\/\/bercomex.com\/es\/#website"},"primaryImageOfPage":{"@id":"https:\/\/bercomex.com\/es\/soluciones\/seleccion-automatica-y-agrupamiento\/flora-bunchmaster\/#primaryimage"},"image":{"@id":"https:\/\/bercomex.com\/es\/soluciones\/seleccion-automatica-y-agrupamiento\/flora-bunchmaster\/#primaryimage"},"thumbnailUrl":"https:\/\/bercomex.com\/wp-content\/uploads\/sites\/3\/2019\/01\/FBM3.jpg","datePublished":"2018-12-11T11:26:49+00:00","dateModified":"2026-03-19T08:50:31+00:00","description":"Producci\u00f3n de ramos consistentes, a alta velocidad. Flora BunchMaster es una m\u00e1quina para clasificaci\u00f3n semiautom\u00e1tica y procesa clavel y crisantemos.","breadcrumb":{"@id":"https:\/\/bercomex.com\/es\/soluciones\/seleccion-automatica-y-agrupamiento\/flora-bunchmaster\/#breadcrumb"},"inLanguage":"es","potentialAction":[{"@type":"ReadAction","target":["https:\/\/bercomex.com\/es\/soluciones\/seleccion-automatica-y-agrupamiento\/flora-bunchmaster\/"]}]},{"@type":"ImageObject","inLanguage":"es","@id":"https:\/\/bercomex.com\/es\/soluciones\/seleccion-automatica-y-agrupamiento\/flora-bunchmaster\/#primaryimage","url":"https:\/\/bercomex.com\/wp-content\/uploads\/sites\/3\/2019\/01\/FBM3.jpg","contentUrl":"https:\/\/bercomex.com\/wp-content\/uploads\/sites\/3\/2019\/01\/FBM3.jpg","width":1385,"height":924,"caption":"Bindstation Flora Bunchmaster"},{"@type":"BreadcrumbList","@id":"https:\/\/bercomex.com\/es\/soluciones\/seleccion-automatica-y-agrupamiento\/flora-bunchmaster\/#breadcrumb","itemListElement":[{"@type":"ListItem","position":1,"name":"Home","item":"https:\/\/bercomex.com\/es\/"},{"@type":"ListItem","position":2,"name":"La innovaci\u00f3n como motor","item":"https:\/\/bercomex.com\/es\/soluciones\/"},{"@type":"ListItem","position":3,"name":"Selecci\u00f3n autom\u00e1tica y agrupamiento","item":"https:\/\/bercomex.com\/es\/soluciones\/seleccion-automatica-y-agrupamiento\/"},{"@type":"ListItem","position":4,"name":"Flora BunchMaster"}]},{"@type":"WebSite","@id":"https:\/\/bercomex.com\/es\/#website","url":"https:\/\/bercomex.com\/es\/","name":"Bercomex","description":"Een Invaro","potentialAction":[{"@type":"SearchAction","target":{"@type":"EntryPoint","urlTemplate":"https:\/\/bercomex.com\/es\/?s={search_term_string}"},"query-input":{"@type":"PropertyValueSpecification","valueRequired":true,"valueName":"search_term_string"}}],"inLanguage":"es"}]}},"_links":{"self":[{"href":"https:\/\/bercomex.com\/es\/wp-json\/wp\/v2\/pages\/2035","targetHints":{"allow":["GET"]}}],"collection":[{"href":"https:\/\/bercomex.com\/es\/wp-json\/wp\/v2\/pages"}],"about":[{"href":"https:\/\/bercomex.com\/es\/wp-json\/wp\/v2\/types\/page"}],"author":[{"embeddable":true,"href":"https:\/\/bercomex.com\/es\/wp-json\/wp\/v2\/users\/2"}],"replies":[{"embeddable":true,"href":"https:\/\/bercomex.com\/es\/wp-json\/wp\/v2\/comments?post=2035"}],"version-history":[{"count":1,"href":"https:\/\/bercomex.com\/es\/wp-json\/wp\/v2\/pages\/2035\/revisions"}],"predecessor-version":[{"id":12026,"href":"https:\/\/bercomex.com\/es\/wp-json\/wp\/v2\/pages\/2035\/revisions\/12026"}],"up":[{"embeddable":true,"href":"https:\/\/bercomex.com\/es\/wp-json\/wp\/v2\/pages\/2048"}],"wp:featuredmedia":[{"embeddable":true,"href":"https:\/\/bercomex.com\/es\/wp-json\/wp\/v2\/media\/2037"}],"wp:attachment":[{"href":"https:\/\/bercomex.com\/es\/wp-json\/wp\/v2\/media?parent=2035"}],"curies":[{"name":"wp","href":"https:\/\/api.w.org\/{rel}","templated":true}]}}