{"id":2045,"date":"2018-11-16T15:29:05","date_gmt":"2018-11-16T15:29:05","guid":{"rendered":"https:\/\/bercomex.com\/furora-compact\/"},"modified":"2026-03-19T11:07:46","modified_gmt":"2026-03-19T11:07:46","slug":"furora-compact","status":"publish","type":"page","link":"https:\/\/bercomex.com\/es\/soluciones\/seleccion-automatica-y-agrupamiento\/furora-compact\/","title":{"rendered":"Furora Compact"},"content":{"rendered":"<h4>Tecnolog\u00eda de rayos X para ramos perfectos<\/h4>\n<p>Las flores se colocan en la cinta de alimentaci\u00f3n, tras lo cual la m\u00e1quina de atado Furora toma cada tallo individualmente y lo escanea por completo. El esc\u00e1ner de rayos X atraviesa hojas y bot\u00f3n floral, determinando la posici\u00f3n exacta del bot\u00f3n. Cada flor se eval\u00faa por la longitud y el di\u00e1metro del tallo, as\u00ed como por la presencia de tallos torcidos. Despu\u00e9s del escaneo, la Furora Compact corta la flor a medida y la transporta autom\u00e1ticamente a la estaci\u00f3n de atado correspondiente. El resultado es un proceso de atado constante, preciso y eficiente.<\/p>\n<h4>Ahorro de mano de obra y mayor productividad<\/h4>\n<p>Con la Bercomex Furora Compact aumentas la productividad de tu cultivo incluso con menos personal. El atado y agrupado autom\u00e1tico garantiza un flujo de trabajo r\u00e1pido. El personal solo tiene que colocar flores sin clasificar en la cinta de alimentaci\u00f3n. Al final de la l\u00ednea, aparecen los ramos listos para la venta o el transporte. La Furora ofrece una calidad de ramos inigualable y una mayor capacidad de procesamiento.<\/p>\n","protected":false},"excerpt":{"rendered":"<p>Tecnolog\u00eda de rayos X para ramos perfectos Las flores se colocan en la cinta de alimentaci\u00f3n, tras lo cual la m\u00e1quina de atado Furora toma cada tallo individualmente y lo escanea por completo. El esc\u00e1ner de rayos X atraviesa hojas&#8230;<\/p>\n","protected":false},"author":2,"featured_media":2601,"parent":2048,"menu_order":0,"comment_status":"closed","ping_status":"closed","template":"","meta":{"_acf_changed":false,"footnotes":""},"class_list":["post-2045","page","type-page","status-publish","has-post-thumbnail","hentry"],"acf":[],"yoast_head":"<!-- This site is optimized with the Yoast SEO plugin v27.3 - https:\/\/yoast.com\/product\/yoast-seo-wordpress\/ -->\n<title>Bercomex Furora Compact | m\u00e1quina autom\u00e1tica de ramos<\/title>\n<meta name=\"description\" content=\"La m\u00e1quina Furora Compact de Bercomex procesa flores r\u00e1pido, con precisi\u00f3n y sin da\u00f1os para crear ramos perfectos y uniformes.\" \/>\n<meta name=\"robots\" content=\"index, follow, max-snippet:-1, max-image-preview:large, max-video-preview:-1\" \/>\n<link rel=\"canonical\" href=\"https:\/\/bercomex.com\/es\/soluciones\/seleccion-automatica-y-agrupamiento\/furora-compact\/\" \/>\n<meta property=\"og:locale\" content=\"es_ES\" \/>\n<meta property=\"og:type\" content=\"article\" \/>\n<meta property=\"og:title\" content=\"Bercomex Furora Compact | m\u00e1quina autom\u00e1tica de ramos\" \/>\n<meta property=\"og:description\" content=\"La m\u00e1quina Furora Compact de Bercomex procesa flores r\u00e1pido, con precisi\u00f3n y sin da\u00f1os para crear ramos perfectos y uniformes.\" \/>\n<meta property=\"og:url\" content=\"https:\/\/bercomex.com\/es\/soluciones\/seleccion-automatica-y-agrupamiento\/furora-compact\/\" \/>\n<meta property=\"og:site_name\" content=\"Bercomex\" \/>\n<meta property=\"article:modified_time\" content=\"2026-03-19T11:07:46+00:00\" \/>\n<meta property=\"og:image\" content=\"https:\/\/bercomex.com\/wp-content\/uploads\/sites\/3\/2020\/02\/Furora-Compact-bosstation-1024x683.png\" \/>\n\t<meta property=\"og:image:width\" content=\"1024\" \/>\n\t<meta property=\"og:image:height\" content=\"683\" \/>\n\t<meta property=\"og:image:type\" content=\"image\/png\" \/>\n<meta name=\"twitter:card\" content=\"summary_large_image\" \/>\n<meta name=\"twitter:label1\" content=\"Tiempo de lectura\" \/>\n\t<meta name=\"twitter:data1\" content=\"2 minutos\" \/>\n<script type=\"application\/ld+json\" class=\"yoast-schema-graph\">{\"@context\":\"https:\\\/\\\/schema.org\",\"@graph\":[{\"@type\":\"WebPage\",\"@id\":\"https:\\\/\\\/bercomex.com\\\/es\\\/soluciones\\\/seleccion-automatica-y-agrupamiento\\\/furora-compact\\\/\",\"url\":\"https:\\\/\\\/bercomex.com\\\/es\\\/soluciones\\\/seleccion-automatica-y-agrupamiento\\\/furora-compact\\\/\",\"name\":\"Bercomex Furora Compact | m\u00e1quina autom\u00e1tica de ramos\",\"isPartOf\":{\"@id\":\"https:\\\/\\\/bercomex.com\\\/es\\\/#website\"},\"primaryImageOfPage\":{\"@id\":\"https:\\\/\\\/bercomex.com\\\/es\\\/soluciones\\\/seleccion-automatica-y-agrupamiento\\\/furora-compact\\\/#primaryimage\"},\"image\":{\"@id\":\"https:\\\/\\\/bercomex.com\\\/es\\\/soluciones\\\/seleccion-automatica-y-agrupamiento\\\/furora-compact\\\/#primaryimage\"},\"thumbnailUrl\":\"https:\\\/\\\/bercomex.com\\\/wp-content\\\/uploads\\\/sites\\\/3\\\/2020\\\/02\\\/Furora-Compact-bosstation.png\",\"datePublished\":\"2018-11-16T15:29:05+00:00\",\"dateModified\":\"2026-03-19T11:07:46+00:00\",\"description\":\"La m\u00e1quina Furora Compact de Bercomex procesa flores r\u00e1pido, con precisi\u00f3n y sin da\u00f1os para crear ramos perfectos y uniformes.\",\"breadcrumb\":{\"@id\":\"https:\\\/\\\/bercomex.com\\\/es\\\/soluciones\\\/seleccion-automatica-y-agrupamiento\\\/furora-compact\\\/#breadcrumb\"},\"inLanguage\":\"es\",\"potentialAction\":[{\"@type\":\"ReadAction\",\"target\":[\"https:\\\/\\\/bercomex.com\\\/es\\\/soluciones\\\/seleccion-automatica-y-agrupamiento\\\/furora-compact\\\/\"]}]},{\"@type\":\"ImageObject\",\"inLanguage\":\"es\",\"@id\":\"https:\\\/\\\/bercomex.com\\\/es\\\/soluciones\\\/seleccion-automatica-y-agrupamiento\\\/furora-compact\\\/#primaryimage\",\"url\":\"https:\\\/\\\/bercomex.com\\\/wp-content\\\/uploads\\\/sites\\\/3\\\/2020\\\/02\\\/Furora-Compact-bosstation.png\",\"contentUrl\":\"https:\\\/\\\/bercomex.com\\\/wp-content\\\/uploads\\\/sites\\\/3\\\/2020\\\/02\\\/Furora-Compact-bosstation.png\",\"width\":1500,\"height\":1000,\"caption\":\"Grijper_Furora Compact_Bercomex\"},{\"@type\":\"BreadcrumbList\",\"@id\":\"https:\\\/\\\/bercomex.com\\\/es\\\/soluciones\\\/seleccion-automatica-y-agrupamiento\\\/furora-compact\\\/#breadcrumb\",\"itemListElement\":[{\"@type\":\"ListItem\",\"position\":1,\"name\":\"Home\",\"item\":\"https:\\\/\\\/bercomex.com\\\/es\\\/\"},{\"@type\":\"ListItem\",\"position\":2,\"name\":\"La innovaci\u00f3n como motor\",\"item\":\"https:\\\/\\\/bercomex.com\\\/es\\\/soluciones\\\/\"},{\"@type\":\"ListItem\",\"position\":3,\"name\":\"Selecci\u00f3n autom\u00e1tica y agrupamiento\",\"item\":\"https:\\\/\\\/bercomex.com\\\/es\\\/soluciones\\\/seleccion-automatica-y-agrupamiento\\\/\"},{\"@type\":\"ListItem\",\"position\":4,\"name\":\"Furora Compact\"}]},{\"@type\":\"WebSite\",\"@id\":\"https:\\\/\\\/bercomex.com\\\/es\\\/#website\",\"url\":\"https:\\\/\\\/bercomex.com\\\/es\\\/\",\"name\":\"Bercomex\",\"description\":\"Een Invaro\",\"potentialAction\":[{\"@type\":\"SearchAction\",\"target\":{\"@type\":\"EntryPoint\",\"urlTemplate\":\"https:\\\/\\\/bercomex.com\\\/es\\\/?s={search_term_string}\"},\"query-input\":{\"@type\":\"PropertyValueSpecification\",\"valueRequired\":true,\"valueName\":\"search_term_string\"}}],\"inLanguage\":\"es\"}]}<\/script>\n<!-- \/ Yoast SEO plugin. -->","yoast_head_json":{"title":"Bercomex Furora Compact | m\u00e1quina autom\u00e1tica de ramos","description":"La m\u00e1quina Furora Compact de Bercomex procesa flores r\u00e1pido, con precisi\u00f3n y sin da\u00f1os para crear ramos perfectos y uniformes.","robots":{"index":"index","follow":"follow","max-snippet":"max-snippet:-1","max-image-preview":"max-image-preview:large","max-video-preview":"max-video-preview:-1"},"canonical":"https:\/\/bercomex.com\/es\/soluciones\/seleccion-automatica-y-agrupamiento\/furora-compact\/","og_locale":"es_ES","og_type":"article","og_title":"Bercomex Furora Compact | m\u00e1quina autom\u00e1tica de ramos","og_description":"La m\u00e1quina Furora Compact de Bercomex procesa flores r\u00e1pido, con precisi\u00f3n y sin da\u00f1os para crear ramos perfectos y uniformes.","og_url":"https:\/\/bercomex.com\/es\/soluciones\/seleccion-automatica-y-agrupamiento\/furora-compact\/","og_site_name":"Bercomex","article_modified_time":"2026-03-19T11:07:46+00:00","og_image":[{"width":1024,"height":683,"url":"https:\/\/bercomex.com\/wp-content\/uploads\/sites\/3\/2020\/02\/Furora-Compact-bosstation-1024x683.png","type":"image\/png"}],"twitter_card":"summary_large_image","twitter_misc":{"Tiempo de lectura":"2 minutos"},"schema":{"@context":"https:\/\/schema.org","@graph":[{"@type":"WebPage","@id":"https:\/\/bercomex.com\/es\/soluciones\/seleccion-automatica-y-agrupamiento\/furora-compact\/","url":"https:\/\/bercomex.com\/es\/soluciones\/seleccion-automatica-y-agrupamiento\/furora-compact\/","name":"Bercomex Furora Compact | m\u00e1quina autom\u00e1tica de ramos","isPartOf":{"@id":"https:\/\/bercomex.com\/es\/#website"},"primaryImageOfPage":{"@id":"https:\/\/bercomex.com\/es\/soluciones\/seleccion-automatica-y-agrupamiento\/furora-compact\/#primaryimage"},"image":{"@id":"https:\/\/bercomex.com\/es\/soluciones\/seleccion-automatica-y-agrupamiento\/furora-compact\/#primaryimage"},"thumbnailUrl":"https:\/\/bercomex.com\/wp-content\/uploads\/sites\/3\/2020\/02\/Furora-Compact-bosstation.png","datePublished":"2018-11-16T15:29:05+00:00","dateModified":"2026-03-19T11:07:46+00:00","description":"La m\u00e1quina Furora Compact de Bercomex procesa flores r\u00e1pido, con precisi\u00f3n y sin da\u00f1os para crear ramos perfectos y uniformes.","breadcrumb":{"@id":"https:\/\/bercomex.com\/es\/soluciones\/seleccion-automatica-y-agrupamiento\/furora-compact\/#breadcrumb"},"inLanguage":"es","potentialAction":[{"@type":"ReadAction","target":["https:\/\/bercomex.com\/es\/soluciones\/seleccion-automatica-y-agrupamiento\/furora-compact\/"]}]},{"@type":"ImageObject","inLanguage":"es","@id":"https:\/\/bercomex.com\/es\/soluciones\/seleccion-automatica-y-agrupamiento\/furora-compact\/#primaryimage","url":"https:\/\/bercomex.com\/wp-content\/uploads\/sites\/3\/2020\/02\/Furora-Compact-bosstation.png","contentUrl":"https:\/\/bercomex.com\/wp-content\/uploads\/sites\/3\/2020\/02\/Furora-Compact-bosstation.png","width":1500,"height":1000,"caption":"Grijper_Furora Compact_Bercomex"},{"@type":"BreadcrumbList","@id":"https:\/\/bercomex.com\/es\/soluciones\/seleccion-automatica-y-agrupamiento\/furora-compact\/#breadcrumb","itemListElement":[{"@type":"ListItem","position":1,"name":"Home","item":"https:\/\/bercomex.com\/es\/"},{"@type":"ListItem","position":2,"name":"La innovaci\u00f3n como motor","item":"https:\/\/bercomex.com\/es\/soluciones\/"},{"@type":"ListItem","position":3,"name":"Selecci\u00f3n autom\u00e1tica y agrupamiento","item":"https:\/\/bercomex.com\/es\/soluciones\/seleccion-automatica-y-agrupamiento\/"},{"@type":"ListItem","position":4,"name":"Furora Compact"}]},{"@type":"WebSite","@id":"https:\/\/bercomex.com\/es\/#website","url":"https:\/\/bercomex.com\/es\/","name":"Bercomex","description":"Een Invaro","potentialAction":[{"@type":"SearchAction","target":{"@type":"EntryPoint","urlTemplate":"https:\/\/bercomex.com\/es\/?s={search_term_string}"},"query-input":{"@type":"PropertyValueSpecification","valueRequired":true,"valueName":"search_term_string"}}],"inLanguage":"es"}]}},"_links":{"self":[{"href":"https:\/\/bercomex.com\/es\/wp-json\/wp\/v2\/pages\/2045","targetHints":{"allow":["GET"]}}],"collection":[{"href":"https:\/\/bercomex.com\/es\/wp-json\/wp\/v2\/pages"}],"about":[{"href":"https:\/\/bercomex.com\/es\/wp-json\/wp\/v2\/types\/page"}],"author":[{"embeddable":true,"href":"https:\/\/bercomex.com\/es\/wp-json\/wp\/v2\/users\/2"}],"replies":[{"embeddable":true,"href":"https:\/\/bercomex.com\/es\/wp-json\/wp\/v2\/comments?post=2045"}],"version-history":[{"count":8,"href":"https:\/\/bercomex.com\/es\/wp-json\/wp\/v2\/pages\/2045\/revisions"}],"predecessor-version":[{"id":12038,"href":"https:\/\/bercomex.com\/es\/wp-json\/wp\/v2\/pages\/2045\/revisions\/12038"}],"up":[{"embeddable":true,"href":"https:\/\/bercomex.com\/es\/wp-json\/wp\/v2\/pages\/2048"}],"wp:featuredmedia":[{"embeddable":true,"href":"https:\/\/bercomex.com\/es\/wp-json\/wp\/v2\/media\/2601"}],"wp:attachment":[{"href":"https:\/\/bercomex.com\/es\/wp-json\/wp\/v2\/media?parent=2045"}],"curies":[{"name":"wp","href":"https:\/\/api.w.org\/{rel}","templated":true}]}}