{"id":2048,"date":"2019-10-04T08:40:38","date_gmt":"2019-10-04T08:40:38","guid":{"rendered":"https:\/\/bercomex.com\/?page_id=2048"},"modified":"2025-08-11T13:25:30","modified_gmt":"2025-08-11T13:25:30","slug":"seleccion-automatica-y-agrupamiento","status":"publish","type":"page","link":"https:\/\/bercomex.com\/es\/soluciones\/seleccion-automatica-y-agrupamiento\/","title":{"rendered":"Selecci\u00f3n autom\u00e1tica y agrupamiento"},"content":{"rendered":"<h2>Atado autom\u00e1tico: eficiente, constante y preparado para el futuro<\/h2>\n<p>Con nuestras m\u00e1quinas de atado autom\u00e1tico como la Furora, aumentas tanto la calidad como la velocidad. Cada flor se eval\u00faa, selecciona y clasifica r\u00e1pidamente. El atado autom\u00e1tico permite trabajar con mayor eficiencia, menos mano de obra y resultados constantes, incluso en grandes vol\u00famenes. Logra m\u00e1s con menos personal y mantiene el control sobre la clasificaci\u00f3n y el atado.<\/p>\n","protected":false},"excerpt":{"rendered":"<p>Atado autom\u00e1tico: eficiente, constante y preparado para el futuro Con nuestras m\u00e1quinas de atado autom\u00e1tico como la Furora, aumentas tanto la calidad como la velocidad. Cada flor se eval\u00faa, selecciona y clasifica r\u00e1pidamente. El atado autom\u00e1tico permite trabajar con mayor&#8230;<\/p>\n","protected":false},"author":2,"featured_media":2050,"parent":1923,"menu_order":2,"comment_status":"closed","ping_status":"closed","template":"page-catsolutions.php","meta":{"_acf_changed":false,"footnotes":""},"class_list":["post-2048","page","type-page","status-publish","has-post-thumbnail","hentry"],"acf":[],"yoast_head":"<!-- This site is optimized with the Yoast SEO plugin v27.3 - https:\/\/yoast.com\/product\/yoast-seo-wordpress\/ -->\n<title>Atado autom\u00e1tico con m\u00e1quinas eficientes de Bercomex<\/title>\n<meta name=\"description\" content=\"Descubre las m\u00e1quinas de atado autom\u00e1tico Bercomex: clasifica y ata flores con alta calidad y menos mano de obra, incluso en grandes vol\u00famenes.\" \/>\n<meta name=\"robots\" content=\"index, follow, max-snippet:-1, max-image-preview:large, max-video-preview:-1\" \/>\n<link rel=\"canonical\" href=\"https:\/\/bercomex.com\/es\/soluciones\/seleccion-automatica-y-agrupamiento\/\" \/>\n<meta property=\"og:locale\" content=\"es_ES\" \/>\n<meta property=\"og:type\" content=\"article\" \/>\n<meta property=\"og:title\" content=\"Atado autom\u00e1tico con m\u00e1quinas eficientes de Bercomex\" \/>\n<meta property=\"og:description\" content=\"Descubre las m\u00e1quinas de atado autom\u00e1tico Bercomex: clasifica y ata flores con alta calidad y menos mano de obra, incluso en grandes vol\u00famenes.\" \/>\n<meta property=\"og:url\" content=\"https:\/\/bercomex.com\/es\/soluciones\/seleccion-automatica-y-agrupamiento\/\" \/>\n<meta property=\"og:site_name\" content=\"Bercomex\" \/>\n<meta property=\"article:modified_time\" content=\"2025-08-11T13:25:30+00:00\" \/>\n<meta property=\"og:image\" content=\"https:\/\/bercomex.com\/wp-content\/uploads\/sites\/3\/2018\/11\/Y0A5654.jpg\" \/>\n\t<meta property=\"og:image:width\" content=\"2000\" \/>\n\t<meta property=\"og:image:height\" content=\"1333\" \/>\n\t<meta property=\"og:image:type\" content=\"image\/jpeg\" \/>\n<meta name=\"twitter:card\" content=\"summary_large_image\" \/>\n<meta name=\"twitter:label1\" content=\"Tiempo de lectura\" \/>\n\t<meta name=\"twitter:data1\" content=\"1 minuto\" \/>\n<script type=\"application\/ld+json\" class=\"yoast-schema-graph\">{\"@context\":\"https:\\\/\\\/schema.org\",\"@graph\":[{\"@type\":\"WebPage\",\"@id\":\"https:\\\/\\\/bercomex.com\\\/es\\\/soluciones\\\/seleccion-automatica-y-agrupamiento\\\/\",\"url\":\"https:\\\/\\\/bercomex.com\\\/es\\\/soluciones\\\/seleccion-automatica-y-agrupamiento\\\/\",\"name\":\"Atado autom\u00e1tico con m\u00e1quinas eficientes de Bercomex\",\"isPartOf\":{\"@id\":\"https:\\\/\\\/bercomex.com\\\/es\\\/#website\"},\"primaryImageOfPage\":{\"@id\":\"https:\\\/\\\/bercomex.com\\\/es\\\/soluciones\\\/seleccion-automatica-y-agrupamiento\\\/#primaryimage\"},\"image\":{\"@id\":\"https:\\\/\\\/bercomex.com\\\/es\\\/soluciones\\\/seleccion-automatica-y-agrupamiento\\\/#primaryimage\"},\"thumbnailUrl\":\"https:\\\/\\\/bercomex.com\\\/wp-content\\\/uploads\\\/sites\\\/3\\\/2018\\\/11\\\/Y0A5654.jpg\",\"datePublished\":\"2019-10-04T08:40:38+00:00\",\"dateModified\":\"2025-08-11T13:25:30+00:00\",\"description\":\"Descubre las m\u00e1quinas de atado autom\u00e1tico Bercomex: clasifica y ata flores con alta calidad y menos mano de obra, incluso en grandes vol\u00famenes.\",\"breadcrumb\":{\"@id\":\"https:\\\/\\\/bercomex.com\\\/es\\\/soluciones\\\/seleccion-automatica-y-agrupamiento\\\/#breadcrumb\"},\"inLanguage\":\"es\",\"potentialAction\":[{\"@type\":\"ReadAction\",\"target\":[\"https:\\\/\\\/bercomex.com\\\/es\\\/soluciones\\\/seleccion-automatica-y-agrupamiento\\\/\"]}]},{\"@type\":\"ImageObject\",\"inLanguage\":\"es\",\"@id\":\"https:\\\/\\\/bercomex.com\\\/es\\\/soluciones\\\/seleccion-automatica-y-agrupamiento\\\/#primaryimage\",\"url\":\"https:\\\/\\\/bercomex.com\\\/wp-content\\\/uploads\\\/sites\\\/3\\\/2018\\\/11\\\/Y0A5654.jpg\",\"contentUrl\":\"https:\\\/\\\/bercomex.com\\\/wp-content\\\/uploads\\\/sites\\\/3\\\/2018\\\/11\\\/Y0A5654.jpg\",\"width\":2000,\"height\":1333,\"caption\":\"Furora Rosa Bercomex bosstations\"},{\"@type\":\"BreadcrumbList\",\"@id\":\"https:\\\/\\\/bercomex.com\\\/es\\\/soluciones\\\/seleccion-automatica-y-agrupamiento\\\/#breadcrumb\",\"itemListElement\":[{\"@type\":\"ListItem\",\"position\":1,\"name\":\"Home\",\"item\":\"https:\\\/\\\/bercomex.com\\\/es\\\/\"},{\"@type\":\"ListItem\",\"position\":2,\"name\":\"La innovaci\u00f3n como motor\",\"item\":\"https:\\\/\\\/bercomex.com\\\/es\\\/soluciones\\\/\"},{\"@type\":\"ListItem\",\"position\":3,\"name\":\"Selecci\u00f3n autom\u00e1tica y agrupamiento\"}]},{\"@type\":\"WebSite\",\"@id\":\"https:\\\/\\\/bercomex.com\\\/es\\\/#website\",\"url\":\"https:\\\/\\\/bercomex.com\\\/es\\\/\",\"name\":\"Bercomex\",\"description\":\"Een Invaro\",\"potentialAction\":[{\"@type\":\"SearchAction\",\"target\":{\"@type\":\"EntryPoint\",\"urlTemplate\":\"https:\\\/\\\/bercomex.com\\\/es\\\/?s={search_term_string}\"},\"query-input\":{\"@type\":\"PropertyValueSpecification\",\"valueRequired\":true,\"valueName\":\"search_term_string\"}}],\"inLanguage\":\"es\"}]}<\/script>\n<!-- \/ Yoast SEO plugin. -->","yoast_head_json":{"title":"Atado autom\u00e1tico con m\u00e1quinas eficientes de Bercomex","description":"Descubre las m\u00e1quinas de atado autom\u00e1tico Bercomex: clasifica y ata flores con alta calidad y menos mano de obra, incluso en grandes vol\u00famenes.","robots":{"index":"index","follow":"follow","max-snippet":"max-snippet:-1","max-image-preview":"max-image-preview:large","max-video-preview":"max-video-preview:-1"},"canonical":"https:\/\/bercomex.com\/es\/soluciones\/seleccion-automatica-y-agrupamiento\/","og_locale":"es_ES","og_type":"article","og_title":"Atado autom\u00e1tico con m\u00e1quinas eficientes de Bercomex","og_description":"Descubre las m\u00e1quinas de atado autom\u00e1tico Bercomex: clasifica y ata flores con alta calidad y menos mano de obra, incluso en grandes vol\u00famenes.","og_url":"https:\/\/bercomex.com\/es\/soluciones\/seleccion-automatica-y-agrupamiento\/","og_site_name":"Bercomex","article_modified_time":"2025-08-11T13:25:30+00:00","og_image":[{"width":2000,"height":1333,"url":"https:\/\/bercomex.com\/wp-content\/uploads\/sites\/3\/2018\/11\/Y0A5654.jpg","type":"image\/jpeg"}],"twitter_card":"summary_large_image","twitter_misc":{"Tiempo de lectura":"1 minuto"},"schema":{"@context":"https:\/\/schema.org","@graph":[{"@type":"WebPage","@id":"https:\/\/bercomex.com\/es\/soluciones\/seleccion-automatica-y-agrupamiento\/","url":"https:\/\/bercomex.com\/es\/soluciones\/seleccion-automatica-y-agrupamiento\/","name":"Atado autom\u00e1tico con m\u00e1quinas eficientes de Bercomex","isPartOf":{"@id":"https:\/\/bercomex.com\/es\/#website"},"primaryImageOfPage":{"@id":"https:\/\/bercomex.com\/es\/soluciones\/seleccion-automatica-y-agrupamiento\/#primaryimage"},"image":{"@id":"https:\/\/bercomex.com\/es\/soluciones\/seleccion-automatica-y-agrupamiento\/#primaryimage"},"thumbnailUrl":"https:\/\/bercomex.com\/wp-content\/uploads\/sites\/3\/2018\/11\/Y0A5654.jpg","datePublished":"2019-10-04T08:40:38+00:00","dateModified":"2025-08-11T13:25:30+00:00","description":"Descubre las m\u00e1quinas de atado autom\u00e1tico Bercomex: clasifica y ata flores con alta calidad y menos mano de obra, incluso en grandes vol\u00famenes.","breadcrumb":{"@id":"https:\/\/bercomex.com\/es\/soluciones\/seleccion-automatica-y-agrupamiento\/#breadcrumb"},"inLanguage":"es","potentialAction":[{"@type":"ReadAction","target":["https:\/\/bercomex.com\/es\/soluciones\/seleccion-automatica-y-agrupamiento\/"]}]},{"@type":"ImageObject","inLanguage":"es","@id":"https:\/\/bercomex.com\/es\/soluciones\/seleccion-automatica-y-agrupamiento\/#primaryimage","url":"https:\/\/bercomex.com\/wp-content\/uploads\/sites\/3\/2018\/11\/Y0A5654.jpg","contentUrl":"https:\/\/bercomex.com\/wp-content\/uploads\/sites\/3\/2018\/11\/Y0A5654.jpg","width":2000,"height":1333,"caption":"Furora Rosa Bercomex bosstations"},{"@type":"BreadcrumbList","@id":"https:\/\/bercomex.com\/es\/soluciones\/seleccion-automatica-y-agrupamiento\/#breadcrumb","itemListElement":[{"@type":"ListItem","position":1,"name":"Home","item":"https:\/\/bercomex.com\/es\/"},{"@type":"ListItem","position":2,"name":"La innovaci\u00f3n como motor","item":"https:\/\/bercomex.com\/es\/soluciones\/"},{"@type":"ListItem","position":3,"name":"Selecci\u00f3n autom\u00e1tica y agrupamiento"}]},{"@type":"WebSite","@id":"https:\/\/bercomex.com\/es\/#website","url":"https:\/\/bercomex.com\/es\/","name":"Bercomex","description":"Een Invaro","potentialAction":[{"@type":"SearchAction","target":{"@type":"EntryPoint","urlTemplate":"https:\/\/bercomex.com\/es\/?s={search_term_string}"},"query-input":{"@type":"PropertyValueSpecification","valueRequired":true,"valueName":"search_term_string"}}],"inLanguage":"es"}]}},"_links":{"self":[{"href":"https:\/\/bercomex.com\/es\/wp-json\/wp\/v2\/pages\/2048","targetHints":{"allow":["GET"]}}],"collection":[{"href":"https:\/\/bercomex.com\/es\/wp-json\/wp\/v2\/pages"}],"about":[{"href":"https:\/\/bercomex.com\/es\/wp-json\/wp\/v2\/types\/page"}],"author":[{"embeddable":true,"href":"https:\/\/bercomex.com\/es\/wp-json\/wp\/v2\/users\/2"}],"replies":[{"embeddable":true,"href":"https:\/\/bercomex.com\/es\/wp-json\/wp\/v2\/comments?post=2048"}],"version-history":[{"count":3,"href":"https:\/\/bercomex.com\/es\/wp-json\/wp\/v2\/pages\/2048\/revisions"}],"predecessor-version":[{"id":10916,"href":"https:\/\/bercomex.com\/es\/wp-json\/wp\/v2\/pages\/2048\/revisions\/10916"}],"up":[{"embeddable":true,"href":"https:\/\/bercomex.com\/es\/wp-json\/wp\/v2\/pages\/1923"}],"wp:featuredmedia":[{"embeddable":true,"href":"https:\/\/bercomex.com\/es\/wp-json\/wp\/v2\/media\/2050"}],"wp:attachment":[{"href":"https:\/\/bercomex.com\/es\/wp-json\/wp\/v2\/media?parent=2048"}],"curies":[{"name":"wp","href":"https:\/\/api.w.org\/{rel}","templated":true}]}}