{"id":2056,"date":"2018-11-19T10:46:23","date_gmt":"2018-11-19T10:46:23","guid":{"rendered":"https:\/\/bercomex.com\/soluciones\/binden-en-elastiek\/"},"modified":"2025-08-11T13:18:44","modified_gmt":"2025-08-11T13:18:44","slug":"maquinas-de-atado-y-cuerdas-elasticas","status":"publish","type":"page","link":"https:\/\/bercomex.com\/es\/soluciones\/maquinas-de-atado-y-cuerdas-elasticas\/","title":{"rendered":"M\u00e1quinas de atado y cuerdas el\u00e1sticas"},"content":{"rendered":"<h2>M\u00e1quinas de atado y gomas para ramos perfectos<\/h2>\n<p>Con las m\u00e1quinas atadoras de flores Bercomex, podr\u00e1s agrupar flores de forma r\u00e1pida, eficiente y con calidad constante. Nuestras gomas el\u00e1sticas para flores sujetan firmemente cada ramo, garantizando una presentaci\u00f3n impecable y un transporte seguro. Aptas para flores de todo tipo y tama\u00f1o.<\/p>\n<p>Ya sea para atar flores autom\u00e1ticamente en producciones a gran escala o para preparar ramos peque\u00f1os con cuidado, nuestras m\u00e1quinas ofrecen un acabado uniforme y profesional. La goma el\u00e1stica resistente evita da\u00f1os y mantiene cada ramo en perfectas condiciones.<\/p>\n<p>Nuestras soluciones de atado aumentan la productividad, reducen la necesidad de personal especializado y mejoran la presentaci\u00f3n del producto final. Eficiencia y fiabilidad con resultados perfectos.<\/p>\n","protected":false},"excerpt":{"rendered":"<p>M\u00e1quinas de atado y gomas para ramos perfectos Con las m\u00e1quinas atadoras de flores Bercomex, podr\u00e1s agrupar flores de forma r\u00e1pida, eficiente y con calidad constante. Nuestras gomas el\u00e1sticas para flores sujetan firmemente cada ramo, garantizando una presentaci\u00f3n impecable y&#8230;<\/p>\n","protected":false},"author":2,"featured_media":1985,"parent":1923,"menu_order":7,"comment_status":"closed","ping_status":"closed","template":"page-catsolutions.php","meta":{"_acf_changed":false,"footnotes":""},"class_list":["post-2056","page","type-page","status-publish","has-post-thumbnail","hentry"],"acf":[],"yoast_head":"<!-- This site is optimized with the Yoast SEO plugin v27.3 - https:\/\/yoast.com\/product\/yoast-seo-wordpress\/ -->\n<title>M\u00e1quinas de atado y gomas para flores y ramos<\/title>\n<meta name=\"description\" content=\"Ata flores con rapidez con m\u00e1quinas y gomas Bercomex. Ramos uniformes, mayor productividad y menos necesidad de mano de obra.\" \/>\n<meta name=\"robots\" content=\"index, follow, max-snippet:-1, max-image-preview:large, max-video-preview:-1\" \/>\n<link rel=\"canonical\" href=\"https:\/\/bercomex.com\/es\/soluciones\/maquinas-de-atado-y-cuerdas-elasticas\/\" \/>\n<meta property=\"og:locale\" content=\"es_ES\" \/>\n<meta property=\"og:type\" content=\"article\" \/>\n<meta property=\"og:title\" content=\"M\u00e1quinas de atado y gomas para flores y ramos\" \/>\n<meta property=\"og:description\" content=\"Ata flores con rapidez con m\u00e1quinas y gomas Bercomex. Ramos uniformes, mayor productividad y menos necesidad de mano de obra.\" \/>\n<meta property=\"og:url\" content=\"https:\/\/bercomex.com\/es\/soluciones\/maquinas-de-atado-y-cuerdas-elasticas\/\" \/>\n<meta property=\"og:site_name\" content=\"Bercomex\" \/>\n<meta property=\"article:modified_time\" content=\"2025-08-11T13:18:44+00:00\" \/>\n<meta property=\"og:image\" content=\"https:\/\/bercomex.com\/wp-content\/uploads\/sites\/3\/2018\/11\/Bercomex__Y0A4315.jpg\" \/>\n\t<meta property=\"og:image:width\" content=\"1500\" \/>\n\t<meta property=\"og:image:height\" content=\"1000\" \/>\n\t<meta property=\"og:image:type\" content=\"image\/jpeg\" \/>\n<meta name=\"twitter:card\" content=\"summary_large_image\" \/>\n<meta name=\"twitter:label1\" content=\"Tiempo de lectura\" \/>\n\t<meta name=\"twitter:data1\" content=\"1 minuto\" \/>\n<script type=\"application\/ld+json\" class=\"yoast-schema-graph\">{\"@context\":\"https:\\\/\\\/schema.org\",\"@graph\":[{\"@type\":\"WebPage\",\"@id\":\"https:\\\/\\\/bercomex.com\\\/es\\\/soluciones\\\/maquinas-de-atado-y-cuerdas-elasticas\\\/\",\"url\":\"https:\\\/\\\/bercomex.com\\\/es\\\/soluciones\\\/maquinas-de-atado-y-cuerdas-elasticas\\\/\",\"name\":\"M\u00e1quinas de atado y gomas para flores y ramos\",\"isPartOf\":{\"@id\":\"https:\\\/\\\/bercomex.com\\\/es\\\/#website\"},\"primaryImageOfPage\":{\"@id\":\"https:\\\/\\\/bercomex.com\\\/es\\\/soluciones\\\/maquinas-de-atado-y-cuerdas-elasticas\\\/#primaryimage\"},\"image\":{\"@id\":\"https:\\\/\\\/bercomex.com\\\/es\\\/soluciones\\\/maquinas-de-atado-y-cuerdas-elasticas\\\/#primaryimage\"},\"thumbnailUrl\":\"https:\\\/\\\/bercomex.com\\\/wp-content\\\/uploads\\\/sites\\\/3\\\/2018\\\/11\\\/Bercomex__Y0A4315.jpg\",\"datePublished\":\"2018-11-19T10:46:23+00:00\",\"dateModified\":\"2025-08-11T13:18:44+00:00\",\"description\":\"Ata flores con rapidez con m\u00e1quinas y gomas Bercomex. Ramos uniformes, mayor productividad y menos necesidad de mano de obra.\",\"breadcrumb\":{\"@id\":\"https:\\\/\\\/bercomex.com\\\/es\\\/soluciones\\\/maquinas-de-atado-y-cuerdas-elasticas\\\/#breadcrumb\"},\"inLanguage\":\"es\",\"potentialAction\":[{\"@type\":\"ReadAction\",\"target\":[\"https:\\\/\\\/bercomex.com\\\/es\\\/soluciones\\\/maquinas-de-atado-y-cuerdas-elasticas\\\/\"]}]},{\"@type\":\"ImageObject\",\"inLanguage\":\"es\",\"@id\":\"https:\\\/\\\/bercomex.com\\\/es\\\/soluciones\\\/maquinas-de-atado-y-cuerdas-elasticas\\\/#primaryimage\",\"url\":\"https:\\\/\\\/bercomex.com\\\/wp-content\\\/uploads\\\/sites\\\/3\\\/2018\\\/11\\\/Bercomex__Y0A4315.jpg\",\"contentUrl\":\"https:\\\/\\\/bercomex.com\\\/wp-content\\\/uploads\\\/sites\\\/3\\\/2018\\\/11\\\/Bercomex__Y0A4315.jpg\",\"width\":1500,\"height\":1000,\"caption\":\"JumboCone bindelastiek Bercomex\"},{\"@type\":\"BreadcrumbList\",\"@id\":\"https:\\\/\\\/bercomex.com\\\/es\\\/soluciones\\\/maquinas-de-atado-y-cuerdas-elasticas\\\/#breadcrumb\",\"itemListElement\":[{\"@type\":\"ListItem\",\"position\":1,\"name\":\"Home\",\"item\":\"https:\\\/\\\/bercomex.com\\\/es\\\/\"},{\"@type\":\"ListItem\",\"position\":2,\"name\":\"La innovaci\u00f3n como motor\",\"item\":\"https:\\\/\\\/bercomex.com\\\/es\\\/soluciones\\\/\"},{\"@type\":\"ListItem\",\"position\":3,\"name\":\"M\u00e1quinas de atado y cuerdas el\u00e1sticas\"}]},{\"@type\":\"WebSite\",\"@id\":\"https:\\\/\\\/bercomex.com\\\/es\\\/#website\",\"url\":\"https:\\\/\\\/bercomex.com\\\/es\\\/\",\"name\":\"Bercomex\",\"description\":\"Een Invaro\",\"potentialAction\":[{\"@type\":\"SearchAction\",\"target\":{\"@type\":\"EntryPoint\",\"urlTemplate\":\"https:\\\/\\\/bercomex.com\\\/es\\\/?s={search_term_string}\"},\"query-input\":{\"@type\":\"PropertyValueSpecification\",\"valueRequired\":true,\"valueName\":\"search_term_string\"}}],\"inLanguage\":\"es\"}]}<\/script>\n<!-- \/ Yoast SEO plugin. -->","yoast_head_json":{"title":"M\u00e1quinas de atado y gomas para flores y ramos","description":"Ata flores con rapidez con m\u00e1quinas y gomas Bercomex. Ramos uniformes, mayor productividad y menos necesidad de mano de obra.","robots":{"index":"index","follow":"follow","max-snippet":"max-snippet:-1","max-image-preview":"max-image-preview:large","max-video-preview":"max-video-preview:-1"},"canonical":"https:\/\/bercomex.com\/es\/soluciones\/maquinas-de-atado-y-cuerdas-elasticas\/","og_locale":"es_ES","og_type":"article","og_title":"M\u00e1quinas de atado y gomas para flores y ramos","og_description":"Ata flores con rapidez con m\u00e1quinas y gomas Bercomex. Ramos uniformes, mayor productividad y menos necesidad de mano de obra.","og_url":"https:\/\/bercomex.com\/es\/soluciones\/maquinas-de-atado-y-cuerdas-elasticas\/","og_site_name":"Bercomex","article_modified_time":"2025-08-11T13:18:44+00:00","og_image":[{"width":1500,"height":1000,"url":"https:\/\/bercomex.com\/wp-content\/uploads\/sites\/3\/2018\/11\/Bercomex__Y0A4315.jpg","type":"image\/jpeg"}],"twitter_card":"summary_large_image","twitter_misc":{"Tiempo de lectura":"1 minuto"},"schema":{"@context":"https:\/\/schema.org","@graph":[{"@type":"WebPage","@id":"https:\/\/bercomex.com\/es\/soluciones\/maquinas-de-atado-y-cuerdas-elasticas\/","url":"https:\/\/bercomex.com\/es\/soluciones\/maquinas-de-atado-y-cuerdas-elasticas\/","name":"M\u00e1quinas de atado y gomas para flores y ramos","isPartOf":{"@id":"https:\/\/bercomex.com\/es\/#website"},"primaryImageOfPage":{"@id":"https:\/\/bercomex.com\/es\/soluciones\/maquinas-de-atado-y-cuerdas-elasticas\/#primaryimage"},"image":{"@id":"https:\/\/bercomex.com\/es\/soluciones\/maquinas-de-atado-y-cuerdas-elasticas\/#primaryimage"},"thumbnailUrl":"https:\/\/bercomex.com\/wp-content\/uploads\/sites\/3\/2018\/11\/Bercomex__Y0A4315.jpg","datePublished":"2018-11-19T10:46:23+00:00","dateModified":"2025-08-11T13:18:44+00:00","description":"Ata flores con rapidez con m\u00e1quinas y gomas Bercomex. Ramos uniformes, mayor productividad y menos necesidad de mano de obra.","breadcrumb":{"@id":"https:\/\/bercomex.com\/es\/soluciones\/maquinas-de-atado-y-cuerdas-elasticas\/#breadcrumb"},"inLanguage":"es","potentialAction":[{"@type":"ReadAction","target":["https:\/\/bercomex.com\/es\/soluciones\/maquinas-de-atado-y-cuerdas-elasticas\/"]}]},{"@type":"ImageObject","inLanguage":"es","@id":"https:\/\/bercomex.com\/es\/soluciones\/maquinas-de-atado-y-cuerdas-elasticas\/#primaryimage","url":"https:\/\/bercomex.com\/wp-content\/uploads\/sites\/3\/2018\/11\/Bercomex__Y0A4315.jpg","contentUrl":"https:\/\/bercomex.com\/wp-content\/uploads\/sites\/3\/2018\/11\/Bercomex__Y0A4315.jpg","width":1500,"height":1000,"caption":"JumboCone bindelastiek Bercomex"},{"@type":"BreadcrumbList","@id":"https:\/\/bercomex.com\/es\/soluciones\/maquinas-de-atado-y-cuerdas-elasticas\/#breadcrumb","itemListElement":[{"@type":"ListItem","position":1,"name":"Home","item":"https:\/\/bercomex.com\/es\/"},{"@type":"ListItem","position":2,"name":"La innovaci\u00f3n como motor","item":"https:\/\/bercomex.com\/es\/soluciones\/"},{"@type":"ListItem","position":3,"name":"M\u00e1quinas de atado y cuerdas el\u00e1sticas"}]},{"@type":"WebSite","@id":"https:\/\/bercomex.com\/es\/#website","url":"https:\/\/bercomex.com\/es\/","name":"Bercomex","description":"Een Invaro","potentialAction":[{"@type":"SearchAction","target":{"@type":"EntryPoint","urlTemplate":"https:\/\/bercomex.com\/es\/?s={search_term_string}"},"query-input":{"@type":"PropertyValueSpecification","valueRequired":true,"valueName":"search_term_string"}}],"inLanguage":"es"}]}},"_links":{"self":[{"href":"https:\/\/bercomex.com\/es\/wp-json\/wp\/v2\/pages\/2056","targetHints":{"allow":["GET"]}}],"collection":[{"href":"https:\/\/bercomex.com\/es\/wp-json\/wp\/v2\/pages"}],"about":[{"href":"https:\/\/bercomex.com\/es\/wp-json\/wp\/v2\/types\/page"}],"author":[{"embeddable":true,"href":"https:\/\/bercomex.com\/es\/wp-json\/wp\/v2\/users\/2"}],"replies":[{"embeddable":true,"href":"https:\/\/bercomex.com\/es\/wp-json\/wp\/v2\/comments?post=2056"}],"version-history":[{"count":3,"href":"https:\/\/bercomex.com\/es\/wp-json\/wp\/v2\/pages\/2056\/revisions"}],"predecessor-version":[{"id":10910,"href":"https:\/\/bercomex.com\/es\/wp-json\/wp\/v2\/pages\/2056\/revisions\/10910"}],"up":[{"embeddable":true,"href":"https:\/\/bercomex.com\/es\/wp-json\/wp\/v2\/pages\/1923"}],"wp:featuredmedia":[{"embeddable":true,"href":"https:\/\/bercomex.com\/es\/wp-json\/wp\/v2\/media\/1985"}],"wp:attachment":[{"href":"https:\/\/bercomex.com\/es\/wp-json\/wp\/v2\/media?parent=2056"}],"curies":[{"name":"wp","href":"https:\/\/api.w.org\/{rel}","templated":true}]}}