{"id":2061,"date":"2018-08-28T13:41:52","date_gmt":"2018-08-28T13:41:52","guid":{"rendered":"https:\/\/bercomex.com\/soluciones\/deleafing\/"},"modified":"2025-07-17T13:45:52","modified_gmt":"2025-07-17T13:45:52","slug":"eliminacion-de-hojas","status":"publish","type":"page","link":"https:\/\/bercomex.com\/es\/soluciones\/eliminacion-de-hojas\/","title":{"rendered":"Eliminaci\u00f3n de hojas"},"content":{"rendered":"<h2><strong>Eliminaci\u00f3n de hojas<\/strong><\/h2>\n<p>El agua limpia en el florero tiene un efecto positivo en la calidad y duraci\u00f3n de sus flores. Por eso, el deshojado es una etapa esencial en el procesamiento de flores. Al eliminar las hojas y suciedad del tallo, mejora la presentaci\u00f3n y prolonga la vida \u00fatil del ramo. Nuestras soluciones cepillan cuidadosamente los tallos, garantizando una calidad constante en el deshojado de flores. Disponemos de un cepillo adecuado para cada tipo de tallo, lo que hace que el proceso sea preciso, eficiente y adaptado a su producto. As\u00ed se logra un procesamiento m\u00e1s limpio, menos bacterias en el agua y una mayor duraci\u00f3n en florero.<\/p>\n","protected":false},"excerpt":{"rendered":"<p>Eliminaci\u00f3n de hojas El agua limpia en el florero tiene un efecto positivo en la calidad y duraci\u00f3n de sus flores. Por eso, el deshojado es una etapa esencial en el procesamiento de flores. Al eliminar las hojas y suciedad&#8230;<\/p>\n","protected":false},"author":7,"featured_media":2062,"parent":1923,"menu_order":3,"comment_status":"closed","ping_status":"closed","template":"page-catsolutions.php","meta":{"_acf_changed":false,"footnotes":""},"class_list":["post-2061","page","type-page","status-publish","has-post-thumbnail","hentry"],"acf":[],"yoast_head":"<!-- This site is optimized with the Yoast SEO plugin v27.3 - https:\/\/yoast.com\/product\/yoast-seo-wordpress\/ -->\n<title>Soluciones para deshojado de flores | Tallos limpios y mayor duraci\u00f3n<\/title>\n<meta name=\"description\" content=\"Descubra nuestras soluciones para deshojado de flores. Cepillos adecuados para cada tallo y un proceso eficiente para flores m\u00e1s limpias y duraderas.\" \/>\n<meta name=\"robots\" content=\"index, follow, max-snippet:-1, max-image-preview:large, max-video-preview:-1\" \/>\n<link rel=\"canonical\" href=\"https:\/\/bercomex.com\/es\/soluciones\/eliminacion-de-hojas\/\" \/>\n<meta property=\"og:locale\" content=\"es_ES\" \/>\n<meta property=\"og:type\" content=\"article\" \/>\n<meta property=\"og:title\" content=\"Soluciones para deshojado de flores | Tallos limpios y mayor duraci\u00f3n\" \/>\n<meta property=\"og:description\" content=\"Descubra nuestras soluciones para deshojado de flores. Cepillos adecuados para cada tallo y un proceso eficiente para flores m\u00e1s limpias y duraderas.\" \/>\n<meta property=\"og:url\" content=\"https:\/\/bercomex.com\/es\/soluciones\/eliminacion-de-hojas\/\" \/>\n<meta property=\"og:site_name\" content=\"Bercomex\" \/>\n<meta property=\"article:modified_time\" content=\"2025-07-17T13:45:52+00:00\" \/>\n<meta property=\"og:image\" content=\"https:\/\/bercomex.com\/wp-content\/uploads\/sites\/3\/2018\/11\/Y0A6586.jpg\" \/>\n\t<meta property=\"og:image:width\" content=\"2000\" \/>\n\t<meta property=\"og:image:height\" content=\"1333\" \/>\n\t<meta property=\"og:image:type\" content=\"image\/jpeg\" \/>\n<meta name=\"twitter:card\" content=\"summary_large_image\" \/>\n<meta name=\"twitter:label1\" content=\"Tiempo de lectura\" \/>\n\t<meta name=\"twitter:data1\" content=\"1 minuto\" \/>\n<script type=\"application\/ld+json\" class=\"yoast-schema-graph\">{\"@context\":\"https:\\\/\\\/schema.org\",\"@graph\":[{\"@type\":\"WebPage\",\"@id\":\"https:\\\/\\\/bercomex.com\\\/es\\\/soluciones\\\/eliminacion-de-hojas\\\/\",\"url\":\"https:\\\/\\\/bercomex.com\\\/es\\\/soluciones\\\/eliminacion-de-hojas\\\/\",\"name\":\"Soluciones para deshojado de flores | Tallos limpios y mayor duraci\u00f3n\",\"isPartOf\":{\"@id\":\"https:\\\/\\\/bercomex.com\\\/es\\\/#website\"},\"primaryImageOfPage\":{\"@id\":\"https:\\\/\\\/bercomex.com\\\/es\\\/soluciones\\\/eliminacion-de-hojas\\\/#primaryimage\"},\"image\":{\"@id\":\"https:\\\/\\\/bercomex.com\\\/es\\\/soluciones\\\/eliminacion-de-hojas\\\/#primaryimage\"},\"thumbnailUrl\":\"https:\\\/\\\/bercomex.com\\\/wp-content\\\/uploads\\\/sites\\\/3\\\/2018\\\/11\\\/Y0A6586.jpg\",\"datePublished\":\"2018-08-28T13:41:52+00:00\",\"dateModified\":\"2025-07-17T13:45:52+00:00\",\"description\":\"Descubra nuestras soluciones para deshojado de flores. Cepillos adecuados para cada tallo y un proceso eficiente para flores m\u00e1s limpias y duraderas.\",\"breadcrumb\":{\"@id\":\"https:\\\/\\\/bercomex.com\\\/es\\\/soluciones\\\/eliminacion-de-hojas\\\/#breadcrumb\"},\"inLanguage\":\"es\",\"potentialAction\":[{\"@type\":\"ReadAction\",\"target\":[\"https:\\\/\\\/bercomex.com\\\/es\\\/soluciones\\\/eliminacion-de-hojas\\\/\"]}]},{\"@type\":\"ImageObject\",\"inLanguage\":\"es\",\"@id\":\"https:\\\/\\\/bercomex.com\\\/es\\\/soluciones\\\/eliminacion-de-hojas\\\/#primaryimage\",\"url\":\"https:\\\/\\\/bercomex.com\\\/wp-content\\\/uploads\\\/sites\\\/3\\\/2018\\\/11\\\/Y0A6586.jpg\",\"contentUrl\":\"https:\\\/\\\/bercomex.com\\\/wp-content\\\/uploads\\\/sites\\\/3\\\/2018\\\/11\\\/Y0A6586.jpg\",\"width\":2000,\"height\":1333,\"caption\":\"Ontbladermachine met borstels Bercomex\"},{\"@type\":\"BreadcrumbList\",\"@id\":\"https:\\\/\\\/bercomex.com\\\/es\\\/soluciones\\\/eliminacion-de-hojas\\\/#breadcrumb\",\"itemListElement\":[{\"@type\":\"ListItem\",\"position\":1,\"name\":\"Home\",\"item\":\"https:\\\/\\\/bercomex.com\\\/es\\\/\"},{\"@type\":\"ListItem\",\"position\":2,\"name\":\"La innovaci\u00f3n como motor\",\"item\":\"https:\\\/\\\/bercomex.com\\\/es\\\/soluciones\\\/\"},{\"@type\":\"ListItem\",\"position\":3,\"name\":\"Eliminaci\u00f3n de hojas\"}]},{\"@type\":\"WebSite\",\"@id\":\"https:\\\/\\\/bercomex.com\\\/es\\\/#website\",\"url\":\"https:\\\/\\\/bercomex.com\\\/es\\\/\",\"name\":\"Bercomex\",\"description\":\"Een Invaro\",\"potentialAction\":[{\"@type\":\"SearchAction\",\"target\":{\"@type\":\"EntryPoint\",\"urlTemplate\":\"https:\\\/\\\/bercomex.com\\\/es\\\/?s={search_term_string}\"},\"query-input\":{\"@type\":\"PropertyValueSpecification\",\"valueRequired\":true,\"valueName\":\"search_term_string\"}}],\"inLanguage\":\"es\"}]}<\/script>\n<!-- \/ Yoast SEO plugin. -->","yoast_head_json":{"title":"Soluciones para deshojado de flores | Tallos limpios y mayor duraci\u00f3n","description":"Descubra nuestras soluciones para deshojado de flores. Cepillos adecuados para cada tallo y un proceso eficiente para flores m\u00e1s limpias y duraderas.","robots":{"index":"index","follow":"follow","max-snippet":"max-snippet:-1","max-image-preview":"max-image-preview:large","max-video-preview":"max-video-preview:-1"},"canonical":"https:\/\/bercomex.com\/es\/soluciones\/eliminacion-de-hojas\/","og_locale":"es_ES","og_type":"article","og_title":"Soluciones para deshojado de flores | Tallos limpios y mayor duraci\u00f3n","og_description":"Descubra nuestras soluciones para deshojado de flores. Cepillos adecuados para cada tallo y un proceso eficiente para flores m\u00e1s limpias y duraderas.","og_url":"https:\/\/bercomex.com\/es\/soluciones\/eliminacion-de-hojas\/","og_site_name":"Bercomex","article_modified_time":"2025-07-17T13:45:52+00:00","og_image":[{"width":2000,"height":1333,"url":"https:\/\/bercomex.com\/wp-content\/uploads\/sites\/3\/2018\/11\/Y0A6586.jpg","type":"image\/jpeg"}],"twitter_card":"summary_large_image","twitter_misc":{"Tiempo de lectura":"1 minuto"},"schema":{"@context":"https:\/\/schema.org","@graph":[{"@type":"WebPage","@id":"https:\/\/bercomex.com\/es\/soluciones\/eliminacion-de-hojas\/","url":"https:\/\/bercomex.com\/es\/soluciones\/eliminacion-de-hojas\/","name":"Soluciones para deshojado de flores | Tallos limpios y mayor duraci\u00f3n","isPartOf":{"@id":"https:\/\/bercomex.com\/es\/#website"},"primaryImageOfPage":{"@id":"https:\/\/bercomex.com\/es\/soluciones\/eliminacion-de-hojas\/#primaryimage"},"image":{"@id":"https:\/\/bercomex.com\/es\/soluciones\/eliminacion-de-hojas\/#primaryimage"},"thumbnailUrl":"https:\/\/bercomex.com\/wp-content\/uploads\/sites\/3\/2018\/11\/Y0A6586.jpg","datePublished":"2018-08-28T13:41:52+00:00","dateModified":"2025-07-17T13:45:52+00:00","description":"Descubra nuestras soluciones para deshojado de flores. Cepillos adecuados para cada tallo y un proceso eficiente para flores m\u00e1s limpias y duraderas.","breadcrumb":{"@id":"https:\/\/bercomex.com\/es\/soluciones\/eliminacion-de-hojas\/#breadcrumb"},"inLanguage":"es","potentialAction":[{"@type":"ReadAction","target":["https:\/\/bercomex.com\/es\/soluciones\/eliminacion-de-hojas\/"]}]},{"@type":"ImageObject","inLanguage":"es","@id":"https:\/\/bercomex.com\/es\/soluciones\/eliminacion-de-hojas\/#primaryimage","url":"https:\/\/bercomex.com\/wp-content\/uploads\/sites\/3\/2018\/11\/Y0A6586.jpg","contentUrl":"https:\/\/bercomex.com\/wp-content\/uploads\/sites\/3\/2018\/11\/Y0A6586.jpg","width":2000,"height":1333,"caption":"Ontbladermachine met borstels Bercomex"},{"@type":"BreadcrumbList","@id":"https:\/\/bercomex.com\/es\/soluciones\/eliminacion-de-hojas\/#breadcrumb","itemListElement":[{"@type":"ListItem","position":1,"name":"Home","item":"https:\/\/bercomex.com\/es\/"},{"@type":"ListItem","position":2,"name":"La innovaci\u00f3n como motor","item":"https:\/\/bercomex.com\/es\/soluciones\/"},{"@type":"ListItem","position":3,"name":"Eliminaci\u00f3n de hojas"}]},{"@type":"WebSite","@id":"https:\/\/bercomex.com\/es\/#website","url":"https:\/\/bercomex.com\/es\/","name":"Bercomex","description":"Een Invaro","potentialAction":[{"@type":"SearchAction","target":{"@type":"EntryPoint","urlTemplate":"https:\/\/bercomex.com\/es\/?s={search_term_string}"},"query-input":{"@type":"PropertyValueSpecification","valueRequired":true,"valueName":"search_term_string"}}],"inLanguage":"es"}]}},"_links":{"self":[{"href":"https:\/\/bercomex.com\/es\/wp-json\/wp\/v2\/pages\/2061","targetHints":{"allow":["GET"]}}],"collection":[{"href":"https:\/\/bercomex.com\/es\/wp-json\/wp\/v2\/pages"}],"about":[{"href":"https:\/\/bercomex.com\/es\/wp-json\/wp\/v2\/types\/page"}],"author":[{"embeddable":true,"href":"https:\/\/bercomex.com\/es\/wp-json\/wp\/v2\/users\/7"}],"replies":[{"embeddable":true,"href":"https:\/\/bercomex.com\/es\/wp-json\/wp\/v2\/comments?post=2061"}],"version-history":[{"count":2,"href":"https:\/\/bercomex.com\/es\/wp-json\/wp\/v2\/pages\/2061\/revisions"}],"predecessor-version":[{"id":10702,"href":"https:\/\/bercomex.com\/es\/wp-json\/wp\/v2\/pages\/2061\/revisions\/10702"}],"up":[{"embeddable":true,"href":"https:\/\/bercomex.com\/es\/wp-json\/wp\/v2\/pages\/1923"}],"wp:featuredmedia":[{"embeddable":true,"href":"https:\/\/bercomex.com\/es\/wp-json\/wp\/v2\/media\/2062"}],"wp:attachment":[{"href":"https:\/\/bercomex.com\/es\/wp-json\/wp\/v2\/media?parent=2061"}],"curies":[{"name":"wp","href":"https:\/\/api.w.org\/{rel}","templated":true}]}}