{"id":2072,"date":"2018-11-19T10:34:29","date_gmt":"2018-11-19T10:34:29","guid":{"rendered":"https:\/\/bercomex.com\/soluciones\/management-tools\/"},"modified":"2025-07-18T14:38:52","modified_gmt":"2025-07-18T14:38:52","slug":"software","status":"publish","type":"page","link":"https:\/\/bercomex.com\/es\/soluciones\/software\/","title":{"rendered":"Registro de datos e informes"},"content":{"rendered":"<h2><strong>Registro de datos e informes<\/strong><\/h2>\n<p>El software es el futuro. Por eso, los sistemas avanzados est\u00e1n en el coraz\u00f3n de nuestras soluciones para el procesamiento de flores. Podemos activar su m\u00e1quina, optimizar procesos, ofrecer servicio remoto y proporcionar informaci\u00f3n valiosa sobre el rendimiento. Nuestro software es innovador e intuitivo: cuenta con una interfaz f\u00e1cil de usar, un sistema operativo profesional y est\u00e1 preparado para trabajar con big data en la industria floral. Adem\u00e1s, integramos inteligencia artificial (IA) directamente en el software, haciendo que las m\u00e1quinas funcionen de forma m\u00e1s inteligente, eficiente y predictiva. As\u00ed siempre tendr\u00e1 el control y la visi\u00f3n necesarios para tomar decisiones basadas en datos que mejoran el rendimiento, la calidad del producto y la fiabilidad operativa.<\/p>\n","protected":false},"excerpt":{"rendered":"<p>Registro de datos e informes El software es el futuro. Por eso, los sistemas avanzados est\u00e1n en el coraz\u00f3n de nuestras soluciones para el procesamiento de flores. Podemos activar su m\u00e1quina, optimizar procesos, ofrecer servicio remoto y proporcionar informaci\u00f3n valiosa&#8230;<\/p>\n","protected":false},"author":2,"featured_media":2073,"parent":1923,"menu_order":5,"comment_status":"closed","ping_status":"closed","template":"page-catsolutions.php","meta":{"_acf_changed":false,"footnotes":""},"class_list":["post-2072","page","type-page","status-publish","has-post-thumbnail","hentry"],"acf":[],"yoast_head":"<!-- This site is optimized with the Yoast SEO plugin v27.3 - https:\/\/yoast.com\/product\/yoast-seo-wordpress\/ -->\n<title>Software con IA para el procesamiento de flores<\/title>\n<meta name=\"description\" content=\"Descubra software con IA para el procesamiento de flores. Interfaz intuitiva, servicio remoto y an\u00e1lisis de datos para un rendimiento \u00f3ptimo.\" \/>\n<meta name=\"robots\" content=\"index, follow, max-snippet:-1, max-image-preview:large, max-video-preview:-1\" \/>\n<link rel=\"canonical\" href=\"https:\/\/bercomex.com\/es\/soluciones\/software\/\" \/>\n<meta property=\"og:locale\" content=\"es_ES\" \/>\n<meta property=\"og:type\" content=\"article\" \/>\n<meta property=\"og:title\" content=\"Software con IA para el procesamiento de flores\" \/>\n<meta property=\"og:description\" content=\"Descubra software con IA para el procesamiento de flores. Interfaz intuitiva, servicio remoto y an\u00e1lisis de datos para un rendimiento \u00f3ptimo.\" \/>\n<meta property=\"og:url\" content=\"https:\/\/bercomex.com\/es\/soluciones\/software\/\" \/>\n<meta property=\"og:site_name\" content=\"Bercomex\" \/>\n<meta property=\"article:modified_time\" content=\"2025-07-18T14:38:52+00:00\" \/>\n<meta property=\"og:image\" content=\"https:\/\/bercomex.com\/wp-content\/uploads\/sites\/3\/2018\/11\/Y0A5286.jpg\" \/>\n\t<meta property=\"og:image:width\" content=\"2000\" \/>\n\t<meta property=\"og:image:height\" content=\"1333\" \/>\n\t<meta property=\"og:image:type\" content=\"image\/jpeg\" \/>\n<meta name=\"twitter:card\" content=\"summary_large_image\" \/>\n<meta name=\"twitter:label1\" content=\"Tiempo de lectura\" \/>\n\t<meta name=\"twitter:data1\" content=\"1 minuto\" \/>\n<script type=\"application\/ld+json\" class=\"yoast-schema-graph\">{\"@context\":\"https:\\\/\\\/schema.org\",\"@graph\":[{\"@type\":\"WebPage\",\"@id\":\"https:\\\/\\\/bercomex.com\\\/es\\\/soluciones\\\/software\\\/\",\"url\":\"https:\\\/\\\/bercomex.com\\\/es\\\/soluciones\\\/software\\\/\",\"name\":\"Software con IA para el procesamiento de flores\",\"isPartOf\":{\"@id\":\"https:\\\/\\\/bercomex.com\\\/es\\\/#website\"},\"primaryImageOfPage\":{\"@id\":\"https:\\\/\\\/bercomex.com\\\/es\\\/soluciones\\\/software\\\/#primaryimage\"},\"image\":{\"@id\":\"https:\\\/\\\/bercomex.com\\\/es\\\/soluciones\\\/software\\\/#primaryimage\"},\"thumbnailUrl\":\"https:\\\/\\\/bercomex.com\\\/wp-content\\\/uploads\\\/sites\\\/3\\\/2018\\\/11\\\/Y0A5286.jpg\",\"datePublished\":\"2018-11-19T10:34:29+00:00\",\"dateModified\":\"2025-07-18T14:38:52+00:00\",\"description\":\"Descubra software con IA para el procesamiento de flores. Interfaz intuitiva, servicio remoto y an\u00e1lisis de datos para un rendimiento \u00f3ptimo.\",\"breadcrumb\":{\"@id\":\"https:\\\/\\\/bercomex.com\\\/es\\\/soluciones\\\/software\\\/#breadcrumb\"},\"inLanguage\":\"es\",\"potentialAction\":[{\"@type\":\"ReadAction\",\"target\":[\"https:\\\/\\\/bercomex.com\\\/es\\\/soluciones\\\/software\\\/\"]}]},{\"@type\":\"ImageObject\",\"inLanguage\":\"es\",\"@id\":\"https:\\\/\\\/bercomex.com\\\/es\\\/soluciones\\\/software\\\/#primaryimage\",\"url\":\"https:\\\/\\\/bercomex.com\\\/wp-content\\\/uploads\\\/sites\\\/3\\\/2018\\\/11\\\/Y0A5286.jpg\",\"contentUrl\":\"https:\\\/\\\/bercomex.com\\\/wp-content\\\/uploads\\\/sites\\\/3\\\/2018\\\/11\\\/Y0A5286.jpg\",\"width\":2000,\"height\":1333,\"caption\":\"Insights tool van Bercomex\"},{\"@type\":\"BreadcrumbList\",\"@id\":\"https:\\\/\\\/bercomex.com\\\/es\\\/soluciones\\\/software\\\/#breadcrumb\",\"itemListElement\":[{\"@type\":\"ListItem\",\"position\":1,\"name\":\"Home\",\"item\":\"https:\\\/\\\/bercomex.com\\\/es\\\/\"},{\"@type\":\"ListItem\",\"position\":2,\"name\":\"La innovaci\u00f3n como motor\",\"item\":\"https:\\\/\\\/bercomex.com\\\/es\\\/soluciones\\\/\"},{\"@type\":\"ListItem\",\"position\":3,\"name\":\"Registro de datos e informes\"}]},{\"@type\":\"WebSite\",\"@id\":\"https:\\\/\\\/bercomex.com\\\/es\\\/#website\",\"url\":\"https:\\\/\\\/bercomex.com\\\/es\\\/\",\"name\":\"Bercomex\",\"description\":\"Een Invaro\",\"potentialAction\":[{\"@type\":\"SearchAction\",\"target\":{\"@type\":\"EntryPoint\",\"urlTemplate\":\"https:\\\/\\\/bercomex.com\\\/es\\\/?s={search_term_string}\"},\"query-input\":{\"@type\":\"PropertyValueSpecification\",\"valueRequired\":true,\"valueName\":\"search_term_string\"}}],\"inLanguage\":\"es\"}]}<\/script>\n<!-- \/ Yoast SEO plugin. -->","yoast_head_json":{"title":"Software con IA para el procesamiento de flores","description":"Descubra software con IA para el procesamiento de flores. Interfaz intuitiva, servicio remoto y an\u00e1lisis de datos para un rendimiento \u00f3ptimo.","robots":{"index":"index","follow":"follow","max-snippet":"max-snippet:-1","max-image-preview":"max-image-preview:large","max-video-preview":"max-video-preview:-1"},"canonical":"https:\/\/bercomex.com\/es\/soluciones\/software\/","og_locale":"es_ES","og_type":"article","og_title":"Software con IA para el procesamiento de flores","og_description":"Descubra software con IA para el procesamiento de flores. Interfaz intuitiva, servicio remoto y an\u00e1lisis de datos para un rendimiento \u00f3ptimo.","og_url":"https:\/\/bercomex.com\/es\/soluciones\/software\/","og_site_name":"Bercomex","article_modified_time":"2025-07-18T14:38:52+00:00","og_image":[{"width":2000,"height":1333,"url":"https:\/\/bercomex.com\/wp-content\/uploads\/sites\/3\/2018\/11\/Y0A5286.jpg","type":"image\/jpeg"}],"twitter_card":"summary_large_image","twitter_misc":{"Tiempo de lectura":"1 minuto"},"schema":{"@context":"https:\/\/schema.org","@graph":[{"@type":"WebPage","@id":"https:\/\/bercomex.com\/es\/soluciones\/software\/","url":"https:\/\/bercomex.com\/es\/soluciones\/software\/","name":"Software con IA para el procesamiento de flores","isPartOf":{"@id":"https:\/\/bercomex.com\/es\/#website"},"primaryImageOfPage":{"@id":"https:\/\/bercomex.com\/es\/soluciones\/software\/#primaryimage"},"image":{"@id":"https:\/\/bercomex.com\/es\/soluciones\/software\/#primaryimage"},"thumbnailUrl":"https:\/\/bercomex.com\/wp-content\/uploads\/sites\/3\/2018\/11\/Y0A5286.jpg","datePublished":"2018-11-19T10:34:29+00:00","dateModified":"2025-07-18T14:38:52+00:00","description":"Descubra software con IA para el procesamiento de flores. Interfaz intuitiva, servicio remoto y an\u00e1lisis de datos para un rendimiento \u00f3ptimo.","breadcrumb":{"@id":"https:\/\/bercomex.com\/es\/soluciones\/software\/#breadcrumb"},"inLanguage":"es","potentialAction":[{"@type":"ReadAction","target":["https:\/\/bercomex.com\/es\/soluciones\/software\/"]}]},{"@type":"ImageObject","inLanguage":"es","@id":"https:\/\/bercomex.com\/es\/soluciones\/software\/#primaryimage","url":"https:\/\/bercomex.com\/wp-content\/uploads\/sites\/3\/2018\/11\/Y0A5286.jpg","contentUrl":"https:\/\/bercomex.com\/wp-content\/uploads\/sites\/3\/2018\/11\/Y0A5286.jpg","width":2000,"height":1333,"caption":"Insights tool van Bercomex"},{"@type":"BreadcrumbList","@id":"https:\/\/bercomex.com\/es\/soluciones\/software\/#breadcrumb","itemListElement":[{"@type":"ListItem","position":1,"name":"Home","item":"https:\/\/bercomex.com\/es\/"},{"@type":"ListItem","position":2,"name":"La innovaci\u00f3n como motor","item":"https:\/\/bercomex.com\/es\/soluciones\/"},{"@type":"ListItem","position":3,"name":"Registro de datos e informes"}]},{"@type":"WebSite","@id":"https:\/\/bercomex.com\/es\/#website","url":"https:\/\/bercomex.com\/es\/","name":"Bercomex","description":"Een Invaro","potentialAction":[{"@type":"SearchAction","target":{"@type":"EntryPoint","urlTemplate":"https:\/\/bercomex.com\/es\/?s={search_term_string}"},"query-input":{"@type":"PropertyValueSpecification","valueRequired":true,"valueName":"search_term_string"}}],"inLanguage":"es"}]}},"_links":{"self":[{"href":"https:\/\/bercomex.com\/es\/wp-json\/wp\/v2\/pages\/2072","targetHints":{"allow":["GET"]}}],"collection":[{"href":"https:\/\/bercomex.com\/es\/wp-json\/wp\/v2\/pages"}],"about":[{"href":"https:\/\/bercomex.com\/es\/wp-json\/wp\/v2\/types\/page"}],"author":[{"embeddable":true,"href":"https:\/\/bercomex.com\/es\/wp-json\/wp\/v2\/users\/2"}],"replies":[{"embeddable":true,"href":"https:\/\/bercomex.com\/es\/wp-json\/wp\/v2\/comments?post=2072"}],"version-history":[{"count":1,"href":"https:\/\/bercomex.com\/es\/wp-json\/wp\/v2\/pages\/2072\/revisions"}],"predecessor-version":[{"id":10696,"href":"https:\/\/bercomex.com\/es\/wp-json\/wp\/v2\/pages\/2072\/revisions\/10696"}],"up":[{"embeddable":true,"href":"https:\/\/bercomex.com\/es\/wp-json\/wp\/v2\/pages\/1923"}],"wp:featuredmedia":[{"embeddable":true,"href":"https:\/\/bercomex.com\/es\/wp-json\/wp\/v2\/media\/2073"}],"wp:attachment":[{"href":"https:\/\/bercomex.com\/es\/wp-json\/wp\/v2\/media?parent=2072"}],"curies":[{"name":"wp","href":"https:\/\/api.w.org\/{rel}","templated":true}]}}