{"id":2077,"date":"2018-11-16T13:46:17","date_gmt":"2018-11-16T13:46:17","guid":{"rendered":"https:\/\/bercomex.com\/soluciones\/emmervullers\/"},"modified":"2025-07-17T12:46:47","modified_gmt":"2025-07-17T12:46:47","slug":"rellenador-de-recipientes","status":"publish","type":"page","link":"https:\/\/bercomex.com\/es\/soluciones\/rellenador-de-recipientes\/","title":{"rendered":"Rellenador de recipientes"},"content":{"rendered":"<h2><strong>Rellenador de recipientes<\/strong><\/h2>\n<p>El agua y el conservante floral son fundamentales para la calidad de sus ramos. La clave est\u00e1 en llenar cada cubeta con la dosis exacta. Nuestra llenadora autom\u00e1tica de cubetas garantiza un llenado constante y preciso con agua y conservante, totalmente adaptado a su proceso. As\u00ed, usted puede centrarse en otras tareas. Adem\u00e1s, el sistema permite un transporte flexible: las cubetas pueden moverse de forma autom\u00e1tica, semiautom\u00e1tica o manual. Una soluci\u00f3n inteligente para ganar eficiencia y regularidad en el procesamiento de flores.<\/p>\n","protected":false},"excerpt":{"rendered":"<p>Rellenador de recipientes El agua y el conservante floral son fundamentales para la calidad de sus ramos. La clave est\u00e1 en llenar cada cubeta con la dosis exacta. Nuestra llenadora autom\u00e1tica de cubetas garantiza un llenado constante y preciso con&#8230;<\/p>\n","protected":false},"author":2,"featured_media":4539,"parent":1923,"menu_order":4,"comment_status":"closed","ping_status":"closed","template":"page-catsolutions.php","meta":{"_acf_changed":false,"footnotes":""},"class_list":["post-2077","page","type-page","status-publish","has-post-thumbnail","hentry"],"acf":[],"yoast_head":"<!-- This site is optimized with the Yoast SEO plugin v27.3 - https:\/\/yoast.com\/product\/yoast-seo-wordpress\/ -->\n<title>Llenadora autom\u00e1tica de cubetas para flores | Bercomex<\/title>\n<meta name=\"description\" content=\"Llene cubetas con agua y conservante de forma autom\u00e1tica. Precisi\u00f3n, rapidez y flexibilidad para su l\u00ednea de procesamiento floral.\" \/>\n<meta name=\"robots\" content=\"index, follow, max-snippet:-1, max-image-preview:large, max-video-preview:-1\" \/>\n<link rel=\"canonical\" href=\"https:\/\/bercomex.com\/es\/soluciones\/rellenador-de-recipientes\/\" \/>\n<meta property=\"og:locale\" content=\"es_ES\" \/>\n<meta property=\"og:type\" content=\"article\" \/>\n<meta property=\"og:title\" content=\"Llenadora autom\u00e1tica de cubetas para flores | Bercomex\" \/>\n<meta property=\"og:description\" content=\"Llene cubetas con agua y conservante de forma autom\u00e1tica. Precisi\u00f3n, rapidez y flexibilidad para su l\u00ednea de procesamiento floral.\" \/>\n<meta property=\"og:url\" content=\"https:\/\/bercomex.com\/es\/soluciones\/rellenador-de-recipientes\/\" \/>\n<meta property=\"og:site_name\" content=\"Bercomex\" \/>\n<meta property=\"article:modified_time\" content=\"2025-07-17T12:46:47+00:00\" \/>\n<meta property=\"og:image\" content=\"https:\/\/bercomex.com\/wp-content\/uploads\/sites\/3\/2022\/06\/Headerbeelden-Bercom-2200x1000_vullers_3.jpg\" \/>\n\t<meta property=\"og:image:width\" content=\"2200\" \/>\n\t<meta property=\"og:image:height\" content=\"1000\" \/>\n\t<meta property=\"og:image:type\" content=\"image\/jpeg\" \/>\n<meta name=\"twitter:card\" content=\"summary_large_image\" \/>\n<meta name=\"twitter:label1\" content=\"Tiempo de lectura\" \/>\n\t<meta name=\"twitter:data1\" content=\"1 minuto\" \/>\n<script type=\"application\/ld+json\" class=\"yoast-schema-graph\">{\"@context\":\"https:\\\/\\\/schema.org\",\"@graph\":[{\"@type\":\"WebPage\",\"@id\":\"https:\\\/\\\/bercomex.com\\\/es\\\/soluciones\\\/rellenador-de-recipientes\\\/\",\"url\":\"https:\\\/\\\/bercomex.com\\\/es\\\/soluciones\\\/rellenador-de-recipientes\\\/\",\"name\":\"Llenadora autom\u00e1tica de cubetas para flores | Bercomex\",\"isPartOf\":{\"@id\":\"https:\\\/\\\/bercomex.com\\\/es\\\/#website\"},\"primaryImageOfPage\":{\"@id\":\"https:\\\/\\\/bercomex.com\\\/es\\\/soluciones\\\/rellenador-de-recipientes\\\/#primaryimage\"},\"image\":{\"@id\":\"https:\\\/\\\/bercomex.com\\\/es\\\/soluciones\\\/rellenador-de-recipientes\\\/#primaryimage\"},\"thumbnailUrl\":\"https:\\\/\\\/bercomex.com\\\/wp-content\\\/uploads\\\/sites\\\/3\\\/2022\\\/06\\\/Headerbeelden-Bercom-2200x1000_vullers_3.jpg\",\"datePublished\":\"2018-11-16T13:46:17+00:00\",\"dateModified\":\"2025-07-17T12:46:47+00:00\",\"description\":\"Llene cubetas con agua y conservante de forma autom\u00e1tica. Precisi\u00f3n, rapidez y flexibilidad para su l\u00ednea de procesamiento floral.\",\"breadcrumb\":{\"@id\":\"https:\\\/\\\/bercomex.com\\\/es\\\/soluciones\\\/rellenador-de-recipientes\\\/#breadcrumb\"},\"inLanguage\":\"es\",\"potentialAction\":[{\"@type\":\"ReadAction\",\"target\":[\"https:\\\/\\\/bercomex.com\\\/es\\\/soluciones\\\/rellenador-de-recipientes\\\/\"]}]},{\"@type\":\"ImageObject\",\"inLanguage\":\"es\",\"@id\":\"https:\\\/\\\/bercomex.com\\\/es\\\/soluciones\\\/rellenador-de-recipientes\\\/#primaryimage\",\"url\":\"https:\\\/\\\/bercomex.com\\\/wp-content\\\/uploads\\\/sites\\\/3\\\/2022\\\/06\\\/Headerbeelden-Bercom-2200x1000_vullers_3.jpg\",\"contentUrl\":\"https:\\\/\\\/bercomex.com\\\/wp-content\\\/uploads\\\/sites\\\/3\\\/2022\\\/06\\\/Headerbeelden-Bercom-2200x1000_vullers_3.jpg\",\"width\":2200,\"height\":1000,\"caption\":\"Bercomex Emmervuller in actie\"},{\"@type\":\"BreadcrumbList\",\"@id\":\"https:\\\/\\\/bercomex.com\\\/es\\\/soluciones\\\/rellenador-de-recipientes\\\/#breadcrumb\",\"itemListElement\":[{\"@type\":\"ListItem\",\"position\":1,\"name\":\"Home\",\"item\":\"https:\\\/\\\/bercomex.com\\\/es\\\/\"},{\"@type\":\"ListItem\",\"position\":2,\"name\":\"La innovaci\u00f3n como motor\",\"item\":\"https:\\\/\\\/bercomex.com\\\/es\\\/soluciones\\\/\"},{\"@type\":\"ListItem\",\"position\":3,\"name\":\"Rellenador de recipientes\"}]},{\"@type\":\"WebSite\",\"@id\":\"https:\\\/\\\/bercomex.com\\\/es\\\/#website\",\"url\":\"https:\\\/\\\/bercomex.com\\\/es\\\/\",\"name\":\"Bercomex\",\"description\":\"Een Invaro\",\"potentialAction\":[{\"@type\":\"SearchAction\",\"target\":{\"@type\":\"EntryPoint\",\"urlTemplate\":\"https:\\\/\\\/bercomex.com\\\/es\\\/?s={search_term_string}\"},\"query-input\":{\"@type\":\"PropertyValueSpecification\",\"valueRequired\":true,\"valueName\":\"search_term_string\"}}],\"inLanguage\":\"es\"}]}<\/script>\n<!-- \/ Yoast SEO plugin. -->","yoast_head_json":{"title":"Llenadora autom\u00e1tica de cubetas para flores | Bercomex","description":"Llene cubetas con agua y conservante de forma autom\u00e1tica. Precisi\u00f3n, rapidez y flexibilidad para su l\u00ednea de procesamiento floral.","robots":{"index":"index","follow":"follow","max-snippet":"max-snippet:-1","max-image-preview":"max-image-preview:large","max-video-preview":"max-video-preview:-1"},"canonical":"https:\/\/bercomex.com\/es\/soluciones\/rellenador-de-recipientes\/","og_locale":"es_ES","og_type":"article","og_title":"Llenadora autom\u00e1tica de cubetas para flores | Bercomex","og_description":"Llene cubetas con agua y conservante de forma autom\u00e1tica. Precisi\u00f3n, rapidez y flexibilidad para su l\u00ednea de procesamiento floral.","og_url":"https:\/\/bercomex.com\/es\/soluciones\/rellenador-de-recipientes\/","og_site_name":"Bercomex","article_modified_time":"2025-07-17T12:46:47+00:00","og_image":[{"width":2200,"height":1000,"url":"https:\/\/bercomex.com\/wp-content\/uploads\/sites\/3\/2022\/06\/Headerbeelden-Bercom-2200x1000_vullers_3.jpg","type":"image\/jpeg"}],"twitter_card":"summary_large_image","twitter_misc":{"Tiempo de lectura":"1 minuto"},"schema":{"@context":"https:\/\/schema.org","@graph":[{"@type":"WebPage","@id":"https:\/\/bercomex.com\/es\/soluciones\/rellenador-de-recipientes\/","url":"https:\/\/bercomex.com\/es\/soluciones\/rellenador-de-recipientes\/","name":"Llenadora autom\u00e1tica de cubetas para flores | Bercomex","isPartOf":{"@id":"https:\/\/bercomex.com\/es\/#website"},"primaryImageOfPage":{"@id":"https:\/\/bercomex.com\/es\/soluciones\/rellenador-de-recipientes\/#primaryimage"},"image":{"@id":"https:\/\/bercomex.com\/es\/soluciones\/rellenador-de-recipientes\/#primaryimage"},"thumbnailUrl":"https:\/\/bercomex.com\/wp-content\/uploads\/sites\/3\/2022\/06\/Headerbeelden-Bercom-2200x1000_vullers_3.jpg","datePublished":"2018-11-16T13:46:17+00:00","dateModified":"2025-07-17T12:46:47+00:00","description":"Llene cubetas con agua y conservante de forma autom\u00e1tica. Precisi\u00f3n, rapidez y flexibilidad para su l\u00ednea de procesamiento floral.","breadcrumb":{"@id":"https:\/\/bercomex.com\/es\/soluciones\/rellenador-de-recipientes\/#breadcrumb"},"inLanguage":"es","potentialAction":[{"@type":"ReadAction","target":["https:\/\/bercomex.com\/es\/soluciones\/rellenador-de-recipientes\/"]}]},{"@type":"ImageObject","inLanguage":"es","@id":"https:\/\/bercomex.com\/es\/soluciones\/rellenador-de-recipientes\/#primaryimage","url":"https:\/\/bercomex.com\/wp-content\/uploads\/sites\/3\/2022\/06\/Headerbeelden-Bercom-2200x1000_vullers_3.jpg","contentUrl":"https:\/\/bercomex.com\/wp-content\/uploads\/sites\/3\/2022\/06\/Headerbeelden-Bercom-2200x1000_vullers_3.jpg","width":2200,"height":1000,"caption":"Bercomex Emmervuller in actie"},{"@type":"BreadcrumbList","@id":"https:\/\/bercomex.com\/es\/soluciones\/rellenador-de-recipientes\/#breadcrumb","itemListElement":[{"@type":"ListItem","position":1,"name":"Home","item":"https:\/\/bercomex.com\/es\/"},{"@type":"ListItem","position":2,"name":"La innovaci\u00f3n como motor","item":"https:\/\/bercomex.com\/es\/soluciones\/"},{"@type":"ListItem","position":3,"name":"Rellenador de recipientes"}]},{"@type":"WebSite","@id":"https:\/\/bercomex.com\/es\/#website","url":"https:\/\/bercomex.com\/es\/","name":"Bercomex","description":"Een Invaro","potentialAction":[{"@type":"SearchAction","target":{"@type":"EntryPoint","urlTemplate":"https:\/\/bercomex.com\/es\/?s={search_term_string}"},"query-input":{"@type":"PropertyValueSpecification","valueRequired":true,"valueName":"search_term_string"}}],"inLanguage":"es"}]}},"_links":{"self":[{"href":"https:\/\/bercomex.com\/es\/wp-json\/wp\/v2\/pages\/2077","targetHints":{"allow":["GET"]}}],"collection":[{"href":"https:\/\/bercomex.com\/es\/wp-json\/wp\/v2\/pages"}],"about":[{"href":"https:\/\/bercomex.com\/es\/wp-json\/wp\/v2\/types\/page"}],"author":[{"embeddable":true,"href":"https:\/\/bercomex.com\/es\/wp-json\/wp\/v2\/users\/2"}],"replies":[{"embeddable":true,"href":"https:\/\/bercomex.com\/es\/wp-json\/wp\/v2\/comments?post=2077"}],"version-history":[{"count":1,"href":"https:\/\/bercomex.com\/es\/wp-json\/wp\/v2\/pages\/2077\/revisions"}],"predecessor-version":[{"id":10685,"href":"https:\/\/bercomex.com\/es\/wp-json\/wp\/v2\/pages\/2077\/revisions\/10685"}],"up":[{"embeddable":true,"href":"https:\/\/bercomex.com\/es\/wp-json\/wp\/v2\/pages\/1923"}],"wp:featuredmedia":[{"embeddable":true,"href":"https:\/\/bercomex.com\/es\/wp-json\/wp\/v2\/media\/4539"}],"wp:attachment":[{"href":"https:\/\/bercomex.com\/es\/wp-json\/wp\/v2\/media?parent=2077"}],"curies":[{"name":"wp","href":"https:\/\/api.w.org\/{rel}","templated":true}]}}