{"id":2083,"date":"2018-11-16T15:34:26","date_gmt":"2018-11-16T15:34:26","guid":{"rendered":"https:\/\/bercomex.com\/soluciones\/seleccion-automatica-y-agrupamiento\/rosematic\/"},"modified":"2026-03-19T11:14:24","modified_gmt":"2026-03-19T11:14:24","slug":"rosematic-es","status":"publish","type":"page","link":"https:\/\/bercomex.com\/es\/soluciones\/seleccion-automatica-y-agrupamiento\/rosematic-es\/","title":{"rendered":"Rosematic"},"content":{"rendered":"<h4>Reducci\u00f3n de costes laborales<\/h4>\n<p>Calidad constante sin depender de su personal. Ya no es necesario que sus empleados inspeccionen visualmente las rosas. Las c\u00e1maras proporcionan una evaluaci\u00f3n individual desde el bot\u00f3n hasta el tallo, desde el exterior hasta el n\u00facleo. La rosa se corta a la longitud correcta autom\u00e1ticamente y se lleva a la estaci\u00f3n de agrupamiento correcta. Adem\u00e1s, Rosematic puede procesar hasta 24 tipos diferentes de selecciones.<\/p>\n<h4>Tecnolog\u00eda de \u00faltima generaci\u00f3n<\/h4>\n<p>La Rosematic est\u00e1 equipada con hasta cuatro c\u00e1maras, de las cuales dos est\u00e1n basadas en el color y dos son infrarrojas. Las c\u00e1maras de color miden la altura del tallo, la longitud, el grosor y el tama\u00f1o del capullo. Adem\u00e1s, las c\u00e1maras infrarrojas escanean la coloraci\u00f3n del capullo. De esta manera, la calidad se puede medir de manera \u00f3ptima. \u00bfSuele hacerlo a trav\u00e9s de la calidad de sus rosas? Entonces elija el m\u00f3dulo de luz UV. Le permitir\u00e1 detectar patolog\u00edas como la botritis.<\/p>\n","protected":false},"excerpt":{"rendered":"<p>Reducci\u00f3n de costes laborales Calidad constante sin depender de su personal. Ya no es necesario que sus empleados inspeccionen visualmente las rosas. Las c\u00e1maras proporcionan una evaluaci\u00f3n individual desde el bot\u00f3n hasta el tallo, desde el exterior hasta el n\u00facleo&#8230;.<\/p>\n","protected":false},"author":2,"featured_media":2085,"parent":2048,"menu_order":0,"comment_status":"closed","ping_status":"closed","template":"","meta":{"_acf_changed":false,"footnotes":""},"class_list":["post-2083","page","type-page","status-publish","has-post-thumbnail","hentry"],"acf":[],"yoast_head":"<!-- This site is optimized with the Yoast SEO plugin v27.3 - https:\/\/yoast.com\/product\/yoast-seo-wordpress\/ -->\n<title>M\u00e1quina clasificadora de rosas: Rosematic - Bercomex<\/title>\n<meta name=\"description\" content=\"La m\u00e1quina clasificadora de rosas de Bercomex clasifica y selecciona sus rosas muy r\u00e1pidamente. El m\u00f3dulo de visi\u00f3n asegura una clasificaci\u00f3n individual de cada rosa.\" \/>\n<meta name=\"robots\" content=\"index, follow, max-snippet:-1, max-image-preview:large, max-video-preview:-1\" \/>\n<link rel=\"canonical\" href=\"https:\/\/bercomex.com\/es\/soluciones\/seleccion-automatica-y-agrupamiento\/rosematic-es\/\" \/>\n<meta property=\"og:locale\" content=\"es_ES\" \/>\n<meta property=\"og:type\" content=\"article\" \/>\n<meta property=\"og:title\" content=\"M\u00e1quina clasificadora de rosas: Rosematic - Bercomex\" \/>\n<meta property=\"og:description\" content=\"La m\u00e1quina clasificadora de rosas de Bercomex clasifica y selecciona sus rosas muy r\u00e1pidamente. El m\u00f3dulo de visi\u00f3n asegura una clasificaci\u00f3n individual de cada rosa.\" \/>\n<meta property=\"og:url\" content=\"https:\/\/bercomex.com\/es\/soluciones\/seleccion-automatica-y-agrupamiento\/rosematic-es\/\" \/>\n<meta property=\"og:site_name\" content=\"Bercomex\" \/>\n<meta property=\"article:modified_time\" content=\"2026-03-19T11:14:24+00:00\" \/>\n<meta property=\"og:image\" content=\"https:\/\/bercomex.com\/wp-content\/uploads\/sites\/3\/2018\/12\/RM-v2.jpg\" \/>\n\t<meta property=\"og:image:width\" content=\"1926\" \/>\n\t<meta property=\"og:image:height\" content=\"1286\" \/>\n\t<meta property=\"og:image:type\" content=\"image\/jpeg\" \/>\n<meta name=\"twitter:card\" content=\"summary_large_image\" \/>\n<meta name=\"twitter:label1\" content=\"Tiempo de lectura\" \/>\n\t<meta name=\"twitter:data1\" content=\"1 minuto\" \/>\n<script type=\"application\/ld+json\" class=\"yoast-schema-graph\">{\"@context\":\"https:\\\/\\\/schema.org\",\"@graph\":[{\"@type\":\"WebPage\",\"@id\":\"https:\\\/\\\/bercomex.com\\\/es\\\/soluciones\\\/seleccion-automatica-y-agrupamiento\\\/rosematic-es\\\/\",\"url\":\"https:\\\/\\\/bercomex.com\\\/es\\\/soluciones\\\/seleccion-automatica-y-agrupamiento\\\/rosematic-es\\\/\",\"name\":\"M\u00e1quina clasificadora de rosas: Rosematic - Bercomex\",\"isPartOf\":{\"@id\":\"https:\\\/\\\/bercomex.com\\\/es\\\/#website\"},\"primaryImageOfPage\":{\"@id\":\"https:\\\/\\\/bercomex.com\\\/es\\\/soluciones\\\/seleccion-automatica-y-agrupamiento\\\/rosematic-es\\\/#primaryimage\"},\"image\":{\"@id\":\"https:\\\/\\\/bercomex.com\\\/es\\\/soluciones\\\/seleccion-automatica-y-agrupamiento\\\/rosematic-es\\\/#primaryimage\"},\"thumbnailUrl\":\"https:\\\/\\\/bercomex.com\\\/wp-content\\\/uploads\\\/sites\\\/3\\\/2018\\\/12\\\/RM-v2.jpg\",\"datePublished\":\"2018-11-16T15:34:26+00:00\",\"dateModified\":\"2026-03-19T11:14:24+00:00\",\"description\":\"La m\u00e1quina clasificadora de rosas de Bercomex clasifica y selecciona sus rosas muy r\u00e1pidamente. El m\u00f3dulo de visi\u00f3n asegura una clasificaci\u00f3n individual de cada rosa.\",\"breadcrumb\":{\"@id\":\"https:\\\/\\\/bercomex.com\\\/es\\\/soluciones\\\/seleccion-automatica-y-agrupamiento\\\/rosematic-es\\\/#breadcrumb\"},\"inLanguage\":\"es\",\"potentialAction\":[{\"@type\":\"ReadAction\",\"target\":[\"https:\\\/\\\/bercomex.com\\\/es\\\/soluciones\\\/seleccion-automatica-y-agrupamiento\\\/rosematic-es\\\/\"]}]},{\"@type\":\"ImageObject\",\"inLanguage\":\"es\",\"@id\":\"https:\\\/\\\/bercomex.com\\\/es\\\/soluciones\\\/seleccion-automatica-y-agrupamiento\\\/rosematic-es\\\/#primaryimage\",\"url\":\"https:\\\/\\\/bercomex.com\\\/wp-content\\\/uploads\\\/sites\\\/3\\\/2018\\\/12\\\/RM-v2.jpg\",\"contentUrl\":\"https:\\\/\\\/bercomex.com\\\/wp-content\\\/uploads\\\/sites\\\/3\\\/2018\\\/12\\\/RM-v2.jpg\",\"width\":1926,\"height\":1286,\"caption\":\"Bosmachine - Rosematic sliders Bercomex\"},{\"@type\":\"BreadcrumbList\",\"@id\":\"https:\\\/\\\/bercomex.com\\\/es\\\/soluciones\\\/seleccion-automatica-y-agrupamiento\\\/rosematic-es\\\/#breadcrumb\",\"itemListElement\":[{\"@type\":\"ListItem\",\"position\":1,\"name\":\"Home\",\"item\":\"https:\\\/\\\/bercomex.com\\\/es\\\/\"},{\"@type\":\"ListItem\",\"position\":2,\"name\":\"La innovaci\u00f3n como motor\",\"item\":\"https:\\\/\\\/bercomex.com\\\/es\\\/soluciones\\\/\"},{\"@type\":\"ListItem\",\"position\":3,\"name\":\"Selecci\u00f3n autom\u00e1tica y agrupamiento\",\"item\":\"https:\\\/\\\/bercomex.com\\\/es\\\/soluciones\\\/seleccion-automatica-y-agrupamiento\\\/\"},{\"@type\":\"ListItem\",\"position\":4,\"name\":\"Rosematic\"}]},{\"@type\":\"WebSite\",\"@id\":\"https:\\\/\\\/bercomex.com\\\/es\\\/#website\",\"url\":\"https:\\\/\\\/bercomex.com\\\/es\\\/\",\"name\":\"Bercomex\",\"description\":\"Een Invaro\",\"potentialAction\":[{\"@type\":\"SearchAction\",\"target\":{\"@type\":\"EntryPoint\",\"urlTemplate\":\"https:\\\/\\\/bercomex.com\\\/es\\\/?s={search_term_string}\"},\"query-input\":{\"@type\":\"PropertyValueSpecification\",\"valueRequired\":true,\"valueName\":\"search_term_string\"}}],\"inLanguage\":\"es\"}]}<\/script>\n<!-- \/ Yoast SEO plugin. -->","yoast_head_json":{"title":"M\u00e1quina clasificadora de rosas: Rosematic - Bercomex","description":"La m\u00e1quina clasificadora de rosas de Bercomex clasifica y selecciona sus rosas muy r\u00e1pidamente. El m\u00f3dulo de visi\u00f3n asegura una clasificaci\u00f3n individual de cada rosa.","robots":{"index":"index","follow":"follow","max-snippet":"max-snippet:-1","max-image-preview":"max-image-preview:large","max-video-preview":"max-video-preview:-1"},"canonical":"https:\/\/bercomex.com\/es\/soluciones\/seleccion-automatica-y-agrupamiento\/rosematic-es\/","og_locale":"es_ES","og_type":"article","og_title":"M\u00e1quina clasificadora de rosas: Rosematic - Bercomex","og_description":"La m\u00e1quina clasificadora de rosas de Bercomex clasifica y selecciona sus rosas muy r\u00e1pidamente. El m\u00f3dulo de visi\u00f3n asegura una clasificaci\u00f3n individual de cada rosa.","og_url":"https:\/\/bercomex.com\/es\/soluciones\/seleccion-automatica-y-agrupamiento\/rosematic-es\/","og_site_name":"Bercomex","article_modified_time":"2026-03-19T11:14:24+00:00","og_image":[{"width":1926,"height":1286,"url":"https:\/\/bercomex.com\/wp-content\/uploads\/sites\/3\/2018\/12\/RM-v2.jpg","type":"image\/jpeg"}],"twitter_card":"summary_large_image","twitter_misc":{"Tiempo de lectura":"1 minuto"},"schema":{"@context":"https:\/\/schema.org","@graph":[{"@type":"WebPage","@id":"https:\/\/bercomex.com\/es\/soluciones\/seleccion-automatica-y-agrupamiento\/rosematic-es\/","url":"https:\/\/bercomex.com\/es\/soluciones\/seleccion-automatica-y-agrupamiento\/rosematic-es\/","name":"M\u00e1quina clasificadora de rosas: Rosematic - Bercomex","isPartOf":{"@id":"https:\/\/bercomex.com\/es\/#website"},"primaryImageOfPage":{"@id":"https:\/\/bercomex.com\/es\/soluciones\/seleccion-automatica-y-agrupamiento\/rosematic-es\/#primaryimage"},"image":{"@id":"https:\/\/bercomex.com\/es\/soluciones\/seleccion-automatica-y-agrupamiento\/rosematic-es\/#primaryimage"},"thumbnailUrl":"https:\/\/bercomex.com\/wp-content\/uploads\/sites\/3\/2018\/12\/RM-v2.jpg","datePublished":"2018-11-16T15:34:26+00:00","dateModified":"2026-03-19T11:14:24+00:00","description":"La m\u00e1quina clasificadora de rosas de Bercomex clasifica y selecciona sus rosas muy r\u00e1pidamente. El m\u00f3dulo de visi\u00f3n asegura una clasificaci\u00f3n individual de cada rosa.","breadcrumb":{"@id":"https:\/\/bercomex.com\/es\/soluciones\/seleccion-automatica-y-agrupamiento\/rosematic-es\/#breadcrumb"},"inLanguage":"es","potentialAction":[{"@type":"ReadAction","target":["https:\/\/bercomex.com\/es\/soluciones\/seleccion-automatica-y-agrupamiento\/rosematic-es\/"]}]},{"@type":"ImageObject","inLanguage":"es","@id":"https:\/\/bercomex.com\/es\/soluciones\/seleccion-automatica-y-agrupamiento\/rosematic-es\/#primaryimage","url":"https:\/\/bercomex.com\/wp-content\/uploads\/sites\/3\/2018\/12\/RM-v2.jpg","contentUrl":"https:\/\/bercomex.com\/wp-content\/uploads\/sites\/3\/2018\/12\/RM-v2.jpg","width":1926,"height":1286,"caption":"Bosmachine - Rosematic sliders Bercomex"},{"@type":"BreadcrumbList","@id":"https:\/\/bercomex.com\/es\/soluciones\/seleccion-automatica-y-agrupamiento\/rosematic-es\/#breadcrumb","itemListElement":[{"@type":"ListItem","position":1,"name":"Home","item":"https:\/\/bercomex.com\/es\/"},{"@type":"ListItem","position":2,"name":"La innovaci\u00f3n como motor","item":"https:\/\/bercomex.com\/es\/soluciones\/"},{"@type":"ListItem","position":3,"name":"Selecci\u00f3n autom\u00e1tica y agrupamiento","item":"https:\/\/bercomex.com\/es\/soluciones\/seleccion-automatica-y-agrupamiento\/"},{"@type":"ListItem","position":4,"name":"Rosematic"}]},{"@type":"WebSite","@id":"https:\/\/bercomex.com\/es\/#website","url":"https:\/\/bercomex.com\/es\/","name":"Bercomex","description":"Een Invaro","potentialAction":[{"@type":"SearchAction","target":{"@type":"EntryPoint","urlTemplate":"https:\/\/bercomex.com\/es\/?s={search_term_string}"},"query-input":{"@type":"PropertyValueSpecification","valueRequired":true,"valueName":"search_term_string"}}],"inLanguage":"es"}]}},"_links":{"self":[{"href":"https:\/\/bercomex.com\/es\/wp-json\/wp\/v2\/pages\/2083","targetHints":{"allow":["GET"]}}],"collection":[{"href":"https:\/\/bercomex.com\/es\/wp-json\/wp\/v2\/pages"}],"about":[{"href":"https:\/\/bercomex.com\/es\/wp-json\/wp\/v2\/types\/page"}],"author":[{"embeddable":true,"href":"https:\/\/bercomex.com\/es\/wp-json\/wp\/v2\/users\/2"}],"replies":[{"embeddable":true,"href":"https:\/\/bercomex.com\/es\/wp-json\/wp\/v2\/comments?post=2083"}],"version-history":[{"count":2,"href":"https:\/\/bercomex.com\/es\/wp-json\/wp\/v2\/pages\/2083\/revisions"}],"predecessor-version":[{"id":12047,"href":"https:\/\/bercomex.com\/es\/wp-json\/wp\/v2\/pages\/2083\/revisions\/12047"}],"up":[{"embeddable":true,"href":"https:\/\/bercomex.com\/es\/wp-json\/wp\/v2\/pages\/2048"}],"wp:featuredmedia":[{"embeddable":true,"href":"https:\/\/bercomex.com\/es\/wp-json\/wp\/v2\/media\/2085"}],"wp:attachment":[{"href":"https:\/\/bercomex.com\/es\/wp-json\/wp\/v2\/media?parent=2083"}],"curies":[{"name":"wp","href":"https:\/\/api.w.org\/{rel}","templated":true}]}}