{"id":2102,"date":"2018-11-19T10:49:31","date_gmt":"2018-11-19T10:49:31","guid":{"rendered":"https:\/\/bercomex.com\/soluciones\/maquinas-de-atado-y-cuerdas-elasticas\/jumbo-cone-bindelastiek\/"},"modified":"2026-03-20T16:05:33","modified_gmt":"2026-03-20T16:05:33","slug":"jumbo-cone","status":"publish","type":"page","link":"https:\/\/bercomex.com\/es\/soluciones\/maquinas-de-atado-y-cuerdas-elasticas\/jumbo-cone\/","title":{"rendered":"Jumbo Cone"},"content":{"rendered":"<h4>Continuidad<\/h4>\n<p>M\u00e1s cuerdas de alta calidad de nuestra goma el\u00e1stica de sujeci\u00f3n regular. El devanado especial de nylon retiene la elasticidad y evita que las gomas se rompan. M\u00e1s elasticidad en el carrete significa menos sustituciones. Contin\u00fae con la producci\u00f3n a mayor capacidad.<\/p>\n<h4>Sencillez<\/h4>\n<p>El Jumbo Cone es f\u00e1cil de reemplazar y se adapta a todas nuestras m\u00e1quinas de atado. Es f\u00e1cil conectar el Jumbo Cone a la m\u00e1quina. El soporte inclinable garantiza un reemplazo f\u00e1cil en cualquier configuraci\u00f3n. \u00bfQuiere solicitar el Jumbo Cone directamente? Esto puede hacerse a trav\u00e9s de <a href=\"mailto:service@bercomex.com\">service@bercomex.com<\/a> o a trav\u00e9s de uno de nuestros socios comerciales que figuran en la lista de la derecha.<\/p>\n<p>Mas informacion? <a href=\"https:\/\/www.youtube.com\/watch?v=rxh1bCNtps4\">Mira el video<\/a><\/p>\n","protected":false},"excerpt":{"rendered":"<p>Continuidad M\u00e1s cuerdas de alta calidad de nuestra goma el\u00e1stica de sujeci\u00f3n regular. El devanado especial de nylon retiene la elasticidad y evita que las gomas se rompan. M\u00e1s elasticidad en el carrete significa menos sustituciones. Contin\u00fae con la producci\u00f3n&#8230;<\/p>\n","protected":false},"author":2,"featured_media":10499,"parent":2056,"menu_order":6,"comment_status":"closed","ping_status":"closed","template":"","meta":{"_acf_changed":false,"footnotes":""},"class_list":["post-2102","page","type-page","status-publish","has-post-thumbnail","hentry"],"acf":[],"yoast_head":"<!-- This site is optimized with the Yoast SEO plugin v27.3 - https:\/\/yoast.com\/product\/yoast-seo-wordpress\/ -->\n<title>Jumbo Cone cuerdas el\u00e1sticas - Bercomex<\/title>\n<meta name=\"description\" content=\"El Jumbo Cone contiene cuatro veces m\u00e1s hilo-caucho que el rollo Bercomex normal. Esto le asegura menos tiempo de inactividad en su proceso de producci\u00f3n.\" \/>\n<meta name=\"robots\" content=\"index, follow, max-snippet:-1, max-image-preview:large, max-video-preview:-1\" \/>\n<link rel=\"canonical\" href=\"https:\/\/bercomex.com\/es\/soluciones\/maquinas-de-atado-y-cuerdas-elasticas\/jumbo-cone\/\" \/>\n<meta property=\"og:locale\" content=\"es_ES\" \/>\n<meta property=\"og:type\" content=\"article\" \/>\n<meta property=\"og:title\" content=\"Jumbo Cone cuerdas el\u00e1sticas - Bercomex\" \/>\n<meta property=\"og:description\" content=\"El Jumbo Cone contiene cuatro veces m\u00e1s hilo-caucho que el rollo Bercomex normal. Esto le asegura menos tiempo de inactividad en su proceso de producci\u00f3n.\" \/>\n<meta property=\"og:url\" content=\"https:\/\/bercomex.com\/es\/soluciones\/maquinas-de-atado-y-cuerdas-elasticas\/jumbo-cone\/\" \/>\n<meta property=\"og:site_name\" content=\"Bercomex\" \/>\n<meta property=\"article:modified_time\" content=\"2026-03-20T16:05:33+00:00\" \/>\n<meta property=\"og:image\" content=\"https:\/\/bercomex.com\/wp-content\/uploads\/sites\/3\/2025\/07\/Ronico-Hem-007-Verbeterd-NR-min-scaled.jpg\" \/>\n\t<meta property=\"og:image:width\" content=\"2560\" \/>\n\t<meta property=\"og:image:height\" content=\"1706\" \/>\n\t<meta property=\"og:image:type\" content=\"image\/jpeg\" \/>\n<meta name=\"twitter:card\" content=\"summary_large_image\" \/>\n<meta name=\"twitter:label1\" content=\"Tiempo de lectura\" \/>\n\t<meta name=\"twitter:data1\" content=\"1 minuto\" \/>\n<script type=\"application\/ld+json\" class=\"yoast-schema-graph\">{\"@context\":\"https:\\\/\\\/schema.org\",\"@graph\":[{\"@type\":\"WebPage\",\"@id\":\"https:\\\/\\\/bercomex.com\\\/es\\\/soluciones\\\/maquinas-de-atado-y-cuerdas-elasticas\\\/jumbo-cone\\\/\",\"url\":\"https:\\\/\\\/bercomex.com\\\/es\\\/soluciones\\\/maquinas-de-atado-y-cuerdas-elasticas\\\/jumbo-cone\\\/\",\"name\":\"Jumbo Cone cuerdas el\u00e1sticas - Bercomex\",\"isPartOf\":{\"@id\":\"https:\\\/\\\/bercomex.com\\\/es\\\/#website\"},\"primaryImageOfPage\":{\"@id\":\"https:\\\/\\\/bercomex.com\\\/es\\\/soluciones\\\/maquinas-de-atado-y-cuerdas-elasticas\\\/jumbo-cone\\\/#primaryimage\"},\"image\":{\"@id\":\"https:\\\/\\\/bercomex.com\\\/es\\\/soluciones\\\/maquinas-de-atado-y-cuerdas-elasticas\\\/jumbo-cone\\\/#primaryimage\"},\"thumbnailUrl\":\"https:\\\/\\\/bercomex.com\\\/wp-content\\\/uploads\\\/sites\\\/3\\\/2025\\\/07\\\/Ronico-Hem-007-Verbeterd-NR-min-scaled.jpg\",\"datePublished\":\"2018-11-19T10:49:31+00:00\",\"dateModified\":\"2026-03-20T16:05:33+00:00\",\"description\":\"El Jumbo Cone contiene cuatro veces m\u00e1s hilo-caucho que el rollo Bercomex normal. Esto le asegura menos tiempo de inactividad en su proceso de producci\u00f3n.\",\"breadcrumb\":{\"@id\":\"https:\\\/\\\/bercomex.com\\\/es\\\/soluciones\\\/maquinas-de-atado-y-cuerdas-elasticas\\\/jumbo-cone\\\/#breadcrumb\"},\"inLanguage\":\"es\",\"potentialAction\":[{\"@type\":\"ReadAction\",\"target\":[\"https:\\\/\\\/bercomex.com\\\/es\\\/soluciones\\\/maquinas-de-atado-y-cuerdas-elasticas\\\/jumbo-cone\\\/\"]}]},{\"@type\":\"ImageObject\",\"inLanguage\":\"es\",\"@id\":\"https:\\\/\\\/bercomex.com\\\/es\\\/soluciones\\\/maquinas-de-atado-y-cuerdas-elasticas\\\/jumbo-cone\\\/#primaryimage\",\"url\":\"https:\\\/\\\/bercomex.com\\\/wp-content\\\/uploads\\\/sites\\\/3\\\/2025\\\/07\\\/Ronico-Hem-007-Verbeterd-NR-min-scaled.jpg\",\"contentUrl\":\"https:\\\/\\\/bercomex.com\\\/wp-content\\\/uploads\\\/sites\\\/3\\\/2025\\\/07\\\/Ronico-Hem-007-Verbeterd-NR-min-scaled.jpg\",\"width\":2560,\"height\":1706,\"caption\":\"Jumco Cone bindelastiek foto Ronico\"},{\"@type\":\"BreadcrumbList\",\"@id\":\"https:\\\/\\\/bercomex.com\\\/es\\\/soluciones\\\/maquinas-de-atado-y-cuerdas-elasticas\\\/jumbo-cone\\\/#breadcrumb\",\"itemListElement\":[{\"@type\":\"ListItem\",\"position\":1,\"name\":\"Home\",\"item\":\"https:\\\/\\\/bercomex.com\\\/es\\\/\"},{\"@type\":\"ListItem\",\"position\":2,\"name\":\"La innovaci\u00f3n como motor\",\"item\":\"https:\\\/\\\/bercomex.com\\\/es\\\/soluciones\\\/\"},{\"@type\":\"ListItem\",\"position\":3,\"name\":\"M\u00e1quinas de atado y cuerdas el\u00e1sticas\",\"item\":\"https:\\\/\\\/bercomex.com\\\/es\\\/soluciones\\\/maquinas-de-atado-y-cuerdas-elasticas\\\/\"},{\"@type\":\"ListItem\",\"position\":4,\"name\":\"Jumbo Cone\"}]},{\"@type\":\"WebSite\",\"@id\":\"https:\\\/\\\/bercomex.com\\\/es\\\/#website\",\"url\":\"https:\\\/\\\/bercomex.com\\\/es\\\/\",\"name\":\"Bercomex\",\"description\":\"Een Invaro\",\"potentialAction\":[{\"@type\":\"SearchAction\",\"target\":{\"@type\":\"EntryPoint\",\"urlTemplate\":\"https:\\\/\\\/bercomex.com\\\/es\\\/?s={search_term_string}\"},\"query-input\":{\"@type\":\"PropertyValueSpecification\",\"valueRequired\":true,\"valueName\":\"search_term_string\"}}],\"inLanguage\":\"es\"}]}<\/script>\n<!-- \/ Yoast SEO plugin. -->","yoast_head_json":{"title":"Jumbo Cone cuerdas el\u00e1sticas - Bercomex","description":"El Jumbo Cone contiene cuatro veces m\u00e1s hilo-caucho que el rollo Bercomex normal. Esto le asegura menos tiempo de inactividad en su proceso de producci\u00f3n.","robots":{"index":"index","follow":"follow","max-snippet":"max-snippet:-1","max-image-preview":"max-image-preview:large","max-video-preview":"max-video-preview:-1"},"canonical":"https:\/\/bercomex.com\/es\/soluciones\/maquinas-de-atado-y-cuerdas-elasticas\/jumbo-cone\/","og_locale":"es_ES","og_type":"article","og_title":"Jumbo Cone cuerdas el\u00e1sticas - Bercomex","og_description":"El Jumbo Cone contiene cuatro veces m\u00e1s hilo-caucho que el rollo Bercomex normal. Esto le asegura menos tiempo de inactividad en su proceso de producci\u00f3n.","og_url":"https:\/\/bercomex.com\/es\/soluciones\/maquinas-de-atado-y-cuerdas-elasticas\/jumbo-cone\/","og_site_name":"Bercomex","article_modified_time":"2026-03-20T16:05:33+00:00","og_image":[{"width":2560,"height":1706,"url":"https:\/\/bercomex.com\/wp-content\/uploads\/sites\/3\/2025\/07\/Ronico-Hem-007-Verbeterd-NR-min-scaled.jpg","type":"image\/jpeg"}],"twitter_card":"summary_large_image","twitter_misc":{"Tiempo de lectura":"1 minuto"},"schema":{"@context":"https:\/\/schema.org","@graph":[{"@type":"WebPage","@id":"https:\/\/bercomex.com\/es\/soluciones\/maquinas-de-atado-y-cuerdas-elasticas\/jumbo-cone\/","url":"https:\/\/bercomex.com\/es\/soluciones\/maquinas-de-atado-y-cuerdas-elasticas\/jumbo-cone\/","name":"Jumbo Cone cuerdas el\u00e1sticas - Bercomex","isPartOf":{"@id":"https:\/\/bercomex.com\/es\/#website"},"primaryImageOfPage":{"@id":"https:\/\/bercomex.com\/es\/soluciones\/maquinas-de-atado-y-cuerdas-elasticas\/jumbo-cone\/#primaryimage"},"image":{"@id":"https:\/\/bercomex.com\/es\/soluciones\/maquinas-de-atado-y-cuerdas-elasticas\/jumbo-cone\/#primaryimage"},"thumbnailUrl":"https:\/\/bercomex.com\/wp-content\/uploads\/sites\/3\/2025\/07\/Ronico-Hem-007-Verbeterd-NR-min-scaled.jpg","datePublished":"2018-11-19T10:49:31+00:00","dateModified":"2026-03-20T16:05:33+00:00","description":"El Jumbo Cone contiene cuatro veces m\u00e1s hilo-caucho que el rollo Bercomex normal. Esto le asegura menos tiempo de inactividad en su proceso de producci\u00f3n.","breadcrumb":{"@id":"https:\/\/bercomex.com\/es\/soluciones\/maquinas-de-atado-y-cuerdas-elasticas\/jumbo-cone\/#breadcrumb"},"inLanguage":"es","potentialAction":[{"@type":"ReadAction","target":["https:\/\/bercomex.com\/es\/soluciones\/maquinas-de-atado-y-cuerdas-elasticas\/jumbo-cone\/"]}]},{"@type":"ImageObject","inLanguage":"es","@id":"https:\/\/bercomex.com\/es\/soluciones\/maquinas-de-atado-y-cuerdas-elasticas\/jumbo-cone\/#primaryimage","url":"https:\/\/bercomex.com\/wp-content\/uploads\/sites\/3\/2025\/07\/Ronico-Hem-007-Verbeterd-NR-min-scaled.jpg","contentUrl":"https:\/\/bercomex.com\/wp-content\/uploads\/sites\/3\/2025\/07\/Ronico-Hem-007-Verbeterd-NR-min-scaled.jpg","width":2560,"height":1706,"caption":"Jumco Cone bindelastiek foto Ronico"},{"@type":"BreadcrumbList","@id":"https:\/\/bercomex.com\/es\/soluciones\/maquinas-de-atado-y-cuerdas-elasticas\/jumbo-cone\/#breadcrumb","itemListElement":[{"@type":"ListItem","position":1,"name":"Home","item":"https:\/\/bercomex.com\/es\/"},{"@type":"ListItem","position":2,"name":"La innovaci\u00f3n como motor","item":"https:\/\/bercomex.com\/es\/soluciones\/"},{"@type":"ListItem","position":3,"name":"M\u00e1quinas de atado y cuerdas el\u00e1sticas","item":"https:\/\/bercomex.com\/es\/soluciones\/maquinas-de-atado-y-cuerdas-elasticas\/"},{"@type":"ListItem","position":4,"name":"Jumbo Cone"}]},{"@type":"WebSite","@id":"https:\/\/bercomex.com\/es\/#website","url":"https:\/\/bercomex.com\/es\/","name":"Bercomex","description":"Een Invaro","potentialAction":[{"@type":"SearchAction","target":{"@type":"EntryPoint","urlTemplate":"https:\/\/bercomex.com\/es\/?s={search_term_string}"},"query-input":{"@type":"PropertyValueSpecification","valueRequired":true,"valueName":"search_term_string"}}],"inLanguage":"es"}]}},"_links":{"self":[{"href":"https:\/\/bercomex.com\/es\/wp-json\/wp\/v2\/pages\/2102","targetHints":{"allow":["GET"]}}],"collection":[{"href":"https:\/\/bercomex.com\/es\/wp-json\/wp\/v2\/pages"}],"about":[{"href":"https:\/\/bercomex.com\/es\/wp-json\/wp\/v2\/types\/page"}],"author":[{"embeddable":true,"href":"https:\/\/bercomex.com\/es\/wp-json\/wp\/v2\/users\/2"}],"replies":[{"embeddable":true,"href":"https:\/\/bercomex.com\/es\/wp-json\/wp\/v2\/comments?post=2102"}],"version-history":[{"count":6,"href":"https:\/\/bercomex.com\/es\/wp-json\/wp\/v2\/pages\/2102\/revisions"}],"predecessor-version":[{"id":12074,"href":"https:\/\/bercomex.com\/es\/wp-json\/wp\/v2\/pages\/2102\/revisions\/12074"}],"up":[{"embeddable":true,"href":"https:\/\/bercomex.com\/es\/wp-json\/wp\/v2\/pages\/2056"}],"wp:featuredmedia":[{"embeddable":true,"href":"https:\/\/bercomex.com\/es\/wp-json\/wp\/v2\/media\/10499"}],"wp:attachment":[{"href":"https:\/\/bercomex.com\/es\/wp-json\/wp\/v2\/media?parent=2102"}],"curies":[{"name":"wp","href":"https:\/\/api.w.org\/{rel}","templated":true}]}}