{"id":2108,"date":"2018-12-11T12:34:12","date_gmt":"2018-12-11T12:34:12","guid":{"rendered":"https:\/\/bercomex.com\/soluciones\/linea-de-produccion-completa\/flora-bouquetmaster\/"},"modified":"2026-03-19T08:58:10","modified_gmt":"2026-03-19T08:58:10","slug":"flora-bouquetmaster","status":"publish","type":"page","link":"https:\/\/bercomex.com\/es\/soluciones\/linea-de-produccion-completa\/flora-bouquetmaster\/","title":{"rendered":"Flora BouquetMaster"},"content":{"rendered":"<h4>Pantalla de visualizaci\u00f3n<\/h4>\n<p>La l\u00ednea cuenta con una cinta transportadora horizontal con portavasos. En cada posici\u00f3n de suministro de flores hay disponible una pantalla de instrucciones. En esta pantalla hay informaci\u00f3n como una imagen de la flor y la posici\u00f3n en la que se va a colocar. Esto crea una composici\u00f3n constante para cada ramo. Adem\u00e1s, todas las pantallas de instrucciones contienen software inteligente que permite cambiar f\u00e1cilmente entre pedidos.<\/p>\n<h4>Ramo plano<\/h4>\n<p>Cuando los empleados hayan colocado las flores, el ramo pasar\u00e1 a la m\u00e1quina de atado CRM. Luego, el soporte del ramo pasar\u00e1 al m\u00f3dulo de corte, donde se corta el ramo con la longitud correcta. De esta manera, su ramo se formar\u00e1, atar\u00e1 y cortar\u00e1 a alta velocidad. Adem\u00e1s, ya no depender\u00e1 de empleados calificados.<\/p>\n","protected":false},"excerpt":{"rendered":"<p>Pantalla de visualizaci\u00f3n La l\u00ednea cuenta con una cinta transportadora horizontal con portavasos. En cada posici\u00f3n de suministro de flores hay disponible una pantalla de instrucciones. En esta pantalla hay informaci\u00f3n como una imagen de la flor y la posici\u00f3n&#8230;<\/p>\n","protected":false},"author":2,"featured_media":8521,"parent":2029,"menu_order":1,"comment_status":"closed","ping_status":"closed","template":"","meta":{"_acf_changed":false,"footnotes":""},"class_list":["post-2108","page","type-page","status-publish","has-post-thumbnail","hentry"],"acf":[],"yoast_head":"<!-- This site is optimized with the Yoast SEO plugin v27.3 - https:\/\/yoast.com\/product\/yoast-seo-wordpress\/ -->\n<title>Flora BouquetMaster - Bercomex Flower Processing Solutions<\/title>\n<meta name=\"description\" content=\"Dise\u00f1e autom\u00e1ticamente bouquets uniformes con Flora BouquetMaster. Con esto ya no depende de empleados calificados.\" \/>\n<meta name=\"robots\" content=\"index, follow, max-snippet:-1, max-image-preview:large, max-video-preview:-1\" \/>\n<link rel=\"canonical\" href=\"https:\/\/bercomex.com\/es\/soluciones\/linea-de-produccion-completa\/flora-bouquetmaster\/\" \/>\n<meta property=\"og:locale\" content=\"es_ES\" \/>\n<meta property=\"og:type\" content=\"article\" \/>\n<meta property=\"og:title\" content=\"Flora BouquetMaster - Bercomex Flower Processing Solutions\" \/>\n<meta property=\"og:description\" content=\"Dise\u00f1e autom\u00e1ticamente bouquets uniformes con Flora BouquetMaster. Con esto ya no depende de empleados calificados.\" \/>\n<meta property=\"og:url\" content=\"https:\/\/bercomex.com\/es\/soluciones\/linea-de-produccion-completa\/flora-bouquetmaster\/\" \/>\n<meta property=\"og:site_name\" content=\"Bercomex\" \/>\n<meta property=\"article:modified_time\" content=\"2026-03-19T08:58:10+00:00\" \/>\n<meta property=\"og:image\" content=\"https:\/\/bercomex.com\/wp-content\/uploads\/sites\/3\/2024\/06\/Header-Bercomex-2200x1000-4-nc.png\" \/>\n\t<meta property=\"og:image:width\" content=\"2200\" \/>\n\t<meta property=\"og:image:height\" content=\"1000\" \/>\n\t<meta property=\"og:image:type\" content=\"image\/png\" \/>\n<meta name=\"twitter:card\" content=\"summary_large_image\" \/>\n<meta name=\"twitter:label1\" content=\"Tiempo de lectura\" \/>\n\t<meta name=\"twitter:data1\" content=\"1 minuto\" \/>\n<script type=\"application\/ld+json\" class=\"yoast-schema-graph\">{\"@context\":\"https:\\\/\\\/schema.org\",\"@graph\":[{\"@type\":\"WebPage\",\"@id\":\"https:\\\/\\\/bercomex.com\\\/es\\\/soluciones\\\/linea-de-produccion-completa\\\/flora-bouquetmaster\\\/\",\"url\":\"https:\\\/\\\/bercomex.com\\\/es\\\/soluciones\\\/linea-de-produccion-completa\\\/flora-bouquetmaster\\\/\",\"name\":\"Flora BouquetMaster - Bercomex Flower Processing Solutions\",\"isPartOf\":{\"@id\":\"https:\\\/\\\/bercomex.com\\\/es\\\/#website\"},\"primaryImageOfPage\":{\"@id\":\"https:\\\/\\\/bercomex.com\\\/es\\\/soluciones\\\/linea-de-produccion-completa\\\/flora-bouquetmaster\\\/#primaryimage\"},\"image\":{\"@id\":\"https:\\\/\\\/bercomex.com\\\/es\\\/soluciones\\\/linea-de-produccion-completa\\\/flora-bouquetmaster\\\/#primaryimage\"},\"thumbnailUrl\":\"https:\\\/\\\/bercomex.com\\\/wp-content\\\/uploads\\\/sites\\\/3\\\/2024\\\/06\\\/Header-Bercomex-2200x1000-4-nc.png\",\"datePublished\":\"2018-12-11T12:34:12+00:00\",\"dateModified\":\"2026-03-19T08:58:10+00:00\",\"description\":\"Dise\u00f1e autom\u00e1ticamente bouquets uniformes con Flora BouquetMaster. Con esto ya no depende de empleados calificados.\",\"breadcrumb\":{\"@id\":\"https:\\\/\\\/bercomex.com\\\/es\\\/soluciones\\\/linea-de-produccion-completa\\\/flora-bouquetmaster\\\/#breadcrumb\"},\"inLanguage\":\"es\",\"potentialAction\":[{\"@type\":\"ReadAction\",\"target\":[\"https:\\\/\\\/bercomex.com\\\/es\\\/soluciones\\\/linea-de-produccion-completa\\\/flora-bouquetmaster\\\/\"]}]},{\"@type\":\"ImageObject\",\"inLanguage\":\"es\",\"@id\":\"https:\\\/\\\/bercomex.com\\\/es\\\/soluciones\\\/linea-de-produccion-completa\\\/flora-bouquetmaster\\\/#primaryimage\",\"url\":\"https:\\\/\\\/bercomex.com\\\/wp-content\\\/uploads\\\/sites\\\/3\\\/2024\\\/06\\\/Header-Bercomex-2200x1000-4-nc.png\",\"contentUrl\":\"https:\\\/\\\/bercomex.com\\\/wp-content\\\/uploads\\\/sites\\\/3\\\/2024\\\/06\\\/Header-Bercomex-2200x1000-4-nc.png\",\"width\":2200,\"height\":1000,\"caption\":\"Machine Flora BouquetMaster - inleggen\"},{\"@type\":\"BreadcrumbList\",\"@id\":\"https:\\\/\\\/bercomex.com\\\/es\\\/soluciones\\\/linea-de-produccion-completa\\\/flora-bouquetmaster\\\/#breadcrumb\",\"itemListElement\":[{\"@type\":\"ListItem\",\"position\":1,\"name\":\"Home\",\"item\":\"https:\\\/\\\/bercomex.com\\\/es\\\/\"},{\"@type\":\"ListItem\",\"position\":2,\"name\":\"La innovaci\u00f3n como motor\",\"item\":\"https:\\\/\\\/bercomex.com\\\/es\\\/soluciones\\\/\"},{\"@type\":\"ListItem\",\"position\":3,\"name\":\"L\u00ednea de producci\u00f3n completa\",\"item\":\"https:\\\/\\\/bercomex.com\\\/es\\\/soluciones\\\/linea-de-produccion-completa\\\/\"},{\"@type\":\"ListItem\",\"position\":4,\"name\":\"Flora BouquetMaster\"}]},{\"@type\":\"WebSite\",\"@id\":\"https:\\\/\\\/bercomex.com\\\/es\\\/#website\",\"url\":\"https:\\\/\\\/bercomex.com\\\/es\\\/\",\"name\":\"Bercomex\",\"description\":\"Een Invaro\",\"potentialAction\":[{\"@type\":\"SearchAction\",\"target\":{\"@type\":\"EntryPoint\",\"urlTemplate\":\"https:\\\/\\\/bercomex.com\\\/es\\\/?s={search_term_string}\"},\"query-input\":{\"@type\":\"PropertyValueSpecification\",\"valueRequired\":true,\"valueName\":\"search_term_string\"}}],\"inLanguage\":\"es\"}]}<\/script>\n<!-- \/ Yoast SEO plugin. -->","yoast_head_json":{"title":"Flora BouquetMaster - Bercomex Flower Processing Solutions","description":"Dise\u00f1e autom\u00e1ticamente bouquets uniformes con Flora BouquetMaster. Con esto ya no depende de empleados calificados.","robots":{"index":"index","follow":"follow","max-snippet":"max-snippet:-1","max-image-preview":"max-image-preview:large","max-video-preview":"max-video-preview:-1"},"canonical":"https:\/\/bercomex.com\/es\/soluciones\/linea-de-produccion-completa\/flora-bouquetmaster\/","og_locale":"es_ES","og_type":"article","og_title":"Flora BouquetMaster - Bercomex Flower Processing Solutions","og_description":"Dise\u00f1e autom\u00e1ticamente bouquets uniformes con Flora BouquetMaster. Con esto ya no depende de empleados calificados.","og_url":"https:\/\/bercomex.com\/es\/soluciones\/linea-de-produccion-completa\/flora-bouquetmaster\/","og_site_name":"Bercomex","article_modified_time":"2026-03-19T08:58:10+00:00","og_image":[{"width":2200,"height":1000,"url":"https:\/\/bercomex.com\/wp-content\/uploads\/sites\/3\/2024\/06\/Header-Bercomex-2200x1000-4-nc.png","type":"image\/png"}],"twitter_card":"summary_large_image","twitter_misc":{"Tiempo de lectura":"1 minuto"},"schema":{"@context":"https:\/\/schema.org","@graph":[{"@type":"WebPage","@id":"https:\/\/bercomex.com\/es\/soluciones\/linea-de-produccion-completa\/flora-bouquetmaster\/","url":"https:\/\/bercomex.com\/es\/soluciones\/linea-de-produccion-completa\/flora-bouquetmaster\/","name":"Flora BouquetMaster - Bercomex Flower Processing Solutions","isPartOf":{"@id":"https:\/\/bercomex.com\/es\/#website"},"primaryImageOfPage":{"@id":"https:\/\/bercomex.com\/es\/soluciones\/linea-de-produccion-completa\/flora-bouquetmaster\/#primaryimage"},"image":{"@id":"https:\/\/bercomex.com\/es\/soluciones\/linea-de-produccion-completa\/flora-bouquetmaster\/#primaryimage"},"thumbnailUrl":"https:\/\/bercomex.com\/wp-content\/uploads\/sites\/3\/2024\/06\/Header-Bercomex-2200x1000-4-nc.png","datePublished":"2018-12-11T12:34:12+00:00","dateModified":"2026-03-19T08:58:10+00:00","description":"Dise\u00f1e autom\u00e1ticamente bouquets uniformes con Flora BouquetMaster. Con esto ya no depende de empleados calificados.","breadcrumb":{"@id":"https:\/\/bercomex.com\/es\/soluciones\/linea-de-produccion-completa\/flora-bouquetmaster\/#breadcrumb"},"inLanguage":"es","potentialAction":[{"@type":"ReadAction","target":["https:\/\/bercomex.com\/es\/soluciones\/linea-de-produccion-completa\/flora-bouquetmaster\/"]}]},{"@type":"ImageObject","inLanguage":"es","@id":"https:\/\/bercomex.com\/es\/soluciones\/linea-de-produccion-completa\/flora-bouquetmaster\/#primaryimage","url":"https:\/\/bercomex.com\/wp-content\/uploads\/sites\/3\/2024\/06\/Header-Bercomex-2200x1000-4-nc.png","contentUrl":"https:\/\/bercomex.com\/wp-content\/uploads\/sites\/3\/2024\/06\/Header-Bercomex-2200x1000-4-nc.png","width":2200,"height":1000,"caption":"Machine Flora BouquetMaster - inleggen"},{"@type":"BreadcrumbList","@id":"https:\/\/bercomex.com\/es\/soluciones\/linea-de-produccion-completa\/flora-bouquetmaster\/#breadcrumb","itemListElement":[{"@type":"ListItem","position":1,"name":"Home","item":"https:\/\/bercomex.com\/es\/"},{"@type":"ListItem","position":2,"name":"La innovaci\u00f3n como motor","item":"https:\/\/bercomex.com\/es\/soluciones\/"},{"@type":"ListItem","position":3,"name":"L\u00ednea de producci\u00f3n completa","item":"https:\/\/bercomex.com\/es\/soluciones\/linea-de-produccion-completa\/"},{"@type":"ListItem","position":4,"name":"Flora BouquetMaster"}]},{"@type":"WebSite","@id":"https:\/\/bercomex.com\/es\/#website","url":"https:\/\/bercomex.com\/es\/","name":"Bercomex","description":"Een Invaro","potentialAction":[{"@type":"SearchAction","target":{"@type":"EntryPoint","urlTemplate":"https:\/\/bercomex.com\/es\/?s={search_term_string}"},"query-input":{"@type":"PropertyValueSpecification","valueRequired":true,"valueName":"search_term_string"}}],"inLanguage":"es"}]}},"_links":{"self":[{"href":"https:\/\/bercomex.com\/es\/wp-json\/wp\/v2\/pages\/2108","targetHints":{"allow":["GET"]}}],"collection":[{"href":"https:\/\/bercomex.com\/es\/wp-json\/wp\/v2\/pages"}],"about":[{"href":"https:\/\/bercomex.com\/es\/wp-json\/wp\/v2\/types\/page"}],"author":[{"embeddable":true,"href":"https:\/\/bercomex.com\/es\/wp-json\/wp\/v2\/users\/2"}],"replies":[{"embeddable":true,"href":"https:\/\/bercomex.com\/es\/wp-json\/wp\/v2\/comments?post=2108"}],"version-history":[{"count":3,"href":"https:\/\/bercomex.com\/es\/wp-json\/wp\/v2\/pages\/2108\/revisions"}],"predecessor-version":[{"id":12031,"href":"https:\/\/bercomex.com\/es\/wp-json\/wp\/v2\/pages\/2108\/revisions\/12031"}],"up":[{"embeddable":true,"href":"https:\/\/bercomex.com\/es\/wp-json\/wp\/v2\/pages\/2029"}],"wp:featuredmedia":[{"embeddable":true,"href":"https:\/\/bercomex.com\/es\/wp-json\/wp\/v2\/media\/8521"}],"wp:attachment":[{"href":"https:\/\/bercomex.com\/es\/wp-json\/wp\/v2\/media?parent=2108"}],"curies":[{"name":"wp","href":"https:\/\/api.w.org\/{rel}","templated":true}]}}