{"id":2115,"date":"2018-11-19T10:24:44","date_gmt":"2018-11-19T10:24:44","guid":{"rendered":"https:\/\/bercomex.com\/soluciones\/linea-de-produccion-completa\/bloemverwerkingslijnen\/"},"modified":"2026-03-19T08:57:17","modified_gmt":"2026-03-19T08:57:17","slug":"flora-optima","status":"publish","type":"page","link":"https:\/\/bercomex.com\/es\/soluciones\/linea-de-produccion-completa\/flora-optima\/","title":{"rendered":"Flora Optima"},"content":{"rendered":"<h4>Optimizaci\u00f3n<\/h4>\n<p>Realice un ramo completo de flores a gran velocidad. Cada empleado colocar\u00e1 un tipo de flor en la l\u00ednea de flores. Despu\u00e9s de que se haya puesto la \u00faltima flor, los ramos se pasar\u00e1n a trav\u00e9s del m\u00f3dulo de corte y eliminaci\u00f3n de hojas y se atan. De esta manera, su resultado final siempre es un ramo uniforme.<\/p>\n<h4>Ajuste<\/h4>\n<p>La l\u00ednea de flores siempre coincide con su empresa. Cortar, quitar las hojas, atar, envolver y recoger: se puede agregar cada componente. Nuestro representante estar\u00e1 encantado de asesorarle. Esto le asegurar\u00e1 la l\u00ednea de flores \u00f3ptima para sus procesos de procesamiento.<\/p>\n","protected":false},"excerpt":{"rendered":"<p>Optimizaci\u00f3n Realice un ramo completo de flores a gran velocidad. Cada empleado colocar\u00e1 un tipo de flor en la l\u00ednea de flores. Despu\u00e9s de que se haya puesto la \u00faltima flor, los ramos se pasar\u00e1n a trav\u00e9s del m\u00f3dulo de&#8230;<\/p>\n","protected":false},"author":2,"featured_media":2117,"parent":2029,"menu_order":2,"comment_status":"closed","ping_status":"closed","template":"","meta":{"_acf_changed":false,"footnotes":""},"class_list":["post-2115","page","type-page","status-publish","has-post-thumbnail","hentry"],"acf":[],"yoast_head":"<!-- This site is optimized with the Yoast SEO plugin v27.3 - https:\/\/yoast.com\/product\/yoast-seo-wordpress\/ -->\n<title>Flora Optima una l\u00ednea completa - Bercomex<\/title>\n<meta name=\"description\" content=\"La Flora Optima es una l\u00ednea completa de procesamiento de flores. Cortar, defoliar, atar, poner capuchones y recolectar. Se puede agregar cualquier componente.\" \/>\n<meta name=\"robots\" content=\"index, follow, max-snippet:-1, max-image-preview:large, max-video-preview:-1\" \/>\n<link rel=\"canonical\" href=\"https:\/\/bercomex.com\/es\/soluciones\/linea-de-produccion-completa\/flora-optima\/\" \/>\n<meta property=\"og:locale\" content=\"es_ES\" \/>\n<meta property=\"og:type\" content=\"article\" \/>\n<meta property=\"og:title\" content=\"Flora Optima una l\u00ednea completa - Bercomex\" \/>\n<meta property=\"og:description\" content=\"La Flora Optima es una l\u00ednea completa de procesamiento de flores. Cortar, defoliar, atar, poner capuchones y recolectar. Se puede agregar cualquier componente.\" \/>\n<meta property=\"og:url\" content=\"https:\/\/bercomex.com\/es\/soluciones\/linea-de-produccion-completa\/flora-optima\/\" \/>\n<meta property=\"og:site_name\" content=\"Bercomex\" \/>\n<meta property=\"article:modified_time\" content=\"2026-03-19T08:57:17+00:00\" \/>\n<meta property=\"og:image\" content=\"https:\/\/bercomex.com\/wp-content\/uploads\/sites\/3\/2018\/11\/Y0A8359.jpg\" \/>\n\t<meta property=\"og:image:width\" content=\"2000\" \/>\n\t<meta property=\"og:image:height\" content=\"1333\" \/>\n\t<meta property=\"og:image:type\" content=\"image\/jpeg\" \/>\n<meta name=\"twitter:card\" content=\"summary_large_image\" \/>\n<meta name=\"twitter:label1\" content=\"Tiempo de lectura\" \/>\n\t<meta name=\"twitter:data1\" content=\"1 minuto\" \/>\n<script type=\"application\/ld+json\" class=\"yoast-schema-graph\">{\"@context\":\"https:\\\/\\\/schema.org\",\"@graph\":[{\"@type\":\"WebPage\",\"@id\":\"https:\\\/\\\/bercomex.com\\\/es\\\/soluciones\\\/linea-de-produccion-completa\\\/flora-optima\\\/\",\"url\":\"https:\\\/\\\/bercomex.com\\\/es\\\/soluciones\\\/linea-de-produccion-completa\\\/flora-optima\\\/\",\"name\":\"Flora Optima una l\u00ednea completa - Bercomex\",\"isPartOf\":{\"@id\":\"https:\\\/\\\/bercomex.com\\\/es\\\/#website\"},\"primaryImageOfPage\":{\"@id\":\"https:\\\/\\\/bercomex.com\\\/es\\\/soluciones\\\/linea-de-produccion-completa\\\/flora-optima\\\/#primaryimage\"},\"image\":{\"@id\":\"https:\\\/\\\/bercomex.com\\\/es\\\/soluciones\\\/linea-de-produccion-completa\\\/flora-optima\\\/#primaryimage\"},\"thumbnailUrl\":\"https:\\\/\\\/bercomex.com\\\/wp-content\\\/uploads\\\/sites\\\/3\\\/2018\\\/11\\\/Y0A8359.jpg\",\"datePublished\":\"2018-11-19T10:24:44+00:00\",\"dateModified\":\"2026-03-19T08:57:17+00:00\",\"description\":\"La Flora Optima es una l\u00ednea completa de procesamiento de flores. Cortar, defoliar, atar, poner capuchones y recolectar. Se puede agregar cualquier componente.\",\"breadcrumb\":{\"@id\":\"https:\\\/\\\/bercomex.com\\\/es\\\/soluciones\\\/linea-de-produccion-completa\\\/flora-optima\\\/#breadcrumb\"},\"inLanguage\":\"es\",\"potentialAction\":[{\"@type\":\"ReadAction\",\"target\":[\"https:\\\/\\\/bercomex.com\\\/es\\\/soluciones\\\/linea-de-produccion-completa\\\/flora-optima\\\/\"]}]},{\"@type\":\"ImageObject\",\"inLanguage\":\"es\",\"@id\":\"https:\\\/\\\/bercomex.com\\\/es\\\/soluciones\\\/linea-de-produccion-completa\\\/flora-optima\\\/#primaryimage\",\"url\":\"https:\\\/\\\/bercomex.com\\\/wp-content\\\/uploads\\\/sites\\\/3\\\/2018\\\/11\\\/Y0A8359.jpg\",\"contentUrl\":\"https:\\\/\\\/bercomex.com\\\/wp-content\\\/uploads\\\/sites\\\/3\\\/2018\\\/11\\\/Y0A8359.jpg\",\"width\":2000,\"height\":1333,\"caption\":\"Flora Optima - Green Partners\"},{\"@type\":\"BreadcrumbList\",\"@id\":\"https:\\\/\\\/bercomex.com\\\/es\\\/soluciones\\\/linea-de-produccion-completa\\\/flora-optima\\\/#breadcrumb\",\"itemListElement\":[{\"@type\":\"ListItem\",\"position\":1,\"name\":\"Home\",\"item\":\"https:\\\/\\\/bercomex.com\\\/es\\\/\"},{\"@type\":\"ListItem\",\"position\":2,\"name\":\"La innovaci\u00f3n como motor\",\"item\":\"https:\\\/\\\/bercomex.com\\\/es\\\/soluciones\\\/\"},{\"@type\":\"ListItem\",\"position\":3,\"name\":\"L\u00ednea de producci\u00f3n completa\",\"item\":\"https:\\\/\\\/bercomex.com\\\/es\\\/soluciones\\\/linea-de-produccion-completa\\\/\"},{\"@type\":\"ListItem\",\"position\":4,\"name\":\"Flora Optima\"}]},{\"@type\":\"WebSite\",\"@id\":\"https:\\\/\\\/bercomex.com\\\/es\\\/#website\",\"url\":\"https:\\\/\\\/bercomex.com\\\/es\\\/\",\"name\":\"Bercomex\",\"description\":\"Een Invaro\",\"potentialAction\":[{\"@type\":\"SearchAction\",\"target\":{\"@type\":\"EntryPoint\",\"urlTemplate\":\"https:\\\/\\\/bercomex.com\\\/es\\\/?s={search_term_string}\"},\"query-input\":{\"@type\":\"PropertyValueSpecification\",\"valueRequired\":true,\"valueName\":\"search_term_string\"}}],\"inLanguage\":\"es\"}]}<\/script>\n<!-- \/ Yoast SEO plugin. -->","yoast_head_json":{"title":"Flora Optima una l\u00ednea completa - Bercomex","description":"La Flora Optima es una l\u00ednea completa de procesamiento de flores. Cortar, defoliar, atar, poner capuchones y recolectar. Se puede agregar cualquier componente.","robots":{"index":"index","follow":"follow","max-snippet":"max-snippet:-1","max-image-preview":"max-image-preview:large","max-video-preview":"max-video-preview:-1"},"canonical":"https:\/\/bercomex.com\/es\/soluciones\/linea-de-produccion-completa\/flora-optima\/","og_locale":"es_ES","og_type":"article","og_title":"Flora Optima una l\u00ednea completa - Bercomex","og_description":"La Flora Optima es una l\u00ednea completa de procesamiento de flores. Cortar, defoliar, atar, poner capuchones y recolectar. Se puede agregar cualquier componente.","og_url":"https:\/\/bercomex.com\/es\/soluciones\/linea-de-produccion-completa\/flora-optima\/","og_site_name":"Bercomex","article_modified_time":"2026-03-19T08:57:17+00:00","og_image":[{"width":2000,"height":1333,"url":"https:\/\/bercomex.com\/wp-content\/uploads\/sites\/3\/2018\/11\/Y0A8359.jpg","type":"image\/jpeg"}],"twitter_card":"summary_large_image","twitter_misc":{"Tiempo de lectura":"1 minuto"},"schema":{"@context":"https:\/\/schema.org","@graph":[{"@type":"WebPage","@id":"https:\/\/bercomex.com\/es\/soluciones\/linea-de-produccion-completa\/flora-optima\/","url":"https:\/\/bercomex.com\/es\/soluciones\/linea-de-produccion-completa\/flora-optima\/","name":"Flora Optima una l\u00ednea completa - Bercomex","isPartOf":{"@id":"https:\/\/bercomex.com\/es\/#website"},"primaryImageOfPage":{"@id":"https:\/\/bercomex.com\/es\/soluciones\/linea-de-produccion-completa\/flora-optima\/#primaryimage"},"image":{"@id":"https:\/\/bercomex.com\/es\/soluciones\/linea-de-produccion-completa\/flora-optima\/#primaryimage"},"thumbnailUrl":"https:\/\/bercomex.com\/wp-content\/uploads\/sites\/3\/2018\/11\/Y0A8359.jpg","datePublished":"2018-11-19T10:24:44+00:00","dateModified":"2026-03-19T08:57:17+00:00","description":"La Flora Optima es una l\u00ednea completa de procesamiento de flores. Cortar, defoliar, atar, poner capuchones y recolectar. Se puede agregar cualquier componente.","breadcrumb":{"@id":"https:\/\/bercomex.com\/es\/soluciones\/linea-de-produccion-completa\/flora-optima\/#breadcrumb"},"inLanguage":"es","potentialAction":[{"@type":"ReadAction","target":["https:\/\/bercomex.com\/es\/soluciones\/linea-de-produccion-completa\/flora-optima\/"]}]},{"@type":"ImageObject","inLanguage":"es","@id":"https:\/\/bercomex.com\/es\/soluciones\/linea-de-produccion-completa\/flora-optima\/#primaryimage","url":"https:\/\/bercomex.com\/wp-content\/uploads\/sites\/3\/2018\/11\/Y0A8359.jpg","contentUrl":"https:\/\/bercomex.com\/wp-content\/uploads\/sites\/3\/2018\/11\/Y0A8359.jpg","width":2000,"height":1333,"caption":"Flora Optima - Green Partners"},{"@type":"BreadcrumbList","@id":"https:\/\/bercomex.com\/es\/soluciones\/linea-de-produccion-completa\/flora-optima\/#breadcrumb","itemListElement":[{"@type":"ListItem","position":1,"name":"Home","item":"https:\/\/bercomex.com\/es\/"},{"@type":"ListItem","position":2,"name":"La innovaci\u00f3n como motor","item":"https:\/\/bercomex.com\/es\/soluciones\/"},{"@type":"ListItem","position":3,"name":"L\u00ednea de producci\u00f3n completa","item":"https:\/\/bercomex.com\/es\/soluciones\/linea-de-produccion-completa\/"},{"@type":"ListItem","position":4,"name":"Flora Optima"}]},{"@type":"WebSite","@id":"https:\/\/bercomex.com\/es\/#website","url":"https:\/\/bercomex.com\/es\/","name":"Bercomex","description":"Een Invaro","potentialAction":[{"@type":"SearchAction","target":{"@type":"EntryPoint","urlTemplate":"https:\/\/bercomex.com\/es\/?s={search_term_string}"},"query-input":{"@type":"PropertyValueSpecification","valueRequired":true,"valueName":"search_term_string"}}],"inLanguage":"es"}]}},"_links":{"self":[{"href":"https:\/\/bercomex.com\/es\/wp-json\/wp\/v2\/pages\/2115","targetHints":{"allow":["GET"]}}],"collection":[{"href":"https:\/\/bercomex.com\/es\/wp-json\/wp\/v2\/pages"}],"about":[{"href":"https:\/\/bercomex.com\/es\/wp-json\/wp\/v2\/types\/page"}],"author":[{"embeddable":true,"href":"https:\/\/bercomex.com\/es\/wp-json\/wp\/v2\/users\/2"}],"replies":[{"embeddable":true,"href":"https:\/\/bercomex.com\/es\/wp-json\/wp\/v2\/comments?post=2115"}],"version-history":[{"count":3,"href":"https:\/\/bercomex.com\/es\/wp-json\/wp\/v2\/pages\/2115\/revisions"}],"predecessor-version":[{"id":12028,"href":"https:\/\/bercomex.com\/es\/wp-json\/wp\/v2\/pages\/2115\/revisions\/12028"}],"up":[{"embeddable":true,"href":"https:\/\/bercomex.com\/es\/wp-json\/wp\/v2\/pages\/2029"}],"wp:featuredmedia":[{"embeddable":true,"href":"https:\/\/bercomex.com\/es\/wp-json\/wp\/v2\/media\/2117"}],"wp:attachment":[{"href":"https:\/\/bercomex.com\/es\/wp-json\/wp\/v2\/media?parent=2115"}],"curies":[{"name":"wp","href":"https:\/\/api.w.org\/{rel}","templated":true}]}}