{"id":2130,"date":"2018-11-19T10:28:34","date_gmt":"2018-11-19T10:28:34","guid":{"rendered":"https:\/\/bercomex.com\/soluciones\/linea-de-produccion-completa\/verzamelband\/"},"modified":"2026-03-24T11:45:21","modified_gmt":"2026-03-24T11:45:21","slug":"cinta-colectora","status":"publish","type":"page","link":"https:\/\/bercomex.com\/es\/soluciones\/linea-de-produccion-completa\/cinta-colectora\/","title":{"rendered":"Cinta colectora"},"content":{"rendered":"<h4>Optimizaci\u00f3n<\/h4>\n<p>La cinta colectora funciona por medio de la l\u00ednea de procesamiento de flores. Como resultado, la velocidad se calibra a la l\u00ednea anterior y la capacidad de la cinta se utiliza de manera \u00f3ptima. La cinta colectora est\u00e1 dise\u00f1ada de tal manera que la diferencia de altura entre las Cintas sea m\u00ednima. Esto evitar\u00e1 que las flores se caigan de la l\u00ednea de flores, aunque son recogidas por la cinta colectora igualmente. El resultado: menos da\u00f1ino para las flores.<\/p>\n<h4>Flexibilidad<\/h4>\n<p>La cinta colectora se puede suministrar en combinaci\u00f3n con una l\u00ednea de procesamiento de flores o por separado. Hay varios largos y anchos de banda disponibles. Puede agregar opciones adicionales a la cinta colectora, como un interruptor final o una bolsa de recolecci\u00f3n en el extremo de salida.<\/p>\n","protected":false},"excerpt":{"rendered":"<p>Optimizaci\u00f3n La cinta colectora funciona por medio de la l\u00ednea de procesamiento de flores. Como resultado, la velocidad se calibra a la l\u00ednea anterior y la capacidad de la cinta se utiliza de manera \u00f3ptima. La cinta colectora est\u00e1 dise\u00f1ada&#8230;<\/p>\n","protected":false},"author":2,"featured_media":1952,"parent":2029,"menu_order":3,"comment_status":"closed","ping_status":"closed","template":"","meta":{"_acf_changed":false,"footnotes":""},"class_list":["post-2130","page","type-page","status-publish","has-post-thumbnail","hentry"],"acf":[],"yoast_head":"<!-- This site is optimized with the Yoast SEO plugin v27.3 - https:\/\/yoast.com\/product\/yoast-seo-wordpress\/ -->\n<title>Cinta colectora - Bercomex Flower Processing Solutions<\/title>\n<meta name=\"description\" content=\"La banda de recolecci\u00f3n hace que la log\u00edstica de su linea de procesamiento de flores sea m\u00e1s eficiente. Necesita menos personal y hay menos da\u00f1o a sus flores.\" \/>\n<meta name=\"robots\" content=\"index, follow, max-snippet:-1, max-image-preview:large, max-video-preview:-1\" \/>\n<link rel=\"canonical\" href=\"https:\/\/bercomex.com\/es\/soluciones\/linea-de-produccion-completa\/cinta-colectora\/\" \/>\n<meta property=\"og:locale\" content=\"es_ES\" \/>\n<meta property=\"og:type\" content=\"article\" \/>\n<meta property=\"og:title\" content=\"Cinta colectora - Bercomex Flower Processing Solutions\" \/>\n<meta property=\"og:description\" content=\"La banda de recolecci\u00f3n hace que la log\u00edstica de su linea de procesamiento de flores sea m\u00e1s eficiente. Necesita menos personal y hay menos da\u00f1o a sus flores.\" \/>\n<meta property=\"og:url\" content=\"https:\/\/bercomex.com\/es\/soluciones\/linea-de-produccion-completa\/cinta-colectora\/\" \/>\n<meta property=\"og:site_name\" content=\"Bercomex\" \/>\n<meta property=\"article:modified_time\" content=\"2026-03-24T11:45:21+00:00\" \/>\n<meta property=\"og:image\" content=\"https:\/\/bercomex.com\/wp-content\/uploads\/sites\/3\/2018\/11\/Bercomex_Y0A4599.jpg\" \/>\n\t<meta property=\"og:image:width\" content=\"1500\" \/>\n\t<meta property=\"og:image:height\" content=\"1000\" \/>\n\t<meta property=\"og:image:type\" content=\"image\/jpeg\" \/>\n<meta name=\"twitter:card\" content=\"summary_large_image\" \/>\n<meta name=\"twitter:label1\" content=\"Tiempo de lectura\" \/>\n\t<meta name=\"twitter:data1\" content=\"1 minuto\" \/>\n<script type=\"application\/ld+json\" class=\"yoast-schema-graph\">{\"@context\":\"https:\\\/\\\/schema.org\",\"@graph\":[{\"@type\":\"WebPage\",\"@id\":\"https:\\\/\\\/bercomex.com\\\/es\\\/soluciones\\\/linea-de-produccion-completa\\\/cinta-colectora\\\/\",\"url\":\"https:\\\/\\\/bercomex.com\\\/es\\\/soluciones\\\/linea-de-produccion-completa\\\/cinta-colectora\\\/\",\"name\":\"Cinta colectora - Bercomex Flower Processing Solutions\",\"isPartOf\":{\"@id\":\"https:\\\/\\\/bercomex.com\\\/es\\\/#website\"},\"primaryImageOfPage\":{\"@id\":\"https:\\\/\\\/bercomex.com\\\/es\\\/soluciones\\\/linea-de-produccion-completa\\\/cinta-colectora\\\/#primaryimage\"},\"image\":{\"@id\":\"https:\\\/\\\/bercomex.com\\\/es\\\/soluciones\\\/linea-de-produccion-completa\\\/cinta-colectora\\\/#primaryimage\"},\"thumbnailUrl\":\"https:\\\/\\\/bercomex.com\\\/wp-content\\\/uploads\\\/sites\\\/3\\\/2018\\\/11\\\/Bercomex_Y0A4599.jpg\",\"datePublished\":\"2018-11-19T10:28:34+00:00\",\"dateModified\":\"2026-03-24T11:45:21+00:00\",\"description\":\"La banda de recolecci\u00f3n hace que la log\u00edstica de su linea de procesamiento de flores sea m\u00e1s eficiente. Necesita menos personal y hay menos da\u00f1o a sus flores.\",\"breadcrumb\":{\"@id\":\"https:\\\/\\\/bercomex.com\\\/es\\\/soluciones\\\/linea-de-produccion-completa\\\/cinta-colectora\\\/#breadcrumb\"},\"inLanguage\":\"es\",\"potentialAction\":[{\"@type\":\"ReadAction\",\"target\":[\"https:\\\/\\\/bercomex.com\\\/es\\\/soluciones\\\/linea-de-produccion-completa\\\/cinta-colectora\\\/\"]}]},{\"@type\":\"ImageObject\",\"inLanguage\":\"es\",\"@id\":\"https:\\\/\\\/bercomex.com\\\/es\\\/soluciones\\\/linea-de-produccion-completa\\\/cinta-colectora\\\/#primaryimage\",\"url\":\"https:\\\/\\\/bercomex.com\\\/wp-content\\\/uploads\\\/sites\\\/3\\\/2018\\\/11\\\/Bercomex_Y0A4599.jpg\",\"contentUrl\":\"https:\\\/\\\/bercomex.com\\\/wp-content\\\/uploads\\\/sites\\\/3\\\/2018\\\/11\\\/Bercomex_Y0A4599.jpg\",\"width\":1500,\"height\":1000,\"caption\":\"Werken met een Furora Nova\"},{\"@type\":\"BreadcrumbList\",\"@id\":\"https:\\\/\\\/bercomex.com\\\/es\\\/soluciones\\\/linea-de-produccion-completa\\\/cinta-colectora\\\/#breadcrumb\",\"itemListElement\":[{\"@type\":\"ListItem\",\"position\":1,\"name\":\"Home\",\"item\":\"https:\\\/\\\/bercomex.com\\\/es\\\/\"},{\"@type\":\"ListItem\",\"position\":2,\"name\":\"La innovaci\u00f3n como motor\",\"item\":\"https:\\\/\\\/bercomex.com\\\/es\\\/soluciones\\\/\"},{\"@type\":\"ListItem\",\"position\":3,\"name\":\"L\u00ednea de producci\u00f3n completa\",\"item\":\"https:\\\/\\\/bercomex.com\\\/es\\\/soluciones\\\/linea-de-produccion-completa\\\/\"},{\"@type\":\"ListItem\",\"position\":4,\"name\":\"Cinta colectora\"}]},{\"@type\":\"WebSite\",\"@id\":\"https:\\\/\\\/bercomex.com\\\/es\\\/#website\",\"url\":\"https:\\\/\\\/bercomex.com\\\/es\\\/\",\"name\":\"Bercomex\",\"description\":\"Een Invaro\",\"potentialAction\":[{\"@type\":\"SearchAction\",\"target\":{\"@type\":\"EntryPoint\",\"urlTemplate\":\"https:\\\/\\\/bercomex.com\\\/es\\\/?s={search_term_string}\"},\"query-input\":{\"@type\":\"PropertyValueSpecification\",\"valueRequired\":true,\"valueName\":\"search_term_string\"}}],\"inLanguage\":\"es\"}]}<\/script>\n<!-- \/ Yoast SEO plugin. -->","yoast_head_json":{"title":"Cinta colectora - Bercomex Flower Processing Solutions","description":"La banda de recolecci\u00f3n hace que la log\u00edstica de su linea de procesamiento de flores sea m\u00e1s eficiente. Necesita menos personal y hay menos da\u00f1o a sus flores.","robots":{"index":"index","follow":"follow","max-snippet":"max-snippet:-1","max-image-preview":"max-image-preview:large","max-video-preview":"max-video-preview:-1"},"canonical":"https:\/\/bercomex.com\/es\/soluciones\/linea-de-produccion-completa\/cinta-colectora\/","og_locale":"es_ES","og_type":"article","og_title":"Cinta colectora - Bercomex Flower Processing Solutions","og_description":"La banda de recolecci\u00f3n hace que la log\u00edstica de su linea de procesamiento de flores sea m\u00e1s eficiente. Necesita menos personal y hay menos da\u00f1o a sus flores.","og_url":"https:\/\/bercomex.com\/es\/soluciones\/linea-de-produccion-completa\/cinta-colectora\/","og_site_name":"Bercomex","article_modified_time":"2026-03-24T11:45:21+00:00","og_image":[{"width":1500,"height":1000,"url":"https:\/\/bercomex.com\/wp-content\/uploads\/sites\/3\/2018\/11\/Bercomex_Y0A4599.jpg","type":"image\/jpeg"}],"twitter_card":"summary_large_image","twitter_misc":{"Tiempo de lectura":"1 minuto"},"schema":{"@context":"https:\/\/schema.org","@graph":[{"@type":"WebPage","@id":"https:\/\/bercomex.com\/es\/soluciones\/linea-de-produccion-completa\/cinta-colectora\/","url":"https:\/\/bercomex.com\/es\/soluciones\/linea-de-produccion-completa\/cinta-colectora\/","name":"Cinta colectora - Bercomex Flower Processing Solutions","isPartOf":{"@id":"https:\/\/bercomex.com\/es\/#website"},"primaryImageOfPage":{"@id":"https:\/\/bercomex.com\/es\/soluciones\/linea-de-produccion-completa\/cinta-colectora\/#primaryimage"},"image":{"@id":"https:\/\/bercomex.com\/es\/soluciones\/linea-de-produccion-completa\/cinta-colectora\/#primaryimage"},"thumbnailUrl":"https:\/\/bercomex.com\/wp-content\/uploads\/sites\/3\/2018\/11\/Bercomex_Y0A4599.jpg","datePublished":"2018-11-19T10:28:34+00:00","dateModified":"2026-03-24T11:45:21+00:00","description":"La banda de recolecci\u00f3n hace que la log\u00edstica de su linea de procesamiento de flores sea m\u00e1s eficiente. Necesita menos personal y hay menos da\u00f1o a sus flores.","breadcrumb":{"@id":"https:\/\/bercomex.com\/es\/soluciones\/linea-de-produccion-completa\/cinta-colectora\/#breadcrumb"},"inLanguage":"es","potentialAction":[{"@type":"ReadAction","target":["https:\/\/bercomex.com\/es\/soluciones\/linea-de-produccion-completa\/cinta-colectora\/"]}]},{"@type":"ImageObject","inLanguage":"es","@id":"https:\/\/bercomex.com\/es\/soluciones\/linea-de-produccion-completa\/cinta-colectora\/#primaryimage","url":"https:\/\/bercomex.com\/wp-content\/uploads\/sites\/3\/2018\/11\/Bercomex_Y0A4599.jpg","contentUrl":"https:\/\/bercomex.com\/wp-content\/uploads\/sites\/3\/2018\/11\/Bercomex_Y0A4599.jpg","width":1500,"height":1000,"caption":"Werken met een Furora Nova"},{"@type":"BreadcrumbList","@id":"https:\/\/bercomex.com\/es\/soluciones\/linea-de-produccion-completa\/cinta-colectora\/#breadcrumb","itemListElement":[{"@type":"ListItem","position":1,"name":"Home","item":"https:\/\/bercomex.com\/es\/"},{"@type":"ListItem","position":2,"name":"La innovaci\u00f3n como motor","item":"https:\/\/bercomex.com\/es\/soluciones\/"},{"@type":"ListItem","position":3,"name":"L\u00ednea de producci\u00f3n completa","item":"https:\/\/bercomex.com\/es\/soluciones\/linea-de-produccion-completa\/"},{"@type":"ListItem","position":4,"name":"Cinta colectora"}]},{"@type":"WebSite","@id":"https:\/\/bercomex.com\/es\/#website","url":"https:\/\/bercomex.com\/es\/","name":"Bercomex","description":"Een Invaro","potentialAction":[{"@type":"SearchAction","target":{"@type":"EntryPoint","urlTemplate":"https:\/\/bercomex.com\/es\/?s={search_term_string}"},"query-input":{"@type":"PropertyValueSpecification","valueRequired":true,"valueName":"search_term_string"}}],"inLanguage":"es"}]}},"_links":{"self":[{"href":"https:\/\/bercomex.com\/es\/wp-json\/wp\/v2\/pages\/2130","targetHints":{"allow":["GET"]}}],"collection":[{"href":"https:\/\/bercomex.com\/es\/wp-json\/wp\/v2\/pages"}],"about":[{"href":"https:\/\/bercomex.com\/es\/wp-json\/wp\/v2\/types\/page"}],"author":[{"embeddable":true,"href":"https:\/\/bercomex.com\/es\/wp-json\/wp\/v2\/users\/2"}],"replies":[{"embeddable":true,"href":"https:\/\/bercomex.com\/es\/wp-json\/wp\/v2\/comments?post=2130"}],"version-history":[{"count":3,"href":"https:\/\/bercomex.com\/es\/wp-json\/wp\/v2\/pages\/2130\/revisions"}],"predecessor-version":[{"id":12117,"href":"https:\/\/bercomex.com\/es\/wp-json\/wp\/v2\/pages\/2130\/revisions\/12117"}],"up":[{"embeddable":true,"href":"https:\/\/bercomex.com\/es\/wp-json\/wp\/v2\/pages\/2029"}],"wp:featuredmedia":[{"embeddable":true,"href":"https:\/\/bercomex.com\/es\/wp-json\/wp\/v2\/media\/1952"}],"wp:attachment":[{"href":"https:\/\/bercomex.com\/es\/wp-json\/wp\/v2\/media?parent=2130"}],"curies":[{"name":"wp","href":"https:\/\/api.w.org\/{rel}","templated":true}]}}