{"id":2135,"date":"2018-08-28T13:45:18","date_gmt":"2018-08-28T13:45:18","guid":{"rendered":"https:\/\/bercomex.com\/soluciones\/eliminacion-de-hojas\/duoflor-xl\/"},"modified":"2026-03-20T15:57:56","modified_gmt":"2026-03-20T15:57:56","slug":"duoflor-xl","status":"publish","type":"page","link":"https:\/\/bercomex.com\/es\/soluciones\/eliminacion-de-hojas\/duoflor-xl\/","title":{"rendered":"DuoFlor XL"},"content":{"rendered":"<h4>Calidad del tallo<\/h4>\n<p>Cuando se coloca un ramo de flores en la m\u00e1quina de quitar hojas, los cepillos de goma giran uno contra el otro, frotando cuidadosamente los tallos. Debido a que los cepillos est\u00e1n m\u00e1s separados que en la DuoFlor, quita hojas y espinas de grandes ramos de rosas con la mayor precisi\u00f3n.<\/p>\n<h4>Tallos suaves<\/h4>\n<p>Un cepillo adecuado para cada tipo de tallo. La DuoFlor XL maneja todo tipo de cepillos. Esto le permite elegir la dureza adecuada para el tipo de flor que est\u00e1 procesando. Esto significa salvaguardar la calidad de sus tallos. \u00bfQuiere pedir un juego de cepillos? Luego puede ponerse en contacto con nuestro departamento de repuestos a trav\u00e9s de <a href=\"mailto:parts@bercomex.com\">parts@bercomex.com<\/a>.<\/p>\n","protected":false},"excerpt":{"rendered":"<p>Calidad del tallo Cuando se coloca un ramo de flores en la m\u00e1quina de quitar hojas, los cepillos de goma giran uno contra el otro, frotando cuidadosamente los tallos. Debido a que los cepillos est\u00e1n m\u00e1s separados que en la&#8230;<\/p>\n","protected":false},"author":7,"featured_media":2137,"parent":2061,"menu_order":1,"comment_status":"closed","ping_status":"closed","template":"","meta":{"_acf_changed":false,"footnotes":""},"class_list":["post-2135","page","type-page","status-publish","has-post-thumbnail","hentry"],"acf":[],"yoast_head":"<!-- This site is optimized with the Yoast SEO plugin v27.3 - https:\/\/yoast.com\/product\/yoast-seo-wordpress\/ -->\n<title>DuoFlor XL: Eliminaci\u00f3n de hojas - Bercomex Flower Processing Solutions<\/title>\n<meta name=\"description\" content=\"\u00bfDefoliaci\u00f3n autom\u00e1tica de sus flores? El defoliador DuoFlor XL es adecuado para todo tipo de flores y mantiene la calidad del tallo.\" \/>\n<meta name=\"robots\" content=\"index, follow, max-snippet:-1, max-image-preview:large, max-video-preview:-1\" \/>\n<link rel=\"canonical\" href=\"https:\/\/bercomex.com\/es\/soluciones\/eliminacion-de-hojas\/duoflor-xl\/\" \/>\n<meta property=\"og:locale\" content=\"es_ES\" \/>\n<meta property=\"og:type\" content=\"article\" \/>\n<meta property=\"og:title\" content=\"DuoFlor XL: Eliminaci\u00f3n de hojas - Bercomex Flower Processing Solutions\" \/>\n<meta property=\"og:description\" content=\"\u00bfDefoliaci\u00f3n autom\u00e1tica de sus flores? El defoliador DuoFlor XL es adecuado para todo tipo de flores y mantiene la calidad del tallo.\" \/>\n<meta property=\"og:url\" content=\"https:\/\/bercomex.com\/es\/soluciones\/eliminacion-de-hojas\/duoflor-xl\/\" \/>\n<meta property=\"og:site_name\" content=\"Bercomex\" \/>\n<meta property=\"article:modified_time\" content=\"2026-03-20T15:57:56+00:00\" \/>\n<meta property=\"og:image\" content=\"https:\/\/bercomex.com\/wp-content\/uploads\/sites\/3\/2018\/11\/Y0A6601.jpg\" \/>\n\t<meta property=\"og:image:width\" content=\"2000\" \/>\n\t<meta property=\"og:image:height\" content=\"1333\" \/>\n\t<meta property=\"og:image:type\" content=\"image\/jpeg\" \/>\n<meta name=\"twitter:card\" content=\"summary_large_image\" \/>\n<meta name=\"twitter:label1\" content=\"Tiempo de lectura\" \/>\n\t<meta name=\"twitter:data1\" content=\"1 minuto\" \/>\n<script type=\"application\/ld+json\" class=\"yoast-schema-graph\">{\"@context\":\"https:\\\/\\\/schema.org\",\"@graph\":[{\"@type\":\"WebPage\",\"@id\":\"https:\\\/\\\/bercomex.com\\\/es\\\/soluciones\\\/eliminacion-de-hojas\\\/duoflor-xl\\\/\",\"url\":\"https:\\\/\\\/bercomex.com\\\/es\\\/soluciones\\\/eliminacion-de-hojas\\\/duoflor-xl\\\/\",\"name\":\"DuoFlor XL: Eliminaci\u00f3n de hojas - Bercomex Flower Processing Solutions\",\"isPartOf\":{\"@id\":\"https:\\\/\\\/bercomex.com\\\/es\\\/#website\"},\"primaryImageOfPage\":{\"@id\":\"https:\\\/\\\/bercomex.com\\\/es\\\/soluciones\\\/eliminacion-de-hojas\\\/duoflor-xl\\\/#primaryimage\"},\"image\":{\"@id\":\"https:\\\/\\\/bercomex.com\\\/es\\\/soluciones\\\/eliminacion-de-hojas\\\/duoflor-xl\\\/#primaryimage\"},\"thumbnailUrl\":\"https:\\\/\\\/bercomex.com\\\/wp-content\\\/uploads\\\/sites\\\/3\\\/2018\\\/11\\\/Y0A6601.jpg\",\"datePublished\":\"2018-08-28T13:45:18+00:00\",\"dateModified\":\"2026-03-20T15:57:56+00:00\",\"description\":\"\u00bfDefoliaci\u00f3n autom\u00e1tica de sus flores? El defoliador DuoFlor XL es adecuado para todo tipo de flores y mantiene la calidad del tallo.\",\"breadcrumb\":{\"@id\":\"https:\\\/\\\/bercomex.com\\\/es\\\/soluciones\\\/eliminacion-de-hojas\\\/duoflor-xl\\\/#breadcrumb\"},\"inLanguage\":\"es\",\"potentialAction\":[{\"@type\":\"ReadAction\",\"target\":[\"https:\\\/\\\/bercomex.com\\\/es\\\/soluciones\\\/eliminacion-de-hojas\\\/duoflor-xl\\\/\"]}]},{\"@type\":\"ImageObject\",\"inLanguage\":\"es\",\"@id\":\"https:\\\/\\\/bercomex.com\\\/es\\\/soluciones\\\/eliminacion-de-hojas\\\/duoflor-xl\\\/#primaryimage\",\"url\":\"https:\\\/\\\/bercomex.com\\\/wp-content\\\/uploads\\\/sites\\\/3\\\/2018\\\/11\\\/Y0A6601.jpg\",\"contentUrl\":\"https:\\\/\\\/bercomex.com\\\/wp-content\\\/uploads\\\/sites\\\/3\\\/2018\\\/11\\\/Y0A6601.jpg\",\"width\":2000,\"height\":1333,\"caption\":\"Ontbladeren bloemen\"},{\"@type\":\"BreadcrumbList\",\"@id\":\"https:\\\/\\\/bercomex.com\\\/es\\\/soluciones\\\/eliminacion-de-hojas\\\/duoflor-xl\\\/#breadcrumb\",\"itemListElement\":[{\"@type\":\"ListItem\",\"position\":1,\"name\":\"Home\",\"item\":\"https:\\\/\\\/bercomex.com\\\/es\\\/\"},{\"@type\":\"ListItem\",\"position\":2,\"name\":\"La innovaci\u00f3n como motor\",\"item\":\"https:\\\/\\\/bercomex.com\\\/es\\\/soluciones\\\/\"},{\"@type\":\"ListItem\",\"position\":3,\"name\":\"Eliminaci\u00f3n de hojas\",\"item\":\"https:\\\/\\\/bercomex.com\\\/es\\\/soluciones\\\/eliminacion-de-hojas\\\/\"},{\"@type\":\"ListItem\",\"position\":4,\"name\":\"DuoFlor XL\"}]},{\"@type\":\"WebSite\",\"@id\":\"https:\\\/\\\/bercomex.com\\\/es\\\/#website\",\"url\":\"https:\\\/\\\/bercomex.com\\\/es\\\/\",\"name\":\"Bercomex\",\"description\":\"Een Invaro\",\"potentialAction\":[{\"@type\":\"SearchAction\",\"target\":{\"@type\":\"EntryPoint\",\"urlTemplate\":\"https:\\\/\\\/bercomex.com\\\/es\\\/?s={search_term_string}\"},\"query-input\":{\"@type\":\"PropertyValueSpecification\",\"valueRequired\":true,\"valueName\":\"search_term_string\"}}],\"inLanguage\":\"es\"}]}<\/script>\n<!-- \/ Yoast SEO plugin. -->","yoast_head_json":{"title":"DuoFlor XL: Eliminaci\u00f3n de hojas - Bercomex Flower Processing Solutions","description":"\u00bfDefoliaci\u00f3n autom\u00e1tica de sus flores? El defoliador DuoFlor XL es adecuado para todo tipo de flores y mantiene la calidad del tallo.","robots":{"index":"index","follow":"follow","max-snippet":"max-snippet:-1","max-image-preview":"max-image-preview:large","max-video-preview":"max-video-preview:-1"},"canonical":"https:\/\/bercomex.com\/es\/soluciones\/eliminacion-de-hojas\/duoflor-xl\/","og_locale":"es_ES","og_type":"article","og_title":"DuoFlor XL: Eliminaci\u00f3n de hojas - Bercomex Flower Processing Solutions","og_description":"\u00bfDefoliaci\u00f3n autom\u00e1tica de sus flores? El defoliador DuoFlor XL es adecuado para todo tipo de flores y mantiene la calidad del tallo.","og_url":"https:\/\/bercomex.com\/es\/soluciones\/eliminacion-de-hojas\/duoflor-xl\/","og_site_name":"Bercomex","article_modified_time":"2026-03-20T15:57:56+00:00","og_image":[{"width":2000,"height":1333,"url":"https:\/\/bercomex.com\/wp-content\/uploads\/sites\/3\/2018\/11\/Y0A6601.jpg","type":"image\/jpeg"}],"twitter_card":"summary_large_image","twitter_misc":{"Tiempo de lectura":"1 minuto"},"schema":{"@context":"https:\/\/schema.org","@graph":[{"@type":"WebPage","@id":"https:\/\/bercomex.com\/es\/soluciones\/eliminacion-de-hojas\/duoflor-xl\/","url":"https:\/\/bercomex.com\/es\/soluciones\/eliminacion-de-hojas\/duoflor-xl\/","name":"DuoFlor XL: Eliminaci\u00f3n de hojas - Bercomex Flower Processing Solutions","isPartOf":{"@id":"https:\/\/bercomex.com\/es\/#website"},"primaryImageOfPage":{"@id":"https:\/\/bercomex.com\/es\/soluciones\/eliminacion-de-hojas\/duoflor-xl\/#primaryimage"},"image":{"@id":"https:\/\/bercomex.com\/es\/soluciones\/eliminacion-de-hojas\/duoflor-xl\/#primaryimage"},"thumbnailUrl":"https:\/\/bercomex.com\/wp-content\/uploads\/sites\/3\/2018\/11\/Y0A6601.jpg","datePublished":"2018-08-28T13:45:18+00:00","dateModified":"2026-03-20T15:57:56+00:00","description":"\u00bfDefoliaci\u00f3n autom\u00e1tica de sus flores? El defoliador DuoFlor XL es adecuado para todo tipo de flores y mantiene la calidad del tallo.","breadcrumb":{"@id":"https:\/\/bercomex.com\/es\/soluciones\/eliminacion-de-hojas\/duoflor-xl\/#breadcrumb"},"inLanguage":"es","potentialAction":[{"@type":"ReadAction","target":["https:\/\/bercomex.com\/es\/soluciones\/eliminacion-de-hojas\/duoflor-xl\/"]}]},{"@type":"ImageObject","inLanguage":"es","@id":"https:\/\/bercomex.com\/es\/soluciones\/eliminacion-de-hojas\/duoflor-xl\/#primaryimage","url":"https:\/\/bercomex.com\/wp-content\/uploads\/sites\/3\/2018\/11\/Y0A6601.jpg","contentUrl":"https:\/\/bercomex.com\/wp-content\/uploads\/sites\/3\/2018\/11\/Y0A6601.jpg","width":2000,"height":1333,"caption":"Ontbladeren bloemen"},{"@type":"BreadcrumbList","@id":"https:\/\/bercomex.com\/es\/soluciones\/eliminacion-de-hojas\/duoflor-xl\/#breadcrumb","itemListElement":[{"@type":"ListItem","position":1,"name":"Home","item":"https:\/\/bercomex.com\/es\/"},{"@type":"ListItem","position":2,"name":"La innovaci\u00f3n como motor","item":"https:\/\/bercomex.com\/es\/soluciones\/"},{"@type":"ListItem","position":3,"name":"Eliminaci\u00f3n de hojas","item":"https:\/\/bercomex.com\/es\/soluciones\/eliminacion-de-hojas\/"},{"@type":"ListItem","position":4,"name":"DuoFlor XL"}]},{"@type":"WebSite","@id":"https:\/\/bercomex.com\/es\/#website","url":"https:\/\/bercomex.com\/es\/","name":"Bercomex","description":"Een Invaro","potentialAction":[{"@type":"SearchAction","target":{"@type":"EntryPoint","urlTemplate":"https:\/\/bercomex.com\/es\/?s={search_term_string}"},"query-input":{"@type":"PropertyValueSpecification","valueRequired":true,"valueName":"search_term_string"}}],"inLanguage":"es"}]}},"_links":{"self":[{"href":"https:\/\/bercomex.com\/es\/wp-json\/wp\/v2\/pages\/2135","targetHints":{"allow":["GET"]}}],"collection":[{"href":"https:\/\/bercomex.com\/es\/wp-json\/wp\/v2\/pages"}],"about":[{"href":"https:\/\/bercomex.com\/es\/wp-json\/wp\/v2\/types\/page"}],"author":[{"embeddable":true,"href":"https:\/\/bercomex.com\/es\/wp-json\/wp\/v2\/users\/7"}],"replies":[{"embeddable":true,"href":"https:\/\/bercomex.com\/es\/wp-json\/wp\/v2\/comments?post=2135"}],"version-history":[{"count":5,"href":"https:\/\/bercomex.com\/es\/wp-json\/wp\/v2\/pages\/2135\/revisions"}],"predecessor-version":[{"id":12064,"href":"https:\/\/bercomex.com\/es\/wp-json\/wp\/v2\/pages\/2135\/revisions\/12064"}],"up":[{"embeddable":true,"href":"https:\/\/bercomex.com\/es\/wp-json\/wp\/v2\/pages\/2061"}],"wp:featuredmedia":[{"embeddable":true,"href":"https:\/\/bercomex.com\/es\/wp-json\/wp\/v2\/media\/2137"}],"wp:attachment":[{"href":"https:\/\/bercomex.com\/es\/wp-json\/wp\/v2\/media?parent=2135"}],"curies":[{"name":"wp","href":"https:\/\/api.w.org\/{rel}","templated":true}]}}