{"id":2144,"date":"2018-08-29T09:18:18","date_gmt":"2018-08-29T09:18:18","guid":{"rendered":"https:\/\/bercomex.com\/soluciones\/eliminacion-de-hojas\/unoflor-duoflor\/"},"modified":"2026-03-25T07:44:12","modified_gmt":"2026-03-25T07:44:12","slug":"duoflor","status":"publish","type":"page","link":"https:\/\/bercomex.com\/es\/soluciones\/eliminacion-de-hojas\/duoflor\/","title":{"rendered":"DuoFlor"},"content":{"rendered":"<h4>Calidad del tallo<\/h4>\n<p>La DuoFlor son adecuadas para la defoliaci\u00f3n precisa de ramilletes ligeros a medios pesados. \u00bfProcesa varios tipos de flores? Entonces la m\u00e1s adecuada es DuoFlor. Esta m\u00e1quina de defoliar tiene dos lados con dos cepillos. Esto tambi\u00e9n le permitir\u00e1 configurar una dureza de cepillo diferente en cada lado.<\/p>\n<h4>Juegos de cepillos<\/h4>\n<p>Tallos duros, cepillos duros. Tallos suaves, cepillos suaves para defoliar. Hay cepillos para cada tipo de tallo. Esto le permitir\u00e1 conservar la calidad de sus tallos y elegir con qu\u00e9 trabajar. La DuoFlor se suministra de serie con un conjunto de cepillos duros y suaves. \u00bfDesea obtener asesoramiento? \u00bfQuiere pedir un juego de cepillos? Luego puede ponerse en contacto con nuestro departamento de repuestos a trav\u00e9s de\u00a0<a href=\"mailto:parts@bercomex.com\">parts@bercomex.com<\/a>.<\/p>\n","protected":false},"excerpt":{"rendered":"<p>Calidad del tallo La DuoFlor son adecuadas para la defoliaci\u00f3n precisa de ramilletes ligeros a medios pesados. \u00bfProcesa varios tipos de flores? Entonces la m\u00e1s adecuada es DuoFlor. Esta m\u00e1quina de defoliar tiene dos lados con dos cepillos. Esto tambi\u00e9n&#8230;<\/p>\n","protected":false},"author":7,"featured_media":2146,"parent":2061,"menu_order":2,"comment_status":"closed","ping_status":"closed","template":"","meta":{"_acf_changed":false,"footnotes":""},"class_list":["post-2144","page","type-page","status-publish","has-post-thumbnail","hentry"],"acf":[],"yoast_head":"<!-- This site is optimized with the Yoast SEO plugin v27.3 - https:\/\/yoast.com\/product\/yoast-seo-wordpress\/ -->\n<title>DuoFlor - Bercomex Flower Processing Solutions<\/title>\n<meta name=\"description\" content=\"\u00bfDefoliando sus flores t\u00e9cnicamente? Con DuoFlor puede deshojarlas f\u00e1cilmente con la m\u00e1quina. Adecuado para defoliaci\u00f3n ligera a media.\" \/>\n<meta name=\"robots\" content=\"index, follow, max-snippet:-1, max-image-preview:large, max-video-preview:-1\" \/>\n<link rel=\"canonical\" href=\"https:\/\/bercomex.com\/es\/soluciones\/eliminacion-de-hojas\/duoflor\/\" \/>\n<meta property=\"og:locale\" content=\"es_ES\" \/>\n<meta property=\"og:type\" content=\"article\" \/>\n<meta property=\"og:title\" content=\"DuoFlor - Bercomex Flower Processing Solutions\" \/>\n<meta property=\"og:description\" content=\"\u00bfDefoliando sus flores t\u00e9cnicamente? Con DuoFlor puede deshojarlas f\u00e1cilmente con la m\u00e1quina. Adecuado para defoliaci\u00f3n ligera a media.\" \/>\n<meta property=\"og:url\" content=\"https:\/\/bercomex.com\/es\/soluciones\/eliminacion-de-hojas\/duoflor\/\" \/>\n<meta property=\"og:site_name\" content=\"Bercomex\" \/>\n<meta property=\"article:modified_time\" content=\"2026-03-25T07:44:12+00:00\" \/>\n<meta property=\"og:image\" content=\"https:\/\/bercomex.com\/wp-content\/uploads\/sites\/3\/2018\/11\/Y0A6574.jpg\" \/>\n\t<meta property=\"og:image:width\" content=\"2000\" \/>\n\t<meta property=\"og:image:height\" content=\"1333\" \/>\n\t<meta property=\"og:image:type\" content=\"image\/jpeg\" \/>\n<meta name=\"twitter:card\" content=\"summary_large_image\" \/>\n<meta name=\"twitter:label1\" content=\"Tiempo de lectura\" \/>\n\t<meta name=\"twitter:data1\" content=\"1 minuto\" \/>\n<script type=\"application\/ld+json\" class=\"yoast-schema-graph\">{\"@context\":\"https:\\\/\\\/schema.org\",\"@graph\":[{\"@type\":\"WebPage\",\"@id\":\"https:\\\/\\\/bercomex.com\\\/es\\\/soluciones\\\/eliminacion-de-hojas\\\/duoflor\\\/\",\"url\":\"https:\\\/\\\/bercomex.com\\\/es\\\/soluciones\\\/eliminacion-de-hojas\\\/duoflor\\\/\",\"name\":\"DuoFlor - Bercomex Flower Processing Solutions\",\"isPartOf\":{\"@id\":\"https:\\\/\\\/bercomex.com\\\/es\\\/#website\"},\"primaryImageOfPage\":{\"@id\":\"https:\\\/\\\/bercomex.com\\\/es\\\/soluciones\\\/eliminacion-de-hojas\\\/duoflor\\\/#primaryimage\"},\"image\":{\"@id\":\"https:\\\/\\\/bercomex.com\\\/es\\\/soluciones\\\/eliminacion-de-hojas\\\/duoflor\\\/#primaryimage\"},\"thumbnailUrl\":\"https:\\\/\\\/bercomex.com\\\/wp-content\\\/uploads\\\/sites\\\/3\\\/2018\\\/11\\\/Y0A6574.jpg\",\"datePublished\":\"2018-08-29T09:18:18+00:00\",\"dateModified\":\"2026-03-25T07:44:12+00:00\",\"description\":\"\u00bfDefoliando sus flores t\u00e9cnicamente? Con DuoFlor puede deshojarlas f\u00e1cilmente con la m\u00e1quina. Adecuado para defoliaci\u00f3n ligera a media.\",\"breadcrumb\":{\"@id\":\"https:\\\/\\\/bercomex.com\\\/es\\\/soluciones\\\/eliminacion-de-hojas\\\/duoflor\\\/#breadcrumb\"},\"inLanguage\":\"es\",\"potentialAction\":[{\"@type\":\"ReadAction\",\"target\":[\"https:\\\/\\\/bercomex.com\\\/es\\\/soluciones\\\/eliminacion-de-hojas\\\/duoflor\\\/\"]}]},{\"@type\":\"ImageObject\",\"inLanguage\":\"es\",\"@id\":\"https:\\\/\\\/bercomex.com\\\/es\\\/soluciones\\\/eliminacion-de-hojas\\\/duoflor\\\/#primaryimage\",\"url\":\"https:\\\/\\\/bercomex.com\\\/wp-content\\\/uploads\\\/sites\\\/3\\\/2018\\\/11\\\/Y0A6574.jpg\",\"contentUrl\":\"https:\\\/\\\/bercomex.com\\\/wp-content\\\/uploads\\\/sites\\\/3\\\/2018\\\/11\\\/Y0A6574.jpg\",\"width\":2000,\"height\":1333,\"caption\":\"DuoFlor ontbladermachine Bercomex\"},{\"@type\":\"BreadcrumbList\",\"@id\":\"https:\\\/\\\/bercomex.com\\\/es\\\/soluciones\\\/eliminacion-de-hojas\\\/duoflor\\\/#breadcrumb\",\"itemListElement\":[{\"@type\":\"ListItem\",\"position\":1,\"name\":\"Home\",\"item\":\"https:\\\/\\\/bercomex.com\\\/es\\\/\"},{\"@type\":\"ListItem\",\"position\":2,\"name\":\"La innovaci\u00f3n como motor\",\"item\":\"https:\\\/\\\/bercomex.com\\\/es\\\/soluciones\\\/\"},{\"@type\":\"ListItem\",\"position\":3,\"name\":\"Eliminaci\u00f3n de hojas\",\"item\":\"https:\\\/\\\/bercomex.com\\\/es\\\/soluciones\\\/eliminacion-de-hojas\\\/\"},{\"@type\":\"ListItem\",\"position\":4,\"name\":\"DuoFlor\"}]},{\"@type\":\"WebSite\",\"@id\":\"https:\\\/\\\/bercomex.com\\\/es\\\/#website\",\"url\":\"https:\\\/\\\/bercomex.com\\\/es\\\/\",\"name\":\"Bercomex\",\"description\":\"Een Invaro\",\"potentialAction\":[{\"@type\":\"SearchAction\",\"target\":{\"@type\":\"EntryPoint\",\"urlTemplate\":\"https:\\\/\\\/bercomex.com\\\/es\\\/?s={search_term_string}\"},\"query-input\":{\"@type\":\"PropertyValueSpecification\",\"valueRequired\":true,\"valueName\":\"search_term_string\"}}],\"inLanguage\":\"es\"}]}<\/script>\n<!-- \/ Yoast SEO plugin. -->","yoast_head_json":{"title":"DuoFlor - Bercomex Flower Processing Solutions","description":"\u00bfDefoliando sus flores t\u00e9cnicamente? Con DuoFlor puede deshojarlas f\u00e1cilmente con la m\u00e1quina. Adecuado para defoliaci\u00f3n ligera a media.","robots":{"index":"index","follow":"follow","max-snippet":"max-snippet:-1","max-image-preview":"max-image-preview:large","max-video-preview":"max-video-preview:-1"},"canonical":"https:\/\/bercomex.com\/es\/soluciones\/eliminacion-de-hojas\/duoflor\/","og_locale":"es_ES","og_type":"article","og_title":"DuoFlor - Bercomex Flower Processing Solutions","og_description":"\u00bfDefoliando sus flores t\u00e9cnicamente? Con DuoFlor puede deshojarlas f\u00e1cilmente con la m\u00e1quina. Adecuado para defoliaci\u00f3n ligera a media.","og_url":"https:\/\/bercomex.com\/es\/soluciones\/eliminacion-de-hojas\/duoflor\/","og_site_name":"Bercomex","article_modified_time":"2026-03-25T07:44:12+00:00","og_image":[{"width":2000,"height":1333,"url":"https:\/\/bercomex.com\/wp-content\/uploads\/sites\/3\/2018\/11\/Y0A6574.jpg","type":"image\/jpeg"}],"twitter_card":"summary_large_image","twitter_misc":{"Tiempo de lectura":"1 minuto"},"schema":{"@context":"https:\/\/schema.org","@graph":[{"@type":"WebPage","@id":"https:\/\/bercomex.com\/es\/soluciones\/eliminacion-de-hojas\/duoflor\/","url":"https:\/\/bercomex.com\/es\/soluciones\/eliminacion-de-hojas\/duoflor\/","name":"DuoFlor - Bercomex Flower Processing Solutions","isPartOf":{"@id":"https:\/\/bercomex.com\/es\/#website"},"primaryImageOfPage":{"@id":"https:\/\/bercomex.com\/es\/soluciones\/eliminacion-de-hojas\/duoflor\/#primaryimage"},"image":{"@id":"https:\/\/bercomex.com\/es\/soluciones\/eliminacion-de-hojas\/duoflor\/#primaryimage"},"thumbnailUrl":"https:\/\/bercomex.com\/wp-content\/uploads\/sites\/3\/2018\/11\/Y0A6574.jpg","datePublished":"2018-08-29T09:18:18+00:00","dateModified":"2026-03-25T07:44:12+00:00","description":"\u00bfDefoliando sus flores t\u00e9cnicamente? Con DuoFlor puede deshojarlas f\u00e1cilmente con la m\u00e1quina. Adecuado para defoliaci\u00f3n ligera a media.","breadcrumb":{"@id":"https:\/\/bercomex.com\/es\/soluciones\/eliminacion-de-hojas\/duoflor\/#breadcrumb"},"inLanguage":"es","potentialAction":[{"@type":"ReadAction","target":["https:\/\/bercomex.com\/es\/soluciones\/eliminacion-de-hojas\/duoflor\/"]}]},{"@type":"ImageObject","inLanguage":"es","@id":"https:\/\/bercomex.com\/es\/soluciones\/eliminacion-de-hojas\/duoflor\/#primaryimage","url":"https:\/\/bercomex.com\/wp-content\/uploads\/sites\/3\/2018\/11\/Y0A6574.jpg","contentUrl":"https:\/\/bercomex.com\/wp-content\/uploads\/sites\/3\/2018\/11\/Y0A6574.jpg","width":2000,"height":1333,"caption":"DuoFlor ontbladermachine Bercomex"},{"@type":"BreadcrumbList","@id":"https:\/\/bercomex.com\/es\/soluciones\/eliminacion-de-hojas\/duoflor\/#breadcrumb","itemListElement":[{"@type":"ListItem","position":1,"name":"Home","item":"https:\/\/bercomex.com\/es\/"},{"@type":"ListItem","position":2,"name":"La innovaci\u00f3n como motor","item":"https:\/\/bercomex.com\/es\/soluciones\/"},{"@type":"ListItem","position":3,"name":"Eliminaci\u00f3n de hojas","item":"https:\/\/bercomex.com\/es\/soluciones\/eliminacion-de-hojas\/"},{"@type":"ListItem","position":4,"name":"DuoFlor"}]},{"@type":"WebSite","@id":"https:\/\/bercomex.com\/es\/#website","url":"https:\/\/bercomex.com\/es\/","name":"Bercomex","description":"Een Invaro","potentialAction":[{"@type":"SearchAction","target":{"@type":"EntryPoint","urlTemplate":"https:\/\/bercomex.com\/es\/?s={search_term_string}"},"query-input":{"@type":"PropertyValueSpecification","valueRequired":true,"valueName":"search_term_string"}}],"inLanguage":"es"}]}},"_links":{"self":[{"href":"https:\/\/bercomex.com\/es\/wp-json\/wp\/v2\/pages\/2144","targetHints":{"allow":["GET"]}}],"collection":[{"href":"https:\/\/bercomex.com\/es\/wp-json\/wp\/v2\/pages"}],"about":[{"href":"https:\/\/bercomex.com\/es\/wp-json\/wp\/v2\/types\/page"}],"author":[{"embeddable":true,"href":"https:\/\/bercomex.com\/es\/wp-json\/wp\/v2\/users\/7"}],"replies":[{"embeddable":true,"href":"https:\/\/bercomex.com\/es\/wp-json\/wp\/v2\/comments?post=2144"}],"version-history":[{"count":5,"href":"https:\/\/bercomex.com\/es\/wp-json\/wp\/v2\/pages\/2144\/revisions"}],"predecessor-version":[{"id":12121,"href":"https:\/\/bercomex.com\/es\/wp-json\/wp\/v2\/pages\/2144\/revisions\/12121"}],"up":[{"embeddable":true,"href":"https:\/\/bercomex.com\/es\/wp-json\/wp\/v2\/pages\/2061"}],"wp:featuredmedia":[{"embeddable":true,"href":"https:\/\/bercomex.com\/es\/wp-json\/wp\/v2\/media\/2146"}],"wp:attachment":[{"href":"https:\/\/bercomex.com\/es\/wp-json\/wp\/v2\/media?parent=2144"}],"curies":[{"name":"wp","href":"https:\/\/api.w.org\/{rel}","templated":true}]}}