{"id":2160,"date":"2018-11-19T10:35:42","date_gmt":"2018-11-19T10:35:42","guid":{"rendered":"https:\/\/bercomex.com\/soluciones\/management-tools\/bercomex-insights-tool\/"},"modified":"2026-03-20T16:09:16","modified_gmt":"2026-03-20T16:09:16","slug":"herramienta-bercomex-insights","status":"publish","type":"page","link":"https:\/\/bercomex.com\/es\/soluciones\/software\/herramienta-bercomex-insights\/","title":{"rendered":"Herramienta Bercomex Insights (BIT)"},"content":{"rendered":"<h4><strong>Una visi\u00f3n m\u00e1s clara<\/strong><\/h4>\n<p>\u00bfLas estaciones de agrupamiento cuentan con suficiente personal? \u00bfTiene demasiada inactividad? El BIT le proporcionar\u00e1 informaci\u00f3n sobre la producci\u00f3n al d\u00eda, mes, temporada y a\u00f1o. Adem\u00e1s, sus datos en tiempo real ser\u00e1n comprensibles, incluida informaci\u00f3n como el personal por m\u00e1quina o toda su empresa. De esta manera, tendr\u00e1 un mayor control sobre la productividad de su m\u00e1quina de agrupamiento <a href=\"https:\/\/bercomex.com\/es\/soluciones\/seleccion-automatica-y-agrupamiento\/furora-compact\/\">Furora<\/a>.<\/p>\n<h4><strong>En cualquier parte<\/strong><\/h4>\n<p>Como emprendedor, ya no necesitar\u00e1 estar f\u00edsicamente presente en su lugar de producci\u00f3n y procesamiento de flores. Gracias a la aplicaci\u00f3n web en su tablet, tel\u00e9fono u ordenador, tendr\u00e1 a mano la herramienta Bercomex Insight en cualquier momento y en cualquier lugar. Puede usarla de inmediato como parte de un contrato de mantenimiento o suscripci\u00f3n.<\/p>\n","protected":false},"excerpt":{"rendered":"<p>Una visi\u00f3n m\u00e1s clara \u00bfLas estaciones de agrupamiento cuentan con suficiente personal? \u00bfTiene demasiada inactividad? El BIT le proporcionar\u00e1 informaci\u00f3n sobre la producci\u00f3n al d\u00eda, mes, temporada y a\u00f1o. Adem\u00e1s, sus datos en tiempo real ser\u00e1n comprensibles, incluida informaci\u00f3n como&#8230;<\/p>\n","protected":false},"author":2,"featured_media":1955,"parent":2072,"menu_order":0,"comment_status":"closed","ping_status":"closed","template":"","meta":{"_acf_changed":false,"footnotes":""},"class_list":["post-2160","page","type-page","status-publish","has-post-thumbnail","hentry"],"acf":[],"yoast_head":"<!-- This site is optimized with the Yoast SEO plugin v27.3 - https:\/\/yoast.com\/product\/yoast-seo-wordpress\/ -->\n<title>Herramienta Bercomex Insights (BIT) - Bercomex<\/title>\n<meta name=\"description\" content=\"Con nuestra aplicaci\u00f3n de software, usted puede tomar medidas en el campo de la eficiencia y la calidad del producto. Obtenga una mejor visi\u00f3n de su proceso\" \/>\n<meta name=\"robots\" content=\"index, follow, max-snippet:-1, max-image-preview:large, max-video-preview:-1\" \/>\n<link rel=\"canonical\" href=\"https:\/\/bercomex.com\/es\/soluciones\/software\/herramienta-bercomex-insights\/\" \/>\n<meta property=\"og:locale\" content=\"es_ES\" \/>\n<meta property=\"og:type\" content=\"article\" \/>\n<meta property=\"og:title\" content=\"Herramienta Bercomex Insights (BIT) - Bercomex\" \/>\n<meta property=\"og:description\" content=\"Con nuestra aplicaci\u00f3n de software, usted puede tomar medidas en el campo de la eficiencia y la calidad del producto. Obtenga una mejor visi\u00f3n de su proceso\" \/>\n<meta property=\"og:url\" content=\"https:\/\/bercomex.com\/es\/soluciones\/software\/herramienta-bercomex-insights\/\" \/>\n<meta property=\"og:site_name\" content=\"Bercomex\" \/>\n<meta property=\"article:modified_time\" content=\"2026-03-20T16:09:16+00:00\" \/>\n<meta property=\"og:image\" content=\"https:\/\/bercomex.com\/wp-content\/uploads\/sites\/3\/2018\/11\/BIT_bercomex-dashboard-desk.png\" \/>\n\t<meta property=\"og:image:width\" content=\"2344\" \/>\n\t<meta property=\"og:image:height\" content=\"1458\" \/>\n\t<meta property=\"og:image:type\" content=\"image\/png\" \/>\n<meta name=\"twitter:card\" content=\"summary_large_image\" \/>\n<meta name=\"twitter:label1\" content=\"Tiempo de lectura\" \/>\n\t<meta name=\"twitter:data1\" content=\"1 minuto\" \/>\n<script type=\"application\/ld+json\" class=\"yoast-schema-graph\">{\"@context\":\"https:\\\/\\\/schema.org\",\"@graph\":[{\"@type\":\"WebPage\",\"@id\":\"https:\\\/\\\/bercomex.com\\\/es\\\/soluciones\\\/software\\\/herramienta-bercomex-insights\\\/\",\"url\":\"https:\\\/\\\/bercomex.com\\\/es\\\/soluciones\\\/software\\\/herramienta-bercomex-insights\\\/\",\"name\":\"Herramienta Bercomex Insights (BIT) - Bercomex\",\"isPartOf\":{\"@id\":\"https:\\\/\\\/bercomex.com\\\/es\\\/#website\"},\"primaryImageOfPage\":{\"@id\":\"https:\\\/\\\/bercomex.com\\\/es\\\/soluciones\\\/software\\\/herramienta-bercomex-insights\\\/#primaryimage\"},\"image\":{\"@id\":\"https:\\\/\\\/bercomex.com\\\/es\\\/soluciones\\\/software\\\/herramienta-bercomex-insights\\\/#primaryimage\"},\"thumbnailUrl\":\"https:\\\/\\\/bercomex.com\\\/wp-content\\\/uploads\\\/sites\\\/3\\\/2018\\\/11\\\/BIT_bercomex-dashboard-desk.png\",\"datePublished\":\"2018-11-19T10:35:42+00:00\",\"dateModified\":\"2026-03-20T16:09:16+00:00\",\"description\":\"Con nuestra aplicaci\u00f3n de software, usted puede tomar medidas en el campo de la eficiencia y la calidad del producto. Obtenga una mejor visi\u00f3n de su proceso\",\"breadcrumb\":{\"@id\":\"https:\\\/\\\/bercomex.com\\\/es\\\/soluciones\\\/software\\\/herramienta-bercomex-insights\\\/#breadcrumb\"},\"inLanguage\":\"es\",\"potentialAction\":[{\"@type\":\"ReadAction\",\"target\":[\"https:\\\/\\\/bercomex.com\\\/es\\\/soluciones\\\/software\\\/herramienta-bercomex-insights\\\/\"]}]},{\"@type\":\"ImageObject\",\"inLanguage\":\"es\",\"@id\":\"https:\\\/\\\/bercomex.com\\\/es\\\/soluciones\\\/software\\\/herramienta-bercomex-insights\\\/#primaryimage\",\"url\":\"https:\\\/\\\/bercomex.com\\\/wp-content\\\/uploads\\\/sites\\\/3\\\/2018\\\/11\\\/BIT_bercomex-dashboard-desk.png\",\"contentUrl\":\"https:\\\/\\\/bercomex.com\\\/wp-content\\\/uploads\\\/sites\\\/3\\\/2018\\\/11\\\/BIT_bercomex-dashboard-desk.png\",\"width\":2344,\"height\":1458,\"caption\":\"Bercomex Insights Tool (BIT) desktop\"},{\"@type\":\"BreadcrumbList\",\"@id\":\"https:\\\/\\\/bercomex.com\\\/es\\\/soluciones\\\/software\\\/herramienta-bercomex-insights\\\/#breadcrumb\",\"itemListElement\":[{\"@type\":\"ListItem\",\"position\":1,\"name\":\"Home\",\"item\":\"https:\\\/\\\/bercomex.com\\\/es\\\/\"},{\"@type\":\"ListItem\",\"position\":2,\"name\":\"La innovaci\u00f3n como motor\",\"item\":\"https:\\\/\\\/bercomex.com\\\/es\\\/soluciones\\\/\"},{\"@type\":\"ListItem\",\"position\":3,\"name\":\"Registro de datos e informes\",\"item\":\"https:\\\/\\\/bercomex.com\\\/es\\\/soluciones\\\/software\\\/\"},{\"@type\":\"ListItem\",\"position\":4,\"name\":\"Herramienta Bercomex Insights (BIT)\"}]},{\"@type\":\"WebSite\",\"@id\":\"https:\\\/\\\/bercomex.com\\\/es\\\/#website\",\"url\":\"https:\\\/\\\/bercomex.com\\\/es\\\/\",\"name\":\"Bercomex\",\"description\":\"Een Invaro\",\"potentialAction\":[{\"@type\":\"SearchAction\",\"target\":{\"@type\":\"EntryPoint\",\"urlTemplate\":\"https:\\\/\\\/bercomex.com\\\/es\\\/?s={search_term_string}\"},\"query-input\":{\"@type\":\"PropertyValueSpecification\",\"valueRequired\":true,\"valueName\":\"search_term_string\"}}],\"inLanguage\":\"es\"}]}<\/script>\n<!-- \/ Yoast SEO plugin. -->","yoast_head_json":{"title":"Herramienta Bercomex Insights (BIT) - Bercomex","description":"Con nuestra aplicaci\u00f3n de software, usted puede tomar medidas en el campo de la eficiencia y la calidad del producto. Obtenga una mejor visi\u00f3n de su proceso","robots":{"index":"index","follow":"follow","max-snippet":"max-snippet:-1","max-image-preview":"max-image-preview:large","max-video-preview":"max-video-preview:-1"},"canonical":"https:\/\/bercomex.com\/es\/soluciones\/software\/herramienta-bercomex-insights\/","og_locale":"es_ES","og_type":"article","og_title":"Herramienta Bercomex Insights (BIT) - Bercomex","og_description":"Con nuestra aplicaci\u00f3n de software, usted puede tomar medidas en el campo de la eficiencia y la calidad del producto. Obtenga una mejor visi\u00f3n de su proceso","og_url":"https:\/\/bercomex.com\/es\/soluciones\/software\/herramienta-bercomex-insights\/","og_site_name":"Bercomex","article_modified_time":"2026-03-20T16:09:16+00:00","og_image":[{"width":2344,"height":1458,"url":"https:\/\/bercomex.com\/wp-content\/uploads\/sites\/3\/2018\/11\/BIT_bercomex-dashboard-desk.png","type":"image\/png"}],"twitter_card":"summary_large_image","twitter_misc":{"Tiempo de lectura":"1 minuto"},"schema":{"@context":"https:\/\/schema.org","@graph":[{"@type":"WebPage","@id":"https:\/\/bercomex.com\/es\/soluciones\/software\/herramienta-bercomex-insights\/","url":"https:\/\/bercomex.com\/es\/soluciones\/software\/herramienta-bercomex-insights\/","name":"Herramienta Bercomex Insights (BIT) - Bercomex","isPartOf":{"@id":"https:\/\/bercomex.com\/es\/#website"},"primaryImageOfPage":{"@id":"https:\/\/bercomex.com\/es\/soluciones\/software\/herramienta-bercomex-insights\/#primaryimage"},"image":{"@id":"https:\/\/bercomex.com\/es\/soluciones\/software\/herramienta-bercomex-insights\/#primaryimage"},"thumbnailUrl":"https:\/\/bercomex.com\/wp-content\/uploads\/sites\/3\/2018\/11\/BIT_bercomex-dashboard-desk.png","datePublished":"2018-11-19T10:35:42+00:00","dateModified":"2026-03-20T16:09:16+00:00","description":"Con nuestra aplicaci\u00f3n de software, usted puede tomar medidas en el campo de la eficiencia y la calidad del producto. Obtenga una mejor visi\u00f3n de su proceso","breadcrumb":{"@id":"https:\/\/bercomex.com\/es\/soluciones\/software\/herramienta-bercomex-insights\/#breadcrumb"},"inLanguage":"es","potentialAction":[{"@type":"ReadAction","target":["https:\/\/bercomex.com\/es\/soluciones\/software\/herramienta-bercomex-insights\/"]}]},{"@type":"ImageObject","inLanguage":"es","@id":"https:\/\/bercomex.com\/es\/soluciones\/software\/herramienta-bercomex-insights\/#primaryimage","url":"https:\/\/bercomex.com\/wp-content\/uploads\/sites\/3\/2018\/11\/BIT_bercomex-dashboard-desk.png","contentUrl":"https:\/\/bercomex.com\/wp-content\/uploads\/sites\/3\/2018\/11\/BIT_bercomex-dashboard-desk.png","width":2344,"height":1458,"caption":"Bercomex Insights Tool (BIT) desktop"},{"@type":"BreadcrumbList","@id":"https:\/\/bercomex.com\/es\/soluciones\/software\/herramienta-bercomex-insights\/#breadcrumb","itemListElement":[{"@type":"ListItem","position":1,"name":"Home","item":"https:\/\/bercomex.com\/es\/"},{"@type":"ListItem","position":2,"name":"La innovaci\u00f3n como motor","item":"https:\/\/bercomex.com\/es\/soluciones\/"},{"@type":"ListItem","position":3,"name":"Registro de datos e informes","item":"https:\/\/bercomex.com\/es\/soluciones\/software\/"},{"@type":"ListItem","position":4,"name":"Herramienta Bercomex Insights (BIT)"}]},{"@type":"WebSite","@id":"https:\/\/bercomex.com\/es\/#website","url":"https:\/\/bercomex.com\/es\/","name":"Bercomex","description":"Een Invaro","potentialAction":[{"@type":"SearchAction","target":{"@type":"EntryPoint","urlTemplate":"https:\/\/bercomex.com\/es\/?s={search_term_string}"},"query-input":{"@type":"PropertyValueSpecification","valueRequired":true,"valueName":"search_term_string"}}],"inLanguage":"es"}]}},"_links":{"self":[{"href":"https:\/\/bercomex.com\/es\/wp-json\/wp\/v2\/pages\/2160","targetHints":{"allow":["GET"]}}],"collection":[{"href":"https:\/\/bercomex.com\/es\/wp-json\/wp\/v2\/pages"}],"about":[{"href":"https:\/\/bercomex.com\/es\/wp-json\/wp\/v2\/types\/page"}],"author":[{"embeddable":true,"href":"https:\/\/bercomex.com\/es\/wp-json\/wp\/v2\/users\/2"}],"replies":[{"embeddable":true,"href":"https:\/\/bercomex.com\/es\/wp-json\/wp\/v2\/comments?post=2160"}],"version-history":[{"count":1,"href":"https:\/\/bercomex.com\/es\/wp-json\/wp\/v2\/pages\/2160\/revisions"}],"predecessor-version":[{"id":12080,"href":"https:\/\/bercomex.com\/es\/wp-json\/wp\/v2\/pages\/2160\/revisions\/12080"}],"up":[{"embeddable":true,"href":"https:\/\/bercomex.com\/es\/wp-json\/wp\/v2\/pages\/2072"}],"wp:featuredmedia":[{"embeddable":true,"href":"https:\/\/bercomex.com\/es\/wp-json\/wp\/v2\/media\/1955"}],"wp:attachment":[{"href":"https:\/\/bercomex.com\/es\/wp-json\/wp\/v2\/media?parent=2160"}],"curies":[{"name":"wp","href":"https:\/\/api.w.org\/{rel}","templated":true}]}}