{"id":2165,"date":"2018-11-19T09:10:02","date_gmt":"2018-11-19T09:10:02","guid":{"rendered":"https:\/\/bercomex.com\/soluciones\/rellenador-de-recipientes\/basicfill-emmervuller\/"},"modified":"2026-03-20T16:12:38","modified_gmt":"2026-03-20T16:12:38","slug":"basicfill","status":"publish","type":"page","link":"https:\/\/bercomex.com\/es\/soluciones\/rellenador-de-recipientes\/basicfill\/","title":{"rendered":"BasicFill"},"content":{"rendered":"<h4>Productividad<\/h4>\n<p>Siempre un bid\u00f3n lleno a mano para sus ramilletes de flores. Tan pronto como se retira el recipiente lleno, el BasicFill repone autom\u00e1ticamente el siguiente bid\u00f3n vac\u00edo, por lo que la plataforma elevadora llevar\u00e1 la pila a la altura operativa correcta. Esto le permitir\u00e1 a usted y a su personal trabajar de manera eficiente y c\u00f3moda.<\/p>\n<h4>M\u00f3vil y seguro<\/h4>\n<p>El rellenador de recipientes compacto siempre se adapta a su configuraci\u00f3n actual. Las dos ruedas y asas hacen que BasicFill sea f\u00e1cil de mover. El motor est\u00e1 perfectamente integrado en la carcasa, por lo que no est\u00e1 expuesto ni al agua ni a la humedad. Naturalmente, el BasicFill tiene certificaci\u00f3n CE, por lo que es seguro de usar.<\/p>\n","protected":false},"excerpt":{"rendered":"<p>Productividad Siempre un bid\u00f3n lleno a mano para sus ramilletes de flores. Tan pronto como se retira el recipiente lleno, el BasicFill repone autom\u00e1ticamente el siguiente bid\u00f3n vac\u00edo, por lo que la plataforma elevadora llevar\u00e1 la pila a la altura&#8230;<\/p>\n","protected":false},"author":2,"featured_media":10759,"parent":2077,"menu_order":2,"comment_status":"closed","ping_status":"closed","template":"","meta":{"_acf_changed":false,"footnotes":""},"class_list":["post-2165","page","type-page","status-publish","has-post-thumbnail","hentry"],"acf":[],"yoast_head":"<!-- This site is optimized with the Yoast SEO plugin v27.3 - https:\/\/yoast.com\/product\/yoast-seo-wordpress\/ -->\n<title>M\u00e1quina de llenado de cubos: BasicFill - Bercomex<\/title>\n<meta name=\"description\" content=\"El llenador de baldes BasicFill llena sus baldes de forma totalmente autom\u00e1tica. De esta manera, siempre tiene la cantidad correcta de agua y acondicionador en su balde.\" \/>\n<meta name=\"robots\" content=\"index, follow, max-snippet:-1, max-image-preview:large, max-video-preview:-1\" \/>\n<link rel=\"canonical\" href=\"https:\/\/bercomex.com\/es\/soluciones\/rellenador-de-recipientes\/basicfill\/\" \/>\n<meta property=\"og:locale\" content=\"es_ES\" \/>\n<meta property=\"og:type\" content=\"article\" \/>\n<meta property=\"og:title\" content=\"M\u00e1quina de llenado de cubos: BasicFill - Bercomex\" \/>\n<meta property=\"og:description\" content=\"El llenador de baldes BasicFill llena sus baldes de forma totalmente autom\u00e1tica. De esta manera, siempre tiene la cantidad correcta de agua y acondicionador en su balde.\" \/>\n<meta property=\"og:url\" content=\"https:\/\/bercomex.com\/es\/soluciones\/rellenador-de-recipientes\/basicfill\/\" \/>\n<meta property=\"og:site_name\" content=\"Bercomex\" \/>\n<meta property=\"article:modified_time\" content=\"2026-03-20T16:12:38+00:00\" \/>\n<meta property=\"og:image\" content=\"https:\/\/bercomex.com\/wp-content\/uploads\/sites\/3\/2025\/07\/Y0A6607_cropped.jpg\" \/>\n\t<meta property=\"og:image:width\" content=\"1333\" \/>\n\t<meta property=\"og:image:height\" content=\"1015\" \/>\n\t<meta property=\"og:image:type\" content=\"image\/jpeg\" \/>\n<meta name=\"twitter:card\" content=\"summary_large_image\" \/>\n<meta name=\"twitter:label1\" content=\"Tiempo de lectura\" \/>\n\t<meta name=\"twitter:data1\" content=\"1 minuto\" \/>\n<script type=\"application\/ld+json\" class=\"yoast-schema-graph\">{\"@context\":\"https:\\\/\\\/schema.org\",\"@graph\":[{\"@type\":\"WebPage\",\"@id\":\"https:\\\/\\\/bercomex.com\\\/es\\\/soluciones\\\/rellenador-de-recipientes\\\/basicfill\\\/\",\"url\":\"https:\\\/\\\/bercomex.com\\\/es\\\/soluciones\\\/rellenador-de-recipientes\\\/basicfill\\\/\",\"name\":\"M\u00e1quina de llenado de cubos: BasicFill - Bercomex\",\"isPartOf\":{\"@id\":\"https:\\\/\\\/bercomex.com\\\/es\\\/#website\"},\"primaryImageOfPage\":{\"@id\":\"https:\\\/\\\/bercomex.com\\\/es\\\/soluciones\\\/rellenador-de-recipientes\\\/basicfill\\\/#primaryimage\"},\"image\":{\"@id\":\"https:\\\/\\\/bercomex.com\\\/es\\\/soluciones\\\/rellenador-de-recipientes\\\/basicfill\\\/#primaryimage\"},\"thumbnailUrl\":\"https:\\\/\\\/bercomex.com\\\/wp-content\\\/uploads\\\/sites\\\/3\\\/2025\\\/07\\\/Y0A6607_cropped.jpg\",\"datePublished\":\"2018-11-19T09:10:02+00:00\",\"dateModified\":\"2026-03-20T16:12:38+00:00\",\"description\":\"El llenador de baldes BasicFill llena sus baldes de forma totalmente autom\u00e1tica. De esta manera, siempre tiene la cantidad correcta de agua y acondicionador en su balde.\",\"breadcrumb\":{\"@id\":\"https:\\\/\\\/bercomex.com\\\/es\\\/soluciones\\\/rellenador-de-recipientes\\\/basicfill\\\/#breadcrumb\"},\"inLanguage\":\"es\",\"potentialAction\":[{\"@type\":\"ReadAction\",\"target\":[\"https:\\\/\\\/bercomex.com\\\/es\\\/soluciones\\\/rellenador-de-recipientes\\\/basicfill\\\/\"]}]},{\"@type\":\"ImageObject\",\"inLanguage\":\"es\",\"@id\":\"https:\\\/\\\/bercomex.com\\\/es\\\/soluciones\\\/rellenador-de-recipientes\\\/basicfill\\\/#primaryimage\",\"url\":\"https:\\\/\\\/bercomex.com\\\/wp-content\\\/uploads\\\/sites\\\/3\\\/2025\\\/07\\\/Y0A6607_cropped.jpg\",\"contentUrl\":\"https:\\\/\\\/bercomex.com\\\/wp-content\\\/uploads\\\/sites\\\/3\\\/2025\\\/07\\\/Y0A6607_cropped.jpg\",\"width\":1333,\"height\":1015,\"caption\":\"BasicFill Emmervulmachine Bercomex\"},{\"@type\":\"BreadcrumbList\",\"@id\":\"https:\\\/\\\/bercomex.com\\\/es\\\/soluciones\\\/rellenador-de-recipientes\\\/basicfill\\\/#breadcrumb\",\"itemListElement\":[{\"@type\":\"ListItem\",\"position\":1,\"name\":\"Home\",\"item\":\"https:\\\/\\\/bercomex.com\\\/es\\\/\"},{\"@type\":\"ListItem\",\"position\":2,\"name\":\"La innovaci\u00f3n como motor\",\"item\":\"https:\\\/\\\/bercomex.com\\\/es\\\/soluciones\\\/\"},{\"@type\":\"ListItem\",\"position\":3,\"name\":\"Rellenador de recipientes\",\"item\":\"https:\\\/\\\/bercomex.com\\\/es\\\/soluciones\\\/rellenador-de-recipientes\\\/\"},{\"@type\":\"ListItem\",\"position\":4,\"name\":\"BasicFill\"}]},{\"@type\":\"WebSite\",\"@id\":\"https:\\\/\\\/bercomex.com\\\/es\\\/#website\",\"url\":\"https:\\\/\\\/bercomex.com\\\/es\\\/\",\"name\":\"Bercomex\",\"description\":\"Een Invaro\",\"potentialAction\":[{\"@type\":\"SearchAction\",\"target\":{\"@type\":\"EntryPoint\",\"urlTemplate\":\"https:\\\/\\\/bercomex.com\\\/es\\\/?s={search_term_string}\"},\"query-input\":{\"@type\":\"PropertyValueSpecification\",\"valueRequired\":true,\"valueName\":\"search_term_string\"}}],\"inLanguage\":\"es\"}]}<\/script>\n<!-- \/ Yoast SEO plugin. -->","yoast_head_json":{"title":"M\u00e1quina de llenado de cubos: BasicFill - Bercomex","description":"El llenador de baldes BasicFill llena sus baldes de forma totalmente autom\u00e1tica. De esta manera, siempre tiene la cantidad correcta de agua y acondicionador en su balde.","robots":{"index":"index","follow":"follow","max-snippet":"max-snippet:-1","max-image-preview":"max-image-preview:large","max-video-preview":"max-video-preview:-1"},"canonical":"https:\/\/bercomex.com\/es\/soluciones\/rellenador-de-recipientes\/basicfill\/","og_locale":"es_ES","og_type":"article","og_title":"M\u00e1quina de llenado de cubos: BasicFill - Bercomex","og_description":"El llenador de baldes BasicFill llena sus baldes de forma totalmente autom\u00e1tica. De esta manera, siempre tiene la cantidad correcta de agua y acondicionador en su balde.","og_url":"https:\/\/bercomex.com\/es\/soluciones\/rellenador-de-recipientes\/basicfill\/","og_site_name":"Bercomex","article_modified_time":"2026-03-20T16:12:38+00:00","og_image":[{"width":1333,"height":1015,"url":"https:\/\/bercomex.com\/wp-content\/uploads\/sites\/3\/2025\/07\/Y0A6607_cropped.jpg","type":"image\/jpeg"}],"twitter_card":"summary_large_image","twitter_misc":{"Tiempo de lectura":"1 minuto"},"schema":{"@context":"https:\/\/schema.org","@graph":[{"@type":"WebPage","@id":"https:\/\/bercomex.com\/es\/soluciones\/rellenador-de-recipientes\/basicfill\/","url":"https:\/\/bercomex.com\/es\/soluciones\/rellenador-de-recipientes\/basicfill\/","name":"M\u00e1quina de llenado de cubos: BasicFill - Bercomex","isPartOf":{"@id":"https:\/\/bercomex.com\/es\/#website"},"primaryImageOfPage":{"@id":"https:\/\/bercomex.com\/es\/soluciones\/rellenador-de-recipientes\/basicfill\/#primaryimage"},"image":{"@id":"https:\/\/bercomex.com\/es\/soluciones\/rellenador-de-recipientes\/basicfill\/#primaryimage"},"thumbnailUrl":"https:\/\/bercomex.com\/wp-content\/uploads\/sites\/3\/2025\/07\/Y0A6607_cropped.jpg","datePublished":"2018-11-19T09:10:02+00:00","dateModified":"2026-03-20T16:12:38+00:00","description":"El llenador de baldes BasicFill llena sus baldes de forma totalmente autom\u00e1tica. De esta manera, siempre tiene la cantidad correcta de agua y acondicionador en su balde.","breadcrumb":{"@id":"https:\/\/bercomex.com\/es\/soluciones\/rellenador-de-recipientes\/basicfill\/#breadcrumb"},"inLanguage":"es","potentialAction":[{"@type":"ReadAction","target":["https:\/\/bercomex.com\/es\/soluciones\/rellenador-de-recipientes\/basicfill\/"]}]},{"@type":"ImageObject","inLanguage":"es","@id":"https:\/\/bercomex.com\/es\/soluciones\/rellenador-de-recipientes\/basicfill\/#primaryimage","url":"https:\/\/bercomex.com\/wp-content\/uploads\/sites\/3\/2025\/07\/Y0A6607_cropped.jpg","contentUrl":"https:\/\/bercomex.com\/wp-content\/uploads\/sites\/3\/2025\/07\/Y0A6607_cropped.jpg","width":1333,"height":1015,"caption":"BasicFill Emmervulmachine Bercomex"},{"@type":"BreadcrumbList","@id":"https:\/\/bercomex.com\/es\/soluciones\/rellenador-de-recipientes\/basicfill\/#breadcrumb","itemListElement":[{"@type":"ListItem","position":1,"name":"Home","item":"https:\/\/bercomex.com\/es\/"},{"@type":"ListItem","position":2,"name":"La innovaci\u00f3n como motor","item":"https:\/\/bercomex.com\/es\/soluciones\/"},{"@type":"ListItem","position":3,"name":"Rellenador de recipientes","item":"https:\/\/bercomex.com\/es\/soluciones\/rellenador-de-recipientes\/"},{"@type":"ListItem","position":4,"name":"BasicFill"}]},{"@type":"WebSite","@id":"https:\/\/bercomex.com\/es\/#website","url":"https:\/\/bercomex.com\/es\/","name":"Bercomex","description":"Een Invaro","potentialAction":[{"@type":"SearchAction","target":{"@type":"EntryPoint","urlTemplate":"https:\/\/bercomex.com\/es\/?s={search_term_string}"},"query-input":{"@type":"PropertyValueSpecification","valueRequired":true,"valueName":"search_term_string"}}],"inLanguage":"es"}]}},"_links":{"self":[{"href":"https:\/\/bercomex.com\/es\/wp-json\/wp\/v2\/pages\/2165","targetHints":{"allow":["GET"]}}],"collection":[{"href":"https:\/\/bercomex.com\/es\/wp-json\/wp\/v2\/pages"}],"about":[{"href":"https:\/\/bercomex.com\/es\/wp-json\/wp\/v2\/types\/page"}],"author":[{"embeddable":true,"href":"https:\/\/bercomex.com\/es\/wp-json\/wp\/v2\/users\/2"}],"replies":[{"embeddable":true,"href":"https:\/\/bercomex.com\/es\/wp-json\/wp\/v2\/comments?post=2165"}],"version-history":[{"count":3,"href":"https:\/\/bercomex.com\/es\/wp-json\/wp\/v2\/pages\/2165\/revisions"}],"predecessor-version":[{"id":12089,"href":"https:\/\/bercomex.com\/es\/wp-json\/wp\/v2\/pages\/2165\/revisions\/12089"}],"up":[{"embeddable":true,"href":"https:\/\/bercomex.com\/es\/wp-json\/wp\/v2\/pages\/2077"}],"wp:featuredmedia":[{"embeddable":true,"href":"https:\/\/bercomex.com\/es\/wp-json\/wp\/v2\/media\/10759"}],"wp:attachment":[{"href":"https:\/\/bercomex.com\/es\/wp-json\/wp\/v2\/media?parent=2165"}],"curies":[{"name":"wp","href":"https:\/\/api.w.org\/{rel}","templated":true}]}}