{"id":2171,"date":"2018-11-20T15:06:19","date_gmt":"2018-11-20T15:06:19","guid":{"rendered":"https:\/\/bercomex.com\/soluciones\/rellenador-de-recipientes\/bucketfill-emmervuller\/"},"modified":"2026-03-20T16:11:44","modified_gmt":"2026-03-20T16:11:44","slug":"bucketfill","status":"publish","type":"page","link":"https:\/\/bercomex.com\/es\/soluciones\/rellenador-de-recipientes\/bucketfill\/","title":{"rendered":"BucketFill"},"content":{"rendered":"<h4>Suavidad<\/h4>\n<p>Los recipientes redondos que se colocan entre los pilares de desapilamiento se retiran de la pila con un movimiento suave y giratorio, mientras se sopla un flujo de aire entre los recipientes. Ya no habr\u00e1 problemas con los recipientes atascados. Adem\u00e1s, el recipiente se llena con agua y, si lo desea, el acondicionador se agregar\u00e1 simult\u00e1neamente desde una alimentaci\u00f3n separada. Esta alimentaci\u00f3n por separado evita la corrosi\u00f3n de las tuber\u00edas. Un proceso de llenado de recipientes r\u00e1pido y suave.<\/p>\n<h4>Sencillez<\/h4>\n<p>Ser\u00e1 un juego de ni\u00f1os gracias a que el rellenador de recipientes BucketFill cuenta con una pantalla t\u00e1ctil f\u00e1cil de operar. Como resultado, le ser\u00e1 muy f\u00e1cil cambiar entre cantidades de agua y acondicionador, o diferentes tama\u00f1os de recipientes. Gracias a la conexi\u00f3n a Internet, puede utilizar nuestro servicio en remoto. Esto permitir\u00e1 a nuestros colaboradores ver de inmediato lo que est\u00e1 sucediendo.<\/p>\n","protected":false},"excerpt":{"rendered":"<p>Suavidad Los recipientes redondos que se colocan entre los pilares de desapilamiento se retiran de la pila con un movimiento suave y giratorio, mientras se sopla un flujo de aire entre los recipientes. Ya no habr\u00e1 problemas con los recipientes&#8230;<\/p>\n","protected":false},"author":2,"featured_media":4539,"parent":2077,"menu_order":1,"comment_status":"closed","ping_status":"closed","template":"","meta":{"_acf_changed":false,"footnotes":""},"class_list":["post-2171","page","type-page","status-publish","has-post-thumbnail","hentry"],"acf":[],"yoast_head":"<!-- This site is optimized with the Yoast SEO plugin v27.3 - https:\/\/yoast.com\/product\/yoast-seo-wordpress\/ -->\n<title>M\u00e1quina de llenado de baldes BucketFill - Bercomex<\/title>\n<meta name=\"description\" content=\"La m\u00e1quina de llenado de baldes BucketFill desapila y llena sus baldes redondos a alta velocidad. \u00a1Un proceso de llenado de cubos r\u00e1pido y suave!\" \/>\n<meta name=\"robots\" content=\"index, follow, max-snippet:-1, max-image-preview:large, max-video-preview:-1\" \/>\n<link rel=\"canonical\" href=\"https:\/\/bercomex.com\/es\/soluciones\/rellenador-de-recipientes\/bucketfill\/\" \/>\n<meta property=\"og:locale\" content=\"es_ES\" \/>\n<meta property=\"og:type\" content=\"article\" \/>\n<meta property=\"og:title\" content=\"M\u00e1quina de llenado de baldes BucketFill - Bercomex\" \/>\n<meta property=\"og:description\" content=\"La m\u00e1quina de llenado de baldes BucketFill desapila y llena sus baldes redondos a alta velocidad. \u00a1Un proceso de llenado de cubos r\u00e1pido y suave!\" \/>\n<meta property=\"og:url\" content=\"https:\/\/bercomex.com\/es\/soluciones\/rellenador-de-recipientes\/bucketfill\/\" \/>\n<meta property=\"og:site_name\" content=\"Bercomex\" \/>\n<meta property=\"article:modified_time\" content=\"2026-03-20T16:11:44+00:00\" \/>\n<meta property=\"og:image\" content=\"https:\/\/bercomex.com\/wp-content\/uploads\/sites\/3\/2022\/06\/Headerbeelden-Bercom-2200x1000_vullers_3.jpg\" \/>\n\t<meta property=\"og:image:width\" content=\"2200\" \/>\n\t<meta property=\"og:image:height\" content=\"1000\" \/>\n\t<meta property=\"og:image:type\" content=\"image\/jpeg\" \/>\n<meta name=\"twitter:card\" content=\"summary_large_image\" \/>\n<meta name=\"twitter:label1\" content=\"Tiempo de lectura\" \/>\n\t<meta name=\"twitter:data1\" content=\"1 minuto\" \/>\n<script type=\"application\/ld+json\" class=\"yoast-schema-graph\">{\"@context\":\"https:\\\/\\\/schema.org\",\"@graph\":[{\"@type\":\"WebPage\",\"@id\":\"https:\\\/\\\/bercomex.com\\\/es\\\/soluciones\\\/rellenador-de-recipientes\\\/bucketfill\\\/\",\"url\":\"https:\\\/\\\/bercomex.com\\\/es\\\/soluciones\\\/rellenador-de-recipientes\\\/bucketfill\\\/\",\"name\":\"M\u00e1quina de llenado de baldes BucketFill - Bercomex\",\"isPartOf\":{\"@id\":\"https:\\\/\\\/bercomex.com\\\/es\\\/#website\"},\"primaryImageOfPage\":{\"@id\":\"https:\\\/\\\/bercomex.com\\\/es\\\/soluciones\\\/rellenador-de-recipientes\\\/bucketfill\\\/#primaryimage\"},\"image\":{\"@id\":\"https:\\\/\\\/bercomex.com\\\/es\\\/soluciones\\\/rellenador-de-recipientes\\\/bucketfill\\\/#primaryimage\"},\"thumbnailUrl\":\"https:\\\/\\\/bercomex.com\\\/wp-content\\\/uploads\\\/sites\\\/3\\\/2022\\\/06\\\/Headerbeelden-Bercom-2200x1000_vullers_3.jpg\",\"datePublished\":\"2018-11-20T15:06:19+00:00\",\"dateModified\":\"2026-03-20T16:11:44+00:00\",\"description\":\"La m\u00e1quina de llenado de baldes BucketFill desapila y llena sus baldes redondos a alta velocidad. \u00a1Un proceso de llenado de cubos r\u00e1pido y suave!\",\"breadcrumb\":{\"@id\":\"https:\\\/\\\/bercomex.com\\\/es\\\/soluciones\\\/rellenador-de-recipientes\\\/bucketfill\\\/#breadcrumb\"},\"inLanguage\":\"es\",\"potentialAction\":[{\"@type\":\"ReadAction\",\"target\":[\"https:\\\/\\\/bercomex.com\\\/es\\\/soluciones\\\/rellenador-de-recipientes\\\/bucketfill\\\/\"]}]},{\"@type\":\"ImageObject\",\"inLanguage\":\"es\",\"@id\":\"https:\\\/\\\/bercomex.com\\\/es\\\/soluciones\\\/rellenador-de-recipientes\\\/bucketfill\\\/#primaryimage\",\"url\":\"https:\\\/\\\/bercomex.com\\\/wp-content\\\/uploads\\\/sites\\\/3\\\/2022\\\/06\\\/Headerbeelden-Bercom-2200x1000_vullers_3.jpg\",\"contentUrl\":\"https:\\\/\\\/bercomex.com\\\/wp-content\\\/uploads\\\/sites\\\/3\\\/2022\\\/06\\\/Headerbeelden-Bercom-2200x1000_vullers_3.jpg\",\"width\":2200,\"height\":1000,\"caption\":\"Bercomex Emmervuller in actie\"},{\"@type\":\"BreadcrumbList\",\"@id\":\"https:\\\/\\\/bercomex.com\\\/es\\\/soluciones\\\/rellenador-de-recipientes\\\/bucketfill\\\/#breadcrumb\",\"itemListElement\":[{\"@type\":\"ListItem\",\"position\":1,\"name\":\"Home\",\"item\":\"https:\\\/\\\/bercomex.com\\\/es\\\/\"},{\"@type\":\"ListItem\",\"position\":2,\"name\":\"La innovaci\u00f3n como motor\",\"item\":\"https:\\\/\\\/bercomex.com\\\/es\\\/soluciones\\\/\"},{\"@type\":\"ListItem\",\"position\":3,\"name\":\"Rellenador de recipientes\",\"item\":\"https:\\\/\\\/bercomex.com\\\/es\\\/soluciones\\\/rellenador-de-recipientes\\\/\"},{\"@type\":\"ListItem\",\"position\":4,\"name\":\"BucketFill\"}]},{\"@type\":\"WebSite\",\"@id\":\"https:\\\/\\\/bercomex.com\\\/es\\\/#website\",\"url\":\"https:\\\/\\\/bercomex.com\\\/es\\\/\",\"name\":\"Bercomex\",\"description\":\"Een Invaro\",\"potentialAction\":[{\"@type\":\"SearchAction\",\"target\":{\"@type\":\"EntryPoint\",\"urlTemplate\":\"https:\\\/\\\/bercomex.com\\\/es\\\/?s={search_term_string}\"},\"query-input\":{\"@type\":\"PropertyValueSpecification\",\"valueRequired\":true,\"valueName\":\"search_term_string\"}}],\"inLanguage\":\"es\"}]}<\/script>\n<!-- \/ Yoast SEO plugin. -->","yoast_head_json":{"title":"M\u00e1quina de llenado de baldes BucketFill - Bercomex","description":"La m\u00e1quina de llenado de baldes BucketFill desapila y llena sus baldes redondos a alta velocidad. \u00a1Un proceso de llenado de cubos r\u00e1pido y suave!","robots":{"index":"index","follow":"follow","max-snippet":"max-snippet:-1","max-image-preview":"max-image-preview:large","max-video-preview":"max-video-preview:-1"},"canonical":"https:\/\/bercomex.com\/es\/soluciones\/rellenador-de-recipientes\/bucketfill\/","og_locale":"es_ES","og_type":"article","og_title":"M\u00e1quina de llenado de baldes BucketFill - Bercomex","og_description":"La m\u00e1quina de llenado de baldes BucketFill desapila y llena sus baldes redondos a alta velocidad. \u00a1Un proceso de llenado de cubos r\u00e1pido y suave!","og_url":"https:\/\/bercomex.com\/es\/soluciones\/rellenador-de-recipientes\/bucketfill\/","og_site_name":"Bercomex","article_modified_time":"2026-03-20T16:11:44+00:00","og_image":[{"width":2200,"height":1000,"url":"https:\/\/bercomex.com\/wp-content\/uploads\/sites\/3\/2022\/06\/Headerbeelden-Bercom-2200x1000_vullers_3.jpg","type":"image\/jpeg"}],"twitter_card":"summary_large_image","twitter_misc":{"Tiempo de lectura":"1 minuto"},"schema":{"@context":"https:\/\/schema.org","@graph":[{"@type":"WebPage","@id":"https:\/\/bercomex.com\/es\/soluciones\/rellenador-de-recipientes\/bucketfill\/","url":"https:\/\/bercomex.com\/es\/soluciones\/rellenador-de-recipientes\/bucketfill\/","name":"M\u00e1quina de llenado de baldes BucketFill - Bercomex","isPartOf":{"@id":"https:\/\/bercomex.com\/es\/#website"},"primaryImageOfPage":{"@id":"https:\/\/bercomex.com\/es\/soluciones\/rellenador-de-recipientes\/bucketfill\/#primaryimage"},"image":{"@id":"https:\/\/bercomex.com\/es\/soluciones\/rellenador-de-recipientes\/bucketfill\/#primaryimage"},"thumbnailUrl":"https:\/\/bercomex.com\/wp-content\/uploads\/sites\/3\/2022\/06\/Headerbeelden-Bercom-2200x1000_vullers_3.jpg","datePublished":"2018-11-20T15:06:19+00:00","dateModified":"2026-03-20T16:11:44+00:00","description":"La m\u00e1quina de llenado de baldes BucketFill desapila y llena sus baldes redondos a alta velocidad. \u00a1Un proceso de llenado de cubos r\u00e1pido y suave!","breadcrumb":{"@id":"https:\/\/bercomex.com\/es\/soluciones\/rellenador-de-recipientes\/bucketfill\/#breadcrumb"},"inLanguage":"es","potentialAction":[{"@type":"ReadAction","target":["https:\/\/bercomex.com\/es\/soluciones\/rellenador-de-recipientes\/bucketfill\/"]}]},{"@type":"ImageObject","inLanguage":"es","@id":"https:\/\/bercomex.com\/es\/soluciones\/rellenador-de-recipientes\/bucketfill\/#primaryimage","url":"https:\/\/bercomex.com\/wp-content\/uploads\/sites\/3\/2022\/06\/Headerbeelden-Bercom-2200x1000_vullers_3.jpg","contentUrl":"https:\/\/bercomex.com\/wp-content\/uploads\/sites\/3\/2022\/06\/Headerbeelden-Bercom-2200x1000_vullers_3.jpg","width":2200,"height":1000,"caption":"Bercomex Emmervuller in actie"},{"@type":"BreadcrumbList","@id":"https:\/\/bercomex.com\/es\/soluciones\/rellenador-de-recipientes\/bucketfill\/#breadcrumb","itemListElement":[{"@type":"ListItem","position":1,"name":"Home","item":"https:\/\/bercomex.com\/es\/"},{"@type":"ListItem","position":2,"name":"La innovaci\u00f3n como motor","item":"https:\/\/bercomex.com\/es\/soluciones\/"},{"@type":"ListItem","position":3,"name":"Rellenador de recipientes","item":"https:\/\/bercomex.com\/es\/soluciones\/rellenador-de-recipientes\/"},{"@type":"ListItem","position":4,"name":"BucketFill"}]},{"@type":"WebSite","@id":"https:\/\/bercomex.com\/es\/#website","url":"https:\/\/bercomex.com\/es\/","name":"Bercomex","description":"Een Invaro","potentialAction":[{"@type":"SearchAction","target":{"@type":"EntryPoint","urlTemplate":"https:\/\/bercomex.com\/es\/?s={search_term_string}"},"query-input":{"@type":"PropertyValueSpecification","valueRequired":true,"valueName":"search_term_string"}}],"inLanguage":"es"}]}},"_links":{"self":[{"href":"https:\/\/bercomex.com\/es\/wp-json\/wp\/v2\/pages\/2171","targetHints":{"allow":["GET"]}}],"collection":[{"href":"https:\/\/bercomex.com\/es\/wp-json\/wp\/v2\/pages"}],"about":[{"href":"https:\/\/bercomex.com\/es\/wp-json\/wp\/v2\/types\/page"}],"author":[{"embeddable":true,"href":"https:\/\/bercomex.com\/es\/wp-json\/wp\/v2\/users\/2"}],"replies":[{"embeddable":true,"href":"https:\/\/bercomex.com\/es\/wp-json\/wp\/v2\/comments?post=2171"}],"version-history":[{"count":2,"href":"https:\/\/bercomex.com\/es\/wp-json\/wp\/v2\/pages\/2171\/revisions"}],"predecessor-version":[{"id":12086,"href":"https:\/\/bercomex.com\/es\/wp-json\/wp\/v2\/pages\/2171\/revisions\/12086"}],"up":[{"embeddable":true,"href":"https:\/\/bercomex.com\/es\/wp-json\/wp\/v2\/pages\/2077"}],"wp:featuredmedia":[{"embeddable":true,"href":"https:\/\/bercomex.com\/es\/wp-json\/wp\/v2\/media\/4539"}],"wp:attachment":[{"href":"https:\/\/bercomex.com\/es\/wp-json\/wp\/v2\/media?parent=2171"}],"curies":[{"name":"wp","href":"https:\/\/api.w.org\/{rel}","templated":true}]}}