{"id":2178,"date":"2018-11-19T10:42:37","date_gmt":"2018-11-19T10:42:37","guid":{"rendered":"https:\/\/bercomex.com\/soluciones\/rellenador-de-recipientes\/multifill-emmervuller\/"},"modified":"2026-03-20T16:13:36","modified_gmt":"2026-03-20T16:13:36","slug":"multifill","status":"publish","type":"page","link":"https:\/\/bercomex.com\/es\/soluciones\/rellenador-de-recipientes\/multifill\/","title":{"rendered":"Multifill"},"content":{"rendered":"<h4>A la velocidad de la luz<\/h4>\n<p>Podr\u00e1 colocar la pila de bidones vac\u00edos en la cinta de alimentaci\u00f3n y MultiFill se encargar\u00e1 del resto. Gracias a los fuertes yugos de desapilamiento, con soporte de flujo de aire, los bidones se podr\u00e1n desapilar sin esfuerzo autom\u00e1ticamente. Posteriormente, se llenar\u00e1n de agua y, opcionalmente, se agregar\u00e1 el agente acondicionador a trav\u00e9s de una bomba dosificadora integrada. Los bidones llenos se llevan en una cinta de descarga uno por uno. \u00a1Los bidones estar\u00e1n listos para llenarlos de flores!<\/p>\n<h4>Rel\u00e1jese<\/h4>\n<p>Cambiar entre programas con solo presionar un bot\u00f3n. Podr\u00e1 cambiar el tipo de bid\u00f3n f\u00e1cilmente con la sencilla pantalla t\u00e1ctil. Esto le permitir\u00e1 concentrarse completamente en su procesamiento de flores y no tendr\u00e1 que preocuparse por configuraciones complicadas. Gracias a la conexi\u00f3n a Internet, tambi\u00e9n puede utilizar nuestro <a href=\"https:\/\/bercomex.com\/es\/soluciones\/software\/servicio-remoto\/\">servicio a distancia<\/a>. Esto tambi\u00e9n permite a nuestros colaboradores ver de inmediato lo que est\u00e1 sucediendo.<\/p>\n","protected":false},"excerpt":{"rendered":"<p>A la velocidad de la luz Podr\u00e1 colocar la pila de bidones vac\u00edos en la cinta de alimentaci\u00f3n y MultiFill se encargar\u00e1 del resto. Gracias a los fuertes yugos de desapilamiento, con soporte de flujo de aire, los bidones se&#8230;<\/p>\n","protected":false},"author":2,"featured_media":6551,"parent":2077,"menu_order":3,"comment_status":"closed","ping_status":"closed","template":"","meta":{"_acf_changed":false,"footnotes":""},"class_list":["post-2178","page","type-page","status-publish","has-post-thumbnail","hentry"],"acf":[],"yoast_head":"<!-- This site is optimized with the Yoast SEO plugin v27.3 - https:\/\/yoast.com\/product\/yoast-seo-wordpress\/ -->\n<title>M\u00e1quina de llenado de cubos: Multifill - Bercomex<\/title>\n<meta name=\"description\" content=\"La llenadora de baldes MultiFill completamente autom\u00e1tica, desapila, llena y elimina todo tipo de contenedores de subasta. \u00a1Listo para llenar los barriles con flores!\" \/>\n<meta name=\"robots\" content=\"index, follow, max-snippet:-1, max-image-preview:large, max-video-preview:-1\" \/>\n<link rel=\"canonical\" href=\"https:\/\/bercomex.com\/es\/soluciones\/rellenador-de-recipientes\/multifill\/\" \/>\n<meta property=\"og:locale\" content=\"es_ES\" \/>\n<meta property=\"og:type\" content=\"article\" \/>\n<meta property=\"og:title\" content=\"M\u00e1quina de llenado de cubos: Multifill - Bercomex\" \/>\n<meta property=\"og:description\" content=\"La llenadora de baldes MultiFill completamente autom\u00e1tica, desapila, llena y elimina todo tipo de contenedores de subasta. \u00a1Listo para llenar los barriles con flores!\" \/>\n<meta property=\"og:url\" content=\"https:\/\/bercomex.com\/es\/soluciones\/rellenador-de-recipientes\/multifill\/\" \/>\n<meta property=\"og:site_name\" content=\"Bercomex\" \/>\n<meta property=\"article:modified_time\" content=\"2026-03-20T16:13:36+00:00\" \/>\n<meta property=\"og:image\" content=\"https:\/\/bercomex.com\/wp-content\/uploads\/sites\/3\/2023\/07\/Header-Bercomex-Multifill-2200x1000-1.jpg\" \/>\n\t<meta property=\"og:image:width\" content=\"2200\" \/>\n\t<meta property=\"og:image:height\" content=\"1000\" \/>\n\t<meta property=\"og:image:type\" content=\"image\/jpeg\" \/>\n<meta name=\"twitter:card\" content=\"summary_large_image\" \/>\n<meta name=\"twitter:label1\" content=\"Tiempo de lectura\" \/>\n\t<meta name=\"twitter:data1\" content=\"1 minuto\" \/>\n<script type=\"application\/ld+json\" class=\"yoast-schema-graph\">{\"@context\":\"https:\\\/\\\/schema.org\",\"@graph\":[{\"@type\":\"WebPage\",\"@id\":\"https:\\\/\\\/bercomex.com\\\/es\\\/soluciones\\\/rellenador-de-recipientes\\\/multifill\\\/\",\"url\":\"https:\\\/\\\/bercomex.com\\\/es\\\/soluciones\\\/rellenador-de-recipientes\\\/multifill\\\/\",\"name\":\"M\u00e1quina de llenado de cubos: Multifill - Bercomex\",\"isPartOf\":{\"@id\":\"https:\\\/\\\/bercomex.com\\\/es\\\/#website\"},\"primaryImageOfPage\":{\"@id\":\"https:\\\/\\\/bercomex.com\\\/es\\\/soluciones\\\/rellenador-de-recipientes\\\/multifill\\\/#primaryimage\"},\"image\":{\"@id\":\"https:\\\/\\\/bercomex.com\\\/es\\\/soluciones\\\/rellenador-de-recipientes\\\/multifill\\\/#primaryimage\"},\"thumbnailUrl\":\"https:\\\/\\\/bercomex.com\\\/wp-content\\\/uploads\\\/sites\\\/3\\\/2023\\\/07\\\/Header-Bercomex-Multifill-2200x1000-1.jpg\",\"datePublished\":\"2018-11-19T10:42:37+00:00\",\"dateModified\":\"2026-03-20T16:13:36+00:00\",\"description\":\"La llenadora de baldes MultiFill completamente autom\u00e1tica, desapila, llena y elimina todo tipo de contenedores de subasta. \u00a1Listo para llenar los barriles con flores!\",\"breadcrumb\":{\"@id\":\"https:\\\/\\\/bercomex.com\\\/es\\\/soluciones\\\/rellenador-de-recipientes\\\/multifill\\\/#breadcrumb\"},\"inLanguage\":\"es\",\"potentialAction\":[{\"@type\":\"ReadAction\",\"target\":[\"https:\\\/\\\/bercomex.com\\\/es\\\/soluciones\\\/rellenador-de-recipientes\\\/multifill\\\/\"]}]},{\"@type\":\"ImageObject\",\"inLanguage\":\"es\",\"@id\":\"https:\\\/\\\/bercomex.com\\\/es\\\/soluciones\\\/rellenador-de-recipientes\\\/multifill\\\/#primaryimage\",\"url\":\"https:\\\/\\\/bercomex.com\\\/wp-content\\\/uploads\\\/sites\\\/3\\\/2023\\\/07\\\/Header-Bercomex-Multifill-2200x1000-1.jpg\",\"contentUrl\":\"https:\\\/\\\/bercomex.com\\\/wp-content\\\/uploads\\\/sites\\\/3\\\/2023\\\/07\\\/Header-Bercomex-Multifill-2200x1000-1.jpg\",\"width\":2200,\"height\":1000,\"caption\":\"MultiFill Emmervuller in actie\"},{\"@type\":\"BreadcrumbList\",\"@id\":\"https:\\\/\\\/bercomex.com\\\/es\\\/soluciones\\\/rellenador-de-recipientes\\\/multifill\\\/#breadcrumb\",\"itemListElement\":[{\"@type\":\"ListItem\",\"position\":1,\"name\":\"Home\",\"item\":\"https:\\\/\\\/bercomex.com\\\/es\\\/\"},{\"@type\":\"ListItem\",\"position\":2,\"name\":\"La innovaci\u00f3n como motor\",\"item\":\"https:\\\/\\\/bercomex.com\\\/es\\\/soluciones\\\/\"},{\"@type\":\"ListItem\",\"position\":3,\"name\":\"Rellenador de recipientes\",\"item\":\"https:\\\/\\\/bercomex.com\\\/es\\\/soluciones\\\/rellenador-de-recipientes\\\/\"},{\"@type\":\"ListItem\",\"position\":4,\"name\":\"Multifill\"}]},{\"@type\":\"WebSite\",\"@id\":\"https:\\\/\\\/bercomex.com\\\/es\\\/#website\",\"url\":\"https:\\\/\\\/bercomex.com\\\/es\\\/\",\"name\":\"Bercomex\",\"description\":\"Een Invaro\",\"potentialAction\":[{\"@type\":\"SearchAction\",\"target\":{\"@type\":\"EntryPoint\",\"urlTemplate\":\"https:\\\/\\\/bercomex.com\\\/es\\\/?s={search_term_string}\"},\"query-input\":{\"@type\":\"PropertyValueSpecification\",\"valueRequired\":true,\"valueName\":\"search_term_string\"}}],\"inLanguage\":\"es\"}]}<\/script>\n<!-- \/ Yoast SEO plugin. -->","yoast_head_json":{"title":"M\u00e1quina de llenado de cubos: Multifill - Bercomex","description":"La llenadora de baldes MultiFill completamente autom\u00e1tica, desapila, llena y elimina todo tipo de contenedores de subasta. \u00a1Listo para llenar los barriles con flores!","robots":{"index":"index","follow":"follow","max-snippet":"max-snippet:-1","max-image-preview":"max-image-preview:large","max-video-preview":"max-video-preview:-1"},"canonical":"https:\/\/bercomex.com\/es\/soluciones\/rellenador-de-recipientes\/multifill\/","og_locale":"es_ES","og_type":"article","og_title":"M\u00e1quina de llenado de cubos: Multifill - Bercomex","og_description":"La llenadora de baldes MultiFill completamente autom\u00e1tica, desapila, llena y elimina todo tipo de contenedores de subasta. \u00a1Listo para llenar los barriles con flores!","og_url":"https:\/\/bercomex.com\/es\/soluciones\/rellenador-de-recipientes\/multifill\/","og_site_name":"Bercomex","article_modified_time":"2026-03-20T16:13:36+00:00","og_image":[{"width":2200,"height":1000,"url":"https:\/\/bercomex.com\/wp-content\/uploads\/sites\/3\/2023\/07\/Header-Bercomex-Multifill-2200x1000-1.jpg","type":"image\/jpeg"}],"twitter_card":"summary_large_image","twitter_misc":{"Tiempo de lectura":"1 minuto"},"schema":{"@context":"https:\/\/schema.org","@graph":[{"@type":"WebPage","@id":"https:\/\/bercomex.com\/es\/soluciones\/rellenador-de-recipientes\/multifill\/","url":"https:\/\/bercomex.com\/es\/soluciones\/rellenador-de-recipientes\/multifill\/","name":"M\u00e1quina de llenado de cubos: Multifill - Bercomex","isPartOf":{"@id":"https:\/\/bercomex.com\/es\/#website"},"primaryImageOfPage":{"@id":"https:\/\/bercomex.com\/es\/soluciones\/rellenador-de-recipientes\/multifill\/#primaryimage"},"image":{"@id":"https:\/\/bercomex.com\/es\/soluciones\/rellenador-de-recipientes\/multifill\/#primaryimage"},"thumbnailUrl":"https:\/\/bercomex.com\/wp-content\/uploads\/sites\/3\/2023\/07\/Header-Bercomex-Multifill-2200x1000-1.jpg","datePublished":"2018-11-19T10:42:37+00:00","dateModified":"2026-03-20T16:13:36+00:00","description":"La llenadora de baldes MultiFill completamente autom\u00e1tica, desapila, llena y elimina todo tipo de contenedores de subasta. \u00a1Listo para llenar los barriles con flores!","breadcrumb":{"@id":"https:\/\/bercomex.com\/es\/soluciones\/rellenador-de-recipientes\/multifill\/#breadcrumb"},"inLanguage":"es","potentialAction":[{"@type":"ReadAction","target":["https:\/\/bercomex.com\/es\/soluciones\/rellenador-de-recipientes\/multifill\/"]}]},{"@type":"ImageObject","inLanguage":"es","@id":"https:\/\/bercomex.com\/es\/soluciones\/rellenador-de-recipientes\/multifill\/#primaryimage","url":"https:\/\/bercomex.com\/wp-content\/uploads\/sites\/3\/2023\/07\/Header-Bercomex-Multifill-2200x1000-1.jpg","contentUrl":"https:\/\/bercomex.com\/wp-content\/uploads\/sites\/3\/2023\/07\/Header-Bercomex-Multifill-2200x1000-1.jpg","width":2200,"height":1000,"caption":"MultiFill Emmervuller in actie"},{"@type":"BreadcrumbList","@id":"https:\/\/bercomex.com\/es\/soluciones\/rellenador-de-recipientes\/multifill\/#breadcrumb","itemListElement":[{"@type":"ListItem","position":1,"name":"Home","item":"https:\/\/bercomex.com\/es\/"},{"@type":"ListItem","position":2,"name":"La innovaci\u00f3n como motor","item":"https:\/\/bercomex.com\/es\/soluciones\/"},{"@type":"ListItem","position":3,"name":"Rellenador de recipientes","item":"https:\/\/bercomex.com\/es\/soluciones\/rellenador-de-recipientes\/"},{"@type":"ListItem","position":4,"name":"Multifill"}]},{"@type":"WebSite","@id":"https:\/\/bercomex.com\/es\/#website","url":"https:\/\/bercomex.com\/es\/","name":"Bercomex","description":"Een Invaro","potentialAction":[{"@type":"SearchAction","target":{"@type":"EntryPoint","urlTemplate":"https:\/\/bercomex.com\/es\/?s={search_term_string}"},"query-input":{"@type":"PropertyValueSpecification","valueRequired":true,"valueName":"search_term_string"}}],"inLanguage":"es"}]}},"_links":{"self":[{"href":"https:\/\/bercomex.com\/es\/wp-json\/wp\/v2\/pages\/2178","targetHints":{"allow":["GET"]}}],"collection":[{"href":"https:\/\/bercomex.com\/es\/wp-json\/wp\/v2\/pages"}],"about":[{"href":"https:\/\/bercomex.com\/es\/wp-json\/wp\/v2\/types\/page"}],"author":[{"embeddable":true,"href":"https:\/\/bercomex.com\/es\/wp-json\/wp\/v2\/users\/2"}],"replies":[{"embeddable":true,"href":"https:\/\/bercomex.com\/es\/wp-json\/wp\/v2\/comments?post=2178"}],"version-history":[{"count":10,"href":"https:\/\/bercomex.com\/es\/wp-json\/wp\/v2\/pages\/2178\/revisions"}],"predecessor-version":[{"id":12092,"href":"https:\/\/bercomex.com\/es\/wp-json\/wp\/v2\/pages\/2178\/revisions\/12092"}],"up":[{"embeddable":true,"href":"https:\/\/bercomex.com\/es\/wp-json\/wp\/v2\/pages\/2077"}],"wp:featuredmedia":[{"embeddable":true,"href":"https:\/\/bercomex.com\/es\/wp-json\/wp\/v2\/media\/6551"}],"wp:attachment":[{"href":"https:\/\/bercomex.com\/es\/wp-json\/wp\/v2\/media?parent=2178"}],"curies":[{"name":"wp","href":"https:\/\/api.w.org\/{rel}","templated":true}]}}