{"id":2184,"date":"2018-11-19T10:48:26","date_gmt":"2018-11-19T10:48:26","guid":{"rendered":"https:\/\/bercomex.com\/soluciones\/maquinas-de-atado-y-cuerdas-elasticas\/bindelastiek\/"},"modified":"2026-03-20T16:03:08","modified_gmt":"2026-03-20T16:03:08","slug":"cuerdas-elasticas-de-sujecion","status":"publish","type":"page","link":"https:\/\/bercomex.com\/es\/soluciones\/maquinas-de-atado-y-cuerdas-elasticas\/cuerdas-elasticas-de-sujecion\/","title":{"rendered":"Cuerdas el\u00e1sticas de sujeci\u00f3n"},"content":{"rendered":"<h4>Fiable y duradero<\/h4>\n<p>Nuestra goma el\u00e1stica para atar ofrece hasta un 30 % m\u00e1s de elasticidad que la goma est\u00e1ndar. Esto minimiza el riesgo de rotura, aumenta el n\u00famero de atados por rollo y evita da\u00f1os en los tallos de las flores. El recubrimiento de nailon protege la goma y la hace m\u00e1s resistente. Para garantizar una calidad constante, probamos continuamente la goma en nuestras propias m\u00e1quinas.<\/p>\n<h4>Combinaci\u00f3n perfecta con nuestras atadoras<\/h4>\n<p>Para un rendimiento \u00f3ptimo, recomendamos utilizar la goma el\u00e1stica Bercomex junto con una de nuestras m\u00e1quinas atadoras. Esto garantiza una tensi\u00f3n uniforme, un atado perfecto y una mayor velocidad de procesamiento. \u00bfElegir\u00e1 la fiable <a href=\"https:\/\/bercomex.com\/es\/soluciones\/maquinas-de-atado-y-cuerdas-elasticas\/maquina-de-atado-tyson\/\">Tyson Binder<\/a> o la <a href=\"https:\/\/bercomex.com\/es\/soluciones\/maquinas-de-atado-y-cuerdas-elasticas\/maquina-de-atado-chrymo-combi\/\">Chrymo Combi Binder<\/a>, que tambi\u00e9n puede a\u00f1adir sobres de conservante para flores?<\/p>\n<h4>Asesoramiento y pedidos<\/h4>\n<p>\u00bfQuiere lograr una mayor calidad de atado? Estaremos encantados de asesorarle sobre los ajustes ideales de la m\u00e1quina atadora y la goma. Puede realizar su pedido a trav\u00e9s de <a href=\"mailto:service@bercomex.com\">service@bercomex.com<\/a> o mediante uno de nuestros socios comerciales que figuran en la lista de la derecha.<br \/>\n\u00bfDesea cambiar de rollo con menos frecuencia? Elija entonces el <a href=\"https:\/\/bercomex.com\/es\/soluciones\/maquinas-de-atado-y-cuerdas-elasticas\/jumbo-cone\/\">Jumbo Cone<\/a>, con cuatro veces m\u00e1s goma que el rollo est\u00e1ndar.<\/p>\n","protected":false},"excerpt":{"rendered":"<p>Fiable y duradero Nuestra goma el\u00e1stica para atar ofrece hasta un 30 % m\u00e1s de elasticidad que la goma est\u00e1ndar. Esto minimiza el riesgo de rotura, aumenta el n\u00famero de atados por rollo y evita da\u00f1os en los tallos de&#8230;<\/p>\n","protected":false},"author":2,"featured_media":2186,"parent":2056,"menu_order":5,"comment_status":"closed","ping_status":"closed","template":"","meta":{"_acf_changed":false,"footnotes":""},"class_list":["post-2184","page","type-page","status-publish","has-post-thumbnail","hentry"],"acf":[],"yoast_head":"<!-- This site is optimized with the Yoast SEO plugin v27.3 - https:\/\/yoast.com\/product\/yoast-seo-wordpress\/ -->\n<title>Goma el\u00e1stica Bercomex \u2013 resistente y de alto rendimiento<\/title>\n<meta name=\"description\" content=\"Descubra la goma el\u00e1stica Bercomex con un 30 % m\u00e1s de elasticidad. Resistente, fiable y perfecta para nuestras atadoras. Tambi\u00e9n en formato Jumbo Cone.\" \/>\n<meta name=\"robots\" content=\"index, follow, max-snippet:-1, max-image-preview:large, max-video-preview:-1\" \/>\n<link rel=\"canonical\" href=\"https:\/\/bercomex.com\/es\/soluciones\/maquinas-de-atado-y-cuerdas-elasticas\/cuerdas-elasticas-de-sujecion\/\" \/>\n<meta property=\"og:locale\" content=\"es_ES\" \/>\n<meta property=\"og:type\" content=\"article\" \/>\n<meta property=\"og:title\" content=\"Goma el\u00e1stica Bercomex \u2013 resistente y de alto rendimiento\" \/>\n<meta property=\"og:description\" content=\"Descubra la goma el\u00e1stica Bercomex con un 30 % m\u00e1s de elasticidad. Resistente, fiable y perfecta para nuestras atadoras. Tambi\u00e9n en formato Jumbo Cone.\" \/>\n<meta property=\"og:url\" content=\"https:\/\/bercomex.com\/es\/soluciones\/maquinas-de-atado-y-cuerdas-elasticas\/cuerdas-elasticas-de-sujecion\/\" \/>\n<meta property=\"og:site_name\" content=\"Bercomex\" \/>\n<meta property=\"article:modified_time\" content=\"2026-03-20T16:03:08+00:00\" \/>\n<meta property=\"og:image\" content=\"https:\/\/bercomex.com\/wp-content\/uploads\/sites\/3\/2018\/12\/elastiek.jpg\" \/>\n\t<meta property=\"og:image:width\" content=\"2079\" \/>\n\t<meta property=\"og:image:height\" content=\"1485\" \/>\n\t<meta property=\"og:image:type\" content=\"image\/jpeg\" \/>\n<meta name=\"twitter:card\" content=\"summary_large_image\" \/>\n<meta name=\"twitter:label1\" content=\"Tiempo de lectura\" \/>\n\t<meta name=\"twitter:data1\" content=\"2 minutos\" \/>\n<script type=\"application\/ld+json\" class=\"yoast-schema-graph\">{\"@context\":\"https:\\\/\\\/schema.org\",\"@graph\":[{\"@type\":\"WebPage\",\"@id\":\"https:\\\/\\\/bercomex.com\\\/es\\\/soluciones\\\/maquinas-de-atado-y-cuerdas-elasticas\\\/cuerdas-elasticas-de-sujecion\\\/\",\"url\":\"https:\\\/\\\/bercomex.com\\\/es\\\/soluciones\\\/maquinas-de-atado-y-cuerdas-elasticas\\\/cuerdas-elasticas-de-sujecion\\\/\",\"name\":\"Goma el\u00e1stica Bercomex \u2013 resistente y de alto rendimiento\",\"isPartOf\":{\"@id\":\"https:\\\/\\\/bercomex.com\\\/es\\\/#website\"},\"primaryImageOfPage\":{\"@id\":\"https:\\\/\\\/bercomex.com\\\/es\\\/soluciones\\\/maquinas-de-atado-y-cuerdas-elasticas\\\/cuerdas-elasticas-de-sujecion\\\/#primaryimage\"},\"image\":{\"@id\":\"https:\\\/\\\/bercomex.com\\\/es\\\/soluciones\\\/maquinas-de-atado-y-cuerdas-elasticas\\\/cuerdas-elasticas-de-sujecion\\\/#primaryimage\"},\"thumbnailUrl\":\"https:\\\/\\\/bercomex.com\\\/wp-content\\\/uploads\\\/sites\\\/3\\\/2018\\\/12\\\/elastiek.jpg\",\"datePublished\":\"2018-11-19T10:48:26+00:00\",\"dateModified\":\"2026-03-20T16:03:08+00:00\",\"description\":\"Descubra la goma el\u00e1stica Bercomex con un 30 % m\u00e1s de elasticidad. Resistente, fiable y perfecta para nuestras atadoras. Tambi\u00e9n en formato Jumbo Cone.\",\"breadcrumb\":{\"@id\":\"https:\\\/\\\/bercomex.com\\\/es\\\/soluciones\\\/maquinas-de-atado-y-cuerdas-elasticas\\\/cuerdas-elasticas-de-sujecion\\\/#breadcrumb\"},\"inLanguage\":\"es\",\"potentialAction\":[{\"@type\":\"ReadAction\",\"target\":[\"https:\\\/\\\/bercomex.com\\\/es\\\/soluciones\\\/maquinas-de-atado-y-cuerdas-elasticas\\\/cuerdas-elasticas-de-sujecion\\\/\"]}]},{\"@type\":\"ImageObject\",\"inLanguage\":\"es\",\"@id\":\"https:\\\/\\\/bercomex.com\\\/es\\\/soluciones\\\/maquinas-de-atado-y-cuerdas-elasticas\\\/cuerdas-elasticas-de-sujecion\\\/#primaryimage\",\"url\":\"https:\\\/\\\/bercomex.com\\\/wp-content\\\/uploads\\\/sites\\\/3\\\/2018\\\/12\\\/elastiek.jpg\",\"contentUrl\":\"https:\\\/\\\/bercomex.com\\\/wp-content\\\/uploads\\\/sites\\\/3\\\/2018\\\/12\\\/elastiek.jpg\",\"width\":2079,\"height\":1485,\"caption\":\"Bindelastiek Bercomex\"},{\"@type\":\"BreadcrumbList\",\"@id\":\"https:\\\/\\\/bercomex.com\\\/es\\\/soluciones\\\/maquinas-de-atado-y-cuerdas-elasticas\\\/cuerdas-elasticas-de-sujecion\\\/#breadcrumb\",\"itemListElement\":[{\"@type\":\"ListItem\",\"position\":1,\"name\":\"Home\",\"item\":\"https:\\\/\\\/bercomex.com\\\/es\\\/\"},{\"@type\":\"ListItem\",\"position\":2,\"name\":\"La innovaci\u00f3n como motor\",\"item\":\"https:\\\/\\\/bercomex.com\\\/es\\\/soluciones\\\/\"},{\"@type\":\"ListItem\",\"position\":3,\"name\":\"M\u00e1quinas de atado y cuerdas el\u00e1sticas\",\"item\":\"https:\\\/\\\/bercomex.com\\\/es\\\/soluciones\\\/maquinas-de-atado-y-cuerdas-elasticas\\\/\"},{\"@type\":\"ListItem\",\"position\":4,\"name\":\"Cuerdas el\u00e1sticas de sujeci\u00f3n\"}]},{\"@type\":\"WebSite\",\"@id\":\"https:\\\/\\\/bercomex.com\\\/es\\\/#website\",\"url\":\"https:\\\/\\\/bercomex.com\\\/es\\\/\",\"name\":\"Bercomex\",\"description\":\"Een Invaro\",\"potentialAction\":[{\"@type\":\"SearchAction\",\"target\":{\"@type\":\"EntryPoint\",\"urlTemplate\":\"https:\\\/\\\/bercomex.com\\\/es\\\/?s={search_term_string}\"},\"query-input\":{\"@type\":\"PropertyValueSpecification\",\"valueRequired\":true,\"valueName\":\"search_term_string\"}}],\"inLanguage\":\"es\"}]}<\/script>\n<!-- \/ Yoast SEO plugin. -->","yoast_head_json":{"title":"Goma el\u00e1stica Bercomex \u2013 resistente y de alto rendimiento","description":"Descubra la goma el\u00e1stica Bercomex con un 30 % m\u00e1s de elasticidad. Resistente, fiable y perfecta para nuestras atadoras. Tambi\u00e9n en formato Jumbo Cone.","robots":{"index":"index","follow":"follow","max-snippet":"max-snippet:-1","max-image-preview":"max-image-preview:large","max-video-preview":"max-video-preview:-1"},"canonical":"https:\/\/bercomex.com\/es\/soluciones\/maquinas-de-atado-y-cuerdas-elasticas\/cuerdas-elasticas-de-sujecion\/","og_locale":"es_ES","og_type":"article","og_title":"Goma el\u00e1stica Bercomex \u2013 resistente y de alto rendimiento","og_description":"Descubra la goma el\u00e1stica Bercomex con un 30 % m\u00e1s de elasticidad. Resistente, fiable y perfecta para nuestras atadoras. Tambi\u00e9n en formato Jumbo Cone.","og_url":"https:\/\/bercomex.com\/es\/soluciones\/maquinas-de-atado-y-cuerdas-elasticas\/cuerdas-elasticas-de-sujecion\/","og_site_name":"Bercomex","article_modified_time":"2026-03-20T16:03:08+00:00","og_image":[{"width":2079,"height":1485,"url":"https:\/\/bercomex.com\/wp-content\/uploads\/sites\/3\/2018\/12\/elastiek.jpg","type":"image\/jpeg"}],"twitter_card":"summary_large_image","twitter_misc":{"Tiempo de lectura":"2 minutos"},"schema":{"@context":"https:\/\/schema.org","@graph":[{"@type":"WebPage","@id":"https:\/\/bercomex.com\/es\/soluciones\/maquinas-de-atado-y-cuerdas-elasticas\/cuerdas-elasticas-de-sujecion\/","url":"https:\/\/bercomex.com\/es\/soluciones\/maquinas-de-atado-y-cuerdas-elasticas\/cuerdas-elasticas-de-sujecion\/","name":"Goma el\u00e1stica Bercomex \u2013 resistente y de alto rendimiento","isPartOf":{"@id":"https:\/\/bercomex.com\/es\/#website"},"primaryImageOfPage":{"@id":"https:\/\/bercomex.com\/es\/soluciones\/maquinas-de-atado-y-cuerdas-elasticas\/cuerdas-elasticas-de-sujecion\/#primaryimage"},"image":{"@id":"https:\/\/bercomex.com\/es\/soluciones\/maquinas-de-atado-y-cuerdas-elasticas\/cuerdas-elasticas-de-sujecion\/#primaryimage"},"thumbnailUrl":"https:\/\/bercomex.com\/wp-content\/uploads\/sites\/3\/2018\/12\/elastiek.jpg","datePublished":"2018-11-19T10:48:26+00:00","dateModified":"2026-03-20T16:03:08+00:00","description":"Descubra la goma el\u00e1stica Bercomex con un 30 % m\u00e1s de elasticidad. Resistente, fiable y perfecta para nuestras atadoras. Tambi\u00e9n en formato Jumbo Cone.","breadcrumb":{"@id":"https:\/\/bercomex.com\/es\/soluciones\/maquinas-de-atado-y-cuerdas-elasticas\/cuerdas-elasticas-de-sujecion\/#breadcrumb"},"inLanguage":"es","potentialAction":[{"@type":"ReadAction","target":["https:\/\/bercomex.com\/es\/soluciones\/maquinas-de-atado-y-cuerdas-elasticas\/cuerdas-elasticas-de-sujecion\/"]}]},{"@type":"ImageObject","inLanguage":"es","@id":"https:\/\/bercomex.com\/es\/soluciones\/maquinas-de-atado-y-cuerdas-elasticas\/cuerdas-elasticas-de-sujecion\/#primaryimage","url":"https:\/\/bercomex.com\/wp-content\/uploads\/sites\/3\/2018\/12\/elastiek.jpg","contentUrl":"https:\/\/bercomex.com\/wp-content\/uploads\/sites\/3\/2018\/12\/elastiek.jpg","width":2079,"height":1485,"caption":"Bindelastiek Bercomex"},{"@type":"BreadcrumbList","@id":"https:\/\/bercomex.com\/es\/soluciones\/maquinas-de-atado-y-cuerdas-elasticas\/cuerdas-elasticas-de-sujecion\/#breadcrumb","itemListElement":[{"@type":"ListItem","position":1,"name":"Home","item":"https:\/\/bercomex.com\/es\/"},{"@type":"ListItem","position":2,"name":"La innovaci\u00f3n como motor","item":"https:\/\/bercomex.com\/es\/soluciones\/"},{"@type":"ListItem","position":3,"name":"M\u00e1quinas de atado y cuerdas el\u00e1sticas","item":"https:\/\/bercomex.com\/es\/soluciones\/maquinas-de-atado-y-cuerdas-elasticas\/"},{"@type":"ListItem","position":4,"name":"Cuerdas el\u00e1sticas de sujeci\u00f3n"}]},{"@type":"WebSite","@id":"https:\/\/bercomex.com\/es\/#website","url":"https:\/\/bercomex.com\/es\/","name":"Bercomex","description":"Een Invaro","potentialAction":[{"@type":"SearchAction","target":{"@type":"EntryPoint","urlTemplate":"https:\/\/bercomex.com\/es\/?s={search_term_string}"},"query-input":{"@type":"PropertyValueSpecification","valueRequired":true,"valueName":"search_term_string"}}],"inLanguage":"es"}]}},"_links":{"self":[{"href":"https:\/\/bercomex.com\/es\/wp-json\/wp\/v2\/pages\/2184","targetHints":{"allow":["GET"]}}],"collection":[{"href":"https:\/\/bercomex.com\/es\/wp-json\/wp\/v2\/pages"}],"about":[{"href":"https:\/\/bercomex.com\/es\/wp-json\/wp\/v2\/types\/page"}],"author":[{"embeddable":true,"href":"https:\/\/bercomex.com\/es\/wp-json\/wp\/v2\/users\/2"}],"replies":[{"embeddable":true,"href":"https:\/\/bercomex.com\/es\/wp-json\/wp\/v2\/comments?post=2184"}],"version-history":[{"count":6,"href":"https:\/\/bercomex.com\/es\/wp-json\/wp\/v2\/pages\/2184\/revisions"}],"predecessor-version":[{"id":12070,"href":"https:\/\/bercomex.com\/es\/wp-json\/wp\/v2\/pages\/2184\/revisions\/12070"}],"up":[{"embeddable":true,"href":"https:\/\/bercomex.com\/es\/wp-json\/wp\/v2\/pages\/2056"}],"wp:featuredmedia":[{"embeddable":true,"href":"https:\/\/bercomex.com\/es\/wp-json\/wp\/v2\/media\/2186"}],"wp:attachment":[{"href":"https:\/\/bercomex.com\/es\/wp-json\/wp\/v2\/media?parent=2184"}],"curies":[{"name":"wp","href":"https:\/\/api.w.org\/{rel}","templated":true}]}}