{"id":2853,"date":"2020-05-05T07:17:32","date_gmt":"2020-05-05T07:17:32","guid":{"rendered":"https:\/\/bercomex.com\/?page_id=2853"},"modified":"2026-03-20T16:10:08","modified_gmt":"2026-03-20T16:10:08","slug":"servicio-remoto","status":"publish","type":"page","link":"https:\/\/bercomex.com\/es\/soluciones\/software\/servicio-remoto\/","title":{"rendered":"Servicio remoto seguro &#8211; Ayuda a distancia"},"content":{"rendered":"<h4><strong>Determine el problema r\u00e1pidamente<\/strong><\/h4>\n<p>Despu\u00e9s de su llamada, nuestros especialistas en software inician sesi\u00f3n directamente en su m\u00e1quina. Tambi\u00e9n es posible compartir las pantallas. A trav\u00e9s de nuestras amplias herramientas de visualizaci\u00f3n, tenemos una visi\u00f3n precisa de la configuraci\u00f3n y las piezas de su m\u00e1quina. Podemos ver de inmediato qu\u00e9 parte causa la falla. El problema se puede determinar con mayor precisi\u00f3n. Por lo general, con nuestra asistencia telef\u00f3nica, el problema puede solucionarlo usted mismo directamente. Si no, le enviaremos un t\u00e9cnico de servicio especializado local.<\/p>\n<h4><strong>Restaure f\u00e1cilmente la configuraci\u00f3n<\/strong><\/h4>\n<p>\u00bfUsted o sus empleados presionaron accidentalmente el bot\u00f3n equivocado? \u00bfSe ha borrado la configuraci\u00f3n de su programa? \u00a1No entre en p\u00e1nico! M\u00faltiples copias de seguridad de su sistema se realizan diariamente. Podemos restablecer r\u00e1pida y f\u00e1cilmente su m\u00e1quina a la configuraci\u00f3n correcta.<\/p>\n","protected":false},"excerpt":{"rendered":"<p>Determine el problema r\u00e1pidamente Despu\u00e9s de su llamada, nuestros especialistas en software inician sesi\u00f3n directamente en su m\u00e1quina. Tambi\u00e9n es posible compartir las pantallas. A trav\u00e9s de nuestras amplias herramientas de visualizaci\u00f3n, tenemos una visi\u00f3n precisa de la configuraci\u00f3n y&#8230;<\/p>\n","protected":false},"author":3,"featured_media":2772,"parent":2072,"menu_order":0,"comment_status":"closed","ping_status":"closed","template":"","meta":{"_acf_changed":false,"footnotes":""},"class_list":["post-2853","page","type-page","status-publish","has-post-thumbnail","hentry"],"acf":[],"yoast_head":"<!-- This site is optimized with the Yoast SEO plugin v27.3 - https:\/\/yoast.com\/product\/yoast-seo-wordpress\/ -->\n<title>Servicio remoto seguro - Ayuda a distancia - Bercomex<\/title>\n<meta name=\"description\" content=\"Gracias a nuestro software de servicio remoto, usted tiene un tiempo inactivo m\u00ednimo para su m\u00e1quina. \u00a1En segundos estamos parados a su lado!\" \/>\n<meta name=\"robots\" content=\"index, follow, max-snippet:-1, max-image-preview:large, max-video-preview:-1\" \/>\n<link rel=\"canonical\" href=\"https:\/\/bercomex.com\/es\/soluciones\/software\/servicio-remoto\/\" \/>\n<meta property=\"og:locale\" content=\"es_ES\" \/>\n<meta property=\"og:type\" content=\"article\" \/>\n<meta property=\"og:title\" content=\"Servicio remoto seguro - Ayuda a distancia - Bercomex\" \/>\n<meta property=\"og:description\" content=\"Gracias a nuestro software de servicio remoto, usted tiene un tiempo inactivo m\u00ednimo para su m\u00e1quina. \u00a1En segundos estamos parados a su lado!\" \/>\n<meta property=\"og:url\" content=\"https:\/\/bercomex.com\/es\/soluciones\/software\/servicio-remoto\/\" \/>\n<meta property=\"og:site_name\" content=\"Bercomex\" \/>\n<meta property=\"article:modified_time\" content=\"2026-03-20T16:10:08+00:00\" \/>\n<meta property=\"og:image\" content=\"https:\/\/bercomex.com\/wp-content\/uploads\/sites\/3\/2018\/12\/Y0A4910.jpg\" \/>\n\t<meta property=\"og:image:width\" content=\"2000\" \/>\n\t<meta property=\"og:image:height\" content=\"1333\" \/>\n\t<meta property=\"og:image:type\" content=\"image\/jpeg\" \/>\n<meta name=\"twitter:card\" content=\"summary_large_image\" \/>\n<meta name=\"twitter:label1\" content=\"Tiempo de lectura\" \/>\n\t<meta name=\"twitter:data1\" content=\"1 minuto\" \/>\n<script type=\"application\/ld+json\" class=\"yoast-schema-graph\">{\"@context\":\"https:\\\/\\\/schema.org\",\"@graph\":[{\"@type\":\"WebPage\",\"@id\":\"https:\\\/\\\/bercomex.com\\\/es\\\/soluciones\\\/software\\\/servicio-remoto\\\/\",\"url\":\"https:\\\/\\\/bercomex.com\\\/es\\\/soluciones\\\/software\\\/servicio-remoto\\\/\",\"name\":\"Servicio remoto seguro - Ayuda a distancia - Bercomex\",\"isPartOf\":{\"@id\":\"https:\\\/\\\/bercomex.com\\\/es\\\/#website\"},\"primaryImageOfPage\":{\"@id\":\"https:\\\/\\\/bercomex.com\\\/es\\\/soluciones\\\/software\\\/servicio-remoto\\\/#primaryimage\"},\"image\":{\"@id\":\"https:\\\/\\\/bercomex.com\\\/es\\\/soluciones\\\/software\\\/servicio-remoto\\\/#primaryimage\"},\"thumbnailUrl\":\"https:\\\/\\\/bercomex.com\\\/wp-content\\\/uploads\\\/sites\\\/3\\\/2018\\\/12\\\/Y0A4910.jpg\",\"datePublished\":\"2020-05-05T07:17:32+00:00\",\"dateModified\":\"2026-03-20T16:10:08+00:00\",\"description\":\"Gracias a nuestro software de servicio remoto, usted tiene un tiempo inactivo m\u00ednimo para su m\u00e1quina. \u00a1En segundos estamos parados a su lado!\",\"breadcrumb\":{\"@id\":\"https:\\\/\\\/bercomex.com\\\/es\\\/soluciones\\\/software\\\/servicio-remoto\\\/#breadcrumb\"},\"inLanguage\":\"es\",\"potentialAction\":[{\"@type\":\"ReadAction\",\"target\":[\"https:\\\/\\\/bercomex.com\\\/es\\\/soluciones\\\/software\\\/servicio-remoto\\\/\"]}]},{\"@type\":\"ImageObject\",\"inLanguage\":\"es\",\"@id\":\"https:\\\/\\\/bercomex.com\\\/es\\\/soluciones\\\/software\\\/servicio-remoto\\\/#primaryimage\",\"url\":\"https:\\\/\\\/bercomex.com\\\/wp-content\\\/uploads\\\/sites\\\/3\\\/2018\\\/12\\\/Y0A4910.jpg\",\"contentUrl\":\"https:\\\/\\\/bercomex.com\\\/wp-content\\\/uploads\\\/sites\\\/3\\\/2018\\\/12\\\/Y0A4910.jpg\",\"width\":2000,\"height\":1333,\"caption\":\"Bercomex Insight Tool rapportages\"},{\"@type\":\"BreadcrumbList\",\"@id\":\"https:\\\/\\\/bercomex.com\\\/es\\\/soluciones\\\/software\\\/servicio-remoto\\\/#breadcrumb\",\"itemListElement\":[{\"@type\":\"ListItem\",\"position\":1,\"name\":\"Home\",\"item\":\"https:\\\/\\\/bercomex.com\\\/es\\\/\"},{\"@type\":\"ListItem\",\"position\":2,\"name\":\"La innovaci\u00f3n como motor\",\"item\":\"https:\\\/\\\/bercomex.com\\\/es\\\/soluciones\\\/\"},{\"@type\":\"ListItem\",\"position\":3,\"name\":\"Registro de datos e informes\",\"item\":\"https:\\\/\\\/bercomex.com\\\/es\\\/soluciones\\\/software\\\/\"},{\"@type\":\"ListItem\",\"position\":4,\"name\":\"Servicio remoto seguro &#8211; Ayuda a distancia\"}]},{\"@type\":\"WebSite\",\"@id\":\"https:\\\/\\\/bercomex.com\\\/es\\\/#website\",\"url\":\"https:\\\/\\\/bercomex.com\\\/es\\\/\",\"name\":\"Bercomex\",\"description\":\"Een Invaro\",\"potentialAction\":[{\"@type\":\"SearchAction\",\"target\":{\"@type\":\"EntryPoint\",\"urlTemplate\":\"https:\\\/\\\/bercomex.com\\\/es\\\/?s={search_term_string}\"},\"query-input\":{\"@type\":\"PropertyValueSpecification\",\"valueRequired\":true,\"valueName\":\"search_term_string\"}}],\"inLanguage\":\"es\"}]}<\/script>\n<!-- \/ Yoast SEO plugin. -->","yoast_head_json":{"title":"Servicio remoto seguro - Ayuda a distancia - Bercomex","description":"Gracias a nuestro software de servicio remoto, usted tiene un tiempo inactivo m\u00ednimo para su m\u00e1quina. \u00a1En segundos estamos parados a su lado!","robots":{"index":"index","follow":"follow","max-snippet":"max-snippet:-1","max-image-preview":"max-image-preview:large","max-video-preview":"max-video-preview:-1"},"canonical":"https:\/\/bercomex.com\/es\/soluciones\/software\/servicio-remoto\/","og_locale":"es_ES","og_type":"article","og_title":"Servicio remoto seguro - Ayuda a distancia - Bercomex","og_description":"Gracias a nuestro software de servicio remoto, usted tiene un tiempo inactivo m\u00ednimo para su m\u00e1quina. \u00a1En segundos estamos parados a su lado!","og_url":"https:\/\/bercomex.com\/es\/soluciones\/software\/servicio-remoto\/","og_site_name":"Bercomex","article_modified_time":"2026-03-20T16:10:08+00:00","og_image":[{"width":2000,"height":1333,"url":"https:\/\/bercomex.com\/wp-content\/uploads\/sites\/3\/2018\/12\/Y0A4910.jpg","type":"image\/jpeg"}],"twitter_card":"summary_large_image","twitter_misc":{"Tiempo de lectura":"1 minuto"},"schema":{"@context":"https:\/\/schema.org","@graph":[{"@type":"WebPage","@id":"https:\/\/bercomex.com\/es\/soluciones\/software\/servicio-remoto\/","url":"https:\/\/bercomex.com\/es\/soluciones\/software\/servicio-remoto\/","name":"Servicio remoto seguro - Ayuda a distancia - Bercomex","isPartOf":{"@id":"https:\/\/bercomex.com\/es\/#website"},"primaryImageOfPage":{"@id":"https:\/\/bercomex.com\/es\/soluciones\/software\/servicio-remoto\/#primaryimage"},"image":{"@id":"https:\/\/bercomex.com\/es\/soluciones\/software\/servicio-remoto\/#primaryimage"},"thumbnailUrl":"https:\/\/bercomex.com\/wp-content\/uploads\/sites\/3\/2018\/12\/Y0A4910.jpg","datePublished":"2020-05-05T07:17:32+00:00","dateModified":"2026-03-20T16:10:08+00:00","description":"Gracias a nuestro software de servicio remoto, usted tiene un tiempo inactivo m\u00ednimo para su m\u00e1quina. \u00a1En segundos estamos parados a su lado!","breadcrumb":{"@id":"https:\/\/bercomex.com\/es\/soluciones\/software\/servicio-remoto\/#breadcrumb"},"inLanguage":"es","potentialAction":[{"@type":"ReadAction","target":["https:\/\/bercomex.com\/es\/soluciones\/software\/servicio-remoto\/"]}]},{"@type":"ImageObject","inLanguage":"es","@id":"https:\/\/bercomex.com\/es\/soluciones\/software\/servicio-remoto\/#primaryimage","url":"https:\/\/bercomex.com\/wp-content\/uploads\/sites\/3\/2018\/12\/Y0A4910.jpg","contentUrl":"https:\/\/bercomex.com\/wp-content\/uploads\/sites\/3\/2018\/12\/Y0A4910.jpg","width":2000,"height":1333,"caption":"Bercomex Insight Tool rapportages"},{"@type":"BreadcrumbList","@id":"https:\/\/bercomex.com\/es\/soluciones\/software\/servicio-remoto\/#breadcrumb","itemListElement":[{"@type":"ListItem","position":1,"name":"Home","item":"https:\/\/bercomex.com\/es\/"},{"@type":"ListItem","position":2,"name":"La innovaci\u00f3n como motor","item":"https:\/\/bercomex.com\/es\/soluciones\/"},{"@type":"ListItem","position":3,"name":"Registro de datos e informes","item":"https:\/\/bercomex.com\/es\/soluciones\/software\/"},{"@type":"ListItem","position":4,"name":"Servicio remoto seguro &#8211; Ayuda a distancia"}]},{"@type":"WebSite","@id":"https:\/\/bercomex.com\/es\/#website","url":"https:\/\/bercomex.com\/es\/","name":"Bercomex","description":"Een Invaro","potentialAction":[{"@type":"SearchAction","target":{"@type":"EntryPoint","urlTemplate":"https:\/\/bercomex.com\/es\/?s={search_term_string}"},"query-input":{"@type":"PropertyValueSpecification","valueRequired":true,"valueName":"search_term_string"}}],"inLanguage":"es"}]}},"_links":{"self":[{"href":"https:\/\/bercomex.com\/es\/wp-json\/wp\/v2\/pages\/2853","targetHints":{"allow":["GET"]}}],"collection":[{"href":"https:\/\/bercomex.com\/es\/wp-json\/wp\/v2\/pages"}],"about":[{"href":"https:\/\/bercomex.com\/es\/wp-json\/wp\/v2\/types\/page"}],"author":[{"embeddable":true,"href":"https:\/\/bercomex.com\/es\/wp-json\/wp\/v2\/users\/3"}],"replies":[{"embeddable":true,"href":"https:\/\/bercomex.com\/es\/wp-json\/wp\/v2\/comments?post=2853"}],"version-history":[{"count":2,"href":"https:\/\/bercomex.com\/es\/wp-json\/wp\/v2\/pages\/2853\/revisions"}],"predecessor-version":[{"id":12083,"href":"https:\/\/bercomex.com\/es\/wp-json\/wp\/v2\/pages\/2853\/revisions\/12083"}],"up":[{"embeddable":true,"href":"https:\/\/bercomex.com\/es\/wp-json\/wp\/v2\/pages\/2072"}],"wp:featuredmedia":[{"embeddable":true,"href":"https:\/\/bercomex.com\/es\/wp-json\/wp\/v2\/media\/2772"}],"wp:attachment":[{"href":"https:\/\/bercomex.com\/es\/wp-json\/wp\/v2\/media?parent=2853"}],"curies":[{"name":"wp","href":"https:\/\/api.w.org\/{rel}","templated":true}]}}