{"id":4706,"date":"2025-04-03T14:31:40","date_gmt":"2025-04-03T14:31:40","guid":{"rendered":"https:\/\/bercomex.com\/?page_id=4706"},"modified":"2026-03-20T15:58:56","modified_gmt":"2026-03-20T15:58:56","slug":"summer-stripper","status":"publish","type":"page","link":"https:\/\/bercomex.com\/es\/soluciones\/eliminacion-de-hojas\/summer-stripper\/","title":{"rendered":"Summer Stripper"},"content":{"rendered":"<h4>Cinta direccional<\/h4>\n<p>La correa de enderezamiento ajustable alinea los tallos y luego los fija entre abrazaderas dobles. Esta estabilidad adicional garantiza una mayor eficacia de la defoliaci\u00f3n. Conservando la calidad de las hojas y del tallo.<\/p>\n<h4>Unidad de cepillo<\/h4>\n<p>El Summer Stripper est\u00e1 disponible con unidad de cepillo simple o doble. \u00bfUn producto que deshoja f\u00e1cilmente? En este caso, un solo cepillo es suficiente. \u00bfEl producto es m\u00e1s complejo o dif\u00edcil de desfoliar? Un segundo cepillo garantiza el resultado deseado.<\/p>\n<p>Las unidades de cepillo tienen una velocidad ajustable independientemente. \u00bfM\u00e1s presi\u00f3n sobre el tallo? El espaciado ajustable entre cepillos ofrece una soluci\u00f3n para esto. Si el producto es fr\u00e1gil, puedes elegir un cepillo suave adem\u00e1s del cepillo duro. De esta manera, dependiendo del tipo de producto, podemos asegurar que se consiga el mejor resultado de defoliaci\u00f3n en todos los sentidos posibles.<\/p>\n<h4>Longitud de defoliaci\u00f3n<\/h4>\n<p>La longitud de defoliaci\u00f3n es ajustable hasta 35 cm ajustando la posici\u00f3n y el \u00e1ngulo de las unidades de cepillo en combinaci\u00f3n con la diadema ajustable. Esto permite conseguir la m\u00e1xima longitud de defoliaci\u00f3n con un producto largo y corto. Conservando el valor ornamental del producto final.<\/p>\n","protected":false},"excerpt":{"rendered":"<p>Cinta direccional La correa de enderezamiento ajustable alinea los tallos y luego los fija entre abrazaderas dobles. Esta estabilidad adicional garantiza una mayor eficacia de la defoliaci\u00f3n. Conservando la calidad de las hojas y del tallo. Unidad de cepillo El&#8230;<\/p>\n","protected":false},"author":2,"featured_media":4710,"parent":2061,"menu_order":1,"comment_status":"closed","ping_status":"closed","template":"","meta":{"_acf_changed":false,"footnotes":""},"class_list":["post-4706","page","type-page","status-publish","has-post-thumbnail","hentry"],"acf":[],"yoast_head":"<!-- This site is optimized with the Yoast SEO plugin v27.3 - https:\/\/yoast.com\/product\/yoast-seo-wordpress\/ -->\n<title>Summer Stripper: Eliminaci\u00f3n de hojas - Bercomex Flower Processing Solutions<\/title>\n<meta name=\"description\" content=\"\u00bfDefoliaci\u00f3n \u00f3ptima de hojas y brotes laterales? El Summer Stripper ofrece los mejores resultados de desfoliaci\u00f3n tanto para tallos duros como blandos.\" \/>\n<meta name=\"robots\" content=\"index, follow, max-snippet:-1, max-image-preview:large, max-video-preview:-1\" \/>\n<link rel=\"canonical\" href=\"https:\/\/bercomex.com\/es\/soluciones\/eliminacion-de-hojas\/summer-stripper\/\" \/>\n<meta property=\"og:locale\" content=\"es_ES\" \/>\n<meta property=\"og:type\" content=\"article\" \/>\n<meta property=\"og:title\" content=\"Summer Stripper: Eliminaci\u00f3n de hojas - Bercomex Flower Processing Solutions\" \/>\n<meta property=\"og:description\" content=\"\u00bfDefoliaci\u00f3n \u00f3ptima de hojas y brotes laterales? El Summer Stripper ofrece los mejores resultados de desfoliaci\u00f3n tanto para tallos duros como blandos.\" \/>\n<meta property=\"og:url\" content=\"https:\/\/bercomex.com\/es\/soluciones\/eliminacion-de-hojas\/summer-stripper\/\" \/>\n<meta property=\"og:site_name\" content=\"Bercomex\" \/>\n<meta property=\"article:modified_time\" content=\"2026-03-20T15:58:56+00:00\" \/>\n<meta property=\"og:image\" content=\"https:\/\/bercomex.com\/wp-content\/uploads\/sites\/3\/2022\/07\/Headerbeelden-Bercom-2200x1000-pioenstripper-1.jpg\" \/>\n\t<meta property=\"og:image:width\" content=\"2200\" \/>\n\t<meta property=\"og:image:height\" content=\"1000\" \/>\n\t<meta property=\"og:image:type\" content=\"image\/jpeg\" \/>\n<meta name=\"twitter:card\" content=\"summary_large_image\" \/>\n<meta name=\"twitter:label1\" content=\"Tiempo de lectura\" \/>\n\t<meta name=\"twitter:data1\" content=\"2 minutos\" \/>\n<script type=\"application\/ld+json\" class=\"yoast-schema-graph\">{\"@context\":\"https:\\\/\\\/schema.org\",\"@graph\":[{\"@type\":\"WebPage\",\"@id\":\"https:\\\/\\\/bercomex.com\\\/es\\\/soluciones\\\/eliminacion-de-hojas\\\/summer-stripper\\\/\",\"url\":\"https:\\\/\\\/bercomex.com\\\/es\\\/soluciones\\\/eliminacion-de-hojas\\\/summer-stripper\\\/\",\"name\":\"Summer Stripper: Eliminaci\u00f3n de hojas - Bercomex Flower Processing Solutions\",\"isPartOf\":{\"@id\":\"https:\\\/\\\/bercomex.com\\\/es\\\/#website\"},\"primaryImageOfPage\":{\"@id\":\"https:\\\/\\\/bercomex.com\\\/es\\\/soluciones\\\/eliminacion-de-hojas\\\/summer-stripper\\\/#primaryimage\"},\"image\":{\"@id\":\"https:\\\/\\\/bercomex.com\\\/es\\\/soluciones\\\/eliminacion-de-hojas\\\/summer-stripper\\\/#primaryimage\"},\"thumbnailUrl\":\"https:\\\/\\\/bercomex.com\\\/wp-content\\\/uploads\\\/sites\\\/3\\\/2022\\\/07\\\/Headerbeelden-Bercom-2200x1000-pioenstripper-1.jpg\",\"datePublished\":\"2025-04-03T14:31:40+00:00\",\"dateModified\":\"2026-03-20T15:58:56+00:00\",\"description\":\"\u00bfDefoliaci\u00f3n \u00f3ptima de hojas y brotes laterales? El Summer Stripper ofrece los mejores resultados de desfoliaci\u00f3n tanto para tallos duros como blandos.\",\"breadcrumb\":{\"@id\":\"https:\\\/\\\/bercomex.com\\\/es\\\/soluciones\\\/eliminacion-de-hojas\\\/summer-stripper\\\/#breadcrumb\"},\"inLanguage\":\"es\",\"potentialAction\":[{\"@type\":\"ReadAction\",\"target\":[\"https:\\\/\\\/bercomex.com\\\/es\\\/soluciones\\\/eliminacion-de-hojas\\\/summer-stripper\\\/\"]}]},{\"@type\":\"ImageObject\",\"inLanguage\":\"es\",\"@id\":\"https:\\\/\\\/bercomex.com\\\/es\\\/soluciones\\\/eliminacion-de-hojas\\\/summer-stripper\\\/#primaryimage\",\"url\":\"https:\\\/\\\/bercomex.com\\\/wp-content\\\/uploads\\\/sites\\\/3\\\/2022\\\/07\\\/Headerbeelden-Bercom-2200x1000-pioenstripper-1.jpg\",\"contentUrl\":\"https:\\\/\\\/bercomex.com\\\/wp-content\\\/uploads\\\/sites\\\/3\\\/2022\\\/07\\\/Headerbeelden-Bercom-2200x1000-pioenstripper-1.jpg\",\"width\":2200,\"height\":1000,\"caption\":\"Headerafbeelding borstels van de Summer Stripper\"},{\"@type\":\"BreadcrumbList\",\"@id\":\"https:\\\/\\\/bercomex.com\\\/es\\\/soluciones\\\/eliminacion-de-hojas\\\/summer-stripper\\\/#breadcrumb\",\"itemListElement\":[{\"@type\":\"ListItem\",\"position\":1,\"name\":\"Home\",\"item\":\"https:\\\/\\\/bercomex.com\\\/es\\\/\"},{\"@type\":\"ListItem\",\"position\":2,\"name\":\"La innovaci\u00f3n como motor\",\"item\":\"https:\\\/\\\/bercomex.com\\\/es\\\/soluciones\\\/\"},{\"@type\":\"ListItem\",\"position\":3,\"name\":\"Eliminaci\u00f3n de hojas\",\"item\":\"https:\\\/\\\/bercomex.com\\\/es\\\/soluciones\\\/eliminacion-de-hojas\\\/\"},{\"@type\":\"ListItem\",\"position\":4,\"name\":\"Summer Stripper\"}]},{\"@type\":\"WebSite\",\"@id\":\"https:\\\/\\\/bercomex.com\\\/es\\\/#website\",\"url\":\"https:\\\/\\\/bercomex.com\\\/es\\\/\",\"name\":\"Bercomex\",\"description\":\"Een Invaro\",\"potentialAction\":[{\"@type\":\"SearchAction\",\"target\":{\"@type\":\"EntryPoint\",\"urlTemplate\":\"https:\\\/\\\/bercomex.com\\\/es\\\/?s={search_term_string}\"},\"query-input\":{\"@type\":\"PropertyValueSpecification\",\"valueRequired\":true,\"valueName\":\"search_term_string\"}}],\"inLanguage\":\"es\"}]}<\/script>\n<!-- \/ Yoast SEO plugin. -->","yoast_head_json":{"title":"Summer Stripper: Eliminaci\u00f3n de hojas - Bercomex Flower Processing Solutions","description":"\u00bfDefoliaci\u00f3n \u00f3ptima de hojas y brotes laterales? El Summer Stripper ofrece los mejores resultados de desfoliaci\u00f3n tanto para tallos duros como blandos.","robots":{"index":"index","follow":"follow","max-snippet":"max-snippet:-1","max-image-preview":"max-image-preview:large","max-video-preview":"max-video-preview:-1"},"canonical":"https:\/\/bercomex.com\/es\/soluciones\/eliminacion-de-hojas\/summer-stripper\/","og_locale":"es_ES","og_type":"article","og_title":"Summer Stripper: Eliminaci\u00f3n de hojas - Bercomex Flower Processing Solutions","og_description":"\u00bfDefoliaci\u00f3n \u00f3ptima de hojas y brotes laterales? El Summer Stripper ofrece los mejores resultados de desfoliaci\u00f3n tanto para tallos duros como blandos.","og_url":"https:\/\/bercomex.com\/es\/soluciones\/eliminacion-de-hojas\/summer-stripper\/","og_site_name":"Bercomex","article_modified_time":"2026-03-20T15:58:56+00:00","og_image":[{"width":2200,"height":1000,"url":"https:\/\/bercomex.com\/wp-content\/uploads\/sites\/3\/2022\/07\/Headerbeelden-Bercom-2200x1000-pioenstripper-1.jpg","type":"image\/jpeg"}],"twitter_card":"summary_large_image","twitter_misc":{"Tiempo de lectura":"2 minutos"},"schema":{"@context":"https:\/\/schema.org","@graph":[{"@type":"WebPage","@id":"https:\/\/bercomex.com\/es\/soluciones\/eliminacion-de-hojas\/summer-stripper\/","url":"https:\/\/bercomex.com\/es\/soluciones\/eliminacion-de-hojas\/summer-stripper\/","name":"Summer Stripper: Eliminaci\u00f3n de hojas - Bercomex Flower Processing Solutions","isPartOf":{"@id":"https:\/\/bercomex.com\/es\/#website"},"primaryImageOfPage":{"@id":"https:\/\/bercomex.com\/es\/soluciones\/eliminacion-de-hojas\/summer-stripper\/#primaryimage"},"image":{"@id":"https:\/\/bercomex.com\/es\/soluciones\/eliminacion-de-hojas\/summer-stripper\/#primaryimage"},"thumbnailUrl":"https:\/\/bercomex.com\/wp-content\/uploads\/sites\/3\/2022\/07\/Headerbeelden-Bercom-2200x1000-pioenstripper-1.jpg","datePublished":"2025-04-03T14:31:40+00:00","dateModified":"2026-03-20T15:58:56+00:00","description":"\u00bfDefoliaci\u00f3n \u00f3ptima de hojas y brotes laterales? El Summer Stripper ofrece los mejores resultados de desfoliaci\u00f3n tanto para tallos duros como blandos.","breadcrumb":{"@id":"https:\/\/bercomex.com\/es\/soluciones\/eliminacion-de-hojas\/summer-stripper\/#breadcrumb"},"inLanguage":"es","potentialAction":[{"@type":"ReadAction","target":["https:\/\/bercomex.com\/es\/soluciones\/eliminacion-de-hojas\/summer-stripper\/"]}]},{"@type":"ImageObject","inLanguage":"es","@id":"https:\/\/bercomex.com\/es\/soluciones\/eliminacion-de-hojas\/summer-stripper\/#primaryimage","url":"https:\/\/bercomex.com\/wp-content\/uploads\/sites\/3\/2022\/07\/Headerbeelden-Bercom-2200x1000-pioenstripper-1.jpg","contentUrl":"https:\/\/bercomex.com\/wp-content\/uploads\/sites\/3\/2022\/07\/Headerbeelden-Bercom-2200x1000-pioenstripper-1.jpg","width":2200,"height":1000,"caption":"Headerafbeelding borstels van de Summer Stripper"},{"@type":"BreadcrumbList","@id":"https:\/\/bercomex.com\/es\/soluciones\/eliminacion-de-hojas\/summer-stripper\/#breadcrumb","itemListElement":[{"@type":"ListItem","position":1,"name":"Home","item":"https:\/\/bercomex.com\/es\/"},{"@type":"ListItem","position":2,"name":"La innovaci\u00f3n como motor","item":"https:\/\/bercomex.com\/es\/soluciones\/"},{"@type":"ListItem","position":3,"name":"Eliminaci\u00f3n de hojas","item":"https:\/\/bercomex.com\/es\/soluciones\/eliminacion-de-hojas\/"},{"@type":"ListItem","position":4,"name":"Summer Stripper"}]},{"@type":"WebSite","@id":"https:\/\/bercomex.com\/es\/#website","url":"https:\/\/bercomex.com\/es\/","name":"Bercomex","description":"Een Invaro","potentialAction":[{"@type":"SearchAction","target":{"@type":"EntryPoint","urlTemplate":"https:\/\/bercomex.com\/es\/?s={search_term_string}"},"query-input":{"@type":"PropertyValueSpecification","valueRequired":true,"valueName":"search_term_string"}}],"inLanguage":"es"}]}},"_links":{"self":[{"href":"https:\/\/bercomex.com\/es\/wp-json\/wp\/v2\/pages\/4706","targetHints":{"allow":["GET"]}}],"collection":[{"href":"https:\/\/bercomex.com\/es\/wp-json\/wp\/v2\/pages"}],"about":[{"href":"https:\/\/bercomex.com\/es\/wp-json\/wp\/v2\/types\/page"}],"author":[{"embeddable":true,"href":"https:\/\/bercomex.com\/es\/wp-json\/wp\/v2\/users\/2"}],"replies":[{"embeddable":true,"href":"https:\/\/bercomex.com\/es\/wp-json\/wp\/v2\/comments?post=4706"}],"version-history":[{"count":3,"href":"https:\/\/bercomex.com\/es\/wp-json\/wp\/v2\/pages\/4706\/revisions"}],"predecessor-version":[{"id":12067,"href":"https:\/\/bercomex.com\/es\/wp-json\/wp\/v2\/pages\/4706\/revisions\/12067"}],"up":[{"embeddable":true,"href":"https:\/\/bercomex.com\/es\/wp-json\/wp\/v2\/pages\/2061"}],"wp:featuredmedia":[{"embeddable":true,"href":"https:\/\/bercomex.com\/es\/wp-json\/wp\/v2\/media\/4710"}],"wp:attachment":[{"href":"https:\/\/bercomex.com\/es\/wp-json\/wp\/v2\/media?parent=4706"}],"curies":[{"name":"wp","href":"https:\/\/api.w.org\/{rel}","templated":true}]}}