{"id":6067,"date":"2019-11-08T10:59:03","date_gmt":"2019-11-08T10:59:03","guid":{"rendered":"https:\/\/bercomex.com\/hybrid-debulber\/"},"modified":"2026-03-20T16:07:59","modified_gmt":"2026-03-20T16:07:59","slug":"desbulbizador-hibrido","status":"publish","type":"page","link":"https:\/\/bercomex.com\/es\/desbulbizador-hibrido\/","title":{"rendered":"Desbulbizador h\u00edbrido"},"content":{"rendered":"<p><strong>Colocaci\u00f3n sencilla<\/strong><br \/>\nCon el Hybride Ontboller ahorrar\u00e1 costes de mano de obra. La m\u00e1quina se encarga autom\u00e1ticamente de una buena alimentaci\u00f3n horizontal, lo que hace que no tenga que colocar los tulipanes en una posici\u00f3n exacta en la cinta. Mientras que antes se utilizaba un cintur\u00f3n redondo para inclinar los tulipanes, el nuevo separador de bulbos dispone de una cinta transportadora girada. De esta forma, la alimentaci\u00f3n es m\u00e1s simple y evita las paradas.<\/p>\n<p><strong>Individualizar y apuntar con precisi\u00f3n<\/strong><br \/>\nEl Hybride Ontboller dispone de cuatro pasos de individualizaci\u00f3n. Durante esos pasos se separa individualmente cada tulip\u00e1n. Para minimizar el riesgo de romper el tallo, la cinta de seguimiento empuja los bulbos que no caen entre las correas. De esta forma van a la m\u00e1quina separadora de bulbos en la posici\u00f3n correcta.<\/p>\n<p><strong>Longitud m\u00e1xima del tallo<\/strong><br \/>\nLos bulbos se retiran completamente en la m\u00e1quina separadora de bulbos. Gracias a la combinaci\u00f3n de transporte horizontal y vertical, los tulipanes conservan la m\u00e1xima longitud del tallo. El bulbo se puede recoger por separado. Tras finalizar la actividad en la c\u00e1mara de procesamiento, un separador activo de hojas se encarga de retirar las hojas sobrantes y otros restos.<\/p>\n<p><strong>Refuerce su proceso con el Hybride Ontboller<\/strong><br \/>\nCon el Hybride Ontboller ahorrar\u00e1 costes y reducir\u00e1 el riesgo de rotura de los tallos. Puede utilizar la m\u00e1quina en combinaci\u00f3n con <a href=\"https:\/\/bercomex.com\/es\/soluciones\/seleccion-automatica-y-agrupamiento\/\">varios sistemas para confeccionar<\/a> ramos. Gracias al dise\u00f1o compacto y s\u00f3lido, el Hybride Ontboller tiene un mantenimiento muy sencillo. Se puede ver, entre otros aspectos, en la eliminaci\u00f3n de residuos inteligente.<\/p>\n","protected":false},"excerpt":{"rendered":"<p>Colocaci\u00f3n sencilla Con el Hybride Ontboller ahorrar\u00e1 costes de mano de obra. La m\u00e1quina se encarga autom\u00e1ticamente de una buena alimentaci\u00f3n horizontal, lo que hace que no tenga que colocar los tulipanes en una posici\u00f3n exacta en la cinta. Mientras&#8230;<\/p>\n","protected":false},"author":3,"featured_media":5968,"parent":0,"menu_order":0,"comment_status":"closed","ping_status":"closed","template":"","meta":{"_acf_changed":false,"footnotes":""},"class_list":["post-6067","page","type-page","status-publish","has-post-thumbnail","hentry"],"acf":[],"yoast_head":"<!-- This site is optimized with the Yoast SEO plugin v27.3 - https:\/\/yoast.com\/product\/yoast-seo-wordpress\/ -->\n<title>Desbulbizador h\u00edbrido - La desbulbadora m\u00e1s nueva de Bercomex<\/title>\n<meta name=\"description\" content=\"Con Bercomex Desbulbizador h\u00edbrido, puede desbultar sus tulipanes de la manera m\u00e1s eficiente y conserva la m\u00e1xima longitud del tallo.\" \/>\n<meta name=\"robots\" content=\"index, follow, max-snippet:-1, max-image-preview:large, max-video-preview:-1\" \/>\n<link rel=\"canonical\" href=\"https:\/\/bercomex.com\/es\/desbulbizador-hibrido\/\" \/>\n<meta property=\"og:locale\" content=\"es_ES\" \/>\n<meta property=\"og:type\" content=\"article\" \/>\n<meta property=\"og:title\" content=\"Desbulbizador h\u00edbrido - La desbulbadora m\u00e1s nueva de Bercomex\" \/>\n<meta property=\"og:description\" content=\"Con Bercomex Desbulbizador h\u00edbrido, puede desbultar sus tulipanes de la manera m\u00e1s eficiente y conserva la m\u00e1xima longitud del tallo.\" \/>\n<meta property=\"og:url\" content=\"https:\/\/bercomex.com\/es\/desbulbizador-hibrido\/\" \/>\n<meta property=\"og:site_name\" content=\"Bercomex\" \/>\n<meta property=\"article:modified_time\" content=\"2026-03-20T16:07:59+00:00\" \/>\n<meta property=\"og:image\" content=\"https:\/\/bercomex.com\/wp-content\/uploads\/sites\/3\/2023\/01\/22-087-Afbeelding-site-HYO-groot-1.jpg\" \/>\n\t<meta property=\"og:image:width\" content=\"2000\" \/>\n\t<meta property=\"og:image:height\" content=\"1333\" \/>\n\t<meta property=\"og:image:type\" content=\"image\/jpeg\" \/>\n<meta name=\"twitter:card\" content=\"summary_large_image\" \/>\n<meta name=\"twitter:label1\" content=\"Tiempo de lectura\" \/>\n\t<meta name=\"twitter:data1\" content=\"2 minutos\" \/>\n<script type=\"application\/ld+json\" class=\"yoast-schema-graph\">{\"@context\":\"https:\\\/\\\/schema.org\",\"@graph\":[{\"@type\":\"WebPage\",\"@id\":\"https:\\\/\\\/bercomex.com\\\/es\\\/desbulbizador-hibrido\\\/\",\"url\":\"https:\\\/\\\/bercomex.com\\\/es\\\/desbulbizador-hibrido\\\/\",\"name\":\"Desbulbizador h\u00edbrido - La desbulbadora m\u00e1s nueva de Bercomex\",\"isPartOf\":{\"@id\":\"https:\\\/\\\/bercomex.com\\\/es\\\/#website\"},\"primaryImageOfPage\":{\"@id\":\"https:\\\/\\\/bercomex.com\\\/es\\\/desbulbizador-hibrido\\\/#primaryimage\"},\"image\":{\"@id\":\"https:\\\/\\\/bercomex.com\\\/es\\\/desbulbizador-hibrido\\\/#primaryimage\"},\"thumbnailUrl\":\"https:\\\/\\\/bercomex.com\\\/wp-content\\\/uploads\\\/sites\\\/3\\\/2023\\\/01\\\/22-087-Afbeelding-site-HYO-groot-1.jpg\",\"datePublished\":\"2019-11-08T10:59:03+00:00\",\"dateModified\":\"2026-03-20T16:07:59+00:00\",\"description\":\"Con Bercomex Desbulbizador h\u00edbrido, puede desbultar sus tulipanes de la manera m\u00e1s eficiente y conserva la m\u00e1xima longitud del tallo.\",\"breadcrumb\":{\"@id\":\"https:\\\/\\\/bercomex.com\\\/es\\\/desbulbizador-hibrido\\\/#breadcrumb\"},\"inLanguage\":\"es\",\"potentialAction\":[{\"@type\":\"ReadAction\",\"target\":[\"https:\\\/\\\/bercomex.com\\\/es\\\/desbulbizador-hibrido\\\/\"]}]},{\"@type\":\"ImageObject\",\"inLanguage\":\"es\",\"@id\":\"https:\\\/\\\/bercomex.com\\\/es\\\/desbulbizador-hibrido\\\/#primaryimage\",\"url\":\"https:\\\/\\\/bercomex.com\\\/wp-content\\\/uploads\\\/sites\\\/3\\\/2023\\\/01\\\/22-087-Afbeelding-site-HYO-groot-1.jpg\",\"contentUrl\":\"https:\\\/\\\/bercomex.com\\\/wp-content\\\/uploads\\\/sites\\\/3\\\/2023\\\/01\\\/22-087-Afbeelding-site-HYO-groot-1.jpg\",\"width\":2000,\"height\":1333,\"caption\":\"Verenkelaar Hybride Ontboller\"},{\"@type\":\"BreadcrumbList\",\"@id\":\"https:\\\/\\\/bercomex.com\\\/es\\\/desbulbizador-hibrido\\\/#breadcrumb\",\"itemListElement\":[{\"@type\":\"ListItem\",\"position\":1,\"name\":\"Home\",\"item\":\"https:\\\/\\\/bercomex.com\\\/es\\\/\"},{\"@type\":\"ListItem\",\"position\":2,\"name\":\"Desbulbizador h\u00edbrido\"}]},{\"@type\":\"WebSite\",\"@id\":\"https:\\\/\\\/bercomex.com\\\/es\\\/#website\",\"url\":\"https:\\\/\\\/bercomex.com\\\/es\\\/\",\"name\":\"Bercomex\",\"description\":\"Een Invaro\",\"potentialAction\":[{\"@type\":\"SearchAction\",\"target\":{\"@type\":\"EntryPoint\",\"urlTemplate\":\"https:\\\/\\\/bercomex.com\\\/es\\\/?s={search_term_string}\"},\"query-input\":{\"@type\":\"PropertyValueSpecification\",\"valueRequired\":true,\"valueName\":\"search_term_string\"}}],\"inLanguage\":\"es\"}]}<\/script>\n<!-- \/ Yoast SEO plugin. -->","yoast_head_json":{"title":"Desbulbizador h\u00edbrido - La desbulbadora m\u00e1s nueva de Bercomex","description":"Con Bercomex Desbulbizador h\u00edbrido, puede desbultar sus tulipanes de la manera m\u00e1s eficiente y conserva la m\u00e1xima longitud del tallo.","robots":{"index":"index","follow":"follow","max-snippet":"max-snippet:-1","max-image-preview":"max-image-preview:large","max-video-preview":"max-video-preview:-1"},"canonical":"https:\/\/bercomex.com\/es\/desbulbizador-hibrido\/","og_locale":"es_ES","og_type":"article","og_title":"Desbulbizador h\u00edbrido - La desbulbadora m\u00e1s nueva de Bercomex","og_description":"Con Bercomex Desbulbizador h\u00edbrido, puede desbultar sus tulipanes de la manera m\u00e1s eficiente y conserva la m\u00e1xima longitud del tallo.","og_url":"https:\/\/bercomex.com\/es\/desbulbizador-hibrido\/","og_site_name":"Bercomex","article_modified_time":"2026-03-20T16:07:59+00:00","og_image":[{"width":2000,"height":1333,"url":"https:\/\/bercomex.com\/wp-content\/uploads\/sites\/3\/2023\/01\/22-087-Afbeelding-site-HYO-groot-1.jpg","type":"image\/jpeg"}],"twitter_card":"summary_large_image","twitter_misc":{"Tiempo de lectura":"2 minutos"},"schema":{"@context":"https:\/\/schema.org","@graph":[{"@type":"WebPage","@id":"https:\/\/bercomex.com\/es\/desbulbizador-hibrido\/","url":"https:\/\/bercomex.com\/es\/desbulbizador-hibrido\/","name":"Desbulbizador h\u00edbrido - La desbulbadora m\u00e1s nueva de Bercomex","isPartOf":{"@id":"https:\/\/bercomex.com\/es\/#website"},"primaryImageOfPage":{"@id":"https:\/\/bercomex.com\/es\/desbulbizador-hibrido\/#primaryimage"},"image":{"@id":"https:\/\/bercomex.com\/es\/desbulbizador-hibrido\/#primaryimage"},"thumbnailUrl":"https:\/\/bercomex.com\/wp-content\/uploads\/sites\/3\/2023\/01\/22-087-Afbeelding-site-HYO-groot-1.jpg","datePublished":"2019-11-08T10:59:03+00:00","dateModified":"2026-03-20T16:07:59+00:00","description":"Con Bercomex Desbulbizador h\u00edbrido, puede desbultar sus tulipanes de la manera m\u00e1s eficiente y conserva la m\u00e1xima longitud del tallo.","breadcrumb":{"@id":"https:\/\/bercomex.com\/es\/desbulbizador-hibrido\/#breadcrumb"},"inLanguage":"es","potentialAction":[{"@type":"ReadAction","target":["https:\/\/bercomex.com\/es\/desbulbizador-hibrido\/"]}]},{"@type":"ImageObject","inLanguage":"es","@id":"https:\/\/bercomex.com\/es\/desbulbizador-hibrido\/#primaryimage","url":"https:\/\/bercomex.com\/wp-content\/uploads\/sites\/3\/2023\/01\/22-087-Afbeelding-site-HYO-groot-1.jpg","contentUrl":"https:\/\/bercomex.com\/wp-content\/uploads\/sites\/3\/2023\/01\/22-087-Afbeelding-site-HYO-groot-1.jpg","width":2000,"height":1333,"caption":"Verenkelaar Hybride Ontboller"},{"@type":"BreadcrumbList","@id":"https:\/\/bercomex.com\/es\/desbulbizador-hibrido\/#breadcrumb","itemListElement":[{"@type":"ListItem","position":1,"name":"Home","item":"https:\/\/bercomex.com\/es\/"},{"@type":"ListItem","position":2,"name":"Desbulbizador h\u00edbrido"}]},{"@type":"WebSite","@id":"https:\/\/bercomex.com\/es\/#website","url":"https:\/\/bercomex.com\/es\/","name":"Bercomex","description":"Een Invaro","potentialAction":[{"@type":"SearchAction","target":{"@type":"EntryPoint","urlTemplate":"https:\/\/bercomex.com\/es\/?s={search_term_string}"},"query-input":{"@type":"PropertyValueSpecification","valueRequired":true,"valueName":"search_term_string"}}],"inLanguage":"es"}]}},"_links":{"self":[{"href":"https:\/\/bercomex.com\/es\/wp-json\/wp\/v2\/pages\/6067","targetHints":{"allow":["GET"]}}],"collection":[{"href":"https:\/\/bercomex.com\/es\/wp-json\/wp\/v2\/pages"}],"about":[{"href":"https:\/\/bercomex.com\/es\/wp-json\/wp\/v2\/types\/page"}],"author":[{"embeddable":true,"href":"https:\/\/bercomex.com\/es\/wp-json\/wp\/v2\/users\/3"}],"replies":[{"embeddable":true,"href":"https:\/\/bercomex.com\/es\/wp-json\/wp\/v2\/comments?post=6067"}],"version-history":[{"count":12,"href":"https:\/\/bercomex.com\/es\/wp-json\/wp\/v2\/pages\/6067\/revisions"}],"predecessor-version":[{"id":12077,"href":"https:\/\/bercomex.com\/es\/wp-json\/wp\/v2\/pages\/6067\/revisions\/12077"}],"wp:featuredmedia":[{"embeddable":true,"href":"https:\/\/bercomex.com\/es\/wp-json\/wp\/v2\/media\/5968"}],"wp:attachment":[{"href":"https:\/\/bercomex.com\/es\/wp-json\/wp\/v2\/media?parent=6067"}],"curies":[{"name":"wp","href":"https:\/\/api.w.org\/{rel}","templated":true}]}}