{"id":7388,"date":"2024-02-21T15:03:01","date_gmt":"2024-02-21T15:03:01","guid":{"rendered":"https:\/\/bercomex.com\/?page_id=7388"},"modified":"2026-03-20T15:52:20","modified_gmt":"2026-03-20T15:52:20","slug":"maquina-de-atado-tyson","status":"publish","type":"page","link":"https:\/\/bercomex.com\/es\/soluciones\/maquinas-de-atado-y-cuerdas-elasticas\/maquina-de-atado-tyson\/","title":{"rendered":"M\u00e1quina de Atado Tyson"},"content":{"rendered":"<h4>Atado m\u00e1s Preciso<\/h4>\n<p>Gracias al nuevo sistema de control, ahora tenemos un control preciso sobre el motor para obtener resultados perfectos en cada ciclo de atado.<\/p>\n<h4>M\u00e1s Segura de Usar<\/h4>\n<p>Sin riesgos con 240V. Nuestra atadora de 24V es el\u00e9ctricamente m\u00e1s segura, y ahorrar\u00e1 en su factura de energ\u00eda debido a un menor consumo de energ\u00eda.<\/p>\n<h4>Tecnolog\u00eda Preparada para Bater\u00edas<\/h4>\n<p>Nuestra m\u00e1quina est\u00e1 preparada para una operaci\u00f3n sin problemas con energ\u00eda de bater\u00eda.<\/p>\n<h4>Voltaje de Red Flexible<\/h4>\n<p>Opera en un rango de voltaje de 80 a 264 VAC, ideal para exportaci\u00f3n y ubicaciones con voltajes de red inestables.<\/p>\n<h4>Dise\u00f1o Amigable con el Servicio<\/h4>\n<p>Hemos dise\u00f1ado Tyson para que el mantenimiento y el servicio sean muy f\u00e1ciles. Menos preocupaciones, m\u00e1s eficiencia.<\/p>\n<h4>Menos Propensa a Fallas<\/h4>\n<p>Tyson est\u00e1 construida para funcionar sin problemas. Menos fallas significan menos interrupciones y m\u00e1s productividad.<\/p>\n","protected":false},"excerpt":{"rendered":"<p>Atado m\u00e1s Preciso Gracias al nuevo sistema de control, ahora tenemos un control preciso sobre el motor para obtener resultados perfectos en cada ciclo de atado. M\u00e1s Segura de Usar Sin riesgos con 240V. Nuestra atadora de 24V es el\u00e9ctricamente&#8230;<\/p>\n","protected":false},"author":2,"featured_media":7385,"parent":2056,"menu_order":0,"comment_status":"closed","ping_status":"closed","template":"","meta":{"_acf_changed":false,"footnotes":""},"class_list":["post-7388","page","type-page","status-publish","has-post-thumbnail","hentry"],"acf":[],"yoast_head":"<!-- This site is optimized with the Yoast SEO plugin v27.3 - https:\/\/yoast.com\/product\/yoast-seo-wordpress\/ -->\n<title>M\u00e1quina de Atado Tyson - Bercomex Flower Processing Solutions<\/title>\n<meta name=\"description\" content=\"La atadora Chrymo amarra autom\u00e1ticamente sus flores de forma r\u00e1pida y cuidadosa, incluida la bolsa de comida de flores. Apto para varios tipos de flores.\" \/>\n<meta name=\"robots\" content=\"index, follow, max-snippet:-1, max-image-preview:large, max-video-preview:-1\" \/>\n<link rel=\"canonical\" href=\"https:\/\/bercomex.com\/es\/soluciones\/maquinas-de-atado-y-cuerdas-elasticas\/maquina-de-atado-tyson\/\" \/>\n<meta property=\"og:locale\" content=\"es_ES\" \/>\n<meta property=\"og:type\" content=\"article\" \/>\n<meta property=\"og:title\" content=\"M\u00e1quina de Atado Tyson - Bercomex Flower Processing Solutions\" \/>\n<meta property=\"og:description\" content=\"La atadora Chrymo amarra autom\u00e1ticamente sus flores de forma r\u00e1pida y cuidadosa, incluida la bolsa de comida de flores. Apto para varios tipos de flores.\" \/>\n<meta property=\"og:url\" content=\"https:\/\/bercomex.com\/es\/soluciones\/maquinas-de-atado-y-cuerdas-elasticas\/maquina-de-atado-tyson\/\" \/>\n<meta property=\"og:site_name\" content=\"Bercomex\" \/>\n<meta property=\"article:modified_time\" content=\"2026-03-20T15:52:20+00:00\" \/>\n<meta property=\"og:image\" content=\"https:\/\/bercomex.com\/wp-content\/uploads\/sites\/3\/2020\/01\/Nieuwsbericht-Tyson-Binder-1.jpg\" \/>\n\t<meta property=\"og:image:width\" content=\"2200\" \/>\n\t<meta property=\"og:image:height\" content=\"1000\" \/>\n\t<meta property=\"og:image:type\" content=\"image\/jpeg\" \/>\n<meta name=\"twitter:card\" content=\"summary_large_image\" \/>\n<meta name=\"twitter:label1\" content=\"Tiempo de lectura\" \/>\n\t<meta name=\"twitter:data1\" content=\"1 minuto\" \/>\n<script type=\"application\/ld+json\" class=\"yoast-schema-graph\">{\"@context\":\"https:\\\/\\\/schema.org\",\"@graph\":[{\"@type\":\"WebPage\",\"@id\":\"https:\\\/\\\/bercomex.com\\\/es\\\/soluciones\\\/maquinas-de-atado-y-cuerdas-elasticas\\\/maquina-de-atado-tyson\\\/\",\"url\":\"https:\\\/\\\/bercomex.com\\\/es\\\/soluciones\\\/maquinas-de-atado-y-cuerdas-elasticas\\\/maquina-de-atado-tyson\\\/\",\"name\":\"M\u00e1quina de Atado Tyson - Bercomex Flower Processing Solutions\",\"isPartOf\":{\"@id\":\"https:\\\/\\\/bercomex.com\\\/es\\\/#website\"},\"primaryImageOfPage\":{\"@id\":\"https:\\\/\\\/bercomex.com\\\/es\\\/soluciones\\\/maquinas-de-atado-y-cuerdas-elasticas\\\/maquina-de-atado-tyson\\\/#primaryimage\"},\"image\":{\"@id\":\"https:\\\/\\\/bercomex.com\\\/es\\\/soluciones\\\/maquinas-de-atado-y-cuerdas-elasticas\\\/maquina-de-atado-tyson\\\/#primaryimage\"},\"thumbnailUrl\":\"https:\\\/\\\/bercomex.com\\\/wp-content\\\/uploads\\\/sites\\\/3\\\/2020\\\/01\\\/Nieuwsbericht-Tyson-Binder-1.jpg\",\"datePublished\":\"2024-02-21T15:03:01+00:00\",\"dateModified\":\"2026-03-20T15:52:20+00:00\",\"description\":\"La atadora Chrymo amarra autom\u00e1ticamente sus flores de forma r\u00e1pida y cuidadosa, incluida la bolsa de comida de flores. Apto para varios tipos de flores.\",\"breadcrumb\":{\"@id\":\"https:\\\/\\\/bercomex.com\\\/es\\\/soluciones\\\/maquinas-de-atado-y-cuerdas-elasticas\\\/maquina-de-atado-tyson\\\/#breadcrumb\"},\"inLanguage\":\"es\",\"potentialAction\":[{\"@type\":\"ReadAction\",\"target\":[\"https:\\\/\\\/bercomex.com\\\/es\\\/soluciones\\\/maquinas-de-atado-y-cuerdas-elasticas\\\/maquina-de-atado-tyson\\\/\"]}]},{\"@type\":\"ImageObject\",\"inLanguage\":\"es\",\"@id\":\"https:\\\/\\\/bercomex.com\\\/es\\\/soluciones\\\/maquinas-de-atado-y-cuerdas-elasticas\\\/maquina-de-atado-tyson\\\/#primaryimage\",\"url\":\"https:\\\/\\\/bercomex.com\\\/wp-content\\\/uploads\\\/sites\\\/3\\\/2020\\\/01\\\/Nieuwsbericht-Tyson-Binder-1.jpg\",\"contentUrl\":\"https:\\\/\\\/bercomex.com\\\/wp-content\\\/uploads\\\/sites\\\/3\\\/2020\\\/01\\\/Nieuwsbericht-Tyson-Binder-1.jpg\",\"width\":2200,\"height\":1000,\"caption\":\"Tyson binder in actie met tulpen\"},{\"@type\":\"BreadcrumbList\",\"@id\":\"https:\\\/\\\/bercomex.com\\\/es\\\/soluciones\\\/maquinas-de-atado-y-cuerdas-elasticas\\\/maquina-de-atado-tyson\\\/#breadcrumb\",\"itemListElement\":[{\"@type\":\"ListItem\",\"position\":1,\"name\":\"Home\",\"item\":\"https:\\\/\\\/bercomex.com\\\/es\\\/\"},{\"@type\":\"ListItem\",\"position\":2,\"name\":\"La innovaci\u00f3n como motor\",\"item\":\"https:\\\/\\\/bercomex.com\\\/es\\\/soluciones\\\/\"},{\"@type\":\"ListItem\",\"position\":3,\"name\":\"M\u00e1quinas de atado y cuerdas el\u00e1sticas\",\"item\":\"https:\\\/\\\/bercomex.com\\\/es\\\/soluciones\\\/maquinas-de-atado-y-cuerdas-elasticas\\\/\"},{\"@type\":\"ListItem\",\"position\":4,\"name\":\"M\u00e1quina de Atado Tyson\"}]},{\"@type\":\"WebSite\",\"@id\":\"https:\\\/\\\/bercomex.com\\\/es\\\/#website\",\"url\":\"https:\\\/\\\/bercomex.com\\\/es\\\/\",\"name\":\"Bercomex\",\"description\":\"Een Invaro\",\"potentialAction\":[{\"@type\":\"SearchAction\",\"target\":{\"@type\":\"EntryPoint\",\"urlTemplate\":\"https:\\\/\\\/bercomex.com\\\/es\\\/?s={search_term_string}\"},\"query-input\":{\"@type\":\"PropertyValueSpecification\",\"valueRequired\":true,\"valueName\":\"search_term_string\"}}],\"inLanguage\":\"es\"}]}<\/script>\n<!-- \/ Yoast SEO plugin. -->","yoast_head_json":{"title":"M\u00e1quina de Atado Tyson - Bercomex Flower Processing Solutions","description":"La atadora Chrymo amarra autom\u00e1ticamente sus flores de forma r\u00e1pida y cuidadosa, incluida la bolsa de comida de flores. Apto para varios tipos de flores.","robots":{"index":"index","follow":"follow","max-snippet":"max-snippet:-1","max-image-preview":"max-image-preview:large","max-video-preview":"max-video-preview:-1"},"canonical":"https:\/\/bercomex.com\/es\/soluciones\/maquinas-de-atado-y-cuerdas-elasticas\/maquina-de-atado-tyson\/","og_locale":"es_ES","og_type":"article","og_title":"M\u00e1quina de Atado Tyson - Bercomex Flower Processing Solutions","og_description":"La atadora Chrymo amarra autom\u00e1ticamente sus flores de forma r\u00e1pida y cuidadosa, incluida la bolsa de comida de flores. Apto para varios tipos de flores.","og_url":"https:\/\/bercomex.com\/es\/soluciones\/maquinas-de-atado-y-cuerdas-elasticas\/maquina-de-atado-tyson\/","og_site_name":"Bercomex","article_modified_time":"2026-03-20T15:52:20+00:00","og_image":[{"width":2200,"height":1000,"url":"https:\/\/bercomex.com\/wp-content\/uploads\/sites\/3\/2020\/01\/Nieuwsbericht-Tyson-Binder-1.jpg","type":"image\/jpeg"}],"twitter_card":"summary_large_image","twitter_misc":{"Tiempo de lectura":"1 minuto"},"schema":{"@context":"https:\/\/schema.org","@graph":[{"@type":"WebPage","@id":"https:\/\/bercomex.com\/es\/soluciones\/maquinas-de-atado-y-cuerdas-elasticas\/maquina-de-atado-tyson\/","url":"https:\/\/bercomex.com\/es\/soluciones\/maquinas-de-atado-y-cuerdas-elasticas\/maquina-de-atado-tyson\/","name":"M\u00e1quina de Atado Tyson - Bercomex Flower Processing Solutions","isPartOf":{"@id":"https:\/\/bercomex.com\/es\/#website"},"primaryImageOfPage":{"@id":"https:\/\/bercomex.com\/es\/soluciones\/maquinas-de-atado-y-cuerdas-elasticas\/maquina-de-atado-tyson\/#primaryimage"},"image":{"@id":"https:\/\/bercomex.com\/es\/soluciones\/maquinas-de-atado-y-cuerdas-elasticas\/maquina-de-atado-tyson\/#primaryimage"},"thumbnailUrl":"https:\/\/bercomex.com\/wp-content\/uploads\/sites\/3\/2020\/01\/Nieuwsbericht-Tyson-Binder-1.jpg","datePublished":"2024-02-21T15:03:01+00:00","dateModified":"2026-03-20T15:52:20+00:00","description":"La atadora Chrymo amarra autom\u00e1ticamente sus flores de forma r\u00e1pida y cuidadosa, incluida la bolsa de comida de flores. Apto para varios tipos de flores.","breadcrumb":{"@id":"https:\/\/bercomex.com\/es\/soluciones\/maquinas-de-atado-y-cuerdas-elasticas\/maquina-de-atado-tyson\/#breadcrumb"},"inLanguage":"es","potentialAction":[{"@type":"ReadAction","target":["https:\/\/bercomex.com\/es\/soluciones\/maquinas-de-atado-y-cuerdas-elasticas\/maquina-de-atado-tyson\/"]}]},{"@type":"ImageObject","inLanguage":"es","@id":"https:\/\/bercomex.com\/es\/soluciones\/maquinas-de-atado-y-cuerdas-elasticas\/maquina-de-atado-tyson\/#primaryimage","url":"https:\/\/bercomex.com\/wp-content\/uploads\/sites\/3\/2020\/01\/Nieuwsbericht-Tyson-Binder-1.jpg","contentUrl":"https:\/\/bercomex.com\/wp-content\/uploads\/sites\/3\/2020\/01\/Nieuwsbericht-Tyson-Binder-1.jpg","width":2200,"height":1000,"caption":"Tyson binder in actie met tulpen"},{"@type":"BreadcrumbList","@id":"https:\/\/bercomex.com\/es\/soluciones\/maquinas-de-atado-y-cuerdas-elasticas\/maquina-de-atado-tyson\/#breadcrumb","itemListElement":[{"@type":"ListItem","position":1,"name":"Home","item":"https:\/\/bercomex.com\/es\/"},{"@type":"ListItem","position":2,"name":"La innovaci\u00f3n como motor","item":"https:\/\/bercomex.com\/es\/soluciones\/"},{"@type":"ListItem","position":3,"name":"M\u00e1quinas de atado y cuerdas el\u00e1sticas","item":"https:\/\/bercomex.com\/es\/soluciones\/maquinas-de-atado-y-cuerdas-elasticas\/"},{"@type":"ListItem","position":4,"name":"M\u00e1quina de Atado Tyson"}]},{"@type":"WebSite","@id":"https:\/\/bercomex.com\/es\/#website","url":"https:\/\/bercomex.com\/es\/","name":"Bercomex","description":"Een Invaro","potentialAction":[{"@type":"SearchAction","target":{"@type":"EntryPoint","urlTemplate":"https:\/\/bercomex.com\/es\/?s={search_term_string}"},"query-input":{"@type":"PropertyValueSpecification","valueRequired":true,"valueName":"search_term_string"}}],"inLanguage":"es"}]}},"_links":{"self":[{"href":"https:\/\/bercomex.com\/es\/wp-json\/wp\/v2\/pages\/7388","targetHints":{"allow":["GET"]}}],"collection":[{"href":"https:\/\/bercomex.com\/es\/wp-json\/wp\/v2\/pages"}],"about":[{"href":"https:\/\/bercomex.com\/es\/wp-json\/wp\/v2\/types\/page"}],"author":[{"embeddable":true,"href":"https:\/\/bercomex.com\/es\/wp-json\/wp\/v2\/users\/2"}],"replies":[{"embeddable":true,"href":"https:\/\/bercomex.com\/es\/wp-json\/wp\/v2\/comments?post=7388"}],"version-history":[{"count":5,"href":"https:\/\/bercomex.com\/es\/wp-json\/wp\/v2\/pages\/7388\/revisions"}],"predecessor-version":[{"id":12058,"href":"https:\/\/bercomex.com\/es\/wp-json\/wp\/v2\/pages\/7388\/revisions\/12058"}],"up":[{"embeddable":true,"href":"https:\/\/bercomex.com\/es\/wp-json\/wp\/v2\/pages\/2056"}],"wp:featuredmedia":[{"embeddable":true,"href":"https:\/\/bercomex.com\/es\/wp-json\/wp\/v2\/media\/7385"}],"wp:attachment":[{"href":"https:\/\/bercomex.com\/es\/wp-json\/wp\/v2\/media?parent=7388"}],"curies":[{"name":"wp","href":"https:\/\/api.w.org\/{rel}","templated":true}]}}