{"id":8214,"date":"2024-04-10T14:38:01","date_gmt":"2024-04-10T14:38:01","guid":{"rendered":"https:\/\/bercomex.com\/?page_id=8214"},"modified":"2026-03-19T11:08:11","modified_gmt":"2026-03-19T11:08:11","slug":"furora-lelie","status":"publish","type":"page","link":"https:\/\/bercomex.com\/es\/soluciones\/seleccion-automatica-y-agrupamiento\/furora-lelie\/","title":{"rendered":"Furora Lelie"},"content":{"rendered":"<h2>Agrupado autom\u00e1tico completo de lirios<\/h2>\n<p>La Furora Lily automatiza por completo el procesamiento de lirios. Desde la alimentaci\u00f3n de tallos sin clasificar hasta la separaci\u00f3n, clasificaci\u00f3n y agrupaci\u00f3n, todo el proceso es totalmente autom\u00e1tico. Con una capacidad impresionante de hasta 6.000 tallos por hora, esta m\u00e1quina agrupadora ofrece velocidad y consistencia sin comprometer la calidad.<\/p>\n<h2>Calidad constante para m\u00faltiples variedades de lirios<\/h2>\n<p>Gracias a su tecnolog\u00eda de visi\u00f3n basada en deep learning, la Furora detecta los botones con gran precisi\u00f3n. Esto da como resultado ramos uniformes que cumplen con los est\u00e1ndares de calidad m\u00e1s altos. La m\u00e1quina agrupadora es apta para procesar distintas variedades de lirios en una misma l\u00ednea, ofreciendo a los productores flexibilidad ante la demanda del mercado.<\/p>\n<h2>Tecnolog\u00eda probada, preparada para el futuro<\/h2>\n<p>Con m\u00e1s de veinte a\u00f1os de experiencia en procesamiento floral, la Furora es una soluci\u00f3n fiable a nivel mundial. Desarrollada inicialmente para <a href=\"https:\/\/bercomex.com\/es\/soluciones\/seleccion-automatica-y-agrupamiento\/furora-compact\/\">tulipanes<\/a>, hoy se utiliza con \u00e9xito en otras flores como crisantemos, peon\u00edas y ahora tambi\u00e9n lirios. La Furora Lily ofrece una soluci\u00f3n moderna que permite a los productores profesionalizar su l\u00ednea de procesamiento y reducir la presi\u00f3n laboral.<\/p>\n","protected":false},"excerpt":{"rendered":"<p>Agrupado autom\u00e1tico completo de lirios La Furora Lily automatiza por completo el procesamiento de lirios. Desde la alimentaci\u00f3n de tallos sin clasificar hasta la separaci\u00f3n, clasificaci\u00f3n y agrupaci\u00f3n, todo el proceso es totalmente autom\u00e1tico. Con una capacidad impresionante de hasta&#8230;<\/p>\n","protected":false},"author":2,"featured_media":2734,"parent":2048,"menu_order":0,"comment_status":"closed","ping_status":"closed","template":"","meta":{"_acf_changed":false,"footnotes":""},"class_list":["post-8214","page","type-page","status-publish","has-post-thumbnail","hentry"],"acf":[],"yoast_head":"<!-- This site is optimized with the Yoast SEO plugin v27.3 - https:\/\/yoast.com\/product\/yoast-seo-wordpress\/ -->\n<title>Furora Lily | Agrupado autom\u00e1tico de lirios con precisi\u00f3n<\/title>\n<meta name=\"description\" content=\"Descubre la Furora Lily: una soluci\u00f3n automatizada para clasificar y agrupar lirios. Procesa hasta 6.000 tallos por hora con calidad constante y menos personal.\" \/>\n<meta name=\"robots\" content=\"index, follow, max-snippet:-1, max-image-preview:large, max-video-preview:-1\" \/>\n<link rel=\"canonical\" href=\"https:\/\/bercomex.com\/es\/soluciones\/seleccion-automatica-y-agrupamiento\/furora-lelie\/\" \/>\n<meta property=\"og:locale\" content=\"es_ES\" \/>\n<meta property=\"og:type\" content=\"article\" \/>\n<meta property=\"og:title\" content=\"Furora Lily | Agrupado autom\u00e1tico de lirios con precisi\u00f3n\" \/>\n<meta property=\"og:description\" content=\"Descubre la Furora Lily: una soluci\u00f3n automatizada para clasificar y agrupar lirios. Procesa hasta 6.000 tallos por hora con calidad constante y menos personal.\" \/>\n<meta property=\"og:url\" content=\"https:\/\/bercomex.com\/es\/soluciones\/seleccion-automatica-y-agrupamiento\/furora-lelie\/\" \/>\n<meta property=\"og:site_name\" content=\"Bercomex\" \/>\n<meta property=\"article:modified_time\" content=\"2026-03-19T11:08:11+00:00\" \/>\n<meta property=\"og:image\" content=\"https:\/\/bercomex.com\/wp-content\/uploads\/sites\/3\/2019\/08\/Bercomex_Furora_lelie_mg_3681_web.jpg\" \/>\n\t<meta property=\"og:image:width\" content=\"2000\" \/>\n\t<meta property=\"og:image:height\" content=\"1333\" \/>\n\t<meta property=\"og:image:type\" content=\"image\/jpeg\" \/>\n<meta name=\"twitter:card\" content=\"summary_large_image\" \/>\n<meta name=\"twitter:label1\" content=\"Tiempo de lectura\" \/>\n\t<meta name=\"twitter:data1\" content=\"2 minutos\" \/>\n<script type=\"application\/ld+json\" class=\"yoast-schema-graph\">{\"@context\":\"https:\\\/\\\/schema.org\",\"@graph\":[{\"@type\":\"WebPage\",\"@id\":\"https:\\\/\\\/bercomex.com\\\/es\\\/soluciones\\\/seleccion-automatica-y-agrupamiento\\\/furora-lelie\\\/\",\"url\":\"https:\\\/\\\/bercomex.com\\\/es\\\/soluciones\\\/seleccion-automatica-y-agrupamiento\\\/furora-lelie\\\/\",\"name\":\"Furora Lily | Agrupado autom\u00e1tico de lirios con precisi\u00f3n\",\"isPartOf\":{\"@id\":\"https:\\\/\\\/bercomex.com\\\/es\\\/#website\"},\"primaryImageOfPage\":{\"@id\":\"https:\\\/\\\/bercomex.com\\\/es\\\/soluciones\\\/seleccion-automatica-y-agrupamiento\\\/furora-lelie\\\/#primaryimage\"},\"image\":{\"@id\":\"https:\\\/\\\/bercomex.com\\\/es\\\/soluciones\\\/seleccion-automatica-y-agrupamiento\\\/furora-lelie\\\/#primaryimage\"},\"thumbnailUrl\":\"https:\\\/\\\/bercomex.com\\\/wp-content\\\/uploads\\\/sites\\\/3\\\/2019\\\/08\\\/Bercomex_Furora_lelie_mg_3681_web.jpg\",\"datePublished\":\"2024-04-10T14:38:01+00:00\",\"dateModified\":\"2026-03-19T11:08:11+00:00\",\"description\":\"Descubre la Furora Lily: una soluci\u00f3n automatizada para clasificar y agrupar lirios. Procesa hasta 6.000 tallos por hora con calidad constante y menos personal.\",\"breadcrumb\":{\"@id\":\"https:\\\/\\\/bercomex.com\\\/es\\\/soluciones\\\/seleccion-automatica-y-agrupamiento\\\/furora-lelie\\\/#breadcrumb\"},\"inLanguage\":\"es\",\"potentialAction\":[{\"@type\":\"ReadAction\",\"target\":[\"https:\\\/\\\/bercomex.com\\\/es\\\/soluciones\\\/seleccion-automatica-y-agrupamiento\\\/furora-lelie\\\/\"]}]},{\"@type\":\"ImageObject\",\"inLanguage\":\"es\",\"@id\":\"https:\\\/\\\/bercomex.com\\\/es\\\/soluciones\\\/seleccion-automatica-y-agrupamiento\\\/furora-lelie\\\/#primaryimage\",\"url\":\"https:\\\/\\\/bercomex.com\\\/wp-content\\\/uploads\\\/sites\\\/3\\\/2019\\\/08\\\/Bercomex_Furora_lelie_mg_3681_web.jpg\",\"contentUrl\":\"https:\\\/\\\/bercomex.com\\\/wp-content\\\/uploads\\\/sites\\\/3\\\/2019\\\/08\\\/Bercomex_Furora_lelie_mg_3681_web.jpg\",\"width\":2000,\"height\":1333,\"caption\":\"Furora Lelie Bercomex bosmachine\"},{\"@type\":\"BreadcrumbList\",\"@id\":\"https:\\\/\\\/bercomex.com\\\/es\\\/soluciones\\\/seleccion-automatica-y-agrupamiento\\\/furora-lelie\\\/#breadcrumb\",\"itemListElement\":[{\"@type\":\"ListItem\",\"position\":1,\"name\":\"Home\",\"item\":\"https:\\\/\\\/bercomex.com\\\/es\\\/\"},{\"@type\":\"ListItem\",\"position\":2,\"name\":\"La innovaci\u00f3n como motor\",\"item\":\"https:\\\/\\\/bercomex.com\\\/es\\\/soluciones\\\/\"},{\"@type\":\"ListItem\",\"position\":3,\"name\":\"Selecci\u00f3n autom\u00e1tica y agrupamiento\",\"item\":\"https:\\\/\\\/bercomex.com\\\/es\\\/soluciones\\\/seleccion-automatica-y-agrupamiento\\\/\"},{\"@type\":\"ListItem\",\"position\":4,\"name\":\"Furora Lelie\"}]},{\"@type\":\"WebSite\",\"@id\":\"https:\\\/\\\/bercomex.com\\\/es\\\/#website\",\"url\":\"https:\\\/\\\/bercomex.com\\\/es\\\/\",\"name\":\"Bercomex\",\"description\":\"Een Invaro\",\"potentialAction\":[{\"@type\":\"SearchAction\",\"target\":{\"@type\":\"EntryPoint\",\"urlTemplate\":\"https:\\\/\\\/bercomex.com\\\/es\\\/?s={search_term_string}\"},\"query-input\":{\"@type\":\"PropertyValueSpecification\",\"valueRequired\":true,\"valueName\":\"search_term_string\"}}],\"inLanguage\":\"es\"}]}<\/script>\n<!-- \/ Yoast SEO plugin. -->","yoast_head_json":{"title":"Furora Lily | Agrupado autom\u00e1tico de lirios con precisi\u00f3n","description":"Descubre la Furora Lily: una soluci\u00f3n automatizada para clasificar y agrupar lirios. Procesa hasta 6.000 tallos por hora con calidad constante y menos personal.","robots":{"index":"index","follow":"follow","max-snippet":"max-snippet:-1","max-image-preview":"max-image-preview:large","max-video-preview":"max-video-preview:-1"},"canonical":"https:\/\/bercomex.com\/es\/soluciones\/seleccion-automatica-y-agrupamiento\/furora-lelie\/","og_locale":"es_ES","og_type":"article","og_title":"Furora Lily | Agrupado autom\u00e1tico de lirios con precisi\u00f3n","og_description":"Descubre la Furora Lily: una soluci\u00f3n automatizada para clasificar y agrupar lirios. Procesa hasta 6.000 tallos por hora con calidad constante y menos personal.","og_url":"https:\/\/bercomex.com\/es\/soluciones\/seleccion-automatica-y-agrupamiento\/furora-lelie\/","og_site_name":"Bercomex","article_modified_time":"2026-03-19T11:08:11+00:00","og_image":[{"width":2000,"height":1333,"url":"https:\/\/bercomex.com\/wp-content\/uploads\/sites\/3\/2019\/08\/Bercomex_Furora_lelie_mg_3681_web.jpg","type":"image\/jpeg"}],"twitter_card":"summary_large_image","twitter_misc":{"Tiempo de lectura":"2 minutos"},"schema":{"@context":"https:\/\/schema.org","@graph":[{"@type":"WebPage","@id":"https:\/\/bercomex.com\/es\/soluciones\/seleccion-automatica-y-agrupamiento\/furora-lelie\/","url":"https:\/\/bercomex.com\/es\/soluciones\/seleccion-automatica-y-agrupamiento\/furora-lelie\/","name":"Furora Lily | Agrupado autom\u00e1tico de lirios con precisi\u00f3n","isPartOf":{"@id":"https:\/\/bercomex.com\/es\/#website"},"primaryImageOfPage":{"@id":"https:\/\/bercomex.com\/es\/soluciones\/seleccion-automatica-y-agrupamiento\/furora-lelie\/#primaryimage"},"image":{"@id":"https:\/\/bercomex.com\/es\/soluciones\/seleccion-automatica-y-agrupamiento\/furora-lelie\/#primaryimage"},"thumbnailUrl":"https:\/\/bercomex.com\/wp-content\/uploads\/sites\/3\/2019\/08\/Bercomex_Furora_lelie_mg_3681_web.jpg","datePublished":"2024-04-10T14:38:01+00:00","dateModified":"2026-03-19T11:08:11+00:00","description":"Descubre la Furora Lily: una soluci\u00f3n automatizada para clasificar y agrupar lirios. Procesa hasta 6.000 tallos por hora con calidad constante y menos personal.","breadcrumb":{"@id":"https:\/\/bercomex.com\/es\/soluciones\/seleccion-automatica-y-agrupamiento\/furora-lelie\/#breadcrumb"},"inLanguage":"es","potentialAction":[{"@type":"ReadAction","target":["https:\/\/bercomex.com\/es\/soluciones\/seleccion-automatica-y-agrupamiento\/furora-lelie\/"]}]},{"@type":"ImageObject","inLanguage":"es","@id":"https:\/\/bercomex.com\/es\/soluciones\/seleccion-automatica-y-agrupamiento\/furora-lelie\/#primaryimage","url":"https:\/\/bercomex.com\/wp-content\/uploads\/sites\/3\/2019\/08\/Bercomex_Furora_lelie_mg_3681_web.jpg","contentUrl":"https:\/\/bercomex.com\/wp-content\/uploads\/sites\/3\/2019\/08\/Bercomex_Furora_lelie_mg_3681_web.jpg","width":2000,"height":1333,"caption":"Furora Lelie Bercomex bosmachine"},{"@type":"BreadcrumbList","@id":"https:\/\/bercomex.com\/es\/soluciones\/seleccion-automatica-y-agrupamiento\/furora-lelie\/#breadcrumb","itemListElement":[{"@type":"ListItem","position":1,"name":"Home","item":"https:\/\/bercomex.com\/es\/"},{"@type":"ListItem","position":2,"name":"La innovaci\u00f3n como motor","item":"https:\/\/bercomex.com\/es\/soluciones\/"},{"@type":"ListItem","position":3,"name":"Selecci\u00f3n autom\u00e1tica y agrupamiento","item":"https:\/\/bercomex.com\/es\/soluciones\/seleccion-automatica-y-agrupamiento\/"},{"@type":"ListItem","position":4,"name":"Furora Lelie"}]},{"@type":"WebSite","@id":"https:\/\/bercomex.com\/es\/#website","url":"https:\/\/bercomex.com\/es\/","name":"Bercomex","description":"Een Invaro","potentialAction":[{"@type":"SearchAction","target":{"@type":"EntryPoint","urlTemplate":"https:\/\/bercomex.com\/es\/?s={search_term_string}"},"query-input":{"@type":"PropertyValueSpecification","valueRequired":true,"valueName":"search_term_string"}}],"inLanguage":"es"}]}},"_links":{"self":[{"href":"https:\/\/bercomex.com\/es\/wp-json\/wp\/v2\/pages\/8214","targetHints":{"allow":["GET"]}}],"collection":[{"href":"https:\/\/bercomex.com\/es\/wp-json\/wp\/v2\/pages"}],"about":[{"href":"https:\/\/bercomex.com\/es\/wp-json\/wp\/v2\/types\/page"}],"author":[{"embeddable":true,"href":"https:\/\/bercomex.com\/es\/wp-json\/wp\/v2\/users\/2"}],"replies":[{"embeddable":true,"href":"https:\/\/bercomex.com\/es\/wp-json\/wp\/v2\/comments?post=8214"}],"version-history":[{"count":11,"href":"https:\/\/bercomex.com\/es\/wp-json\/wp\/v2\/pages\/8214\/revisions"}],"predecessor-version":[{"id":12039,"href":"https:\/\/bercomex.com\/es\/wp-json\/wp\/v2\/pages\/8214\/revisions\/12039"}],"up":[{"embeddable":true,"href":"https:\/\/bercomex.com\/es\/wp-json\/wp\/v2\/pages\/2048"}],"wp:featuredmedia":[{"embeddable":true,"href":"https:\/\/bercomex.com\/es\/wp-json\/wp\/v2\/media\/2734"}],"wp:attachment":[{"href":"https:\/\/bercomex.com\/es\/wp-json\/wp\/v2\/media?parent=8214"}],"curies":[{"name":"wp","href":"https:\/\/api.w.org\/{rel}","templated":true}]}}