{"id":9783,"date":"2025-07-25T09:55:32","date_gmt":"2025-07-25T09:55:32","guid":{"rendered":"https:\/\/bercomex.com\/?page_id=9783"},"modified":"2026-03-20T15:53:49","modified_gmt":"2026-03-20T15:53:49","slug":"maquina-de-atado-chrymo-combi","status":"publish","type":"page","link":"https:\/\/bercomex.com\/es\/soluciones\/maquinas-de-atado-y-cuerdas-elasticas\/maquina-de-atado-chrymo-combi\/","title":{"rendered":"M\u00e1quina de Atado Chrymo Combi"},"content":{"rendered":"<p>Hasta hace poco tiempo se necesitaban m\u00e1quinas separadas para los sobres de polvo y de l\u00edquido. Esto signific\u00f3 que los productores y procesadores tuvieron que elegir entre invertir en dos m\u00e1quinas atadoras diferentes.<\/p>\n<p>En colaboraci\u00f3n con Chrysal International, Bercomex ha desarrollado una soluci\u00f3n inteligente para esto: la Chrymo Combi Binder. Una m\u00e1quina que puede manejar ambos tipos de alimento para flores cortadas. Esto supone un importante ahorro en costes, espacio y mano de obra.<\/p>\n<h4>Doble funcionalidad, f\u00e1cil de cambiar.<\/h4>\n<p>La gran ventaja de la Chrymo Combi Binder es su flexibilidad: puedes unir alimentos tanto l\u00edquidos como en polvo con una sola m\u00e1quina. Gracias a los dispensadores f\u00e1cilmente extra\u00edbles, cambiar entre ambos tipos de sobres es r\u00e1pido y sin complicaciones. Esto le permitir\u00e1 responder sin esfuerzo a los deseos de sus clientes y trabajar de forma m\u00e1s eficiente que nunca.<\/p>\n<h4>F\u00e1cil de limpiar<\/h4>\n<p>Con la nueva Chrymo Combi Binder el mantenimiento nunca ha sido tan f\u00e1cil. El dispensador de sobres extra\u00edble le ahorra a su equipo de mantenimiento una gran cantidad de tiempo. El dispensador se puede cambiar en 4 minutos cuando se vuelve pegajoso o sucio. Esto da como resultado un tiempo de inactividad m\u00ednimo y una productividad m\u00e1xima.<\/p>\n<h4>Alta velocidad<\/h4>\n<p>La m\u00e1quina atadora puede atarse hasta 4.000 bolsas por hora. Y como es posible integrar el Chrymo Combi Binder en un proceso de encuadernaci\u00f3n de mangas totalmente autom\u00e1tico, se consigue la m\u00e1xima velocidad.<\/p>\n<h4>Sobres Chrysal Combi en cuerda<\/h4>\n<p>Junto con Chrysal International hemos dado el siguiente paso en la aplicaci\u00f3n autom\u00e1tica de sobres de l\u00edquidos y polvos. Las pegatinas de conexi\u00f3n permiten que las cajas con cuerdas Chrysal se conecten perfectamente a la nueva cuerda. Esto garantiza el funcionamiento continuo del Chrymo Combi Binder.<\/p>\n","protected":false},"excerpt":{"rendered":"<p>Hasta hace poco tiempo se necesitaban m\u00e1quinas separadas para los sobres de polvo y de l\u00edquido. Esto signific\u00f3 que los productores y procesadores tuvieron que elegir entre invertir en dos m\u00e1quinas atadoras diferentes. En colaboraci\u00f3n con Chrysal International, Bercomex ha&#8230;<\/p>\n","protected":false},"author":8,"featured_media":9787,"parent":2056,"menu_order":3,"comment_status":"closed","ping_status":"closed","template":"","meta":{"_acf_changed":false,"footnotes":""},"class_list":["post-9783","page","type-page","status-publish","has-post-thumbnail","hentry"],"acf":[],"yoast_head":"<!-- This site is optimized with the Yoast SEO plugin v27.3 - https:\/\/yoast.com\/product\/yoast-seo-wordpress\/ -->\n<title>M\u00e1quina de Atado Chrymo Combi - Bercomex<\/title>\n<meta name=\"description\" content=\"La m\u00e1quina atadora Chrymo Combi ata sus flores de forma autom\u00e1tica, r\u00e1pida y cuidadosa, incluido el sobre de alimento l\u00edquido o en polvo para flores cortadas.\" \/>\n<meta name=\"robots\" content=\"index, follow, max-snippet:-1, max-image-preview:large, max-video-preview:-1\" \/>\n<link rel=\"canonical\" href=\"https:\/\/bercomex.com\/es\/soluciones\/maquinas-de-atado-y-cuerdas-elasticas\/maquina-de-atado-chrymo-combi\/\" \/>\n<meta property=\"og:locale\" content=\"es_ES\" \/>\n<meta property=\"og:type\" content=\"article\" \/>\n<meta property=\"og:title\" content=\"M\u00e1quina de Atado Chrymo Combi - Bercomex\" \/>\n<meta property=\"og:description\" content=\"La m\u00e1quina atadora Chrymo Combi ata sus flores de forma autom\u00e1tica, r\u00e1pida y cuidadosa, incluido el sobre de alimento l\u00edquido o en polvo para flores cortadas.\" \/>\n<meta property=\"og:url\" content=\"https:\/\/bercomex.com\/es\/soluciones\/maquinas-de-atado-y-cuerdas-elasticas\/maquina-de-atado-chrymo-combi\/\" \/>\n<meta property=\"og:site_name\" content=\"Bercomex\" \/>\n<meta property=\"article:modified_time\" content=\"2026-03-20T15:53:49+00:00\" \/>\n<meta property=\"og:image\" content=\"https:\/\/bercomex.com\/wp-content\/uploads\/sites\/3\/2025\/04\/Chrymo-Combi-Binder-L-R.jpg\" \/>\n\t<meta property=\"og:image:width\" content=\"2076\" \/>\n\t<meta property=\"og:image:height\" content=\"1211\" \/>\n\t<meta property=\"og:image:type\" content=\"image\/jpeg\" \/>\n<meta name=\"twitter:card\" content=\"summary_large_image\" \/>\n<meta name=\"twitter:label1\" content=\"Tiempo de lectura\" \/>\n\t<meta name=\"twitter:data1\" content=\"2 minutos\" \/>\n<script type=\"application\/ld+json\" class=\"yoast-schema-graph\">{\"@context\":\"https:\\\/\\\/schema.org\",\"@graph\":[{\"@type\":\"WebPage\",\"@id\":\"https:\\\/\\\/bercomex.com\\\/es\\\/soluciones\\\/maquinas-de-atado-y-cuerdas-elasticas\\\/maquina-de-atado-chrymo-combi\\\/\",\"url\":\"https:\\\/\\\/bercomex.com\\\/es\\\/soluciones\\\/maquinas-de-atado-y-cuerdas-elasticas\\\/maquina-de-atado-chrymo-combi\\\/\",\"name\":\"M\u00e1quina de Atado Chrymo Combi - Bercomex\",\"isPartOf\":{\"@id\":\"https:\\\/\\\/bercomex.com\\\/es\\\/#website\"},\"primaryImageOfPage\":{\"@id\":\"https:\\\/\\\/bercomex.com\\\/es\\\/soluciones\\\/maquinas-de-atado-y-cuerdas-elasticas\\\/maquina-de-atado-chrymo-combi\\\/#primaryimage\"},\"image\":{\"@id\":\"https:\\\/\\\/bercomex.com\\\/es\\\/soluciones\\\/maquinas-de-atado-y-cuerdas-elasticas\\\/maquina-de-atado-chrymo-combi\\\/#primaryimage\"},\"thumbnailUrl\":\"https:\\\/\\\/bercomex.com\\\/wp-content\\\/uploads\\\/sites\\\/3\\\/2025\\\/04\\\/Chrymo-Combi-Binder-L-R.jpg\",\"datePublished\":\"2025-07-25T09:55:32+00:00\",\"dateModified\":\"2026-03-20T15:53:49+00:00\",\"description\":\"La m\u00e1quina atadora Chrymo Combi ata sus flores de forma autom\u00e1tica, r\u00e1pida y cuidadosa, incluido el sobre de alimento l\u00edquido o en polvo para flores cortadas.\",\"breadcrumb\":{\"@id\":\"https:\\\/\\\/bercomex.com\\\/es\\\/soluciones\\\/maquinas-de-atado-y-cuerdas-elasticas\\\/maquina-de-atado-chrymo-combi\\\/#breadcrumb\"},\"inLanguage\":\"es\",\"potentialAction\":[{\"@type\":\"ReadAction\",\"target\":[\"https:\\\/\\\/bercomex.com\\\/es\\\/soluciones\\\/maquinas-de-atado-y-cuerdas-elasticas\\\/maquina-de-atado-chrymo-combi\\\/\"]}]},{\"@type\":\"ImageObject\",\"inLanguage\":\"es\",\"@id\":\"https:\\\/\\\/bercomex.com\\\/es\\\/soluciones\\\/maquinas-de-atado-y-cuerdas-elasticas\\\/maquina-de-atado-chrymo-combi\\\/#primaryimage\",\"url\":\"https:\\\/\\\/bercomex.com\\\/wp-content\\\/uploads\\\/sites\\\/3\\\/2025\\\/04\\\/Chrymo-Combi-Binder-L-R.jpg\",\"contentUrl\":\"https:\\\/\\\/bercomex.com\\\/wp-content\\\/uploads\\\/sites\\\/3\\\/2025\\\/04\\\/Chrymo-Combi-Binder-L-R.jpg\",\"width\":2076,\"height\":1211,\"caption\":\"Chrymo Combi Binder L-R\"},{\"@type\":\"BreadcrumbList\",\"@id\":\"https:\\\/\\\/bercomex.com\\\/es\\\/soluciones\\\/maquinas-de-atado-y-cuerdas-elasticas\\\/maquina-de-atado-chrymo-combi\\\/#breadcrumb\",\"itemListElement\":[{\"@type\":\"ListItem\",\"position\":1,\"name\":\"Home\",\"item\":\"https:\\\/\\\/bercomex.com\\\/es\\\/\"},{\"@type\":\"ListItem\",\"position\":2,\"name\":\"La innovaci\u00f3n como motor\",\"item\":\"https:\\\/\\\/bercomex.com\\\/es\\\/soluciones\\\/\"},{\"@type\":\"ListItem\",\"position\":3,\"name\":\"M\u00e1quinas de atado y cuerdas el\u00e1sticas\",\"item\":\"https:\\\/\\\/bercomex.com\\\/es\\\/soluciones\\\/maquinas-de-atado-y-cuerdas-elasticas\\\/\"},{\"@type\":\"ListItem\",\"position\":4,\"name\":\"M\u00e1quina de Atado Chrymo Combi\"}]},{\"@type\":\"WebSite\",\"@id\":\"https:\\\/\\\/bercomex.com\\\/es\\\/#website\",\"url\":\"https:\\\/\\\/bercomex.com\\\/es\\\/\",\"name\":\"Bercomex\",\"description\":\"Een Invaro\",\"potentialAction\":[{\"@type\":\"SearchAction\",\"target\":{\"@type\":\"EntryPoint\",\"urlTemplate\":\"https:\\\/\\\/bercomex.com\\\/es\\\/?s={search_term_string}\"},\"query-input\":{\"@type\":\"PropertyValueSpecification\",\"valueRequired\":true,\"valueName\":\"search_term_string\"}}],\"inLanguage\":\"es\"}]}<\/script>\n<!-- \/ Yoast SEO plugin. -->","yoast_head_json":{"title":"M\u00e1quina de Atado Chrymo Combi - Bercomex","description":"La m\u00e1quina atadora Chrymo Combi ata sus flores de forma autom\u00e1tica, r\u00e1pida y cuidadosa, incluido el sobre de alimento l\u00edquido o en polvo para flores cortadas.","robots":{"index":"index","follow":"follow","max-snippet":"max-snippet:-1","max-image-preview":"max-image-preview:large","max-video-preview":"max-video-preview:-1"},"canonical":"https:\/\/bercomex.com\/es\/soluciones\/maquinas-de-atado-y-cuerdas-elasticas\/maquina-de-atado-chrymo-combi\/","og_locale":"es_ES","og_type":"article","og_title":"M\u00e1quina de Atado Chrymo Combi - Bercomex","og_description":"La m\u00e1quina atadora Chrymo Combi ata sus flores de forma autom\u00e1tica, r\u00e1pida y cuidadosa, incluido el sobre de alimento l\u00edquido o en polvo para flores cortadas.","og_url":"https:\/\/bercomex.com\/es\/soluciones\/maquinas-de-atado-y-cuerdas-elasticas\/maquina-de-atado-chrymo-combi\/","og_site_name":"Bercomex","article_modified_time":"2026-03-20T15:53:49+00:00","og_image":[{"width":2076,"height":1211,"url":"https:\/\/bercomex.com\/wp-content\/uploads\/sites\/3\/2025\/04\/Chrymo-Combi-Binder-L-R.jpg","type":"image\/jpeg"}],"twitter_card":"summary_large_image","twitter_misc":{"Tiempo de lectura":"2 minutos"},"schema":{"@context":"https:\/\/schema.org","@graph":[{"@type":"WebPage","@id":"https:\/\/bercomex.com\/es\/soluciones\/maquinas-de-atado-y-cuerdas-elasticas\/maquina-de-atado-chrymo-combi\/","url":"https:\/\/bercomex.com\/es\/soluciones\/maquinas-de-atado-y-cuerdas-elasticas\/maquina-de-atado-chrymo-combi\/","name":"M\u00e1quina de Atado Chrymo Combi - Bercomex","isPartOf":{"@id":"https:\/\/bercomex.com\/es\/#website"},"primaryImageOfPage":{"@id":"https:\/\/bercomex.com\/es\/soluciones\/maquinas-de-atado-y-cuerdas-elasticas\/maquina-de-atado-chrymo-combi\/#primaryimage"},"image":{"@id":"https:\/\/bercomex.com\/es\/soluciones\/maquinas-de-atado-y-cuerdas-elasticas\/maquina-de-atado-chrymo-combi\/#primaryimage"},"thumbnailUrl":"https:\/\/bercomex.com\/wp-content\/uploads\/sites\/3\/2025\/04\/Chrymo-Combi-Binder-L-R.jpg","datePublished":"2025-07-25T09:55:32+00:00","dateModified":"2026-03-20T15:53:49+00:00","description":"La m\u00e1quina atadora Chrymo Combi ata sus flores de forma autom\u00e1tica, r\u00e1pida y cuidadosa, incluido el sobre de alimento l\u00edquido o en polvo para flores cortadas.","breadcrumb":{"@id":"https:\/\/bercomex.com\/es\/soluciones\/maquinas-de-atado-y-cuerdas-elasticas\/maquina-de-atado-chrymo-combi\/#breadcrumb"},"inLanguage":"es","potentialAction":[{"@type":"ReadAction","target":["https:\/\/bercomex.com\/es\/soluciones\/maquinas-de-atado-y-cuerdas-elasticas\/maquina-de-atado-chrymo-combi\/"]}]},{"@type":"ImageObject","inLanguage":"es","@id":"https:\/\/bercomex.com\/es\/soluciones\/maquinas-de-atado-y-cuerdas-elasticas\/maquina-de-atado-chrymo-combi\/#primaryimage","url":"https:\/\/bercomex.com\/wp-content\/uploads\/sites\/3\/2025\/04\/Chrymo-Combi-Binder-L-R.jpg","contentUrl":"https:\/\/bercomex.com\/wp-content\/uploads\/sites\/3\/2025\/04\/Chrymo-Combi-Binder-L-R.jpg","width":2076,"height":1211,"caption":"Chrymo Combi Binder L-R"},{"@type":"BreadcrumbList","@id":"https:\/\/bercomex.com\/es\/soluciones\/maquinas-de-atado-y-cuerdas-elasticas\/maquina-de-atado-chrymo-combi\/#breadcrumb","itemListElement":[{"@type":"ListItem","position":1,"name":"Home","item":"https:\/\/bercomex.com\/es\/"},{"@type":"ListItem","position":2,"name":"La innovaci\u00f3n como motor","item":"https:\/\/bercomex.com\/es\/soluciones\/"},{"@type":"ListItem","position":3,"name":"M\u00e1quinas de atado y cuerdas el\u00e1sticas","item":"https:\/\/bercomex.com\/es\/soluciones\/maquinas-de-atado-y-cuerdas-elasticas\/"},{"@type":"ListItem","position":4,"name":"M\u00e1quina de Atado Chrymo Combi"}]},{"@type":"WebSite","@id":"https:\/\/bercomex.com\/es\/#website","url":"https:\/\/bercomex.com\/es\/","name":"Bercomex","description":"Een Invaro","potentialAction":[{"@type":"SearchAction","target":{"@type":"EntryPoint","urlTemplate":"https:\/\/bercomex.com\/es\/?s={search_term_string}"},"query-input":{"@type":"PropertyValueSpecification","valueRequired":true,"valueName":"search_term_string"}}],"inLanguage":"es"}]}},"_links":{"self":[{"href":"https:\/\/bercomex.com\/es\/wp-json\/wp\/v2\/pages\/9783","targetHints":{"allow":["GET"]}}],"collection":[{"href":"https:\/\/bercomex.com\/es\/wp-json\/wp\/v2\/pages"}],"about":[{"href":"https:\/\/bercomex.com\/es\/wp-json\/wp\/v2\/types\/page"}],"author":[{"embeddable":true,"href":"https:\/\/bercomex.com\/es\/wp-json\/wp\/v2\/users\/8"}],"replies":[{"embeddable":true,"href":"https:\/\/bercomex.com\/es\/wp-json\/wp\/v2\/comments?post=9783"}],"version-history":[{"count":3,"href":"https:\/\/bercomex.com\/es\/wp-json\/wp\/v2\/pages\/9783\/revisions"}],"predecessor-version":[{"id":12061,"href":"https:\/\/bercomex.com\/es\/wp-json\/wp\/v2\/pages\/9783\/revisions\/12061"}],"up":[{"embeddable":true,"href":"https:\/\/bercomex.com\/es\/wp-json\/wp\/v2\/pages\/2056"}],"wp:featuredmedia":[{"embeddable":true,"href":"https:\/\/bercomex.com\/es\/wp-json\/wp\/v2\/media\/9787"}],"wp:attachment":[{"href":"https:\/\/bercomex.com\/es\/wp-json\/wp\/v2\/media?parent=9783"}],"curies":[{"name":"wp","href":"https:\/\/api.w.org\/{rel}","templated":true}]}}